{"id":2265,"date":"2020-09-21T08:31:05","date_gmt":"2020-09-21T08:31:05","guid":{"rendered":"https:\/\/www.agia-pelagia-bellevue.com\/?page_id=2265"},"modified":"2021-02-01T23:53:36","modified_gmt":"2021-02-01T23:53:36","slug":"home","status":"publish","type":"page","link":"https:\/\/www.agia-pelagia-bellevue.com\/de\/index.php\/home\/","title":{"rendered":"Bellevue Village"},"content":{"rendered":"\n<p class=\"section-visible\">Entspannender romantischer Kurzurlaub mit Panoramablick Wenn Sie nach einem traditionellen Zufluchtsort suchen, ein Ort zum Entspannen mit Blick auf die Panoramablick auf das Meer, um die kretische Gastfreundschaft zu sp\u00fcren, Abseits vom Massentourismus Dann ist Bellevue der perfekte Ort f\u00fcr Sie Sie!! Wenn Sie das Sch\u00f6ne erkunden wollen Kreta ist auch der perfekte Punkt, da es 1 Minute entfernt im Zentrum der Insel liegt Auto von der Nationalstra\u00dfe Heraklion-Rethimno-Chania ist nur 14 Minuten mit dem Auto entfernt von Heraklio Stadt.<\/p>\n\n\n\n<p>Das Bellevue ist ein traditioneller Komplex mit einfachen, aber geschmackvollen und gem\u00fctlichen Suiten wohnungen in erh\u00f6hter lage mit atemberaubendem panoramablick auf das meer auf dem h\u00fcgel genau \u00fcber Lygaria Strand, in 7000qm Land und ist umgeben von Olivenb\u00e4umen und Creta Kr\u00e4uter! Vom gro\u00dfen Poolbereich aus k\u00f6nnen Sie die Bucht von Ag.Pelagia, die kleine, \u00fcberblicken malerische Bucht von Ligaria und Dias Insel! Lygaria Beach ist nur 5-6 min. Gehen Sie von unserem privaten Naturpfad und Sie k\u00f6nnen haben sch\u00f6ne zeit dort, schwimmen, angeln, spazieren gehen oder machen Wassersport&#8230; Bellevue ist ein romantischer Ort, ideal f\u00fcr Flitterwochen, Hochzeitstage &#8230; aber auch wenn du alleine bist und dich nur entspannen willst !!! Unser Ziel ist es, dass Sie die besten Erinnerungen an Ihren Urlaub auf Kreta haben !!! Der Komplex liegt idyllisch in der Gegend von Agia Pelagia.<\/p>\n<div class=\"row row-items\">\n\t\n<!--?php\nif ( has_tag( 'foobar' ) ) {\n    \n\t\n\t\n\t\n}\n?-->\n\n<div class=\"col-lg-6 col-sm-6 col-xs-12\">\n\t<div class=\"item\">\n\t\t<a href=\"https:\/\/www.agia-pelagia-bellevue.com\/de\/index.php\/home\/services-facilities\/\">\n\t\t\t<figure class=\"item-thumb\">\n\t\t\t\t\t<img fetchpriority=\"high\" decoding=\"async\" width=\"750\" height=\"850\" src=\"https:\/\/www.agia-pelagia-bellevue.com\/wp-content\/uploads\/2019\/05\/agia-pelagia-bellevue-IMG_5000-750x850.jpg\" class=\"attachment-milos-listing size-milos-listing wp-post-image\" alt=\"\" \/>\t\t\t<\/figure>\n\n\t\t\t<div class=\"item-info\">\n\t\t\t\t<p class=\"item-title\">SERVICE EINRICHTUNGEN<\/p>\t\t\t\t<span class=\"btn btn-sm item-btn\">Read more<\/span>\n\t\t\t<\/div>\n\t\t<\/a>\n\t<\/div>\n<\/div>\n<!--?php\nif ( has_tag( 'foobar' ) ) {\n    \n\t\n\t\n\t\n}\n?-->\n\n<div class=\"col-lg-6 col-sm-6 col-xs-12\">\n\t<div class=\"item\">\n\t\t<a href=\"https:\/\/www.agia-pelagia-bellevue.com\/de\/index.php\/home\/aktivitaten-dinge-zu-tun\/\">\n\t\t\t<figure class=\"item-thumb\">\n\t\t\t\t\t<img decoding=\"async\" width=\"750\" height=\"850\" src=\"https:\/\/www.agia-pelagia-bellevue.com\/wp-content\/uploads\/2020\/03\/agia_pelagia_bellevue_006-4-750x850.jpg\" class=\"attachment-milos-listing size-milos-listing wp-post-image\" alt=\"\" \/>\t\t\t<\/figure>\n\n\t\t\t<div class=\"item-info\">\n\t\t\t\t<p class=\"item-title\">Aktivit\u00e4ten \/ Dinge zu tun<\/p>\t\t\t\t<span class=\"btn btn-sm item-btn\">Read more<\/span>\n\t\t\t<\/div>\n\t\t<\/a>\n\t<\/div>\n<\/div>\n<!--?php\nif ( has_tag( 'foobar' ) ) {\n    \n\t\n\t\n\t\n}\n?-->\n\n<div class=\"col-lg-6 col-sm-6 col-xs-12\">\n\t<div class=\"item\">\n\t\t<a href=\"https:\/\/www.agia-pelagia-bellevue.com\/de\/index.php\/home\/unsere-geschichte\/\">\n\t\t\t<figure class=\"item-thumb\">\n\t\t\t\t\t<img decoding=\"async\" width=\"750\" height=\"850\" src=\"https:\/\/www.agia-pelagia-bellevue.com\/wp-content\/uploads\/2019\/05\/agia_pelagia_bellevue_002-7-750x850.jpg\" class=\"attachment-milos-listing size-milos-listing wp-post-image\" alt=\"\" \/>\t\t\t<\/figure>\n\n\t\t\t<div class=\"item-info\">\n\t\t\t\t<p class=\"item-title\">Unsere Geschichte<\/p>\t\t\t\t<span class=\"btn btn-sm item-btn\">Read more<\/span>\n\t\t\t<\/div>\n\t\t<\/a>\n\t<\/div>\n<\/div>\n<!--?php\nif ( has_tag( 'foobar' ) ) {\n    \n\t\n\t\n\t\n}\n?-->\n\n<div class=\"col-lg-6 col-sm-6 col-xs-12\">\n\t<div class=\"item\">\n\t\t<a href=\"https:\/\/www.agia-pelagia-bellevue.com\/de\/index.php\/home\/essen\/\">\n\t\t\t<figure class=\"item-thumb\">\n\t\t\t\t\t<img loading=\"lazy\" decoding=\"async\" width=\"750\" height=\"850\" src=\"https:\/\/www.agia-pelagia-bellevue.com\/wp-content\/uploads\/2020\/03\/Galleru_Bellevue_5785-750x850.jpg\" class=\"attachment-milos-listing size-milos-listing wp-post-image\" alt=\"\" \/>\t\t\t<\/figure>\n\n\t\t\t<div class=\"item-info\">\n\t\t\t\t<p class=\"item-title\">Essen<\/p>\t\t\t\t<span class=\"btn btn-sm item-btn\">Read more<\/span>\n\t\t\t<\/div>\n\t\t<\/a>\n\t<\/div>\n<\/div><\/div>\n","protected":false},"excerpt":{"rendered":"<p>Entspannender romantischer Kurzurlaub mit Panoramablick Wenn Sie nach einem traditionellen Zufluchtsort suchen, ein Ort zum Entspannen mit Blick auf die Panoramablick auf das Meer, um die kretische Gastfreundschaft zu sp\u00fcren, Abseits vom Massentourismus Dann ist Bellevue der perfekte Ort f\u00fcr Sie Sie!! Wenn Sie das Sch\u00f6ne erkunden wollen Kreta ist auch der perfekte Punkt, da [&hellip;]<\/p>\n","protected":false},"author":3,"featured_media":2507,"parent":0,"menu_order":0,"comment_status":"closed","ping_status":"closed","template":"templates\/template-child-pages.php","meta":{"footnotes":""},"tags":[28],"class_list":["post-2265","page","type-page","status-publish","has-post-thumbnail","hentry","tag-featured-de"],"yoast_head":"<!-- This site is optimized with the Yoast SEO plugin v25.8 - https:\/\/yoast.com\/wordpress\/plugins\/seo\/ -->\n<title>Bellevue Village - Bellevue Village Website<\/title>\n<meta name=\"robots\" content=\"index, follow, max-snippet:-1, max-image-preview:large, max-video-preview:-1\" \/>\n<link rel=\"canonical\" href=\"https:\/\/www.agia-pelagia-bellevue.com\/de\/index.php\/home\/\" \/>\n<meta property=\"og:locale\" content=\"de_DE\" \/>\n<meta property=\"og:type\" content=\"article\" \/>\n<meta property=\"og:title\" content=\"Bellevue Village - Bellevue Village Website\" \/>\n<meta property=\"og:description\" content=\"Entspannender romantischer Kurzurlaub mit Panoramablick Wenn Sie nach einem traditionellen Zufluchtsort suchen, ein Ort zum Entspannen mit Blick auf die Panoramablick auf das Meer, um die kretische Gastfreundschaft zu sp\u00fcren, Abseits vom Massentourismus Dann ist Bellevue der perfekte Ort f\u00fcr Sie Sie!! Wenn Sie das Sch\u00f6ne erkunden wollen Kreta ist auch der perfekte Punkt, da [&hellip;]\" \/>\n<meta property=\"og:url\" content=\"https:\/\/www.agia-pelagia-bellevue.com\/de\/index.php\/home\/\" \/>\n<meta property=\"og:site_name\" content=\"Bellevue Village Website\" \/>\n<meta property=\"article:modified_time\" content=\"2021-02-01T23:53:36+00:00\" \/>\n<meta property=\"og:image\" content=\"https:\/\/www.agia-pelagia-bellevue.com\/wp-content\/uploads\/2019\/06\/Galleru_Bellevue_4990.jpg\" \/>\n\t<meta property=\"og:image:width\" content=\"2500\" \/>\n\t<meta property=\"og:image:height\" content=\"1667\" \/>\n\t<meta property=\"og:image:type\" content=\"image\/jpeg\" \/>\n<meta name=\"twitter:card\" content=\"summary_large_image\" \/>\n<meta name=\"twitter:label1\" content=\"Gesch\u00e4tzte Lesezeit\" \/>\n\t<meta name=\"twitter:data1\" content=\"1\u00a0Minute\" \/>\n<script type=\"application\/ld+json\" class=\"yoast-schema-graph\">{\"@context\":\"https:\/\/schema.org\",\"@graph\":[{\"@type\":\"WebPage\",\"@id\":\"https:\/\/www.agia-pelagia-bellevue.com\/de\/index.php\/home\/\",\"url\":\"https:\/\/www.agia-pelagia-bellevue.com\/de\/index.php\/home\/\",\"name\":\"Bellevue Village - Bellevue Village Website\",\"isPartOf\":{\"@id\":\"https:\/\/www.agia-pelagia-bellevue.com\/#website\"},\"primaryImageOfPage\":{\"@id\":\"https:\/\/www.agia-pelagia-bellevue.com\/de\/index.php\/home\/#primaryimage\"},\"image\":{\"@id\":\"https:\/\/www.agia-pelagia-bellevue.com\/de\/index.php\/home\/#primaryimage\"},\"thumbnailUrl\":\"https:\/\/www.agia-pelagia-bellevue.com\/wp-content\/uploads\/2019\/06\/Galleru_Bellevue_4990.jpg\",\"datePublished\":\"2020-09-21T08:31:05+00:00\",\"dateModified\":\"2021-02-01T23:53:36+00:00\",\"breadcrumb\":{\"@id\":\"https:\/\/www.agia-pelagia-bellevue.com\/de\/index.php\/home\/#breadcrumb\"},\"inLanguage\":\"de\",\"potentialAction\":[{\"@type\":\"ReadAction\",\"target\":[\"https:\/\/www.agia-pelagia-bellevue.com\/de\/index.php\/home\/\"]}]},{\"@type\":\"ImageObject\",\"inLanguage\":\"de\",\"@id\":\"https:\/\/www.agia-pelagia-bellevue.com\/de\/index.php\/home\/#primaryimage\",\"url\":\"https:\/\/www.agia-pelagia-bellevue.com\/wp-content\/uploads\/2019\/06\/Galleru_Bellevue_4990.jpg\",\"contentUrl\":\"https:\/\/www.agia-pelagia-bellevue.com\/wp-content\/uploads\/2019\/06\/Galleru_Bellevue_4990.jpg\",\"width\":2500,\"height\":1667},{\"@type\":\"BreadcrumbList\",\"@id\":\"https:\/\/www.agia-pelagia-bellevue.com\/de\/index.php\/home\/#breadcrumb\",\"itemListElement\":[{\"@type\":\"ListItem\",\"position\":1,\"name\":\"Home\",\"item\":\"https:\/\/www.agia-pelagia-bellevue.com\/de\/\"},{\"@type\":\"ListItem\",\"position\":2,\"name\":\"Bellevue Village\"}]},{\"@type\":\"WebSite\",\"@id\":\"https:\/\/www.agia-pelagia-bellevue.com\/#website\",\"url\":\"https:\/\/www.agia-pelagia-bellevue.com\/\",\"name\":\"Bellevue Village Website\",\"description\":\"Agia Pelagia\",\"publisher\":{\"@id\":\"https:\/\/www.agia-pelagia-bellevue.com\/#organization\"},\"potentialAction\":[{\"@type\":\"SearchAction\",\"target\":{\"@type\":\"EntryPoint\",\"urlTemplate\":\"https:\/\/www.agia-pelagia-bellevue.com\/?s={search_term_string}\"},\"query-input\":{\"@type\":\"PropertyValueSpecification\",\"valueRequired\":true,\"valueName\":\"search_term_string\"}}],\"inLanguage\":\"de\"},{\"@type\":\"Organization\",\"@id\":\"https:\/\/www.agia-pelagia-bellevue.com\/#organization\",\"name\":\"Bellevue Village Website\",\"url\":\"https:\/\/www.agia-pelagia-bellevue.com\/\",\"logo\":{\"@type\":\"ImageObject\",\"inLanguage\":\"de\",\"@id\":\"https:\/\/www.agia-pelagia-bellevue.com\/#\/schema\/logo\/image\/\",\"url\":\"https:\/\/www.agia-pelagia-bellevue.com\/wp-content\/uploads\/2019\/05\/cropped-Logo_BelleVue_Village_hor-2.png\",\"contentUrl\":\"https:\/\/www.agia-pelagia-bellevue.com\/wp-content\/uploads\/2019\/05\/cropped-Logo_BelleVue_Village_hor-2.png\",\"width\":195,\"height\":67,\"caption\":\"Bellevue Village Website\"},\"image\":{\"@id\":\"https:\/\/www.agia-pelagia-bellevue.com\/#\/schema\/logo\/image\/\"}}]}<\/script>\n<!-- \/ Yoast SEO plugin. -->","yoast_head_json":{"title":"Bellevue Village - Bellevue Village Website","robots":{"index":"index","follow":"follow","max-snippet":"max-snippet:-1","max-image-preview":"max-image-preview:large","max-video-preview":"max-video-preview:-1"},"canonical":"https:\/\/www.agia-pelagia-bellevue.com\/de\/index.php\/home\/","og_locale":"de_DE","og_type":"article","og_title":"Bellevue Village - Bellevue Village Website","og_description":"Entspannender romantischer Kurzurlaub mit Panoramablick Wenn Sie nach einem traditionellen Zufluchtsort suchen, ein Ort zum Entspannen mit Blick auf die Panoramablick auf das Meer, um die kretische Gastfreundschaft zu sp\u00fcren, Abseits vom Massentourismus Dann ist Bellevue der perfekte Ort f\u00fcr Sie Sie!! Wenn Sie das Sch\u00f6ne erkunden wollen Kreta ist auch der perfekte Punkt, da [&hellip;]","og_url":"https:\/\/www.agia-pelagia-bellevue.com\/de\/index.php\/home\/","og_site_name":"Bellevue Village Website","article_modified_time":"2021-02-01T23:53:36+00:00","og_image":[{"width":2500,"height":1667,"url":"https:\/\/www.agia-pelagia-bellevue.com\/wp-content\/uploads\/2019\/06\/Galleru_Bellevue_4990.jpg","type":"image\/jpeg"}],"twitter_card":"summary_large_image","twitter_misc":{"Gesch\u00e4tzte Lesezeit":"1\u00a0Minute"},"schema":{"@context":"https:\/\/schema.org","@graph":[{"@type":"WebPage","@id":"https:\/\/www.agia-pelagia-bellevue.com\/de\/index.php\/home\/","url":"https:\/\/www.agia-pelagia-bellevue.com\/de\/index.php\/home\/","name":"Bellevue Village - Bellevue Village Website","isPartOf":{"@id":"https:\/\/www.agia-pelagia-bellevue.com\/#website"},"primaryImageOfPage":{"@id":"https:\/\/www.agia-pelagia-bellevue.com\/de\/index.php\/home\/#primaryimage"},"image":{"@id":"https:\/\/www.agia-pelagia-bellevue.com\/de\/index.php\/home\/#primaryimage"},"thumbnailUrl":"https:\/\/www.agia-pelagia-bellevue.com\/wp-content\/uploads\/2019\/06\/Galleru_Bellevue_4990.jpg","datePublished":"2020-09-21T08:31:05+00:00","dateModified":"2021-02-01T23:53:36+00:00","breadcrumb":{"@id":"https:\/\/www.agia-pelagia-bellevue.com\/de\/index.php\/home\/#breadcrumb"},"inLanguage":"de","potentialAction":[{"@type":"ReadAction","target":["https:\/\/www.agia-pelagia-bellevue.com\/de\/index.php\/home\/"]}]},{"@type":"ImageObject","inLanguage":"de","@id":"https:\/\/www.agia-pelagia-bellevue.com\/de\/index.php\/home\/#primaryimage","url":"https:\/\/www.agia-pelagia-bellevue.com\/wp-content\/uploads\/2019\/06\/Galleru_Bellevue_4990.jpg","contentUrl":"https:\/\/www.agia-pelagia-bellevue.com\/wp-content\/uploads\/2019\/06\/Galleru_Bellevue_4990.jpg","width":2500,"height":1667},{"@type":"BreadcrumbList","@id":"https:\/\/www.agia-pelagia-bellevue.com\/de\/index.php\/home\/#breadcrumb","itemListElement":[{"@type":"ListItem","position":1,"name":"Home","item":"https:\/\/www.agia-pelagia-bellevue.com\/de\/"},{"@type":"ListItem","position":2,"name":"Bellevue Village"}]},{"@type":"WebSite","@id":"https:\/\/www.agia-pelagia-bellevue.com\/#website","url":"https:\/\/www.agia-pelagia-bellevue.com\/","name":"Bellevue Village Website","description":"Agia Pelagia","publisher":{"@id":"https:\/\/www.agia-pelagia-bellevue.com\/#organization"},"potentialAction":[{"@type":"SearchAction","target":{"@type":"EntryPoint","urlTemplate":"https:\/\/www.agia-pelagia-bellevue.com\/?s={search_term_string}"},"query-input":{"@type":"PropertyValueSpecification","valueRequired":true,"valueName":"search_term_string"}}],"inLanguage":"de"},{"@type":"Organization","@id":"https:\/\/www.agia-pelagia-bellevue.com\/#organization","name":"Bellevue Village Website","url":"https:\/\/www.agia-pelagia-bellevue.com\/","logo":{"@type":"ImageObject","inLanguage":"de","@id":"https:\/\/www.agia-pelagia-bellevue.com\/#\/schema\/logo\/image\/","url":"https:\/\/www.agia-pelagia-bellevue.com\/wp-content\/uploads\/2019\/05\/cropped-Logo_BelleVue_Village_hor-2.png","contentUrl":"https:\/\/www.agia-pelagia-bellevue.com\/wp-content\/uploads\/2019\/05\/cropped-Logo_BelleVue_Village_hor-2.png","width":195,"height":67,"caption":"Bellevue Village Website"},"image":{"@id":"https:\/\/www.agia-pelagia-bellevue.com\/#\/schema\/logo\/image\/"}}]}},"jetpack_sharing_enabled":true,"_links":{"self":[{"href":"https:\/\/www.agia-pelagia-bellevue.com\/de\/index.php\/wp-json\/wp\/v2\/pages\/2265","targetHints":{"allow":["GET"]}}],"collection":[{"href":"https:\/\/www.agia-pelagia-bellevue.com\/de\/index.php\/wp-json\/wp\/v2\/pages"}],"about":[{"href":"https:\/\/www.agia-pelagia-bellevue.com\/de\/index.php\/wp-json\/wp\/v2\/types\/page"}],"author":[{"embeddable":true,"href":"https:\/\/www.agia-pelagia-bellevue.com\/de\/index.php\/wp-json\/wp\/v2\/users\/3"}],"replies":[{"embeddable":true,"href":"https:\/\/www.agia-pelagia-bellevue.com\/de\/index.php\/wp-json\/wp\/v2\/comments?post=2265"}],"version-history":[{"count":3,"href":"https:\/\/www.agia-pelagia-bellevue.com\/de\/index.php\/wp-json\/wp\/v2\/pages\/2265\/revisions"}],"predecessor-version":[{"id":2277,"href":"https:\/\/www.agia-pelagia-bellevue.com\/de\/index.php\/wp-json\/wp\/v2\/pages\/2265\/revisions\/2277"}],"wp:featuredmedia":[{"embeddable":true,"href":"https:\/\/www.agia-pelagia-bellevue.com\/de\/index.php\/wp-json\/wp\/v2\/media\/2507"}],"wp:attachment":[{"href":"https:\/\/www.agia-pelagia-bellevue.com\/de\/index.php\/wp-json\/wp\/v2\/media?parent=2265"}],"wp:term":[{"taxonomy":"post_tag","embeddable":true,"href":"https:\/\/www.agia-pelagia-bellevue.com\/de\/index.php\/wp-json\/wp\/v2\/tags?post=2265"}],"curies":[{"name":"wp","href":"https:\/\/api.w.org\/{rel}","templated":true}]}}