{"id":2398,"date":"2021-02-01T22:40:03","date_gmt":"2021-02-01T22:40:03","guid":{"rendered":"https:\/\/www.agia-pelagia-bellevue.com\/?page_id=2398"},"modified":"2023-02-14T23:23:57","modified_gmt":"2023-02-14T21:23:57","slug":"superior-suite","status":"publish","type":"page","link":"https:\/\/www.agia-pelagia-bellevue.com\/de\/index.php\/unterkunft\/superior-suite\/","title":{"rendered":"SUPERIOR SUITE"},"content":{"rendered":"\n<p>Diese klimatisierte Suite verf\u00fcgt \u00fcber zwei Balkone mit Blick auf das Meer und das Meer Umgebung und der andere Balkon hat einen Blick auf die Berge. Es verf\u00fcgt auch \u00fcber eine Sat-TV und eine Sitzecke. <\/p>\n\n\n\n<div class=\"wp-block-button nav-btn\" \"=\"\">\n    <a class=\"wp-block-button__link\" href=\"https:\/\/bellevuevilla.reserve-online.net\/\" style=\"color: #fff; background-color: #00a9ef; font-size: 14px; font-family: Montserrat, sans-serif; letter-spacing: -.05em; padding: 12px 32px 11px; border-radius: 24px;\" target=\"_blank\" rel=\"noopener noreferrer\">\n        BOOK NOW\n    <\/a>\n<\/div>\n\n\n<h3>SUPERIOR SUITE AUSSTATTUNG<\/h3>\n<ul class=\"entry-amenities\">\n<li>Selbst gesteuerte Klimaanlage<\/li>\n<li>Private Kochnische mit K\u00fchlschrank<\/li>\n<li>Kaffee \/ Tee<\/li>\n<li>Zubereitungsm\u00f6glichkeiten<\/li>\n<li>ein 2-Plattenherd<\/li>\n<li>ein Wasserkocher<\/li>\n<li>eine Mikrowelle und alles Notwendige<\/li>\n<li>Koch- und Serviergeschirr<\/li>\n<li>Safe<\/li>\n<li>Schrank<\/li>\n<li>Kostenloses WLAN<\/li>\n<li>Sat-TV<\/li>\n<li>Privates Badezimmer mit<\/li>\n<li>Dusche<\/li>\n<li>Haartrockner und Handt\u00fccher Pflegeprodukte<\/li>\n<li>Eigener Eingang<\/li>\n<li>Privater Balkon oder Terrasse \/ Garten mit Meerblick<\/li>\n<li>B\u00fcgeleisen und B\u00fcgelbrett<\/li>\n<li>Anfrage<\/li>\n<li>Elektrische Adapter auf Anfrage<\/li>\n<li>Kabel-Satelliten-TV<\/li>\n<li>\n<div class=\"elementToProof ContentPasted0\">Reinigungsrichtlinie:\n<div class=\"ContentPasted0\">Bei Ihrer Ankunft \u00fcbernehmen Sie eine extrem gereinigte und sterilisierte Wohnung.<\/div>\n<div class=\"ContentPasted0\">Wir stellen zus\u00e4tzliche Reinigungsmittel (Bettw\u00e4sche, Handt\u00fccher, Reinigungsfl\u00fcssigkeiten) zur Verf\u00fcgung, damit Sie w\u00e4hrend Ihres Aufenthalts reinigen k\u00f6nnen<\/div>\n<div>\u00a0<\/div>\nWir respektieren deine Privatsph\u00e4re<\/div>\n<div class=\"elementToProof ContentPasted0\">\u00a0<\/div>\n<div class=\"elementToProof ContentPasted0\">\u00a0<\/div>\n<\/li>\n<\/ul>\n<h3>Photo Gallery<\/h3>\n<div id='gallery-1' class='gallery galleryid-2398 gallery-columns-3 gallery-size-thumbnail'><figure class='gallery-item'>\n\t\t\t<div class='gallery-icon landscape'>\n\t\t\t\t<a href='https:\/\/www.agia-pelagia-bellevue.com\/wp-content\/uploads\/2019\/07\/Superior_Suite_Bellevue_7652-1.jpg' data-lightbox=\"gal[2398]\"><img decoding=\"async\" width=\"150\" height=\"150\" src=\"https:\/\/www.agia-pelagia-bellevue.com\/wp-content\/uploads\/2019\/07\/Superior_Suite_Bellevue_7652-1-150x150.jpg\" class=\"attachment-thumbnail size-thumbnail\" alt=\"\" srcset=\"https:\/\/www.agia-pelagia-bellevue.com\/wp-content\/uploads\/2019\/07\/Superior_Suite_Bellevue_7652-1-150x150.jpg 150w, https:\/\/www.agia-pelagia-bellevue.com\/wp-content\/uploads\/2019\/07\/Superior_Suite_Bellevue_7652-1-68x68.jpg 68w\" sizes=\"(max-width: 150px) 100vw, 150px\" \/><\/a>\n\t\t\t<\/div><\/figure><figure class='gallery-item'>\n\t\t\t<div class='gallery-icon landscape'>\n\t\t\t\t<a href='https:\/\/www.agia-pelagia-bellevue.com\/wp-content\/uploads\/2019\/07\/Superior_Suite_Bellevue_7666-1.jpg' data-lightbox=\"gal[2398]\"><img decoding=\"async\" width=\"150\" height=\"150\" src=\"https:\/\/www.agia-pelagia-bellevue.com\/wp-content\/uploads\/2019\/07\/Superior_Suite_Bellevue_7666-1-150x150.jpg\" class=\"attachment-thumbnail size-thumbnail\" alt=\"\" srcset=\"https:\/\/www.agia-pelagia-bellevue.com\/wp-content\/uploads\/2019\/07\/Superior_Suite_Bellevue_7666-1-150x150.jpg 150w, https:\/\/www.agia-pelagia-bellevue.com\/wp-content\/uploads\/2019\/07\/Superior_Suite_Bellevue_7666-1-68x68.jpg 68w\" sizes=\"(max-width: 150px) 100vw, 150px\" \/><\/a>\n\t\t\t<\/div><\/figure><figure class='gallery-item'>\n\t\t\t<div class='gallery-icon landscape'>\n\t\t\t\t<a href='https:\/\/www.agia-pelagia-bellevue.com\/wp-content\/uploads\/2019\/06\/Superior_suite_Bellevue_4855.jpg' data-lightbox=\"gal[2398]\"><img decoding=\"async\" width=\"150\" height=\"150\" src=\"https:\/\/www.agia-pelagia-bellevue.com\/wp-content\/uploads\/2019\/06\/Superior_suite_Bellevue_4855-150x150.jpg\" class=\"attachment-thumbnail size-thumbnail\" alt=\"\" srcset=\"https:\/\/www.agia-pelagia-bellevue.com\/wp-content\/uploads\/2019\/06\/Superior_suite_Bellevue_4855-150x150.jpg 150w, https:\/\/www.agia-pelagia-bellevue.com\/wp-content\/uploads\/2019\/06\/Superior_suite_Bellevue_4855-68x68.jpg 68w\" sizes=\"(max-width: 150px) 100vw, 150px\" \/><\/a>\n\t\t\t<\/div><\/figure><figure class='gallery-item'>\n\t\t\t<div class='gallery-icon landscape'>\n\t\t\t\t<a href='https:\/\/www.agia-pelagia-bellevue.com\/wp-content\/uploads\/2019\/06\/Superior_suite_Bellevue_4493.jpg' data-lightbox=\"gal[2398]\"><img loading=\"lazy\" decoding=\"async\" width=\"150\" height=\"150\" src=\"https:\/\/www.agia-pelagia-bellevue.com\/wp-content\/uploads\/2019\/06\/Superior_suite_Bellevue_4493-150x150.jpg\" class=\"attachment-thumbnail size-thumbnail\" alt=\"\" srcset=\"https:\/\/www.agia-pelagia-bellevue.com\/wp-content\/uploads\/2019\/06\/Superior_suite_Bellevue_4493-150x150.jpg 150w, https:\/\/www.agia-pelagia-bellevue.com\/wp-content\/uploads\/2019\/06\/Superior_suite_Bellevue_4493-68x68.jpg 68w\" sizes=\"(max-width: 150px) 100vw, 150px\" \/><\/a>\n\t\t\t<\/div><\/figure><figure class='gallery-item'>\n\t\t\t<div class='gallery-icon landscape'>\n\t\t\t\t<a href='https:\/\/www.agia-pelagia-bellevue.com\/wp-content\/uploads\/2019\/06\/Superior_suite_Bellevue_4880.jpg' data-lightbox=\"gal[2398]\"><img loading=\"lazy\" decoding=\"async\" width=\"150\" height=\"150\" src=\"https:\/\/www.agia-pelagia-bellevue.com\/wp-content\/uploads\/2019\/06\/Superior_suite_Bellevue_4880-150x150.jpg\" class=\"attachment-thumbnail size-thumbnail\" alt=\"\" srcset=\"https:\/\/www.agia-pelagia-bellevue.com\/wp-content\/uploads\/2019\/06\/Superior_suite_Bellevue_4880-150x150.jpg 150w, https:\/\/www.agia-pelagia-bellevue.com\/wp-content\/uploads\/2019\/06\/Superior_suite_Bellevue_4880-68x68.jpg 68w\" sizes=\"(max-width: 150px) 100vw, 150px\" \/><\/a>\n\t\t\t<\/div><\/figure><figure class='gallery-item'>\n\t\t\t<div class='gallery-icon landscape'>\n\t\t\t\t<a href='https:\/\/www.agia-pelagia-bellevue.com\/wp-content\/uploads\/2019\/06\/Superior_suite_Bellevue_4914.jpg' data-lightbox=\"gal[2398]\"><img loading=\"lazy\" decoding=\"async\" width=\"150\" height=\"150\" src=\"https:\/\/www.agia-pelagia-bellevue.com\/wp-content\/uploads\/2019\/06\/Superior_suite_Bellevue_4914-150x150.jpg\" class=\"attachment-thumbnail size-thumbnail\" alt=\"\" srcset=\"https:\/\/www.agia-pelagia-bellevue.com\/wp-content\/uploads\/2019\/06\/Superior_suite_Bellevue_4914-150x150.jpg 150w, https:\/\/www.agia-pelagia-bellevue.com\/wp-content\/uploads\/2019\/06\/Superior_suite_Bellevue_4914-68x68.jpg 68w\" sizes=\"(max-width: 150px) 100vw, 150px\" \/><\/a>\n\t\t\t<\/div><\/figure><figure class='gallery-item'>\n\t\t\t<div class='gallery-icon landscape'>\n\t\t\t\t<a href='https:\/\/www.agia-pelagia-bellevue.com\/wp-content\/uploads\/2019\/06\/Superior_suite_Bellevue_4318.jpg' data-lightbox=\"gal[2398]\"><img loading=\"lazy\" decoding=\"async\" width=\"150\" height=\"150\" src=\"https:\/\/www.agia-pelagia-bellevue.com\/wp-content\/uploads\/2019\/06\/Superior_suite_Bellevue_4318-150x150.jpg\" class=\"attachment-thumbnail size-thumbnail\" alt=\"\" srcset=\"https:\/\/www.agia-pelagia-bellevue.com\/wp-content\/uploads\/2019\/06\/Superior_suite_Bellevue_4318-150x150.jpg 150w, https:\/\/www.agia-pelagia-bellevue.com\/wp-content\/uploads\/2019\/06\/Superior_suite_Bellevue_4318-68x68.jpg 68w\" sizes=\"(max-width: 150px) 100vw, 150px\" \/><\/a>\n\t\t\t<\/div><\/figure><figure class='gallery-item'>\n\t\t\t<div class='gallery-icon landscape'>\n\t\t\t\t<a href='https:\/\/www.agia-pelagia-bellevue.com\/wp-content\/uploads\/2019\/07\/Superior_Suite_Bellevue_7338-1.jpg' data-lightbox=\"gal[2398]\"><img loading=\"lazy\" decoding=\"async\" width=\"150\" height=\"150\" src=\"https:\/\/www.agia-pelagia-bellevue.com\/wp-content\/uploads\/2019\/07\/Superior_Suite_Bellevue_7338-1-150x150.jpg\" class=\"attachment-thumbnail size-thumbnail\" alt=\"\" srcset=\"https:\/\/www.agia-pelagia-bellevue.com\/wp-content\/uploads\/2019\/07\/Superior_Suite_Bellevue_7338-1-150x150.jpg 150w, https:\/\/www.agia-pelagia-bellevue.com\/wp-content\/uploads\/2019\/07\/Superior_Suite_Bellevue_7338-1-68x68.jpg 68w\" sizes=\"(max-width: 150px) 100vw, 150px\" \/><\/a>\n\t\t\t<\/div><\/figure><figure class='gallery-item'>\n\t\t\t<div class='gallery-icon landscape'>\n\t\t\t\t<a href='https:\/\/www.agia-pelagia-bellevue.com\/wp-content\/uploads\/2019\/07\/Superior_Suite_Bellevue_7365-1.jpg' data-lightbox=\"gal[2398]\"><img loading=\"lazy\" decoding=\"async\" width=\"150\" height=\"150\" src=\"https:\/\/www.agia-pelagia-bellevue.com\/wp-content\/uploads\/2019\/07\/Superior_Suite_Bellevue_7365-1-150x150.jpg\" class=\"attachment-thumbnail size-thumbnail\" alt=\"\" srcset=\"https:\/\/www.agia-pelagia-bellevue.com\/wp-content\/uploads\/2019\/07\/Superior_Suite_Bellevue_7365-1-150x150.jpg 150w, https:\/\/www.agia-pelagia-bellevue.com\/wp-content\/uploads\/2019\/07\/Superior_Suite_Bellevue_7365-1-68x68.jpg 68w\" sizes=\"(max-width: 150px) 100vw, 150px\" \/><\/a>\n\t\t\t<\/div><\/figure><figure class='gallery-item'>\n\t\t\t<div class='gallery-icon landscape'>\n\t\t\t\t<a href='https:\/\/www.agia-pelagia-bellevue.com\/wp-content\/uploads\/2019\/07\/Superior_Suite_Bellevue_7687-1.jpg' data-lightbox=\"gal[2398]\"><img loading=\"lazy\" decoding=\"async\" width=\"150\" height=\"150\" src=\"https:\/\/www.agia-pelagia-bellevue.com\/wp-content\/uploads\/2019\/07\/Superior_Suite_Bellevue_7687-1-150x150.jpg\" class=\"attachment-thumbnail size-thumbnail\" alt=\"\" srcset=\"https:\/\/www.agia-pelagia-bellevue.com\/wp-content\/uploads\/2019\/07\/Superior_Suite_Bellevue_7687-1-150x150.jpg 150w, https:\/\/www.agia-pelagia-bellevue.com\/wp-content\/uploads\/2019\/07\/Superior_Suite_Bellevue_7687-1-68x68.jpg 68w\" sizes=\"(max-width: 150px) 100vw, 150px\" \/><\/a>\n\t\t\t<\/div><\/figure><figure class='gallery-item'>\n\t\t\t<div class='gallery-icon landscape'>\n\t\t\t\t<a href='https:\/\/www.agia-pelagia-bellevue.com\/wp-content\/uploads\/2019\/07\/Panoramic_suite_Bellevue_6796.jpg' data-lightbox=\"gal[2398]\"><img loading=\"lazy\" decoding=\"async\" width=\"150\" height=\"150\" src=\"https:\/\/www.agia-pelagia-bellevue.com\/wp-content\/uploads\/2019\/07\/Panoramic_suite_Bellevue_6796-150x150.jpg\" class=\"attachment-thumbnail size-thumbnail\" alt=\"\" srcset=\"https:\/\/www.agia-pelagia-bellevue.com\/wp-content\/uploads\/2019\/07\/Panoramic_suite_Bellevue_6796-150x150.jpg 150w, https:\/\/www.agia-pelagia-bellevue.com\/wp-content\/uploads\/2019\/07\/Panoramic_suite_Bellevue_6796-68x68.jpg 68w\" sizes=\"(max-width: 150px) 100vw, 150px\" \/><\/a>\n\t\t\t<\/div><\/figure><figure class='gallery-item'>\n\t\t\t<div class='gallery-icon landscape'>\n\t\t\t\t<a href='https:\/\/www.agia-pelagia-bellevue.com\/wp-content\/uploads\/2019\/07\/Junior_suite_Bellevue_7318.jpg' data-lightbox=\"gal[2398]\"><img loading=\"lazy\" decoding=\"async\" width=\"150\" height=\"150\" src=\"https:\/\/www.agia-pelagia-bellevue.com\/wp-content\/uploads\/2019\/07\/Junior_suite_Bellevue_7318-150x150.jpg\" class=\"attachment-thumbnail size-thumbnail\" alt=\"\" srcset=\"https:\/\/www.agia-pelagia-bellevue.com\/wp-content\/uploads\/2019\/07\/Junior_suite_Bellevue_7318-150x150.jpg 150w, https:\/\/www.agia-pelagia-bellevue.com\/wp-content\/uploads\/2019\/07\/Junior_suite_Bellevue_7318-68x68.jpg 68w\" sizes=\"(max-width: 150px) 100vw, 150px\" \/><\/a>\n\t\t\t<\/div><\/figure><figure class='gallery-item'>\n\t\t\t<div class='gallery-icon landscape'>\n\t\t\t\t<a href='https:\/\/www.agia-pelagia-bellevue.com\/wp-content\/uploads\/2019\/06\/Galleru_Bellevue_5584.jpg' data-lightbox=\"gal[2398]\"><img loading=\"lazy\" decoding=\"async\" width=\"150\" height=\"150\" src=\"https:\/\/www.agia-pelagia-bellevue.com\/wp-content\/uploads\/2019\/06\/Galleru_Bellevue_5584-150x150.jpg\" class=\"attachment-thumbnail size-thumbnail\" alt=\"\" srcset=\"https:\/\/www.agia-pelagia-bellevue.com\/wp-content\/uploads\/2019\/06\/Galleru_Bellevue_5584-150x150.jpg 150w, https:\/\/www.agia-pelagia-bellevue.com\/wp-content\/uploads\/2019\/06\/Galleru_Bellevue_5584-68x68.jpg 68w\" sizes=\"(max-width: 150px) 100vw, 150px\" \/><\/a>\n\t\t\t<\/div><\/figure><figure class='gallery-item'>\n\t\t\t<div class='gallery-icon landscape'>\n\t\t\t\t<a href='https:\/\/www.agia-pelagia-bellevue.com\/wp-content\/uploads\/2019\/06\/Galleru_Bellevue_5136.jpg' data-lightbox=\"gal[2398]\"><img loading=\"lazy\" decoding=\"async\" width=\"150\" height=\"150\" src=\"https:\/\/www.agia-pelagia-bellevue.com\/wp-content\/uploads\/2019\/06\/Galleru_Bellevue_5136-150x150.jpg\" class=\"attachment-thumbnail size-thumbnail\" alt=\"\" srcset=\"https:\/\/www.agia-pelagia-bellevue.com\/wp-content\/uploads\/2019\/06\/Galleru_Bellevue_5136-150x150.jpg 150w, https:\/\/www.agia-pelagia-bellevue.com\/wp-content\/uploads\/2019\/06\/Galleru_Bellevue_5136-68x68.jpg 68w\" sizes=\"(max-width: 150px) 100vw, 150px\" \/><\/a>\n\t\t\t<\/div><\/figure><figure class='gallery-item'>\n\t\t\t<div class='gallery-icon landscape'>\n\t\t\t\t<a href='https:\/\/www.agia-pelagia-bellevue.com\/wp-content\/uploads\/2019\/06\/Panoramic_suite_Bellevue_4873.jpg' data-lightbox=\"gal[2398]\"><img loading=\"lazy\" decoding=\"async\" width=\"150\" height=\"150\" src=\"https:\/\/www.agia-pelagia-bellevue.com\/wp-content\/uploads\/2019\/06\/Panoramic_suite_Bellevue_4873-150x150.jpg\" class=\"attachment-thumbnail size-thumbnail\" alt=\"\" srcset=\"https:\/\/www.agia-pelagia-bellevue.com\/wp-content\/uploads\/2019\/06\/Panoramic_suite_Bellevue_4873-150x150.jpg 150w, https:\/\/www.agia-pelagia-bellevue.com\/wp-content\/uploads\/2019\/06\/Panoramic_suite_Bellevue_4873-68x68.jpg 68w\" sizes=\"(max-width: 150px) 100vw, 150px\" \/><\/a>\n\t\t\t<\/div><\/figure>\n\t\t<\/div>\n","protected":false},"excerpt":{"rendered":"<p>Diese klimatisierte Suite verf\u00fcgt \u00fcber zwei Balkone mit Blick auf das Meer und das Meer Umgebung und der andere Balkon hat einen Blick auf die Berge. Es verf\u00fcgt auch \u00fcber eine Sat-TV und eine Sitzecke.<\/p>\n","protected":false},"author":2,"featured_media":2410,"parent":2451,"menu_order":5,"comment_status":"closed","ping_status":"closed","template":"","meta":{"footnotes":""},"tags":[],"class_list":["post-2398","page","type-page","status-publish","has-post-thumbnail","hentry"],"yoast_head":"<!-- This site is optimized with the Yoast SEO plugin v25.8 - https:\/\/yoast.com\/wordpress\/plugins\/seo\/ -->\n<title>SUPERIOR SUITE - Bellevue Village Website<\/title>\n<meta name=\"robots\" content=\"index, follow, max-snippet:-1, max-image-preview:large, max-video-preview:-1\" \/>\n<link rel=\"canonical\" href=\"https:\/\/www.agia-pelagia-bellevue.com\/de\/index.php\/unterkunft\/superior-suite\/\" \/>\n<meta property=\"og:locale\" content=\"de_DE\" \/>\n<meta property=\"og:type\" content=\"article\" \/>\n<meta property=\"og:title\" content=\"SUPERIOR SUITE - Bellevue Village Website\" \/>\n<meta property=\"og:description\" content=\"Diese klimatisierte Suite verf\u00fcgt \u00fcber zwei Balkone mit Blick auf das Meer und das Meer Umgebung und der andere Balkon hat einen Blick auf die Berge. Es verf\u00fcgt auch \u00fcber eine Sat-TV und eine Sitzecke.\" \/>\n<meta property=\"og:url\" content=\"https:\/\/www.agia-pelagia-bellevue.com\/de\/index.php\/unterkunft\/superior-suite\/\" \/>\n<meta property=\"og:site_name\" content=\"Bellevue Village Website\" \/>\n<meta property=\"article:modified_time\" content=\"2023-02-14T21:23:57+00:00\" \/>\n<meta property=\"og:image\" content=\"https:\/\/www.agia-pelagia-bellevue.com\/wp-content\/uploads\/2019\/06\/Superior_suite_Bellevue_4855.jpg\" \/>\n\t<meta property=\"og:image:width\" content=\"2500\" \/>\n\t<meta property=\"og:image:height\" content=\"1667\" \/>\n\t<meta property=\"og:image:type\" content=\"image\/jpeg\" \/>\n<meta name=\"twitter:card\" content=\"summary_large_image\" \/>\n<meta name=\"twitter:label1\" content=\"Gesch\u00e4tzte Lesezeit\" \/>\n\t<meta name=\"twitter:data1\" content=\"1\u00a0Minute\" \/>\n<script type=\"application\/ld+json\" class=\"yoast-schema-graph\">{\"@context\":\"https:\/\/schema.org\",\"@graph\":[{\"@type\":\"WebPage\",\"@id\":\"https:\/\/www.agia-pelagia-bellevue.com\/de\/index.php\/unterkunft\/superior-suite\/\",\"url\":\"https:\/\/www.agia-pelagia-bellevue.com\/de\/index.php\/unterkunft\/superior-suite\/\",\"name\":\"SUPERIOR SUITE - Bellevue Village Website\",\"isPartOf\":{\"@id\":\"https:\/\/www.agia-pelagia-bellevue.com\/#website\"},\"primaryImageOfPage\":{\"@id\":\"https:\/\/www.agia-pelagia-bellevue.com\/de\/index.php\/unterkunft\/superior-suite\/#primaryimage\"},\"image\":{\"@id\":\"https:\/\/www.agia-pelagia-bellevue.com\/de\/index.php\/unterkunft\/superior-suite\/#primaryimage\"},\"thumbnailUrl\":\"https:\/\/www.agia-pelagia-bellevue.com\/wp-content\/uploads\/2019\/06\/Superior_suite_Bellevue_4855.jpg\",\"datePublished\":\"2021-02-01T22:40:03+00:00\",\"dateModified\":\"2023-02-14T21:23:57+00:00\",\"breadcrumb\":{\"@id\":\"https:\/\/www.agia-pelagia-bellevue.com\/de\/index.php\/unterkunft\/superior-suite\/#breadcrumb\"},\"inLanguage\":\"de\",\"potentialAction\":[{\"@type\":\"ReadAction\",\"target\":[\"https:\/\/www.agia-pelagia-bellevue.com\/de\/index.php\/unterkunft\/superior-suite\/\"]}]},{\"@type\":\"ImageObject\",\"inLanguage\":\"de\",\"@id\":\"https:\/\/www.agia-pelagia-bellevue.com\/de\/index.php\/unterkunft\/superior-suite\/#primaryimage\",\"url\":\"https:\/\/www.agia-pelagia-bellevue.com\/wp-content\/uploads\/2019\/06\/Superior_suite_Bellevue_4855.jpg\",\"contentUrl\":\"https:\/\/www.agia-pelagia-bellevue.com\/wp-content\/uploads\/2019\/06\/Superior_suite_Bellevue_4855.jpg\",\"width\":2500,\"height\":1667},{\"@type\":\"BreadcrumbList\",\"@id\":\"https:\/\/www.agia-pelagia-bellevue.com\/de\/index.php\/unterkunft\/superior-suite\/#breadcrumb\",\"itemListElement\":[{\"@type\":\"ListItem\",\"position\":1,\"name\":\"Home\",\"item\":\"https:\/\/www.agia-pelagia-bellevue.com\/de\/\"},{\"@type\":\"ListItem\",\"position\":2,\"name\":\"Unterkunft\",\"item\":\"https:\/\/www.agia-pelagia-bellevue.com\/de\/index.php\/unterkunft\/\"},{\"@type\":\"ListItem\",\"position\":3,\"name\":\"SUPERIOR SUITE\"}]},{\"@type\":\"WebSite\",\"@id\":\"https:\/\/www.agia-pelagia-bellevue.com\/#website\",\"url\":\"https:\/\/www.agia-pelagia-bellevue.com\/\",\"name\":\"Bellevue Village Website\",\"description\":\"Agia Pelagia\",\"publisher\":{\"@id\":\"https:\/\/www.agia-pelagia-bellevue.com\/#organization\"},\"potentialAction\":[{\"@type\":\"SearchAction\",\"target\":{\"@type\":\"EntryPoint\",\"urlTemplate\":\"https:\/\/www.agia-pelagia-bellevue.com\/?s={search_term_string}\"},\"query-input\":{\"@type\":\"PropertyValueSpecification\",\"valueRequired\":true,\"valueName\":\"search_term_string\"}}],\"inLanguage\":\"de\"},{\"@type\":\"Organization\",\"@id\":\"https:\/\/www.agia-pelagia-bellevue.com\/#organization\",\"name\":\"Bellevue Village Website\",\"url\":\"https:\/\/www.agia-pelagia-bellevue.com\/\",\"logo\":{\"@type\":\"ImageObject\",\"inLanguage\":\"de\",\"@id\":\"https:\/\/www.agia-pelagia-bellevue.com\/#\/schema\/logo\/image\/\",\"url\":\"https:\/\/www.agia-pelagia-bellevue.com\/wp-content\/uploads\/2019\/05\/cropped-Logo_BelleVue_Village_hor-2.png\",\"contentUrl\":\"https:\/\/www.agia-pelagia-bellevue.com\/wp-content\/uploads\/2019\/05\/cropped-Logo_BelleVue_Village_hor-2.png\",\"width\":195,\"height\":67,\"caption\":\"Bellevue Village Website\"},\"image\":{\"@id\":\"https:\/\/www.agia-pelagia-bellevue.com\/#\/schema\/logo\/image\/\"}}]}<\/script>\n<!-- \/ Yoast SEO plugin. -->","yoast_head_json":{"title":"SUPERIOR SUITE - Bellevue Village Website","robots":{"index":"index","follow":"follow","max-snippet":"max-snippet:-1","max-image-preview":"max-image-preview:large","max-video-preview":"max-video-preview:-1"},"canonical":"https:\/\/www.agia-pelagia-bellevue.com\/de\/index.php\/unterkunft\/superior-suite\/","og_locale":"de_DE","og_type":"article","og_title":"SUPERIOR SUITE - Bellevue Village Website","og_description":"Diese klimatisierte Suite verf\u00fcgt \u00fcber zwei Balkone mit Blick auf das Meer und das Meer Umgebung und der andere Balkon hat einen Blick auf die Berge. Es verf\u00fcgt auch \u00fcber eine Sat-TV und eine Sitzecke.","og_url":"https:\/\/www.agia-pelagia-bellevue.com\/de\/index.php\/unterkunft\/superior-suite\/","og_site_name":"Bellevue Village Website","article_modified_time":"2023-02-14T21:23:57+00:00","og_image":[{"width":2500,"height":1667,"url":"https:\/\/www.agia-pelagia-bellevue.com\/wp-content\/uploads\/2019\/06\/Superior_suite_Bellevue_4855.jpg","type":"image\/jpeg"}],"twitter_card":"summary_large_image","twitter_misc":{"Gesch\u00e4tzte Lesezeit":"1\u00a0Minute"},"schema":{"@context":"https:\/\/schema.org","@graph":[{"@type":"WebPage","@id":"https:\/\/www.agia-pelagia-bellevue.com\/de\/index.php\/unterkunft\/superior-suite\/","url":"https:\/\/www.agia-pelagia-bellevue.com\/de\/index.php\/unterkunft\/superior-suite\/","name":"SUPERIOR SUITE - Bellevue Village Website","isPartOf":{"@id":"https:\/\/www.agia-pelagia-bellevue.com\/#website"},"primaryImageOfPage":{"@id":"https:\/\/www.agia-pelagia-bellevue.com\/de\/index.php\/unterkunft\/superior-suite\/#primaryimage"},"image":{"@id":"https:\/\/www.agia-pelagia-bellevue.com\/de\/index.php\/unterkunft\/superior-suite\/#primaryimage"},"thumbnailUrl":"https:\/\/www.agia-pelagia-bellevue.com\/wp-content\/uploads\/2019\/06\/Superior_suite_Bellevue_4855.jpg","datePublished":"2021-02-01T22:40:03+00:00","dateModified":"2023-02-14T21:23:57+00:00","breadcrumb":{"@id":"https:\/\/www.agia-pelagia-bellevue.com\/de\/index.php\/unterkunft\/superior-suite\/#breadcrumb"},"inLanguage":"de","potentialAction":[{"@type":"ReadAction","target":["https:\/\/www.agia-pelagia-bellevue.com\/de\/index.php\/unterkunft\/superior-suite\/"]}]},{"@type":"ImageObject","inLanguage":"de","@id":"https:\/\/www.agia-pelagia-bellevue.com\/de\/index.php\/unterkunft\/superior-suite\/#primaryimage","url":"https:\/\/www.agia-pelagia-bellevue.com\/wp-content\/uploads\/2019\/06\/Superior_suite_Bellevue_4855.jpg","contentUrl":"https:\/\/www.agia-pelagia-bellevue.com\/wp-content\/uploads\/2019\/06\/Superior_suite_Bellevue_4855.jpg","width":2500,"height":1667},{"@type":"BreadcrumbList","@id":"https:\/\/www.agia-pelagia-bellevue.com\/de\/index.php\/unterkunft\/superior-suite\/#breadcrumb","itemListElement":[{"@type":"ListItem","position":1,"name":"Home","item":"https:\/\/www.agia-pelagia-bellevue.com\/de\/"},{"@type":"ListItem","position":2,"name":"Unterkunft","item":"https:\/\/www.agia-pelagia-bellevue.com\/de\/index.php\/unterkunft\/"},{"@type":"ListItem","position":3,"name":"SUPERIOR SUITE"}]},{"@type":"WebSite","@id":"https:\/\/www.agia-pelagia-bellevue.com\/#website","url":"https:\/\/www.agia-pelagia-bellevue.com\/","name":"Bellevue Village Website","description":"Agia Pelagia","publisher":{"@id":"https:\/\/www.agia-pelagia-bellevue.com\/#organization"},"potentialAction":[{"@type":"SearchAction","target":{"@type":"EntryPoint","urlTemplate":"https:\/\/www.agia-pelagia-bellevue.com\/?s={search_term_string}"},"query-input":{"@type":"PropertyValueSpecification","valueRequired":true,"valueName":"search_term_string"}}],"inLanguage":"de"},{"@type":"Organization","@id":"https:\/\/www.agia-pelagia-bellevue.com\/#organization","name":"Bellevue Village Website","url":"https:\/\/www.agia-pelagia-bellevue.com\/","logo":{"@type":"ImageObject","inLanguage":"de","@id":"https:\/\/www.agia-pelagia-bellevue.com\/#\/schema\/logo\/image\/","url":"https:\/\/www.agia-pelagia-bellevue.com\/wp-content\/uploads\/2019\/05\/cropped-Logo_BelleVue_Village_hor-2.png","contentUrl":"https:\/\/www.agia-pelagia-bellevue.com\/wp-content\/uploads\/2019\/05\/cropped-Logo_BelleVue_Village_hor-2.png","width":195,"height":67,"caption":"Bellevue Village Website"},"image":{"@id":"https:\/\/www.agia-pelagia-bellevue.com\/#\/schema\/logo\/image\/"}}]}},"jetpack_sharing_enabled":true,"_links":{"self":[{"href":"https:\/\/www.agia-pelagia-bellevue.com\/de\/index.php\/wp-json\/wp\/v2\/pages\/2398","targetHints":{"allow":["GET"]}}],"collection":[{"href":"https:\/\/www.agia-pelagia-bellevue.com\/de\/index.php\/wp-json\/wp\/v2\/pages"}],"about":[{"href":"https:\/\/www.agia-pelagia-bellevue.com\/de\/index.php\/wp-json\/wp\/v2\/types\/page"}],"author":[{"embeddable":true,"href":"https:\/\/www.agia-pelagia-bellevue.com\/de\/index.php\/wp-json\/wp\/v2\/users\/2"}],"replies":[{"embeddable":true,"href":"https:\/\/www.agia-pelagia-bellevue.com\/de\/index.php\/wp-json\/wp\/v2\/comments?post=2398"}],"version-history":[{"count":2,"href":"https:\/\/www.agia-pelagia-bellevue.com\/de\/index.php\/wp-json\/wp\/v2\/pages\/2398\/revisions"}],"predecessor-version":[{"id":3382,"href":"https:\/\/www.agia-pelagia-bellevue.com\/de\/index.php\/wp-json\/wp\/v2\/pages\/2398\/revisions\/3382"}],"up":[{"embeddable":true,"href":"https:\/\/www.agia-pelagia-bellevue.com\/de\/index.php\/wp-json\/wp\/v2\/pages\/2451"}],"wp:featuredmedia":[{"embeddable":true,"href":"https:\/\/www.agia-pelagia-bellevue.com\/de\/index.php\/wp-json\/wp\/v2\/media\/2410"}],"wp:attachment":[{"href":"https:\/\/www.agia-pelagia-bellevue.com\/de\/index.php\/wp-json\/wp\/v2\/media?parent=2398"}],"wp:term":[{"taxonomy":"post_tag","embeddable":true,"href":"https:\/\/www.agia-pelagia-bellevue.com\/de\/index.php\/wp-json\/wp\/v2\/tags?post=2398"}],"curies":[{"name":"wp","href":"https:\/\/api.w.org\/{rel}","templated":true}]}}