{"id":2449,"date":"2021-02-01T22:57:55","date_gmt":"2021-02-01T22:57:55","guid":{"rendered":"https:\/\/www.agia-pelagia-bellevue.com\/?page_id=2449"},"modified":"2021-02-01T22:57:57","modified_gmt":"2021-02-01T22:57:57","slug":"aktivitaten-dinge-zu-tun","status":"publish","type":"page","link":"https:\/\/www.agia-pelagia-bellevue.com\/de\/index.php\/home\/aktivitaten-dinge-zu-tun\/","title":{"rendered":"Aktivit\u00e4ten \/ Dinge zu tun"},"content":{"rendered":"<p>Sie k\u00f6nnen auch Orte in der N\u00e4he erkunden, die zu Fu\u00df in die Natur f\u00fchren. In 5-6 min zu Fu\u00df von unserem Auf einem privaten Naturpfad finden Sie den Strand von Lygaria mit der Taverne S.Market und Wasser Sport, es ist ein sch\u00f6ner ruhiger Strand. Auf der anderen Seite gibt es Agia Pelagia Strand mit mehr Restaurants und Bars und mit kosmopolitischem Nachtleben. . Ich liebe es, auf meiner Veranda zu entspannen, Musik zu h\u00f6ren und \u00fcber die \u00c4g\u00e4is zu blicken.<\/p>\n<p>Ein &#8230; Lesen gutes Buch, lange Strandspazierg\u00e4nge und die einfachen Dinge des Lebens genie\u00dfen. ich Ich hoffe, Sie werden es auch! &#8230; Mietwagen auf Kreta Es ist sehr einfach, auf Kreta ein Auto zu mieten. Alles, was Sie tun m\u00fcssen, ist ein Auto aus einer Autovermietung zu buchen auf der Website der Autofirma oder telefonieren Sie. Die meisten Mietwagenfirmen k\u00f6nnen liefern ihre Autos zum Flughafen Heraklion oder nach die verschiedenen H\u00e4fen von Kreta. Sie ben\u00f6tigen einen F\u00fchrerschein, wenn Sie ein Auto auf Kreta mieten. F\u00fcr deine Sicherheit, Sie sollten ein Auto mieten, das durch eine Vollkaskoversicherung abgedeckt ist. Eine andere Sache, die Sie Beim Autofahren auf Kreta muss man wissen, dass viele Tankstellen geschlossen sind bis 19 Uhr und das viele verlangen, dass Sie in bar bezahlen. Tankstellen sind auch typisch am Wochenende geschlossen, obwohl es gesetzlich vorgeschrieben ist, dass w\u00e4hrend dieses Zeitraums einer pro Bereich ge\u00f6ffnet ist Zeit. Sehensw\u00fcrdigkeiten, die Sie auf Kreta nicht verpassen sollten Kreta Str\u00e4nde Kreta ist ein sehr sch\u00f6nes Land mit so vielen Sehensw\u00fcrdigkeiten.<\/p>\n<p>Auf einen In Ihrem Urlaub auf Kreta sollten Sie nicht vers\u00e4umen:<\/p>\n<p>\u2022 Besuchen Sie die minoischen Ruinen in Knossos und Phaistos sowie das Arch\u00e4ologische Museum Museum von Heraklion<\/p>\n<p>\u2022 Erkunden Sie die raue kretische Landschaft, abseits der Str\u00e4nde und der gro\u00dfen St\u00e4dte<\/p>\n<p>\u2022 Machen Sie eine Wanderung durch die Samaria-Schlucht. Die Wanderung dauert oft vier Stunden. vom Omalos-Plateau nach Agia Roumeli<\/p>\n<p>\u2022 Finden Sie die abgelegeneren Str\u00e4nde und die abgelegeneren Gegenden, weit weg vom Touristen Massen und der Kommerz C. \u00dcber Agia Pelagia Agia Pelagia ist eines der K\u00fcstenjuwelen Kretas. Das Hotel liegt nur 20 Kilometer entfernt Von der Inselhauptstadt Heraklion aus ist Agia Pelagia der perfekte Ausgangspunkt f\u00fcr Kreta besichtigen, wenn Sie die Sehensw\u00fcrdigkeiten besichtigen m\u00f6chten.<\/p>\n<p>Trotzdem, wenn Was Sie wollen, ist etwas Zeit f\u00fcr Entspannung und pers\u00f6nlichen Genuss zu haben, das k\u00f6nnen Sie Haben Sie es und mehr bei Agia Pelagia. Der Ferienort Agia Pelagia liegt am Ufer und ist wei\u00df get\u00fcncht Geb\u00e4ude, die an den H\u00e4ngen der H\u00fcgel gebaut wurden, die sich aus der Bucht erheben. Die Bucht selbst ist gesch\u00fctzt, an der Ostseite flankiert von der Ligaria Bucht und an der Westseite von der Mononaftis Bay. Der Blick auf die Stadt, wie Sie es von der Nationalstra\u00dfe n\u00e4hern von Heraklion kommend ist nichts weniger als malerisch. Es gibt ein paar charmante kleine Buchten und Kiesbuchten mit kristallklarem, ruhigem Meer perfekt zum schwimmen, man muss sich nur einen aussuchen!<\/p>\n","protected":false},"excerpt":{"rendered":"<p>Sie k\u00f6nnen auch Orte in der N\u00e4he erkunden, die zu Fu\u00df in die Natur f\u00fchren. In 5-6 min zu Fu\u00df von unserem Auf einem privaten Naturpfad finden Sie den Strand von Lygaria mit der Taverne S.Market und Wasser Sport, es ist ein sch\u00f6ner ruhiger Strand. Auf der anderen Seite gibt es Agia Pelagia Strand mit [&hellip;]<\/p>\n","protected":false},"author":2,"featured_media":2101,"parent":2265,"menu_order":2,"comment_status":"closed","ping_status":"closed","template":"","meta":{"footnotes":""},"tags":[],"class_list":["post-2449","page","type-page","status-publish","has-post-thumbnail","hentry"],"yoast_head":"<!-- This site is optimized with the Yoast SEO plugin v25.8 - https:\/\/yoast.com\/wordpress\/plugins\/seo\/ -->\n<title>Aktivit\u00e4ten \/ Dinge zu tun - Bellevue Village Website<\/title>\n<meta name=\"robots\" content=\"index, follow, max-snippet:-1, max-image-preview:large, max-video-preview:-1\" \/>\n<link rel=\"canonical\" href=\"https:\/\/www.agia-pelagia-bellevue.com\/de\/index.php\/home\/aktivitaten-dinge-zu-tun\/\" \/>\n<meta property=\"og:locale\" content=\"de_DE\" \/>\n<meta property=\"og:type\" content=\"article\" \/>\n<meta property=\"og:title\" content=\"Aktivit\u00e4ten \/ Dinge zu tun - Bellevue Village Website\" \/>\n<meta property=\"og:description\" content=\"Sie k\u00f6nnen auch Orte in der N\u00e4he erkunden, die zu Fu\u00df in die Natur f\u00fchren. In 5-6 min zu Fu\u00df von unserem Auf einem privaten Naturpfad finden Sie den Strand von Lygaria mit der Taverne S.Market und Wasser Sport, es ist ein sch\u00f6ner ruhiger Strand. Auf der anderen Seite gibt es Agia Pelagia Strand mit [&hellip;]\" \/>\n<meta property=\"og:url\" content=\"https:\/\/www.agia-pelagia-bellevue.com\/de\/index.php\/home\/aktivitaten-dinge-zu-tun\/\" \/>\n<meta property=\"og:site_name\" content=\"Bellevue Village Website\" \/>\n<meta property=\"article:modified_time\" content=\"2021-02-01T22:57:57+00:00\" \/>\n<meta property=\"og:image\" content=\"https:\/\/www.agia-pelagia-bellevue.com\/wp-content\/uploads\/2020\/03\/agia_pelagia_bellevue_006-4.jpg\" \/>\n\t<meta property=\"og:image:width\" content=\"1920\" \/>\n\t<meta property=\"og:image:height\" content=\"1280\" \/>\n\t<meta property=\"og:image:type\" content=\"image\/jpeg\" \/>\n<meta name=\"twitter:card\" content=\"summary_large_image\" \/>\n<meta name=\"twitter:label1\" content=\"Gesch\u00e4tzte Lesezeit\" \/>\n\t<meta name=\"twitter:data1\" content=\"3\u00a0Minuten\" \/>\n<script type=\"application\/ld+json\" class=\"yoast-schema-graph\">{\"@context\":\"https:\/\/schema.org\",\"@graph\":[{\"@type\":\"WebPage\",\"@id\":\"https:\/\/www.agia-pelagia-bellevue.com\/de\/index.php\/home\/aktivitaten-dinge-zu-tun\/\",\"url\":\"https:\/\/www.agia-pelagia-bellevue.com\/de\/index.php\/home\/aktivitaten-dinge-zu-tun\/\",\"name\":\"Aktivit\u00e4ten \/ Dinge zu tun - Bellevue Village Website\",\"isPartOf\":{\"@id\":\"https:\/\/www.agia-pelagia-bellevue.com\/#website\"},\"primaryImageOfPage\":{\"@id\":\"https:\/\/www.agia-pelagia-bellevue.com\/de\/index.php\/home\/aktivitaten-dinge-zu-tun\/#primaryimage\"},\"image\":{\"@id\":\"https:\/\/www.agia-pelagia-bellevue.com\/de\/index.php\/home\/aktivitaten-dinge-zu-tun\/#primaryimage\"},\"thumbnailUrl\":\"https:\/\/www.agia-pelagia-bellevue.com\/wp-content\/uploads\/2020\/03\/agia_pelagia_bellevue_006-4.jpg\",\"datePublished\":\"2021-02-01T22:57:55+00:00\",\"dateModified\":\"2021-02-01T22:57:57+00:00\",\"breadcrumb\":{\"@id\":\"https:\/\/www.agia-pelagia-bellevue.com\/de\/index.php\/home\/aktivitaten-dinge-zu-tun\/#breadcrumb\"},\"inLanguage\":\"de\",\"potentialAction\":[{\"@type\":\"ReadAction\",\"target\":[\"https:\/\/www.agia-pelagia-bellevue.com\/de\/index.php\/home\/aktivitaten-dinge-zu-tun\/\"]}]},{\"@type\":\"ImageObject\",\"inLanguage\":\"de\",\"@id\":\"https:\/\/www.agia-pelagia-bellevue.com\/de\/index.php\/home\/aktivitaten-dinge-zu-tun\/#primaryimage\",\"url\":\"https:\/\/www.agia-pelagia-bellevue.com\/wp-content\/uploads\/2020\/03\/agia_pelagia_bellevue_006-4.jpg\",\"contentUrl\":\"https:\/\/www.agia-pelagia-bellevue.com\/wp-content\/uploads\/2020\/03\/agia_pelagia_bellevue_006-4.jpg\",\"width\":1920,\"height\":1280},{\"@type\":\"BreadcrumbList\",\"@id\":\"https:\/\/www.agia-pelagia-bellevue.com\/de\/index.php\/home\/aktivitaten-dinge-zu-tun\/#breadcrumb\",\"itemListElement\":[{\"@type\":\"ListItem\",\"position\":1,\"name\":\"Home\",\"item\":\"https:\/\/www.agia-pelagia-bellevue.com\/de\/\"},{\"@type\":\"ListItem\",\"position\":2,\"name\":\"Bellevue Village\",\"item\":\"https:\/\/www.agia-pelagia-bellevue.com\/de\/index.php\/home\/\"},{\"@type\":\"ListItem\",\"position\":3,\"name\":\"Aktivit\u00e4ten \/ Dinge zu tun\"}]},{\"@type\":\"WebSite\",\"@id\":\"https:\/\/www.agia-pelagia-bellevue.com\/#website\",\"url\":\"https:\/\/www.agia-pelagia-bellevue.com\/\",\"name\":\"Bellevue Village Website\",\"description\":\"Agia Pelagia\",\"publisher\":{\"@id\":\"https:\/\/www.agia-pelagia-bellevue.com\/#organization\"},\"potentialAction\":[{\"@type\":\"SearchAction\",\"target\":{\"@type\":\"EntryPoint\",\"urlTemplate\":\"https:\/\/www.agia-pelagia-bellevue.com\/?s={search_term_string}\"},\"query-input\":{\"@type\":\"PropertyValueSpecification\",\"valueRequired\":true,\"valueName\":\"search_term_string\"}}],\"inLanguage\":\"de\"},{\"@type\":\"Organization\",\"@id\":\"https:\/\/www.agia-pelagia-bellevue.com\/#organization\",\"name\":\"Bellevue Village Website\",\"url\":\"https:\/\/www.agia-pelagia-bellevue.com\/\",\"logo\":{\"@type\":\"ImageObject\",\"inLanguage\":\"de\",\"@id\":\"https:\/\/www.agia-pelagia-bellevue.com\/#\/schema\/logo\/image\/\",\"url\":\"https:\/\/www.agia-pelagia-bellevue.com\/wp-content\/uploads\/2019\/05\/cropped-Logo_BelleVue_Village_hor-2.png\",\"contentUrl\":\"https:\/\/www.agia-pelagia-bellevue.com\/wp-content\/uploads\/2019\/05\/cropped-Logo_BelleVue_Village_hor-2.png\",\"width\":195,\"height\":67,\"caption\":\"Bellevue Village Website\"},\"image\":{\"@id\":\"https:\/\/www.agia-pelagia-bellevue.com\/#\/schema\/logo\/image\/\"}}]}<\/script>\n<!-- \/ Yoast SEO plugin. -->","yoast_head_json":{"title":"Aktivit\u00e4ten \/ Dinge zu tun - Bellevue Village Website","robots":{"index":"index","follow":"follow","max-snippet":"max-snippet:-1","max-image-preview":"max-image-preview:large","max-video-preview":"max-video-preview:-1"},"canonical":"https:\/\/www.agia-pelagia-bellevue.com\/de\/index.php\/home\/aktivitaten-dinge-zu-tun\/","og_locale":"de_DE","og_type":"article","og_title":"Aktivit\u00e4ten \/ Dinge zu tun - Bellevue Village Website","og_description":"Sie k\u00f6nnen auch Orte in der N\u00e4he erkunden, die zu Fu\u00df in die Natur f\u00fchren. In 5-6 min zu Fu\u00df von unserem Auf einem privaten Naturpfad finden Sie den Strand von Lygaria mit der Taverne S.Market und Wasser Sport, es ist ein sch\u00f6ner ruhiger Strand. Auf der anderen Seite gibt es Agia Pelagia Strand mit [&hellip;]","og_url":"https:\/\/www.agia-pelagia-bellevue.com\/de\/index.php\/home\/aktivitaten-dinge-zu-tun\/","og_site_name":"Bellevue Village Website","article_modified_time":"2021-02-01T22:57:57+00:00","og_image":[{"width":1920,"height":1280,"url":"https:\/\/www.agia-pelagia-bellevue.com\/wp-content\/uploads\/2020\/03\/agia_pelagia_bellevue_006-4.jpg","type":"image\/jpeg"}],"twitter_card":"summary_large_image","twitter_misc":{"Gesch\u00e4tzte Lesezeit":"3\u00a0Minuten"},"schema":{"@context":"https:\/\/schema.org","@graph":[{"@type":"WebPage","@id":"https:\/\/www.agia-pelagia-bellevue.com\/de\/index.php\/home\/aktivitaten-dinge-zu-tun\/","url":"https:\/\/www.agia-pelagia-bellevue.com\/de\/index.php\/home\/aktivitaten-dinge-zu-tun\/","name":"Aktivit\u00e4ten \/ Dinge zu tun - Bellevue Village Website","isPartOf":{"@id":"https:\/\/www.agia-pelagia-bellevue.com\/#website"},"primaryImageOfPage":{"@id":"https:\/\/www.agia-pelagia-bellevue.com\/de\/index.php\/home\/aktivitaten-dinge-zu-tun\/#primaryimage"},"image":{"@id":"https:\/\/www.agia-pelagia-bellevue.com\/de\/index.php\/home\/aktivitaten-dinge-zu-tun\/#primaryimage"},"thumbnailUrl":"https:\/\/www.agia-pelagia-bellevue.com\/wp-content\/uploads\/2020\/03\/agia_pelagia_bellevue_006-4.jpg","datePublished":"2021-02-01T22:57:55+00:00","dateModified":"2021-02-01T22:57:57+00:00","breadcrumb":{"@id":"https:\/\/www.agia-pelagia-bellevue.com\/de\/index.php\/home\/aktivitaten-dinge-zu-tun\/#breadcrumb"},"inLanguage":"de","potentialAction":[{"@type":"ReadAction","target":["https:\/\/www.agia-pelagia-bellevue.com\/de\/index.php\/home\/aktivitaten-dinge-zu-tun\/"]}]},{"@type":"ImageObject","inLanguage":"de","@id":"https:\/\/www.agia-pelagia-bellevue.com\/de\/index.php\/home\/aktivitaten-dinge-zu-tun\/#primaryimage","url":"https:\/\/www.agia-pelagia-bellevue.com\/wp-content\/uploads\/2020\/03\/agia_pelagia_bellevue_006-4.jpg","contentUrl":"https:\/\/www.agia-pelagia-bellevue.com\/wp-content\/uploads\/2020\/03\/agia_pelagia_bellevue_006-4.jpg","width":1920,"height":1280},{"@type":"BreadcrumbList","@id":"https:\/\/www.agia-pelagia-bellevue.com\/de\/index.php\/home\/aktivitaten-dinge-zu-tun\/#breadcrumb","itemListElement":[{"@type":"ListItem","position":1,"name":"Home","item":"https:\/\/www.agia-pelagia-bellevue.com\/de\/"},{"@type":"ListItem","position":2,"name":"Bellevue Village","item":"https:\/\/www.agia-pelagia-bellevue.com\/de\/index.php\/home\/"},{"@type":"ListItem","position":3,"name":"Aktivit\u00e4ten \/ Dinge zu tun"}]},{"@type":"WebSite","@id":"https:\/\/www.agia-pelagia-bellevue.com\/#website","url":"https:\/\/www.agia-pelagia-bellevue.com\/","name":"Bellevue Village Website","description":"Agia Pelagia","publisher":{"@id":"https:\/\/www.agia-pelagia-bellevue.com\/#organization"},"potentialAction":[{"@type":"SearchAction","target":{"@type":"EntryPoint","urlTemplate":"https:\/\/www.agia-pelagia-bellevue.com\/?s={search_term_string}"},"query-input":{"@type":"PropertyValueSpecification","valueRequired":true,"valueName":"search_term_string"}}],"inLanguage":"de"},{"@type":"Organization","@id":"https:\/\/www.agia-pelagia-bellevue.com\/#organization","name":"Bellevue Village Website","url":"https:\/\/www.agia-pelagia-bellevue.com\/","logo":{"@type":"ImageObject","inLanguage":"de","@id":"https:\/\/www.agia-pelagia-bellevue.com\/#\/schema\/logo\/image\/","url":"https:\/\/www.agia-pelagia-bellevue.com\/wp-content\/uploads\/2019\/05\/cropped-Logo_BelleVue_Village_hor-2.png","contentUrl":"https:\/\/www.agia-pelagia-bellevue.com\/wp-content\/uploads\/2019\/05\/cropped-Logo_BelleVue_Village_hor-2.png","width":195,"height":67,"caption":"Bellevue Village Website"},"image":{"@id":"https:\/\/www.agia-pelagia-bellevue.com\/#\/schema\/logo\/image\/"}}]}},"jetpack_sharing_enabled":true,"_links":{"self":[{"href":"https:\/\/www.agia-pelagia-bellevue.com\/de\/index.php\/wp-json\/wp\/v2\/pages\/2449","targetHints":{"allow":["GET"]}}],"collection":[{"href":"https:\/\/www.agia-pelagia-bellevue.com\/de\/index.php\/wp-json\/wp\/v2\/pages"}],"about":[{"href":"https:\/\/www.agia-pelagia-bellevue.com\/de\/index.php\/wp-json\/wp\/v2\/types\/page"}],"author":[{"embeddable":true,"href":"https:\/\/www.agia-pelagia-bellevue.com\/de\/index.php\/wp-json\/wp\/v2\/users\/2"}],"replies":[{"embeddable":true,"href":"https:\/\/www.agia-pelagia-bellevue.com\/de\/index.php\/wp-json\/wp\/v2\/comments?post=2449"}],"version-history":[{"count":1,"href":"https:\/\/www.agia-pelagia-bellevue.com\/de\/index.php\/wp-json\/wp\/v2\/pages\/2449\/revisions"}],"predecessor-version":[{"id":2450,"href":"https:\/\/www.agia-pelagia-bellevue.com\/de\/index.php\/wp-json\/wp\/v2\/pages\/2449\/revisions\/2450"}],"up":[{"embeddable":true,"href":"https:\/\/www.agia-pelagia-bellevue.com\/de\/index.php\/wp-json\/wp\/v2\/pages\/2265"}],"wp:featuredmedia":[{"embeddable":true,"href":"https:\/\/www.agia-pelagia-bellevue.com\/de\/index.php\/wp-json\/wp\/v2\/media\/2101"}],"wp:attachment":[{"href":"https:\/\/www.agia-pelagia-bellevue.com\/de\/index.php\/wp-json\/wp\/v2\/media?parent=2449"}],"wp:term":[{"taxonomy":"post_tag","embeddable":true,"href":"https:\/\/www.agia-pelagia-bellevue.com\/de\/index.php\/wp-json\/wp\/v2\/tags?post=2449"}],"curies":[{"name":"wp","href":"https:\/\/api.w.org\/{rel}","templated":true}]}}