{"id":2453,"date":"2021-02-01T23:17:19","date_gmt":"2021-02-01T23:17:19","guid":{"rendered":"https:\/\/www.agia-pelagia-bellevue.com\/?page_id=2453"},"modified":"2021-02-01T23:37:13","modified_gmt":"2021-02-01T23:37:13","slug":"ort","status":"publish","type":"page","link":"https:\/\/www.agia-pelagia-bellevue.com\/de\/index.php\/ort\/","title":{"rendered":"Ort"},"content":{"rendered":"<p class=\"section-visible\">Bellevue ist ein wundersch\u00f6ner Komplex von Apartments, Bungalows und Suiten. Befindet sich 17 km westlich von Heraklion in einem beneidenswerten und einzigartigen Ort mit Blick auf die kleine malerische Bucht von Ligaria und kosmopolitischen Agia Pelagia. Es gibt ein paar charmante Kleine und Kiesbuchten mit kristallklarem, ruhigem Meer laden zum Baden ein muss nur eins ausw\u00e4hlen !!! Sie k\u00f6nnen auch in der N\u00e4he von Orten erkunden, die zu Fu\u00df zu erreichen sind Natur &#8230;.<\/p>\n<p>In 5-6 Minuten zu Fu\u00df von unserem privaten Naturpfad finden Sie Lygaria Beach Mit Taverne S.Market und Wassersport ist es ein sch\u00f6ner ruhiger Strand Ist Agia Pelagia Str\u00e4nde mit mehr Restaurants Bars S.markets Gesch\u00e4fte, apothike Bankomat, medizinisches Zentrum und kosmopolitisches Nachtleben &#8230; In 10 Minuten mit dem Auto erreichen Sie das traditionelle Dorf Fodele mit den besten Orangen Kreta! Im ber\u00fchmten Palast von Knossos k\u00f6nnen Sie mit dem Auto in 18 Minuten und in 15 Minuten sein Mit dem Auto sind Sie im Museum im Zentrum der Hauptstadt !!!! In 5 -6min Fu\u00dfweg erreichen Sie Seien Sie auf der Nationalstra\u00dfe, wenn Sie mit dem Bus nach Rethymno-Chania oder Heracklio fahren m\u00f6chten Sie finden uns in unserem Versteck im traditionellen Dorfstil (mit perfekter Aussicht !!!) Stra\u00dfe, die uns mit der Nationalstra\u00dfe verbindet Wir sind 16 Minuten mit dem Auto vom internationalen Flughafen Kazantzakis und 18 Minuten vom Heraklio Hafen (Santorini, Pereus Ankunft-Abfahrt) Bellevue liegt im Zentrum von Kreta und ist in der N\u00e4he vieler Sehensw\u00fcrdigkeiten und arch\u00e4ologische St\u00e4tten wie Knossos 20 km. Phaestos 60 km. und nat\u00fcrlich alle ber\u00fchmte Museen. Sie brauchen nur ein Auto, um die Gegend zu erkunden und unabh\u00e4ngig zu sein !!!!!!!! Folgen Sie unseren Vorschl\u00e4gen, um die Umgebung zu erkunden. die pulsierende Hauptstadt der Insel, Heraklion und das erstaunliche Kreta. Hier finden Sie auch weitere Details zum Aktivit\u00e4ten, bei denen Sie sich verw\u00f6hnen lassen und die einzigartige Sch\u00f6nheit der Insel sp\u00fcren k\u00f6nnen, wie Sie sind Entdecken Sie die Str\u00e4nde, die Sehensw\u00fcrdigkeiten, die Geschichte und alles, was dazu geh\u00f6rt Kreta ist ein ber\u00fchmtes Reiseziel auf der ganzen Welt und ein kleines St\u00fcck Himmel auf Erden. Wir geben Ihnen die Informationen, damit Sie nichts verpassen!<\/p>\n<div class=\"row row-items\">\n\t\n<!--?php\nif ( has_tag( 'foobar' ) ) {\n    \n\t\n\t\n\t\n}\n?-->\n\n<div class=\"col-lg-6 col-sm-6 col-xs-12\">\n\t<div class=\"item\">\n\t\t<a href=\"https:\/\/www.agia-pelagia-bellevue.com\/de\/index.php\/ort\/agia-pelagia-strandfuhrer\/\">\n\t\t\t<figure class=\"item-thumb\">\n\t\t\t\t\t<img fetchpriority=\"high\" decoding=\"async\" width=\"750\" height=\"850\" src=\"https:\/\/www.agia-pelagia-bellevue.com\/wp-content\/uploads\/2019\/05\/Agia_Pelagia_Fylakes_Beach_agia-pelagia-bellevue-750x850.jpg\" class=\"attachment-milos-listing size-milos-listing wp-post-image\" alt=\"\" \/>\t\t\t<\/figure>\n\n\t\t\t<div class=\"item-info\">\n\t\t\t\t<p class=\"item-title\">\u00dcber Agia Pelagia<\/p>\t\t\t\t<span class=\"btn btn-sm item-btn\">Read more<\/span>\n\t\t\t<\/div>\n\t\t<\/a>\n\t<\/div>\n<\/div>\n<!--?php\nif ( has_tag( 'foobar' ) ) {\n    \n\t\n\t\n\t\n}\n?-->\n\n<div class=\"col-lg-6 col-sm-6 col-xs-12\">\n\t<div class=\"item\">\n\t\t<a href=\"https:\/\/www.agia-pelagia-bellevue.com\/de\/index.php\/ort\/uber-kreta\/\">\n\t\t\t<figure class=\"item-thumb\">\n\t\t\t\t\t<img decoding=\"async\" width=\"750\" height=\"850\" src=\"https:\/\/www.agia-pelagia-bellevue.com\/wp-content\/uploads\/2019\/05\/crete-agia-pelagia-bellevue-750x850.jpg\" class=\"attachment-milos-listing size-milos-listing wp-post-image\" alt=\"\" \/>\t\t\t<\/figure>\n\n\t\t\t<div class=\"item-info\">\n\t\t\t\t<p class=\"item-title\">\u00dcber Kreta<\/p>\t\t\t\t<span class=\"btn btn-sm item-btn\">Read more<\/span>\n\t\t\t<\/div>\n\t\t<\/a>\n\t<\/div>\n<\/div>\n<!--?php\nif ( has_tag( 'foobar' ) ) {\n    \n\t\n\t\n\t\n}\n?-->\n\n<div class=\"col-lg-6 col-sm-6 col-xs-12\">\n\t<div class=\"item\">\n\t\t<a href=\"https:\/\/www.agia-pelagia-bellevue.com\/de\/index.php\/ort\/agia-pelagia-strandfuehrer\/\">\n\t\t\t<figure class=\"item-thumb\">\n\t\t\t\t\t\t\t\t<\/figure>\n\n\t\t\t<div class=\"item-info\">\n\t\t\t\t<p class=\"item-title\">Agia Pelagia Strandf\u00fchrer<\/p>\t\t\t\t<span class=\"btn btn-sm item-btn\">Read more<\/span>\n\t\t\t<\/div>\n\t\t<\/a>\n\t<\/div>\n<\/div><\/div>\n","protected":false},"excerpt":{"rendered":"<p>Bellevue ist ein wundersch\u00f6ner Komplex von Apartments, Bungalows und Suiten. Befindet sich 17 km westlich von Heraklion in einem beneidenswerten und einzigartigen Ort mit Blick auf die kleine malerische Bucht von Ligaria und kosmopolitischen Agia Pelagia. Es gibt ein paar charmante Kleine und Kiesbuchten mit kristallklarem, ruhigem Meer laden zum Baden ein muss nur eins [&hellip;]<\/p>\n","protected":false},"author":2,"featured_media":2586,"parent":0,"menu_order":0,"comment_status":"closed","ping_status":"closed","template":"templates\/template-child-pages.php","meta":{"footnotes":""},"tags":[28],"class_list":["post-2453","page","type-page","status-publish","has-post-thumbnail","hentry","tag-featured-de"],"yoast_head":"<!-- This site is optimized with the Yoast SEO plugin v25.8 - https:\/\/yoast.com\/wordpress\/plugins\/seo\/ -->\n<title>Ort - Bellevue Village Website<\/title>\n<meta name=\"robots\" content=\"index, follow, max-snippet:-1, max-image-preview:large, max-video-preview:-1\" \/>\n<link rel=\"canonical\" href=\"https:\/\/www.agia-pelagia-bellevue.com\/de\/index.php\/ort\/\" \/>\n<meta property=\"og:locale\" content=\"de_DE\" \/>\n<meta property=\"og:type\" content=\"article\" \/>\n<meta property=\"og:title\" content=\"Ort - Bellevue Village Website\" \/>\n<meta property=\"og:description\" content=\"Bellevue ist ein wundersch\u00f6ner Komplex von Apartments, Bungalows und Suiten. Befindet sich 17 km westlich von Heraklion in einem beneidenswerten und einzigartigen Ort mit Blick auf die kleine malerische Bucht von Ligaria und kosmopolitischen Agia Pelagia. Es gibt ein paar charmante Kleine und Kiesbuchten mit kristallklarem, ruhigem Meer laden zum Baden ein muss nur eins [&hellip;]\" \/>\n<meta property=\"og:url\" content=\"https:\/\/www.agia-pelagia-bellevue.com\/de\/index.php\/ort\/\" \/>\n<meta property=\"og:site_name\" content=\"Bellevue Village Website\" \/>\n<meta property=\"article:modified_time\" content=\"2021-02-01T23:37:13+00:00\" \/>\n<meta property=\"og:image\" content=\"https:\/\/www.agia-pelagia-bellevue.com\/wp-content\/uploads\/2021\/02\/agia-pelagia-bellevue-1-1920x600.jpg\" \/>\n\t<meta property=\"og:image:width\" content=\"1920\" \/>\n\t<meta property=\"og:image:height\" content=\"600\" \/>\n\t<meta property=\"og:image:type\" content=\"image\/jpeg\" \/>\n<meta name=\"twitter:card\" content=\"summary_large_image\" \/>\n<meta name=\"twitter:label1\" content=\"Gesch\u00e4tzte Lesezeit\" \/>\n\t<meta name=\"twitter:data1\" content=\"2\u00a0Minuten\" \/>\n<script type=\"application\/ld+json\" class=\"yoast-schema-graph\">{\"@context\":\"https:\/\/schema.org\",\"@graph\":[{\"@type\":\"WebPage\",\"@id\":\"https:\/\/www.agia-pelagia-bellevue.com\/de\/index.php\/ort\/\",\"url\":\"https:\/\/www.agia-pelagia-bellevue.com\/de\/index.php\/ort\/\",\"name\":\"Ort - Bellevue Village Website\",\"isPartOf\":{\"@id\":\"https:\/\/www.agia-pelagia-bellevue.com\/#website\"},\"primaryImageOfPage\":{\"@id\":\"https:\/\/www.agia-pelagia-bellevue.com\/de\/index.php\/ort\/#primaryimage\"},\"image\":{\"@id\":\"https:\/\/www.agia-pelagia-bellevue.com\/de\/index.php\/ort\/#primaryimage\"},\"thumbnailUrl\":\"https:\/\/www.agia-pelagia-bellevue.com\/wp-content\/uploads\/2021\/02\/agia-pelagia-bellevue-1-1920x600.jpg\",\"datePublished\":\"2021-02-01T23:17:19+00:00\",\"dateModified\":\"2021-02-01T23:37:13+00:00\",\"breadcrumb\":{\"@id\":\"https:\/\/www.agia-pelagia-bellevue.com\/de\/index.php\/ort\/#breadcrumb\"},\"inLanguage\":\"de\",\"potentialAction\":[{\"@type\":\"ReadAction\",\"target\":[\"https:\/\/www.agia-pelagia-bellevue.com\/de\/index.php\/ort\/\"]}]},{\"@type\":\"ImageObject\",\"inLanguage\":\"de\",\"@id\":\"https:\/\/www.agia-pelagia-bellevue.com\/de\/index.php\/ort\/#primaryimage\",\"url\":\"https:\/\/www.agia-pelagia-bellevue.com\/wp-content\/uploads\/2021\/02\/agia-pelagia-bellevue-1-1920x600.jpg\",\"contentUrl\":\"https:\/\/www.agia-pelagia-bellevue.com\/wp-content\/uploads\/2021\/02\/agia-pelagia-bellevue-1-1920x600.jpg\",\"width\":1920,\"height\":600},{\"@type\":\"BreadcrumbList\",\"@id\":\"https:\/\/www.agia-pelagia-bellevue.com\/de\/index.php\/ort\/#breadcrumb\",\"itemListElement\":[{\"@type\":\"ListItem\",\"position\":1,\"name\":\"Home\",\"item\":\"https:\/\/www.agia-pelagia-bellevue.com\/de\/\"},{\"@type\":\"ListItem\",\"position\":2,\"name\":\"Ort\"}]},{\"@type\":\"WebSite\",\"@id\":\"https:\/\/www.agia-pelagia-bellevue.com\/#website\",\"url\":\"https:\/\/www.agia-pelagia-bellevue.com\/\",\"name\":\"Bellevue Village Website\",\"description\":\"Agia Pelagia\",\"publisher\":{\"@id\":\"https:\/\/www.agia-pelagia-bellevue.com\/#organization\"},\"potentialAction\":[{\"@type\":\"SearchAction\",\"target\":{\"@type\":\"EntryPoint\",\"urlTemplate\":\"https:\/\/www.agia-pelagia-bellevue.com\/?s={search_term_string}\"},\"query-input\":{\"@type\":\"PropertyValueSpecification\",\"valueRequired\":true,\"valueName\":\"search_term_string\"}}],\"inLanguage\":\"de\"},{\"@type\":\"Organization\",\"@id\":\"https:\/\/www.agia-pelagia-bellevue.com\/#organization\",\"name\":\"Bellevue Village Website\",\"url\":\"https:\/\/www.agia-pelagia-bellevue.com\/\",\"logo\":{\"@type\":\"ImageObject\",\"inLanguage\":\"de\",\"@id\":\"https:\/\/www.agia-pelagia-bellevue.com\/#\/schema\/logo\/image\/\",\"url\":\"https:\/\/www.agia-pelagia-bellevue.com\/wp-content\/uploads\/2019\/05\/cropped-Logo_BelleVue_Village_hor-2.png\",\"contentUrl\":\"https:\/\/www.agia-pelagia-bellevue.com\/wp-content\/uploads\/2019\/05\/cropped-Logo_BelleVue_Village_hor-2.png\",\"width\":195,\"height\":67,\"caption\":\"Bellevue Village Website\"},\"image\":{\"@id\":\"https:\/\/www.agia-pelagia-bellevue.com\/#\/schema\/logo\/image\/\"}}]}<\/script>\n<!-- \/ Yoast SEO plugin. -->","yoast_head_json":{"title":"Ort - Bellevue Village Website","robots":{"index":"index","follow":"follow","max-snippet":"max-snippet:-1","max-image-preview":"max-image-preview:large","max-video-preview":"max-video-preview:-1"},"canonical":"https:\/\/www.agia-pelagia-bellevue.com\/de\/index.php\/ort\/","og_locale":"de_DE","og_type":"article","og_title":"Ort - Bellevue Village Website","og_description":"Bellevue ist ein wundersch\u00f6ner Komplex von Apartments, Bungalows und Suiten. Befindet sich 17 km westlich von Heraklion in einem beneidenswerten und einzigartigen Ort mit Blick auf die kleine malerische Bucht von Ligaria und kosmopolitischen Agia Pelagia. Es gibt ein paar charmante Kleine und Kiesbuchten mit kristallklarem, ruhigem Meer laden zum Baden ein muss nur eins [&hellip;]","og_url":"https:\/\/www.agia-pelagia-bellevue.com\/de\/index.php\/ort\/","og_site_name":"Bellevue Village Website","article_modified_time":"2021-02-01T23:37:13+00:00","og_image":[{"width":1920,"height":600,"url":"https:\/\/www.agia-pelagia-bellevue.com\/wp-content\/uploads\/2021\/02\/agia-pelagia-bellevue-1-1920x600.jpg","type":"image\/jpeg"}],"twitter_card":"summary_large_image","twitter_misc":{"Gesch\u00e4tzte Lesezeit":"2\u00a0Minuten"},"schema":{"@context":"https:\/\/schema.org","@graph":[{"@type":"WebPage","@id":"https:\/\/www.agia-pelagia-bellevue.com\/de\/index.php\/ort\/","url":"https:\/\/www.agia-pelagia-bellevue.com\/de\/index.php\/ort\/","name":"Ort - Bellevue Village Website","isPartOf":{"@id":"https:\/\/www.agia-pelagia-bellevue.com\/#website"},"primaryImageOfPage":{"@id":"https:\/\/www.agia-pelagia-bellevue.com\/de\/index.php\/ort\/#primaryimage"},"image":{"@id":"https:\/\/www.agia-pelagia-bellevue.com\/de\/index.php\/ort\/#primaryimage"},"thumbnailUrl":"https:\/\/www.agia-pelagia-bellevue.com\/wp-content\/uploads\/2021\/02\/agia-pelagia-bellevue-1-1920x600.jpg","datePublished":"2021-02-01T23:17:19+00:00","dateModified":"2021-02-01T23:37:13+00:00","breadcrumb":{"@id":"https:\/\/www.agia-pelagia-bellevue.com\/de\/index.php\/ort\/#breadcrumb"},"inLanguage":"de","potentialAction":[{"@type":"ReadAction","target":["https:\/\/www.agia-pelagia-bellevue.com\/de\/index.php\/ort\/"]}]},{"@type":"ImageObject","inLanguage":"de","@id":"https:\/\/www.agia-pelagia-bellevue.com\/de\/index.php\/ort\/#primaryimage","url":"https:\/\/www.agia-pelagia-bellevue.com\/wp-content\/uploads\/2021\/02\/agia-pelagia-bellevue-1-1920x600.jpg","contentUrl":"https:\/\/www.agia-pelagia-bellevue.com\/wp-content\/uploads\/2021\/02\/agia-pelagia-bellevue-1-1920x600.jpg","width":1920,"height":600},{"@type":"BreadcrumbList","@id":"https:\/\/www.agia-pelagia-bellevue.com\/de\/index.php\/ort\/#breadcrumb","itemListElement":[{"@type":"ListItem","position":1,"name":"Home","item":"https:\/\/www.agia-pelagia-bellevue.com\/de\/"},{"@type":"ListItem","position":2,"name":"Ort"}]},{"@type":"WebSite","@id":"https:\/\/www.agia-pelagia-bellevue.com\/#website","url":"https:\/\/www.agia-pelagia-bellevue.com\/","name":"Bellevue Village Website","description":"Agia Pelagia","publisher":{"@id":"https:\/\/www.agia-pelagia-bellevue.com\/#organization"},"potentialAction":[{"@type":"SearchAction","target":{"@type":"EntryPoint","urlTemplate":"https:\/\/www.agia-pelagia-bellevue.com\/?s={search_term_string}"},"query-input":{"@type":"PropertyValueSpecification","valueRequired":true,"valueName":"search_term_string"}}],"inLanguage":"de"},{"@type":"Organization","@id":"https:\/\/www.agia-pelagia-bellevue.com\/#organization","name":"Bellevue Village Website","url":"https:\/\/www.agia-pelagia-bellevue.com\/","logo":{"@type":"ImageObject","inLanguage":"de","@id":"https:\/\/www.agia-pelagia-bellevue.com\/#\/schema\/logo\/image\/","url":"https:\/\/www.agia-pelagia-bellevue.com\/wp-content\/uploads\/2019\/05\/cropped-Logo_BelleVue_Village_hor-2.png","contentUrl":"https:\/\/www.agia-pelagia-bellevue.com\/wp-content\/uploads\/2019\/05\/cropped-Logo_BelleVue_Village_hor-2.png","width":195,"height":67,"caption":"Bellevue Village Website"},"image":{"@id":"https:\/\/www.agia-pelagia-bellevue.com\/#\/schema\/logo\/image\/"}}]}},"jetpack_sharing_enabled":true,"_links":{"self":[{"href":"https:\/\/www.agia-pelagia-bellevue.com\/de\/index.php\/wp-json\/wp\/v2\/pages\/2453","targetHints":{"allow":["GET"]}}],"collection":[{"href":"https:\/\/www.agia-pelagia-bellevue.com\/de\/index.php\/wp-json\/wp\/v2\/pages"}],"about":[{"href":"https:\/\/www.agia-pelagia-bellevue.com\/de\/index.php\/wp-json\/wp\/v2\/types\/page"}],"author":[{"embeddable":true,"href":"https:\/\/www.agia-pelagia-bellevue.com\/de\/index.php\/wp-json\/wp\/v2\/users\/2"}],"replies":[{"embeddable":true,"href":"https:\/\/www.agia-pelagia-bellevue.com\/de\/index.php\/wp-json\/wp\/v2\/comments?post=2453"}],"version-history":[{"count":1,"href":"https:\/\/www.agia-pelagia-bellevue.com\/de\/index.php\/wp-json\/wp\/v2\/pages\/2453\/revisions"}],"predecessor-version":[{"id":2455,"href":"https:\/\/www.agia-pelagia-bellevue.com\/de\/index.php\/wp-json\/wp\/v2\/pages\/2453\/revisions\/2455"}],"wp:featuredmedia":[{"embeddable":true,"href":"https:\/\/www.agia-pelagia-bellevue.com\/de\/index.php\/wp-json\/wp\/v2\/media\/2586"}],"wp:attachment":[{"href":"https:\/\/www.agia-pelagia-bellevue.com\/de\/index.php\/wp-json\/wp\/v2\/media?parent=2453"}],"wp:term":[{"taxonomy":"post_tag","embeddable":true,"href":"https:\/\/www.agia-pelagia-bellevue.com\/de\/index.php\/wp-json\/wp\/v2\/tags?post=2453"}],"curies":[{"name":"wp","href":"https:\/\/api.w.org\/{rel}","templated":true}]}}