{"id":2457,"date":"2021-02-01T23:19:58","date_gmt":"2021-02-01T23:19:58","guid":{"rendered":"https:\/\/www.agia-pelagia-bellevue.com\/?page_id=2457"},"modified":"2021-02-01T23:26:32","modified_gmt":"2021-02-01T23:26:32","slug":"agia-pelagia-strandfuhrer","status":"publish","type":"page","link":"https:\/\/www.agia-pelagia-bellevue.com\/de\/index.php\/ort\/agia-pelagia-strandfuhrer\/","title":{"rendered":"\u00dcber Agia Pelagia"},"content":{"rendered":"<p>Agia Pelagia ist eines der K\u00fcstenjuwelen Kretas. Das Hotel liegt nur 20 Kilometer entfernt Von der Inselhauptstadt Heraklion aus ist Agia Pelagia der perfekte Ausgangspunkt f\u00fcr Kreta besichtigen, wenn Sie die Sehensw\u00fcrdigkeiten besichtigen m\u00f6chten. Trotzdem, wenn Was Sie wollen, ist etwas Zeit f\u00fcr Entspannung und pers\u00f6nlichen Genuss zu haben, das k\u00f6nnen Sie Haben Sie es und mehr bei Agia Pelagia.<\/p>\n<p>Der Ferienort Agia Pelagia liegt am Ufer und ist wei\u00df get\u00fcncht Geb\u00e4ude, die an den H\u00e4ngen der H\u00fcgel gebaut wurden, die sich aus der Bucht erheben. Die Bucht selbst ist gesch\u00fctzt, an der Ostseite flankiert von der Ligaria Bucht und an der Westseite von der Mononaftis Bay.<\/p>\n<p>Der Blick auf die Stadt, wie Sie es von der Nationalstra\u00dfe n\u00e4hern von Heraklion kommend ist nichts weniger als malerisch. Geschichte von Agia Pelagia Das Meer und Agia Pelagia agia pelagia das meerDie Hauptattraktion, die Agia Pelagia f\u00fcr Touristen nach Kreta bietet, ist das Meer. Da die Stadt an einer gesch\u00fctzten Bucht liegt, bleibt das Meer ruhig und klar auch an wirklich windigen Tagen.<\/p>\n<p>Der Strand von Agia Pelagia umgibt das Meer Sand, \u00fcber den sich ein gepflasterter Weg schl\u00e4ngelt, damit Besucher und Anwohner a komfortabler weg zum bummeln am meer. Agia Pelagia hatte schon immer eine besondere Beziehung zum Meer. Bevor es zu einem wurde Die Bewohner des Kurortes verlie\u00dfen sich haupts\u00e4chlich auf Fischfang und Seehandel. Die Stadt wie sie ist Heute &#8211; ein Paradies f\u00fcr Touristen auf Kreta &#8211; begann seine Verwandlung erst als Urlaub Ort im Jahr 1965. Das Meer ist bis heute die Hauptattraktion von Agia Pelagia.<\/p>\n<p>Die meisten der besten Tavernen, Caf\u00e9s und Bars in der Stadt finden Sie direkt am Meer genie\u00dfen sie den blick auf das meer und genie\u00dfen sie die stimmungen beim essen oder trinken oder einfach ihre F\u00fc\u00dfe ausruhen. F\u00fcr Besucher, die die Aufregung des Wassersports auf Kreta erleben m\u00f6chten Pelagia ist der beste Ort, um sich darauf einzulassen.<\/p>\n<p>Das Meer bei Agia Pelagia ist perfekt, nicht nur f\u00fcr Schwimmen, aber auch Jetski, Kanufahren und Windsurfen. Reisen nach Agia Pelagia Wie bereits erw\u00e4hnt, ist Agia Pelagia nur 20 Kilometer von Heraklion entfernt, einem kleinen Ort Fahren Sie mit dem Auto von und in die Stadt. Die Stadt wird auch von einem \u00f6ffentlichen Bussystem bedient. Wie gelangt man aus Heraklion bis Agia Pelagia Aufgrund seiner g\u00fcnstigen Lage kann Agia Pelagia ein Zufluchtsort f\u00fcr Touristen sein, die m\u00f6chte ein bisschen Spa\u00df am Strand haben, ohne den Kosmopoliten zu verlassen Atmosph\u00e4re von Heraklion. Die Entfernung der Stadt von Heraklion erlaubt auch Besucher k\u00f6nnen leicht zu den ber\u00fchmten arch\u00e4ologischen St\u00e4tten von Kreta reisen, insbesondere der Palast von Knossos.<\/p>\n<p>Wenn alles, was Sie f\u00fcr Ihren Urlaub wollen, ist, sich an einem Ort auszuruhen und zu entspannen, der Ihnen eine Anschein von Frieden und Gelassenheit, aber ohne auf Komfort und Bequemlichkeit zu verzichten, Agia Pelagia bleibt der perfekte Ort, um zu gehen.<\/p>\n","protected":false},"excerpt":{"rendered":"<p>Agia Pelagia ist eines der K\u00fcstenjuwelen Kretas. Das Hotel liegt nur 20 Kilometer entfernt Von der Inselhauptstadt Heraklion aus ist Agia Pelagia der perfekte Ausgangspunkt f\u00fcr Kreta besichtigen, wenn Sie die Sehensw\u00fcrdigkeiten besichtigen m\u00f6chten. Trotzdem, wenn Was Sie wollen, ist etwas Zeit f\u00fcr Entspannung und pers\u00f6nlichen Genuss zu haben, das k\u00f6nnen Sie Haben Sie es [&hellip;]<\/p>\n","protected":false},"author":2,"featured_media":2460,"parent":2453,"menu_order":0,"comment_status":"closed","ping_status":"closed","template":"","meta":{"footnotes":""},"tags":[],"class_list":["post-2457","page","type-page","status-publish","has-post-thumbnail","hentry"],"yoast_head":"<!-- This site is optimized with the Yoast SEO plugin v25.8 - https:\/\/yoast.com\/wordpress\/plugins\/seo\/ -->\n<title>\u00dcber Agia Pelagia - Bellevue Village Website<\/title>\n<meta name=\"robots\" content=\"index, follow, max-snippet:-1, max-image-preview:large, max-video-preview:-1\" \/>\n<link rel=\"canonical\" href=\"https:\/\/www.agia-pelagia-bellevue.com\/de\/index.php\/ort\/agia-pelagia-strandfuhrer\/\" \/>\n<meta property=\"og:locale\" content=\"de_DE\" \/>\n<meta property=\"og:type\" content=\"article\" \/>\n<meta property=\"og:title\" content=\"\u00dcber Agia Pelagia - Bellevue Village Website\" \/>\n<meta property=\"og:description\" content=\"Agia Pelagia ist eines der K\u00fcstenjuwelen Kretas. Das Hotel liegt nur 20 Kilometer entfernt Von der Inselhauptstadt Heraklion aus ist Agia Pelagia der perfekte Ausgangspunkt f\u00fcr Kreta besichtigen, wenn Sie die Sehensw\u00fcrdigkeiten besichtigen m\u00f6chten. Trotzdem, wenn Was Sie wollen, ist etwas Zeit f\u00fcr Entspannung und pers\u00f6nlichen Genuss zu haben, das k\u00f6nnen Sie Haben Sie es [&hellip;]\" \/>\n<meta property=\"og:url\" content=\"https:\/\/www.agia-pelagia-bellevue.com\/de\/index.php\/ort\/agia-pelagia-strandfuhrer\/\" \/>\n<meta property=\"og:site_name\" content=\"Bellevue Village Website\" \/>\n<meta property=\"article:modified_time\" content=\"2021-02-01T23:26:32+00:00\" \/>\n<meta property=\"og:image\" content=\"https:\/\/www.agia-pelagia-bellevue.com\/wp-content\/uploads\/2019\/05\/Agia_Pelagia_Fylakes_Beach_agia-pelagia-bellevue.jpg\" \/>\n\t<meta property=\"og:image:width\" content=\"2500\" \/>\n\t<meta property=\"og:image:height\" content=\"1667\" \/>\n\t<meta property=\"og:image:type\" content=\"image\/jpeg\" \/>\n<meta name=\"twitter:card\" content=\"summary_large_image\" \/>\n<meta name=\"twitter:label1\" content=\"Gesch\u00e4tzte Lesezeit\" \/>\n\t<meta name=\"twitter:data1\" content=\"3\u00a0Minuten\" \/>\n<script type=\"application\/ld+json\" class=\"yoast-schema-graph\">{\"@context\":\"https:\/\/schema.org\",\"@graph\":[{\"@type\":\"WebPage\",\"@id\":\"https:\/\/www.agia-pelagia-bellevue.com\/de\/index.php\/ort\/agia-pelagia-strandfuhrer\/\",\"url\":\"https:\/\/www.agia-pelagia-bellevue.com\/de\/index.php\/ort\/agia-pelagia-strandfuhrer\/\",\"name\":\"\u00dcber Agia Pelagia - Bellevue Village Website\",\"isPartOf\":{\"@id\":\"https:\/\/www.agia-pelagia-bellevue.com\/#website\"},\"primaryImageOfPage\":{\"@id\":\"https:\/\/www.agia-pelagia-bellevue.com\/de\/index.php\/ort\/agia-pelagia-strandfuhrer\/#primaryimage\"},\"image\":{\"@id\":\"https:\/\/www.agia-pelagia-bellevue.com\/de\/index.php\/ort\/agia-pelagia-strandfuhrer\/#primaryimage\"},\"thumbnailUrl\":\"https:\/\/www.agia-pelagia-bellevue.com\/wp-content\/uploads\/2019\/05\/Agia_Pelagia_Fylakes_Beach_agia-pelagia-bellevue.jpg\",\"datePublished\":\"2021-02-01T23:19:58+00:00\",\"dateModified\":\"2021-02-01T23:26:32+00:00\",\"breadcrumb\":{\"@id\":\"https:\/\/www.agia-pelagia-bellevue.com\/de\/index.php\/ort\/agia-pelagia-strandfuhrer\/#breadcrumb\"},\"inLanguage\":\"de\",\"potentialAction\":[{\"@type\":\"ReadAction\",\"target\":[\"https:\/\/www.agia-pelagia-bellevue.com\/de\/index.php\/ort\/agia-pelagia-strandfuhrer\/\"]}]},{\"@type\":\"ImageObject\",\"inLanguage\":\"de\",\"@id\":\"https:\/\/www.agia-pelagia-bellevue.com\/de\/index.php\/ort\/agia-pelagia-strandfuhrer\/#primaryimage\",\"url\":\"https:\/\/www.agia-pelagia-bellevue.com\/wp-content\/uploads\/2019\/05\/Agia_Pelagia_Fylakes_Beach_agia-pelagia-bellevue.jpg\",\"contentUrl\":\"https:\/\/www.agia-pelagia-bellevue.com\/wp-content\/uploads\/2019\/05\/Agia_Pelagia_Fylakes_Beach_agia-pelagia-bellevue.jpg\",\"width\":2500,\"height\":1667},{\"@type\":\"BreadcrumbList\",\"@id\":\"https:\/\/www.agia-pelagia-bellevue.com\/de\/index.php\/ort\/agia-pelagia-strandfuhrer\/#breadcrumb\",\"itemListElement\":[{\"@type\":\"ListItem\",\"position\":1,\"name\":\"Home\",\"item\":\"https:\/\/www.agia-pelagia-bellevue.com\/de\/\"},{\"@type\":\"ListItem\",\"position\":2,\"name\":\"Ort\",\"item\":\"https:\/\/www.agia-pelagia-bellevue.com\/de\/index.php\/ort\/\"},{\"@type\":\"ListItem\",\"position\":3,\"name\":\"\u00dcber Agia Pelagia\"}]},{\"@type\":\"WebSite\",\"@id\":\"https:\/\/www.agia-pelagia-bellevue.com\/#website\",\"url\":\"https:\/\/www.agia-pelagia-bellevue.com\/\",\"name\":\"Bellevue Village Website\",\"description\":\"Agia Pelagia\",\"publisher\":{\"@id\":\"https:\/\/www.agia-pelagia-bellevue.com\/#organization\"},\"potentialAction\":[{\"@type\":\"SearchAction\",\"target\":{\"@type\":\"EntryPoint\",\"urlTemplate\":\"https:\/\/www.agia-pelagia-bellevue.com\/?s={search_term_string}\"},\"query-input\":{\"@type\":\"PropertyValueSpecification\",\"valueRequired\":true,\"valueName\":\"search_term_string\"}}],\"inLanguage\":\"de\"},{\"@type\":\"Organization\",\"@id\":\"https:\/\/www.agia-pelagia-bellevue.com\/#organization\",\"name\":\"Bellevue Village Website\",\"url\":\"https:\/\/www.agia-pelagia-bellevue.com\/\",\"logo\":{\"@type\":\"ImageObject\",\"inLanguage\":\"de\",\"@id\":\"https:\/\/www.agia-pelagia-bellevue.com\/#\/schema\/logo\/image\/\",\"url\":\"https:\/\/www.agia-pelagia-bellevue.com\/wp-content\/uploads\/2019\/05\/cropped-Logo_BelleVue_Village_hor-2.png\",\"contentUrl\":\"https:\/\/www.agia-pelagia-bellevue.com\/wp-content\/uploads\/2019\/05\/cropped-Logo_BelleVue_Village_hor-2.png\",\"width\":195,\"height\":67,\"caption\":\"Bellevue Village Website\"},\"image\":{\"@id\":\"https:\/\/www.agia-pelagia-bellevue.com\/#\/schema\/logo\/image\/\"}}]}<\/script>\n<!-- \/ Yoast SEO plugin. -->","yoast_head_json":{"title":"\u00dcber Agia Pelagia - Bellevue Village Website","robots":{"index":"index","follow":"follow","max-snippet":"max-snippet:-1","max-image-preview":"max-image-preview:large","max-video-preview":"max-video-preview:-1"},"canonical":"https:\/\/www.agia-pelagia-bellevue.com\/de\/index.php\/ort\/agia-pelagia-strandfuhrer\/","og_locale":"de_DE","og_type":"article","og_title":"\u00dcber Agia Pelagia - Bellevue Village Website","og_description":"Agia Pelagia ist eines der K\u00fcstenjuwelen Kretas. Das Hotel liegt nur 20 Kilometer entfernt Von der Inselhauptstadt Heraklion aus ist Agia Pelagia der perfekte Ausgangspunkt f\u00fcr Kreta besichtigen, wenn Sie die Sehensw\u00fcrdigkeiten besichtigen m\u00f6chten. Trotzdem, wenn Was Sie wollen, ist etwas Zeit f\u00fcr Entspannung und pers\u00f6nlichen Genuss zu haben, das k\u00f6nnen Sie Haben Sie es [&hellip;]","og_url":"https:\/\/www.agia-pelagia-bellevue.com\/de\/index.php\/ort\/agia-pelagia-strandfuhrer\/","og_site_name":"Bellevue Village Website","article_modified_time":"2021-02-01T23:26:32+00:00","og_image":[{"width":2500,"height":1667,"url":"https:\/\/www.agia-pelagia-bellevue.com\/wp-content\/uploads\/2019\/05\/Agia_Pelagia_Fylakes_Beach_agia-pelagia-bellevue.jpg","type":"image\/jpeg"}],"twitter_card":"summary_large_image","twitter_misc":{"Gesch\u00e4tzte Lesezeit":"3\u00a0Minuten"},"schema":{"@context":"https:\/\/schema.org","@graph":[{"@type":"WebPage","@id":"https:\/\/www.agia-pelagia-bellevue.com\/de\/index.php\/ort\/agia-pelagia-strandfuhrer\/","url":"https:\/\/www.agia-pelagia-bellevue.com\/de\/index.php\/ort\/agia-pelagia-strandfuhrer\/","name":"\u00dcber Agia Pelagia - Bellevue Village Website","isPartOf":{"@id":"https:\/\/www.agia-pelagia-bellevue.com\/#website"},"primaryImageOfPage":{"@id":"https:\/\/www.agia-pelagia-bellevue.com\/de\/index.php\/ort\/agia-pelagia-strandfuhrer\/#primaryimage"},"image":{"@id":"https:\/\/www.agia-pelagia-bellevue.com\/de\/index.php\/ort\/agia-pelagia-strandfuhrer\/#primaryimage"},"thumbnailUrl":"https:\/\/www.agia-pelagia-bellevue.com\/wp-content\/uploads\/2019\/05\/Agia_Pelagia_Fylakes_Beach_agia-pelagia-bellevue.jpg","datePublished":"2021-02-01T23:19:58+00:00","dateModified":"2021-02-01T23:26:32+00:00","breadcrumb":{"@id":"https:\/\/www.agia-pelagia-bellevue.com\/de\/index.php\/ort\/agia-pelagia-strandfuhrer\/#breadcrumb"},"inLanguage":"de","potentialAction":[{"@type":"ReadAction","target":["https:\/\/www.agia-pelagia-bellevue.com\/de\/index.php\/ort\/agia-pelagia-strandfuhrer\/"]}]},{"@type":"ImageObject","inLanguage":"de","@id":"https:\/\/www.agia-pelagia-bellevue.com\/de\/index.php\/ort\/agia-pelagia-strandfuhrer\/#primaryimage","url":"https:\/\/www.agia-pelagia-bellevue.com\/wp-content\/uploads\/2019\/05\/Agia_Pelagia_Fylakes_Beach_agia-pelagia-bellevue.jpg","contentUrl":"https:\/\/www.agia-pelagia-bellevue.com\/wp-content\/uploads\/2019\/05\/Agia_Pelagia_Fylakes_Beach_agia-pelagia-bellevue.jpg","width":2500,"height":1667},{"@type":"BreadcrumbList","@id":"https:\/\/www.agia-pelagia-bellevue.com\/de\/index.php\/ort\/agia-pelagia-strandfuhrer\/#breadcrumb","itemListElement":[{"@type":"ListItem","position":1,"name":"Home","item":"https:\/\/www.agia-pelagia-bellevue.com\/de\/"},{"@type":"ListItem","position":2,"name":"Ort","item":"https:\/\/www.agia-pelagia-bellevue.com\/de\/index.php\/ort\/"},{"@type":"ListItem","position":3,"name":"\u00dcber Agia Pelagia"}]},{"@type":"WebSite","@id":"https:\/\/www.agia-pelagia-bellevue.com\/#website","url":"https:\/\/www.agia-pelagia-bellevue.com\/","name":"Bellevue Village Website","description":"Agia Pelagia","publisher":{"@id":"https:\/\/www.agia-pelagia-bellevue.com\/#organization"},"potentialAction":[{"@type":"SearchAction","target":{"@type":"EntryPoint","urlTemplate":"https:\/\/www.agia-pelagia-bellevue.com\/?s={search_term_string}"},"query-input":{"@type":"PropertyValueSpecification","valueRequired":true,"valueName":"search_term_string"}}],"inLanguage":"de"},{"@type":"Organization","@id":"https:\/\/www.agia-pelagia-bellevue.com\/#organization","name":"Bellevue Village Website","url":"https:\/\/www.agia-pelagia-bellevue.com\/","logo":{"@type":"ImageObject","inLanguage":"de","@id":"https:\/\/www.agia-pelagia-bellevue.com\/#\/schema\/logo\/image\/","url":"https:\/\/www.agia-pelagia-bellevue.com\/wp-content\/uploads\/2019\/05\/cropped-Logo_BelleVue_Village_hor-2.png","contentUrl":"https:\/\/www.agia-pelagia-bellevue.com\/wp-content\/uploads\/2019\/05\/cropped-Logo_BelleVue_Village_hor-2.png","width":195,"height":67,"caption":"Bellevue Village Website"},"image":{"@id":"https:\/\/www.agia-pelagia-bellevue.com\/#\/schema\/logo\/image\/"}}]}},"jetpack_sharing_enabled":true,"_links":{"self":[{"href":"https:\/\/www.agia-pelagia-bellevue.com\/de\/index.php\/wp-json\/wp\/v2\/pages\/2457","targetHints":{"allow":["GET"]}}],"collection":[{"href":"https:\/\/www.agia-pelagia-bellevue.com\/de\/index.php\/wp-json\/wp\/v2\/pages"}],"about":[{"href":"https:\/\/www.agia-pelagia-bellevue.com\/de\/index.php\/wp-json\/wp\/v2\/types\/page"}],"author":[{"embeddable":true,"href":"https:\/\/www.agia-pelagia-bellevue.com\/de\/index.php\/wp-json\/wp\/v2\/users\/2"}],"replies":[{"embeddable":true,"href":"https:\/\/www.agia-pelagia-bellevue.com\/de\/index.php\/wp-json\/wp\/v2\/comments?post=2457"}],"version-history":[{"count":2,"href":"https:\/\/www.agia-pelagia-bellevue.com\/de\/index.php\/wp-json\/wp\/v2\/pages\/2457\/revisions"}],"predecessor-version":[{"id":2467,"href":"https:\/\/www.agia-pelagia-bellevue.com\/de\/index.php\/wp-json\/wp\/v2\/pages\/2457\/revisions\/2467"}],"up":[{"embeddable":true,"href":"https:\/\/www.agia-pelagia-bellevue.com\/de\/index.php\/wp-json\/wp\/v2\/pages\/2453"}],"wp:featuredmedia":[{"embeddable":true,"href":"https:\/\/www.agia-pelagia-bellevue.com\/de\/index.php\/wp-json\/wp\/v2\/media\/2460"}],"wp:attachment":[{"href":"https:\/\/www.agia-pelagia-bellevue.com\/de\/index.php\/wp-json\/wp\/v2\/media?parent=2457"}],"wp:term":[{"taxonomy":"post_tag","embeddable":true,"href":"https:\/\/www.agia-pelagia-bellevue.com\/de\/index.php\/wp-json\/wp\/v2\/tags?post=2457"}],"curies":[{"name":"wp","href":"https:\/\/api.w.org\/{rel}","templated":true}]}}