{"id":2461,"date":"2021-02-01T23:21:52","date_gmt":"2021-02-01T23:21:52","guid":{"rendered":"https:\/\/www.agia-pelagia-bellevue.com\/?page_id=2461"},"modified":"2021-02-01T23:21:55","modified_gmt":"2021-02-01T23:21:55","slug":"uber-kreta","status":"publish","type":"page","link":"https:\/\/www.agia-pelagia-bellevue.com\/de\/index.php\/ort\/uber-kreta\/","title":{"rendered":"\u00dcber Kreta"},"content":{"rendered":"\n<p>Kreta Informationen Kreta ist eines der strahlenden Juwelen des Mittelmeeres und Kreta zu besuchen ist das Lebenserfahrung. Um das Beste aus Ihrem Urlaub auf Kreta zu machen, lesen Sie bitte die Informationen unten. N\u00fctzliche Informationen \u00fcber Kreta Auf der Karte finden Sie Kreta vor der s\u00fcd\u00f6stlichen K\u00fcste des griechischen Festlandes. <\/p>\n\n\n\n<p>Kreta ist eine der 13 Peripherien, aus denen sich die griechische Nation zusammensetzt gr\u00f6\u00dfte aller Inseln in griechischen Gew\u00e4ssern. Seine Gesamtfl\u00e4che betr\u00e4gt 8.336 Quadratmeter Kilometer und ist damit die f\u00fcnftgr\u00f6\u00dfte Insel im Mittelmeer. Kreta ist eine lange Insel mit einer L\u00e4nge von 260 Kilometern, die sich vom Westen bis zum Meer erstreckt das \u00f6stliche Ufer. <\/p>\n\n\n\n<p>Andererseits variiert die Breite der Insel von Punkt zu Punkt Punkt. Die breiteste Strecke betr\u00e4gt 60 Kilometer, auf Ierapetra jedoch nur 12 Kilometer breit. Das Gel\u00e4nde von Kreta ist sehr bergig. Es wurden drei Bergketten gefunden \u00dcberqueren der Insel, n\u00e4mlich: die Lefka Ori, auch bekannt als die Wei\u00dfen Berge; das Idi Gebirgskette; und die Berge von Dikti. W\u00e4hrend diese Bergketten machen Kreta rau und schroff, sie haben auch die Insel mit solchen Sch\u00f6nheiten gesegnet wie die Samaria-Schlucht und die H\u00f6hlen von Dikteon und Ideon. <\/p>\n\n\n\n<p>Klima von Kreta Kreta hat aufgrund seiner Lage ein Klima, das man als gem\u00e4\u00dfigt bezeichnen kann Mittelmeer. Die Folge ist, dass die Sommer auf Kreta sehr hei\u00df und trocken sind Fast kein Niederschlag, w\u00e4hrend es im Winter normalerweise nass und k\u00fchl ist. Der Schneefall ist a seltener Anlass auf Kreta, ausser am Berghang. Der Sommer auf Kreta dauert von Juni bis September und erreicht ungef\u00e4hr im August seinen H\u00f6hepunkt. Das Die Temperatur auf Kreta liegt zu diesem Zeitpunkt zwischen 29 \u00b0 C und 38 \u00b0 C. Bis zum Ende von Im September beginnt die Temperatur auf 23 \u00b0 C bis 29 \u00b0 C und der Niederschlag zu sinken wird mehr oder weniger h\u00e4ufig. Kreta ist in den Monaten Dezember und September am k\u00e4ltesten Januar mit einer Temperatur von 17 \u00b0 C bis 26 \u00b0 C, und der Niederschlag ist am ernstesten in Februar. Geschichte von Kreta Knossos auf Kreta ist eine sehr alte Zivilisation, die im Laufe der Zeit von angereichert wurde die Eroberung anderer Kulturen. <\/p>\n\n\n\n<p>Die Insel ist das Zentrum der \u00e4ltesten Zivilisation der Welt hat in Europa, der minoischen Zivilisation, jemals existiert. Die Geschichten von Kreta In diesen alten Zeiten sind sie jedoch von Mythen und Legenden umgeben. Die Hauptstadt der minoischen Zivilisation auf Kreta ist Knossos, dessen Ruinen sich heute befinden eine ber\u00fchmte Touristenattraktion. Der Ausbruch des Vulkans auf Thera im Jahr 1400 v Theoretisch wurde der Fall von Knossos und der gesamten minoischen Zivilisation ausgel\u00f6st. Danach wurde Kreta die Heimat von St\u00e4mmen der Mykener und Dorer, aus denen sie einwanderten Griechenland. W\u00e4hrend der hellenistischen Periode Kretas trat die Insel in eine Zeit ein, in der verschiedene Stadtstaaten wie Gortyn, Chania und Ierapetra um die Vormachtstellung auf der Insel k\u00e4mpften. Es war auch eine Zeit, in der die Piraterie grassierte. Die Konflikte auf Kreta zogen die Aufmerksamkeit der R\u00f6mer, und nach einer dreij\u00e4hrigen Belagerung fiel Kreta an die Macht von Quintus Caecillius Metellus und wurde eine Provinz von Rom. <\/p>\n\n\n\n<p>Die R\u00f6mer etablierte Gortyn als seine Hauptstadt auf Kreta.Als das R\u00f6mische Reich zerfiel, fiel Kreta unter die Herrschaft der Byzantiner. Das Die Herrschaft von Konstantinopel wurde jedoch 824 unterbrochen, als der Iberer Muslime marschierten in Kreta ein und gr\u00fcndeten ihr Emirat auf der Insel. Der Iberer Muslime brannten Gortyn nieder und bauten die Stadt Candia f\u00fcr ihre Hauptstadt. Candia bleibt weiterhin die Verwaltungshauptstadt von Kreta unter dem Namen Heraklion. 960 sandte Konstantinopel Nicephorus Phocas, um Kreta f\u00fcr die Byzantiner zur\u00fcckzuerobern Reich. <\/p>\n\n\n\n<p>Aber auch das Byzantinische Reich brach zusammen, und dies \u00f6ffnete Kreta f\u00fcr Venedig, Kreta wurde bis 1669 venezianisches Territorium Das Osmanische Reich vertrieb die Venezianer von der Insel. Das Osmanische Reich regierte Kreta f\u00fcr die n\u00e4chsten zweihundert Jahre. Eine Reihe von Aufst\u00e4nde der christlichen Kreter, die in den 1820er Jahren begannen, begannen zu untergraben Osmanische Herrschaft, bis die Osmanen selbst aus Kreta vertrieben wurden. Im Jahr 1898, Kreta wurde ein unabh\u00e4ngiger Staat und 1913 als Folge des Balkans Kriege, vereinigt mit Griechenland. Flugh\u00e4fen und H\u00e4fen auf Kreta Das wichtigste internationale Tor Kretas ist das Nikos Kazantzakis International Flughafen. <\/p>\n\n\n\n<p>Es ist der zweitgr\u00f6\u00dfte Flughafen in Griechenland und auch einer seiner verkehrsreichsten. Dort Es gibt jedoch zwei bemerkenswerte Flugh\u00e4fen auf der Insel: Der Daskalogiannis Flughafen in Chania und der Inlandsflughafen von Sitia. Die St\u00e4dte Heraklion, Chania, Rethymnon, Sitia und Agios Nikolaos sind mit gebaut ihre eigenen Passagierh\u00e4fen. Diese H\u00e4fen verbinden Kreta auch mit dem griechischen Festland zu den anderen griechischen Inseln \u00fcber t\u00e4gliche F\u00e4hren. Unterkunft auf Kreta Da Kreta ein wichtiges Touristenziel in Europa ist, wird erwartet, dass es viele Hotels gibt von kleinen, familiengef\u00fchrten Betrieben bis hin zu Luxushotels Ketten. F\u00fcr alle, die Kreta unabh\u00e4ngig von jeglichem Marketing erleben m\u00f6chten Paket in den gr\u00f6\u00dferen Hotels angeboten, gibt es auch Ferienvillen und Selbstversorger Wohnungen. <\/p>\n","protected":false},"excerpt":{"rendered":"<p>Kreta Informationen Kreta ist eines der strahlenden Juwelen des Mittelmeeres und Kreta zu besuchen ist das Lebenserfahrung. Um das Beste aus Ihrem Urlaub auf Kreta zu machen, lesen Sie bitte die Informationen unten. N\u00fctzliche Informationen \u00fcber Kreta Auf der Karte finden Sie Kreta vor der s\u00fcd\u00f6stlichen K\u00fcste des griechischen Festlandes. Kreta ist eine der 13 [&hellip;]<\/p>\n","protected":false},"author":2,"featured_media":2463,"parent":2453,"menu_order":1,"comment_status":"closed","ping_status":"closed","template":"","meta":{"footnotes":""},"tags":[],"class_list":["post-2461","page","type-page","status-publish","has-post-thumbnail","hentry"],"yoast_head":"<!-- This site is optimized with the Yoast SEO plugin v25.8 - https:\/\/yoast.com\/wordpress\/plugins\/seo\/ -->\n<title>\u00dcber Kreta - Bellevue Village Website<\/title>\n<meta name=\"robots\" content=\"index, follow, max-snippet:-1, max-image-preview:large, max-video-preview:-1\" \/>\n<link rel=\"canonical\" href=\"https:\/\/www.agia-pelagia-bellevue.com\/de\/index.php\/ort\/uber-kreta\/\" \/>\n<meta property=\"og:locale\" content=\"de_DE\" \/>\n<meta property=\"og:type\" content=\"article\" \/>\n<meta property=\"og:title\" content=\"\u00dcber Kreta - Bellevue Village Website\" \/>\n<meta property=\"og:description\" content=\"Kreta Informationen Kreta ist eines der strahlenden Juwelen des Mittelmeeres und Kreta zu besuchen ist das Lebenserfahrung. Um das Beste aus Ihrem Urlaub auf Kreta zu machen, lesen Sie bitte die Informationen unten. N\u00fctzliche Informationen \u00fcber Kreta Auf der Karte finden Sie Kreta vor der s\u00fcd\u00f6stlichen K\u00fcste des griechischen Festlandes. Kreta ist eine der 13 [&hellip;]\" \/>\n<meta property=\"og:url\" content=\"https:\/\/www.agia-pelagia-bellevue.com\/de\/index.php\/ort\/uber-kreta\/\" \/>\n<meta property=\"og:site_name\" content=\"Bellevue Village Website\" \/>\n<meta property=\"article:modified_time\" content=\"2021-02-01T23:21:55+00:00\" \/>\n<meta property=\"og:image\" content=\"https:\/\/www.agia-pelagia-bellevue.com\/wp-content\/uploads\/2019\/05\/crete-agia-pelagia-bellevue.jpg\" \/>\n\t<meta property=\"og:image:width\" content=\"2500\" \/>\n\t<meta property=\"og:image:height\" content=\"1667\" \/>\n\t<meta property=\"og:image:type\" content=\"image\/jpeg\" \/>\n<meta name=\"twitter:card\" content=\"summary_large_image\" \/>\n<meta name=\"twitter:label1\" content=\"Gesch\u00e4tzte Lesezeit\" \/>\n\t<meta name=\"twitter:data1\" content=\"4\u00a0Minuten\" \/>\n<script type=\"application\/ld+json\" class=\"yoast-schema-graph\">{\"@context\":\"https:\/\/schema.org\",\"@graph\":[{\"@type\":\"WebPage\",\"@id\":\"https:\/\/www.agia-pelagia-bellevue.com\/de\/index.php\/ort\/uber-kreta\/\",\"url\":\"https:\/\/www.agia-pelagia-bellevue.com\/de\/index.php\/ort\/uber-kreta\/\",\"name\":\"\u00dcber Kreta - Bellevue Village Website\",\"isPartOf\":{\"@id\":\"https:\/\/www.agia-pelagia-bellevue.com\/#website\"},\"primaryImageOfPage\":{\"@id\":\"https:\/\/www.agia-pelagia-bellevue.com\/de\/index.php\/ort\/uber-kreta\/#primaryimage\"},\"image\":{\"@id\":\"https:\/\/www.agia-pelagia-bellevue.com\/de\/index.php\/ort\/uber-kreta\/#primaryimage\"},\"thumbnailUrl\":\"https:\/\/www.agia-pelagia-bellevue.com\/wp-content\/uploads\/2019\/05\/crete-agia-pelagia-bellevue.jpg\",\"datePublished\":\"2021-02-01T23:21:52+00:00\",\"dateModified\":\"2021-02-01T23:21:55+00:00\",\"breadcrumb\":{\"@id\":\"https:\/\/www.agia-pelagia-bellevue.com\/de\/index.php\/ort\/uber-kreta\/#breadcrumb\"},\"inLanguage\":\"de\",\"potentialAction\":[{\"@type\":\"ReadAction\",\"target\":[\"https:\/\/www.agia-pelagia-bellevue.com\/de\/index.php\/ort\/uber-kreta\/\"]}]},{\"@type\":\"ImageObject\",\"inLanguage\":\"de\",\"@id\":\"https:\/\/www.agia-pelagia-bellevue.com\/de\/index.php\/ort\/uber-kreta\/#primaryimage\",\"url\":\"https:\/\/www.agia-pelagia-bellevue.com\/wp-content\/uploads\/2019\/05\/crete-agia-pelagia-bellevue.jpg\",\"contentUrl\":\"https:\/\/www.agia-pelagia-bellevue.com\/wp-content\/uploads\/2019\/05\/crete-agia-pelagia-bellevue.jpg\",\"width\":2500,\"height\":1667},{\"@type\":\"BreadcrumbList\",\"@id\":\"https:\/\/www.agia-pelagia-bellevue.com\/de\/index.php\/ort\/uber-kreta\/#breadcrumb\",\"itemListElement\":[{\"@type\":\"ListItem\",\"position\":1,\"name\":\"Home\",\"item\":\"https:\/\/www.agia-pelagia-bellevue.com\/de\/\"},{\"@type\":\"ListItem\",\"position\":2,\"name\":\"Ort\",\"item\":\"https:\/\/www.agia-pelagia-bellevue.com\/de\/index.php\/ort\/\"},{\"@type\":\"ListItem\",\"position\":3,\"name\":\"\u00dcber Kreta\"}]},{\"@type\":\"WebSite\",\"@id\":\"https:\/\/www.agia-pelagia-bellevue.com\/#website\",\"url\":\"https:\/\/www.agia-pelagia-bellevue.com\/\",\"name\":\"Bellevue Village Website\",\"description\":\"Agia Pelagia\",\"publisher\":{\"@id\":\"https:\/\/www.agia-pelagia-bellevue.com\/#organization\"},\"potentialAction\":[{\"@type\":\"SearchAction\",\"target\":{\"@type\":\"EntryPoint\",\"urlTemplate\":\"https:\/\/www.agia-pelagia-bellevue.com\/?s={search_term_string}\"},\"query-input\":{\"@type\":\"PropertyValueSpecification\",\"valueRequired\":true,\"valueName\":\"search_term_string\"}}],\"inLanguage\":\"de\"},{\"@type\":\"Organization\",\"@id\":\"https:\/\/www.agia-pelagia-bellevue.com\/#organization\",\"name\":\"Bellevue Village Website\",\"url\":\"https:\/\/www.agia-pelagia-bellevue.com\/\",\"logo\":{\"@type\":\"ImageObject\",\"inLanguage\":\"de\",\"@id\":\"https:\/\/www.agia-pelagia-bellevue.com\/#\/schema\/logo\/image\/\",\"url\":\"https:\/\/www.agia-pelagia-bellevue.com\/wp-content\/uploads\/2019\/05\/cropped-Logo_BelleVue_Village_hor-2.png\",\"contentUrl\":\"https:\/\/www.agia-pelagia-bellevue.com\/wp-content\/uploads\/2019\/05\/cropped-Logo_BelleVue_Village_hor-2.png\",\"width\":195,\"height\":67,\"caption\":\"Bellevue Village Website\"},\"image\":{\"@id\":\"https:\/\/www.agia-pelagia-bellevue.com\/#\/schema\/logo\/image\/\"}}]}<\/script>\n<!-- \/ Yoast SEO plugin. -->","yoast_head_json":{"title":"\u00dcber Kreta - Bellevue Village Website","robots":{"index":"index","follow":"follow","max-snippet":"max-snippet:-1","max-image-preview":"max-image-preview:large","max-video-preview":"max-video-preview:-1"},"canonical":"https:\/\/www.agia-pelagia-bellevue.com\/de\/index.php\/ort\/uber-kreta\/","og_locale":"de_DE","og_type":"article","og_title":"\u00dcber Kreta - Bellevue Village Website","og_description":"Kreta Informationen Kreta ist eines der strahlenden Juwelen des Mittelmeeres und Kreta zu besuchen ist das Lebenserfahrung. Um das Beste aus Ihrem Urlaub auf Kreta zu machen, lesen Sie bitte die Informationen unten. N\u00fctzliche Informationen \u00fcber Kreta Auf der Karte finden Sie Kreta vor der s\u00fcd\u00f6stlichen K\u00fcste des griechischen Festlandes. Kreta ist eine der 13 [&hellip;]","og_url":"https:\/\/www.agia-pelagia-bellevue.com\/de\/index.php\/ort\/uber-kreta\/","og_site_name":"Bellevue Village Website","article_modified_time":"2021-02-01T23:21:55+00:00","og_image":[{"width":2500,"height":1667,"url":"https:\/\/www.agia-pelagia-bellevue.com\/wp-content\/uploads\/2019\/05\/crete-agia-pelagia-bellevue.jpg","type":"image\/jpeg"}],"twitter_card":"summary_large_image","twitter_misc":{"Gesch\u00e4tzte Lesezeit":"4\u00a0Minuten"},"schema":{"@context":"https:\/\/schema.org","@graph":[{"@type":"WebPage","@id":"https:\/\/www.agia-pelagia-bellevue.com\/de\/index.php\/ort\/uber-kreta\/","url":"https:\/\/www.agia-pelagia-bellevue.com\/de\/index.php\/ort\/uber-kreta\/","name":"\u00dcber Kreta - Bellevue Village Website","isPartOf":{"@id":"https:\/\/www.agia-pelagia-bellevue.com\/#website"},"primaryImageOfPage":{"@id":"https:\/\/www.agia-pelagia-bellevue.com\/de\/index.php\/ort\/uber-kreta\/#primaryimage"},"image":{"@id":"https:\/\/www.agia-pelagia-bellevue.com\/de\/index.php\/ort\/uber-kreta\/#primaryimage"},"thumbnailUrl":"https:\/\/www.agia-pelagia-bellevue.com\/wp-content\/uploads\/2019\/05\/crete-agia-pelagia-bellevue.jpg","datePublished":"2021-02-01T23:21:52+00:00","dateModified":"2021-02-01T23:21:55+00:00","breadcrumb":{"@id":"https:\/\/www.agia-pelagia-bellevue.com\/de\/index.php\/ort\/uber-kreta\/#breadcrumb"},"inLanguage":"de","potentialAction":[{"@type":"ReadAction","target":["https:\/\/www.agia-pelagia-bellevue.com\/de\/index.php\/ort\/uber-kreta\/"]}]},{"@type":"ImageObject","inLanguage":"de","@id":"https:\/\/www.agia-pelagia-bellevue.com\/de\/index.php\/ort\/uber-kreta\/#primaryimage","url":"https:\/\/www.agia-pelagia-bellevue.com\/wp-content\/uploads\/2019\/05\/crete-agia-pelagia-bellevue.jpg","contentUrl":"https:\/\/www.agia-pelagia-bellevue.com\/wp-content\/uploads\/2019\/05\/crete-agia-pelagia-bellevue.jpg","width":2500,"height":1667},{"@type":"BreadcrumbList","@id":"https:\/\/www.agia-pelagia-bellevue.com\/de\/index.php\/ort\/uber-kreta\/#breadcrumb","itemListElement":[{"@type":"ListItem","position":1,"name":"Home","item":"https:\/\/www.agia-pelagia-bellevue.com\/de\/"},{"@type":"ListItem","position":2,"name":"Ort","item":"https:\/\/www.agia-pelagia-bellevue.com\/de\/index.php\/ort\/"},{"@type":"ListItem","position":3,"name":"\u00dcber Kreta"}]},{"@type":"WebSite","@id":"https:\/\/www.agia-pelagia-bellevue.com\/#website","url":"https:\/\/www.agia-pelagia-bellevue.com\/","name":"Bellevue Village Website","description":"Agia Pelagia","publisher":{"@id":"https:\/\/www.agia-pelagia-bellevue.com\/#organization"},"potentialAction":[{"@type":"SearchAction","target":{"@type":"EntryPoint","urlTemplate":"https:\/\/www.agia-pelagia-bellevue.com\/?s={search_term_string}"},"query-input":{"@type":"PropertyValueSpecification","valueRequired":true,"valueName":"search_term_string"}}],"inLanguage":"de"},{"@type":"Organization","@id":"https:\/\/www.agia-pelagia-bellevue.com\/#organization","name":"Bellevue Village Website","url":"https:\/\/www.agia-pelagia-bellevue.com\/","logo":{"@type":"ImageObject","inLanguage":"de","@id":"https:\/\/www.agia-pelagia-bellevue.com\/#\/schema\/logo\/image\/","url":"https:\/\/www.agia-pelagia-bellevue.com\/wp-content\/uploads\/2019\/05\/cropped-Logo_BelleVue_Village_hor-2.png","contentUrl":"https:\/\/www.agia-pelagia-bellevue.com\/wp-content\/uploads\/2019\/05\/cropped-Logo_BelleVue_Village_hor-2.png","width":195,"height":67,"caption":"Bellevue Village Website"},"image":{"@id":"https:\/\/www.agia-pelagia-bellevue.com\/#\/schema\/logo\/image\/"}}]}},"jetpack_sharing_enabled":true,"_links":{"self":[{"href":"https:\/\/www.agia-pelagia-bellevue.com\/de\/index.php\/wp-json\/wp\/v2\/pages\/2461","targetHints":{"allow":["GET"]}}],"collection":[{"href":"https:\/\/www.agia-pelagia-bellevue.com\/de\/index.php\/wp-json\/wp\/v2\/pages"}],"about":[{"href":"https:\/\/www.agia-pelagia-bellevue.com\/de\/index.php\/wp-json\/wp\/v2\/types\/page"}],"author":[{"embeddable":true,"href":"https:\/\/www.agia-pelagia-bellevue.com\/de\/index.php\/wp-json\/wp\/v2\/users\/2"}],"replies":[{"embeddable":true,"href":"https:\/\/www.agia-pelagia-bellevue.com\/de\/index.php\/wp-json\/wp\/v2\/comments?post=2461"}],"version-history":[{"count":1,"href":"https:\/\/www.agia-pelagia-bellevue.com\/de\/index.php\/wp-json\/wp\/v2\/pages\/2461\/revisions"}],"predecessor-version":[{"id":2462,"href":"https:\/\/www.agia-pelagia-bellevue.com\/de\/index.php\/wp-json\/wp\/v2\/pages\/2461\/revisions\/2462"}],"up":[{"embeddable":true,"href":"https:\/\/www.agia-pelagia-bellevue.com\/de\/index.php\/wp-json\/wp\/v2\/pages\/2453"}],"wp:featuredmedia":[{"embeddable":true,"href":"https:\/\/www.agia-pelagia-bellevue.com\/de\/index.php\/wp-json\/wp\/v2\/media\/2463"}],"wp:attachment":[{"href":"https:\/\/www.agia-pelagia-bellevue.com\/de\/index.php\/wp-json\/wp\/v2\/media?parent=2461"}],"wp:term":[{"taxonomy":"post_tag","embeddable":true,"href":"https:\/\/www.agia-pelagia-bellevue.com\/de\/index.php\/wp-json\/wp\/v2\/tags?post=2461"}],"curies":[{"name":"wp","href":"https:\/\/api.w.org\/{rel}","templated":true}]}}