{"id":2468,"date":"2021-02-01T23:28:49","date_gmt":"2021-02-01T23:28:49","guid":{"rendered":"https:\/\/www.agia-pelagia-bellevue.com\/?page_id=2468"},"modified":"2021-02-01T23:41:22","modified_gmt":"2021-02-01T23:41:22","slug":"essen","status":"publish","type":"page","link":"https:\/\/www.agia-pelagia-bellevue.com\/de\/index.php\/home\/essen\/","title":{"rendered":"Essen"},"content":{"rendered":"<p class=\"section-visible\">In unserer traditionellen Taverne mit herrlichem Ausblick k\u00f6nnen Sie jeden Morgen etwas haben Fr\u00fchst\u00fcck in B\u00fcffelform, Beginnen Sie Ihren Tag wie ein K\u00f6nig mit unserem leckeren Fr\u00fchst\u00fcck!<\/p>\n<p>Und jeden Abend Unsere Sommern\u00e4chte sind speziell mit dem traditionellen Geschmack und die einzigartigen Rezepte, die wir mit unseren Produkten und unserem famili\u00e4ren WEIN machen !!! (Traditionelle K\u00f6stlichkeiten der griechischen K\u00fcche. Aus frischen Zutaten von lokalen Produzenten Die Basis aller traditionellen griechischen Spezialit\u00e4ten, die unsere G\u00e4ste genie\u00dfen k\u00f6nnen Abendessen. ) Kretische K\u00fcche Die kretische K\u00fcche ist besonders farbenfroh, k\u00f6stlich und gesund. Das beste Erfahrung f\u00fcr die Verkostung der einheimischen Gerichte von Kreta kommt w\u00e4hrend der traditionellen Fiestas, die in den D\u00f6rfern passieren. In diesen Fiestas k\u00f6nnen Sie buchst\u00e4blich gro\u00dfartig schlemmen Essen, erlesene Weine und lebhafte Volksmusik. Garnelen mit Meeresfr\u00fcchtenWenn Sie auf Kreta Urlaub machen, probieren Sie diese einheimischen Gerichte im die traditionellen Tavernen:<\/p>\n<p>\u2022 Dakos &#8211; Zwieback mit Oliven, Oregano, Tomaten und Feta-K\u00e4se, mit Oliven\u00f6l betr\u00e4ufelt<\/p>\n<p>\u2022 Feta K\u00e4se<\/p>\n<p>\u2022 Gebratene Zucchini<\/p>\n<p>\u2022 Gebratene Aubergine<\/p>\n<p>\u2022 Gemista &#8211; mit Reis gef\u00fcllte Zucchini und Tomaten<\/p>\n<p>\u2022 Griechischer Salat &#8211; eine Mischung aus Gurken, Zwiebeln, Oliven, Tomaten und Feta<\/p>\n<p>\u2022 Horta vrasta &#8211; gr\u00fcnes Gem\u00fcse, das gekocht und dann mit Zitronensaft gew\u00fcrzt wurde und Oliven\u00f6l Meeresfr\u00fcchte sind auch auf Kreta reichlich und lecker.<\/p>\n<p>In einer kretischen Taverne k\u00f6nnen Sie sich selbst bedienen zu Kalamari, die paniert und gebraten Tintenfisch ist; Tintenfisch, auch gekocht, gegrillt oder in Essig getr\u00e4nkt; mit roter Sauce und K\u00e4se gekochte Garnelen; und Muscheln. Was Getr\u00e4nke betrifft, ist das bekannteste kretische Getr\u00e4nk das Tsikoudia, eine St\u00fctze in Tavernen und Bars auf der Insel. Die Weine von Kreta haben einen einzigartigen und exquisiten Geschmack. Das Starker und anregender griechischer Kaffee ist ein weiteres Muss. Wie t\u00fcrkischer oder arabischer Kaffee ist auch griechischer Kaffee sehr koffeinarm. Du kannst bestellen entweder Glykos Kaffee, der zwei Zucker hat; Metrios, die nur einen Zucker haben; und Sketos, die kretische Version von schwarzem Kaffee.<\/p>\n","protected":false},"excerpt":{"rendered":"<p>In unserer traditionellen Taverne mit herrlichem Ausblick k\u00f6nnen Sie jeden Morgen etwas haben Fr\u00fchst\u00fcck in B\u00fcffelform, Beginnen Sie Ihren Tag wie ein K\u00f6nig mit unserem leckeren Fr\u00fchst\u00fcck! Und jeden Abend Unsere Sommern\u00e4chte sind speziell mit dem traditionellen Geschmack und die einzigartigen Rezepte, die wir mit unseren Produkten und unserem famili\u00e4ren WEIN machen !!! (Traditionelle K\u00f6stlichkeiten [&hellip;]<\/p>\n","protected":false},"author":2,"featured_media":2470,"parent":2265,"menu_order":3,"comment_status":"closed","ping_status":"closed","template":"","meta":{"footnotes":""},"tags":[28,28],"class_list":["post-2468","page","type-page","status-publish","has-post-thumbnail","hentry","tag-featured-de"],"yoast_head":"<!-- This site is optimized with the Yoast SEO plugin v25.8 - https:\/\/yoast.com\/wordpress\/plugins\/seo\/ -->\n<title>Essen - Bellevue Village Website<\/title>\n<meta name=\"robots\" content=\"index, follow, max-snippet:-1, max-image-preview:large, max-video-preview:-1\" \/>\n<link rel=\"canonical\" href=\"https:\/\/www.agia-pelagia-bellevue.com\/de\/index.php\/home\/essen\/\" \/>\n<meta property=\"og:locale\" content=\"de_DE\" \/>\n<meta property=\"og:type\" content=\"article\" \/>\n<meta property=\"og:title\" content=\"Essen - Bellevue Village Website\" \/>\n<meta property=\"og:description\" content=\"In unserer traditionellen Taverne mit herrlichem Ausblick k\u00f6nnen Sie jeden Morgen etwas haben Fr\u00fchst\u00fcck in B\u00fcffelform, Beginnen Sie Ihren Tag wie ein K\u00f6nig mit unserem leckeren Fr\u00fchst\u00fcck! Und jeden Abend Unsere Sommern\u00e4chte sind speziell mit dem traditionellen Geschmack und die einzigartigen Rezepte, die wir mit unseren Produkten und unserem famili\u00e4ren WEIN machen !!! (Traditionelle K\u00f6stlichkeiten [&hellip;]\" \/>\n<meta property=\"og:url\" content=\"https:\/\/www.agia-pelagia-bellevue.com\/de\/index.php\/home\/essen\/\" \/>\n<meta property=\"og:site_name\" content=\"Bellevue Village Website\" \/>\n<meta property=\"article:modified_time\" content=\"2021-02-01T23:41:22+00:00\" \/>\n<meta property=\"og:image\" content=\"https:\/\/www.agia-pelagia-bellevue.com\/wp-content\/uploads\/2020\/03\/Galleru_Bellevue_5785.jpg\" \/>\n\t<meta property=\"og:image:width\" content=\"2500\" \/>\n\t<meta property=\"og:image:height\" content=\"1667\" \/>\n\t<meta property=\"og:image:type\" content=\"image\/jpeg\" \/>\n<meta name=\"twitter:card\" content=\"summary_large_image\" \/>\n<meta name=\"twitter:label1\" content=\"Gesch\u00e4tzte Lesezeit\" \/>\n\t<meta name=\"twitter:data1\" content=\"2\u00a0Minuten\" \/>\n<script type=\"application\/ld+json\" class=\"yoast-schema-graph\">{\"@context\":\"https:\/\/schema.org\",\"@graph\":[{\"@type\":\"WebPage\",\"@id\":\"https:\/\/www.agia-pelagia-bellevue.com\/de\/index.php\/home\/essen\/\",\"url\":\"https:\/\/www.agia-pelagia-bellevue.com\/de\/index.php\/home\/essen\/\",\"name\":\"Essen - Bellevue Village Website\",\"isPartOf\":{\"@id\":\"https:\/\/www.agia-pelagia-bellevue.com\/#website\"},\"primaryImageOfPage\":{\"@id\":\"https:\/\/www.agia-pelagia-bellevue.com\/de\/index.php\/home\/essen\/#primaryimage\"},\"image\":{\"@id\":\"https:\/\/www.agia-pelagia-bellevue.com\/de\/index.php\/home\/essen\/#primaryimage\"},\"thumbnailUrl\":\"https:\/\/www.agia-pelagia-bellevue.com\/wp-content\/uploads\/2020\/03\/Galleru_Bellevue_5785.jpg\",\"datePublished\":\"2021-02-01T23:28:49+00:00\",\"dateModified\":\"2021-02-01T23:41:22+00:00\",\"breadcrumb\":{\"@id\":\"https:\/\/www.agia-pelagia-bellevue.com\/de\/index.php\/home\/essen\/#breadcrumb\"},\"inLanguage\":\"de\",\"potentialAction\":[{\"@type\":\"ReadAction\",\"target\":[\"https:\/\/www.agia-pelagia-bellevue.com\/de\/index.php\/home\/essen\/\"]}]},{\"@type\":\"ImageObject\",\"inLanguage\":\"de\",\"@id\":\"https:\/\/www.agia-pelagia-bellevue.com\/de\/index.php\/home\/essen\/#primaryimage\",\"url\":\"https:\/\/www.agia-pelagia-bellevue.com\/wp-content\/uploads\/2020\/03\/Galleru_Bellevue_5785.jpg\",\"contentUrl\":\"https:\/\/www.agia-pelagia-bellevue.com\/wp-content\/uploads\/2020\/03\/Galleru_Bellevue_5785.jpg\",\"width\":2500,\"height\":1667},{\"@type\":\"BreadcrumbList\",\"@id\":\"https:\/\/www.agia-pelagia-bellevue.com\/de\/index.php\/home\/essen\/#breadcrumb\",\"itemListElement\":[{\"@type\":\"ListItem\",\"position\":1,\"name\":\"Home\",\"item\":\"https:\/\/www.agia-pelagia-bellevue.com\/de\/\"},{\"@type\":\"ListItem\",\"position\":2,\"name\":\"Bellevue Village\",\"item\":\"https:\/\/www.agia-pelagia-bellevue.com\/de\/index.php\/home\/\"},{\"@type\":\"ListItem\",\"position\":3,\"name\":\"Essen\"}]},{\"@type\":\"WebSite\",\"@id\":\"https:\/\/www.agia-pelagia-bellevue.com\/#website\",\"url\":\"https:\/\/www.agia-pelagia-bellevue.com\/\",\"name\":\"Bellevue Village Website\",\"description\":\"Agia Pelagia\",\"publisher\":{\"@id\":\"https:\/\/www.agia-pelagia-bellevue.com\/#organization\"},\"potentialAction\":[{\"@type\":\"SearchAction\",\"target\":{\"@type\":\"EntryPoint\",\"urlTemplate\":\"https:\/\/www.agia-pelagia-bellevue.com\/?s={search_term_string}\"},\"query-input\":{\"@type\":\"PropertyValueSpecification\",\"valueRequired\":true,\"valueName\":\"search_term_string\"}}],\"inLanguage\":\"de\"},{\"@type\":\"Organization\",\"@id\":\"https:\/\/www.agia-pelagia-bellevue.com\/#organization\",\"name\":\"Bellevue Village Website\",\"url\":\"https:\/\/www.agia-pelagia-bellevue.com\/\",\"logo\":{\"@type\":\"ImageObject\",\"inLanguage\":\"de\",\"@id\":\"https:\/\/www.agia-pelagia-bellevue.com\/#\/schema\/logo\/image\/\",\"url\":\"https:\/\/www.agia-pelagia-bellevue.com\/wp-content\/uploads\/2019\/05\/cropped-Logo_BelleVue_Village_hor-2.png\",\"contentUrl\":\"https:\/\/www.agia-pelagia-bellevue.com\/wp-content\/uploads\/2019\/05\/cropped-Logo_BelleVue_Village_hor-2.png\",\"width\":195,\"height\":67,\"caption\":\"Bellevue Village Website\"},\"image\":{\"@id\":\"https:\/\/www.agia-pelagia-bellevue.com\/#\/schema\/logo\/image\/\"}}]}<\/script>\n<!-- \/ Yoast SEO plugin. -->","yoast_head_json":{"title":"Essen - Bellevue Village Website","robots":{"index":"index","follow":"follow","max-snippet":"max-snippet:-1","max-image-preview":"max-image-preview:large","max-video-preview":"max-video-preview:-1"},"canonical":"https:\/\/www.agia-pelagia-bellevue.com\/de\/index.php\/home\/essen\/","og_locale":"de_DE","og_type":"article","og_title":"Essen - Bellevue Village Website","og_description":"In unserer traditionellen Taverne mit herrlichem Ausblick k\u00f6nnen Sie jeden Morgen etwas haben Fr\u00fchst\u00fcck in B\u00fcffelform, Beginnen Sie Ihren Tag wie ein K\u00f6nig mit unserem leckeren Fr\u00fchst\u00fcck! Und jeden Abend Unsere Sommern\u00e4chte sind speziell mit dem traditionellen Geschmack und die einzigartigen Rezepte, die wir mit unseren Produkten und unserem famili\u00e4ren WEIN machen !!! (Traditionelle K\u00f6stlichkeiten [&hellip;]","og_url":"https:\/\/www.agia-pelagia-bellevue.com\/de\/index.php\/home\/essen\/","og_site_name":"Bellevue Village Website","article_modified_time":"2021-02-01T23:41:22+00:00","og_image":[{"width":2500,"height":1667,"url":"https:\/\/www.agia-pelagia-bellevue.com\/wp-content\/uploads\/2020\/03\/Galleru_Bellevue_5785.jpg","type":"image\/jpeg"}],"twitter_card":"summary_large_image","twitter_misc":{"Gesch\u00e4tzte Lesezeit":"2\u00a0Minuten"},"schema":{"@context":"https:\/\/schema.org","@graph":[{"@type":"WebPage","@id":"https:\/\/www.agia-pelagia-bellevue.com\/de\/index.php\/home\/essen\/","url":"https:\/\/www.agia-pelagia-bellevue.com\/de\/index.php\/home\/essen\/","name":"Essen - Bellevue Village Website","isPartOf":{"@id":"https:\/\/www.agia-pelagia-bellevue.com\/#website"},"primaryImageOfPage":{"@id":"https:\/\/www.agia-pelagia-bellevue.com\/de\/index.php\/home\/essen\/#primaryimage"},"image":{"@id":"https:\/\/www.agia-pelagia-bellevue.com\/de\/index.php\/home\/essen\/#primaryimage"},"thumbnailUrl":"https:\/\/www.agia-pelagia-bellevue.com\/wp-content\/uploads\/2020\/03\/Galleru_Bellevue_5785.jpg","datePublished":"2021-02-01T23:28:49+00:00","dateModified":"2021-02-01T23:41:22+00:00","breadcrumb":{"@id":"https:\/\/www.agia-pelagia-bellevue.com\/de\/index.php\/home\/essen\/#breadcrumb"},"inLanguage":"de","potentialAction":[{"@type":"ReadAction","target":["https:\/\/www.agia-pelagia-bellevue.com\/de\/index.php\/home\/essen\/"]}]},{"@type":"ImageObject","inLanguage":"de","@id":"https:\/\/www.agia-pelagia-bellevue.com\/de\/index.php\/home\/essen\/#primaryimage","url":"https:\/\/www.agia-pelagia-bellevue.com\/wp-content\/uploads\/2020\/03\/Galleru_Bellevue_5785.jpg","contentUrl":"https:\/\/www.agia-pelagia-bellevue.com\/wp-content\/uploads\/2020\/03\/Galleru_Bellevue_5785.jpg","width":2500,"height":1667},{"@type":"BreadcrumbList","@id":"https:\/\/www.agia-pelagia-bellevue.com\/de\/index.php\/home\/essen\/#breadcrumb","itemListElement":[{"@type":"ListItem","position":1,"name":"Home","item":"https:\/\/www.agia-pelagia-bellevue.com\/de\/"},{"@type":"ListItem","position":2,"name":"Bellevue Village","item":"https:\/\/www.agia-pelagia-bellevue.com\/de\/index.php\/home\/"},{"@type":"ListItem","position":3,"name":"Essen"}]},{"@type":"WebSite","@id":"https:\/\/www.agia-pelagia-bellevue.com\/#website","url":"https:\/\/www.agia-pelagia-bellevue.com\/","name":"Bellevue Village Website","description":"Agia Pelagia","publisher":{"@id":"https:\/\/www.agia-pelagia-bellevue.com\/#organization"},"potentialAction":[{"@type":"SearchAction","target":{"@type":"EntryPoint","urlTemplate":"https:\/\/www.agia-pelagia-bellevue.com\/?s={search_term_string}"},"query-input":{"@type":"PropertyValueSpecification","valueRequired":true,"valueName":"search_term_string"}}],"inLanguage":"de"},{"@type":"Organization","@id":"https:\/\/www.agia-pelagia-bellevue.com\/#organization","name":"Bellevue Village Website","url":"https:\/\/www.agia-pelagia-bellevue.com\/","logo":{"@type":"ImageObject","inLanguage":"de","@id":"https:\/\/www.agia-pelagia-bellevue.com\/#\/schema\/logo\/image\/","url":"https:\/\/www.agia-pelagia-bellevue.com\/wp-content\/uploads\/2019\/05\/cropped-Logo_BelleVue_Village_hor-2.png","contentUrl":"https:\/\/www.agia-pelagia-bellevue.com\/wp-content\/uploads\/2019\/05\/cropped-Logo_BelleVue_Village_hor-2.png","width":195,"height":67,"caption":"Bellevue Village Website"},"image":{"@id":"https:\/\/www.agia-pelagia-bellevue.com\/#\/schema\/logo\/image\/"}}]}},"jetpack_sharing_enabled":true,"_links":{"self":[{"href":"https:\/\/www.agia-pelagia-bellevue.com\/de\/index.php\/wp-json\/wp\/v2\/pages\/2468","targetHints":{"allow":["GET"]}}],"collection":[{"href":"https:\/\/www.agia-pelagia-bellevue.com\/de\/index.php\/wp-json\/wp\/v2\/pages"}],"about":[{"href":"https:\/\/www.agia-pelagia-bellevue.com\/de\/index.php\/wp-json\/wp\/v2\/types\/page"}],"author":[{"embeddable":true,"href":"https:\/\/www.agia-pelagia-bellevue.com\/de\/index.php\/wp-json\/wp\/v2\/users\/2"}],"replies":[{"embeddable":true,"href":"https:\/\/www.agia-pelagia-bellevue.com\/de\/index.php\/wp-json\/wp\/v2\/comments?post=2468"}],"version-history":[{"count":1,"href":"https:\/\/www.agia-pelagia-bellevue.com\/de\/index.php\/wp-json\/wp\/v2\/pages\/2468\/revisions"}],"predecessor-version":[{"id":2469,"href":"https:\/\/www.agia-pelagia-bellevue.com\/de\/index.php\/wp-json\/wp\/v2\/pages\/2468\/revisions\/2469"}],"up":[{"embeddable":true,"href":"https:\/\/www.agia-pelagia-bellevue.com\/de\/index.php\/wp-json\/wp\/v2\/pages\/2265"}],"wp:featuredmedia":[{"embeddable":true,"href":"https:\/\/www.agia-pelagia-bellevue.com\/de\/index.php\/wp-json\/wp\/v2\/media\/2470"}],"wp:attachment":[{"href":"https:\/\/www.agia-pelagia-bellevue.com\/de\/index.php\/wp-json\/wp\/v2\/media?parent=2468"}],"wp:term":[{"taxonomy":"post_tag","embeddable":true,"href":"https:\/\/www.agia-pelagia-bellevue.com\/de\/index.php\/wp-json\/wp\/v2\/tags?post=2468"}],"curies":[{"name":"wp","href":"https:\/\/api.w.org\/{rel}","templated":true}]}}