{"id":2471,"date":"2021-02-01T23:30:14","date_gmt":"2021-02-01T23:30:14","guid":{"rendered":"https:\/\/www.agia-pelagia-bellevue.com\/?page_id=2471"},"modified":"2021-02-01T23:30:16","modified_gmt":"2021-02-01T23:30:16","slug":"unsere-geschichte","status":"publish","type":"page","link":"https:\/\/www.agia-pelagia-bellevue.com\/de\/index.php\/home\/unsere-geschichte\/","title":{"rendered":"Unsere Geschichte"},"content":{"rendered":"<p>Der Besitz von Bellevue hat mir die Gelegenheit gegeben, so viele Menschen aus aller Welt kennenzulernen die Welt und liebe Freunde mit den meisten von ihnen. ich freue mich auf das Treffen und Sie im Bellevue begr\u00fc\u00dfen zu d\u00fcrfen !!!!!! Wir begr\u00fc\u00dfen Sie mit einer Erfrischung und auch Es ist unser plaisour Angebot Sie (wenn Sie w\u00fcnschen) Informationen und Spitzen f\u00fcr die Pl\u00e4tze und das Str\u00e4nde, die es sich zu besuchen lohnt, damit Sie ganz einfach Ihr Tagesprogramm zum Erkunden zusammenstellen k\u00f6nnen Kreta!!!!!!!!<\/p>\n<p>Kein Wunder, dass es so viele wiederkehrende G\u00e4ste und positive Bewertungen gibt. Hallo, mein Name ist George James Pantouvakis. Geboren in England (Brighton) Kam mit 6 Jahren nach Griechenland. Baue mit meiner Familie langsam einen kleinen Komplex von Apartments &amp; Zimmern im Zentrum von Kreta in der N\u00e4he des Fischerdorfes Agia pelagia.<\/p>\n<p>Lesen Sie gerne B\u00fccher und h\u00f6re gute Musik und reise Im Winter bin ich Bauer, habe Olivenb\u00e4ume in Bellevue und an zwei anderen Orten auf Kreta und wir produzieren unser feines bio-\u00f6kologisches Oliven\u00f6l, Das verwenden wir f\u00fcr unser Kochen in unserer kleinen Taverne in Bellevue (Lesen Sie Bewertungen \u00fcber unsere ber\u00fchmte Moussaka und Kleftiko (ger\u00f6stete Lampenchips), die wir auch auf dem Oliven\u00f6lmarkt verkaufen Wir produzieren auch Wei\u00dfwein (Sorte Villano) und trockenen Rotwein und nat\u00fcrlich muss ich Erw\u00e4hnen Sie die geheime Produktion im Octomper von unserem ber\u00fchmten Kreta Raki Fotos) Wir m\u00f6chten mit Ihnen einen einzigartigen Ort in einer kleinen Ecke des Himmels teilen. G\u00e4ste sind in Bellevue immer willkommen. Ich betrachte G\u00e4ste vor allem als meine Freunde. Der Besitz von Bellevue hat mir die Gelegenheit gegeben, so viele Menschen von allen zu treffen auf der ganzen Welt &#8211; einige, die zu lieben Freunden geworden sind. Ich habe auch Zeit mit zu verbringen meine Familie. Ich freue mich darauf, Sie im Bellevue zu treffen und zu empfangen !!!!!!!! Mein Slogan: \u201eEin Gast vergisst nie den Gastgeber, der ihn freundlich behandelt hat\u201c Dieser Ort ist mein Traum und das ist der Grund, warum es so besonders ist.<\/p>\n<p>Gastfreundschaft auf Kreta ist f\u00fcr uns im Bellevue Village nicht nur ein Beruf, sondern ein Weg Wir k\u00fcmmern uns um jeden unserer G\u00e4ste wie um unsere Familie und Freunde, begr\u00fc\u00dfen sie in unserem kostbaren Zuhause &#8230; der erstaunlichen Insel Kreta! Im Die schicken und im Detail dekorierten Zimmer und Suiten von Bellevue wollen wir nicht nur Komfort bieten, aber vor allem wollen wir Erinnerungen schaffen, die jeder hat Einer der G\u00e4ste wird f\u00fcr immer in ihren Herzen tragen.<\/p>\n<p>Warum direkt \u00fcber unsere Website buchen? Vermeiden Sie einfach die zus\u00e4tzlichen Kosten anderer Websites, die f\u00fcr unsere Website werben Wohnungen. Bester verf\u00fcgbarer Preis, es k\u00f6nnte nicht billiger sein, online zu buchen als Hier<\/p>\n","protected":false},"excerpt":{"rendered":"<p>Der Besitz von Bellevue hat mir die Gelegenheit gegeben, so viele Menschen aus aller Welt kennenzulernen die Welt und liebe Freunde mit den meisten von ihnen. ich freue mich auf das Treffen und Sie im Bellevue begr\u00fc\u00dfen zu d\u00fcrfen !!!!!! Wir begr\u00fc\u00dfen Sie mit einer Erfrischung und auch Es ist unser plaisour Angebot Sie (wenn [&hellip;]<\/p>\n","protected":false},"author":2,"featured_media":2475,"parent":2265,"menu_order":2,"comment_status":"closed","ping_status":"closed","template":"","meta":{"footnotes":""},"tags":[28],"class_list":["post-2471","page","type-page","status-publish","has-post-thumbnail","hentry","tag-featured-de"],"yoast_head":"<!-- This site is optimized with the Yoast SEO plugin v25.8 - https:\/\/yoast.com\/wordpress\/plugins\/seo\/ -->\n<title>Unsere Geschichte - Bellevue Village Website<\/title>\n<meta name=\"robots\" content=\"index, follow, max-snippet:-1, max-image-preview:large, max-video-preview:-1\" \/>\n<link rel=\"canonical\" href=\"https:\/\/www.agia-pelagia-bellevue.com\/de\/index.php\/home\/unsere-geschichte\/\" \/>\n<meta property=\"og:locale\" content=\"de_DE\" \/>\n<meta property=\"og:type\" content=\"article\" \/>\n<meta property=\"og:title\" content=\"Unsere Geschichte - Bellevue Village Website\" \/>\n<meta property=\"og:description\" content=\"Der Besitz von Bellevue hat mir die Gelegenheit gegeben, so viele Menschen aus aller Welt kennenzulernen die Welt und liebe Freunde mit den meisten von ihnen. ich freue mich auf das Treffen und Sie im Bellevue begr\u00fc\u00dfen zu d\u00fcrfen !!!!!! Wir begr\u00fc\u00dfen Sie mit einer Erfrischung und auch Es ist unser plaisour Angebot Sie (wenn [&hellip;]\" \/>\n<meta property=\"og:url\" content=\"https:\/\/www.agia-pelagia-bellevue.com\/de\/index.php\/home\/unsere-geschichte\/\" \/>\n<meta property=\"og:site_name\" content=\"Bellevue Village Website\" \/>\n<meta property=\"article:modified_time\" content=\"2021-02-01T23:30:16+00:00\" \/>\n<meta property=\"og:image\" content=\"https:\/\/www.agia-pelagia-bellevue.com\/wp-content\/uploads\/2019\/05\/agia_pelagia_bellevue_002-7.jpg\" \/>\n\t<meta property=\"og:image:width\" content=\"1920\" \/>\n\t<meta property=\"og:image:height\" content=\"1280\" \/>\n\t<meta property=\"og:image:type\" content=\"image\/jpeg\" \/>\n<meta name=\"twitter:card\" content=\"summary_large_image\" \/>\n<meta name=\"twitter:label1\" content=\"Gesch\u00e4tzte Lesezeit\" \/>\n\t<meta name=\"twitter:data1\" content=\"2\u00a0Minuten\" \/>\n<script type=\"application\/ld+json\" class=\"yoast-schema-graph\">{\"@context\":\"https:\/\/schema.org\",\"@graph\":[{\"@type\":\"WebPage\",\"@id\":\"https:\/\/www.agia-pelagia-bellevue.com\/de\/index.php\/home\/unsere-geschichte\/\",\"url\":\"https:\/\/www.agia-pelagia-bellevue.com\/de\/index.php\/home\/unsere-geschichte\/\",\"name\":\"Unsere Geschichte - Bellevue Village Website\",\"isPartOf\":{\"@id\":\"https:\/\/www.agia-pelagia-bellevue.com\/#website\"},\"primaryImageOfPage\":{\"@id\":\"https:\/\/www.agia-pelagia-bellevue.com\/de\/index.php\/home\/unsere-geschichte\/#primaryimage\"},\"image\":{\"@id\":\"https:\/\/www.agia-pelagia-bellevue.com\/de\/index.php\/home\/unsere-geschichte\/#primaryimage\"},\"thumbnailUrl\":\"https:\/\/www.agia-pelagia-bellevue.com\/wp-content\/uploads\/2019\/05\/agia_pelagia_bellevue_002-7.jpg\",\"datePublished\":\"2021-02-01T23:30:14+00:00\",\"dateModified\":\"2021-02-01T23:30:16+00:00\",\"breadcrumb\":{\"@id\":\"https:\/\/www.agia-pelagia-bellevue.com\/de\/index.php\/home\/unsere-geschichte\/#breadcrumb\"},\"inLanguage\":\"de\",\"potentialAction\":[{\"@type\":\"ReadAction\",\"target\":[\"https:\/\/www.agia-pelagia-bellevue.com\/de\/index.php\/home\/unsere-geschichte\/\"]}]},{\"@type\":\"ImageObject\",\"inLanguage\":\"de\",\"@id\":\"https:\/\/www.agia-pelagia-bellevue.com\/de\/index.php\/home\/unsere-geschichte\/#primaryimage\",\"url\":\"https:\/\/www.agia-pelagia-bellevue.com\/wp-content\/uploads\/2019\/05\/agia_pelagia_bellevue_002-7.jpg\",\"contentUrl\":\"https:\/\/www.agia-pelagia-bellevue.com\/wp-content\/uploads\/2019\/05\/agia_pelagia_bellevue_002-7.jpg\",\"width\":1920,\"height\":1280},{\"@type\":\"BreadcrumbList\",\"@id\":\"https:\/\/www.agia-pelagia-bellevue.com\/de\/index.php\/home\/unsere-geschichte\/#breadcrumb\",\"itemListElement\":[{\"@type\":\"ListItem\",\"position\":1,\"name\":\"Home\",\"item\":\"https:\/\/www.agia-pelagia-bellevue.com\/de\/\"},{\"@type\":\"ListItem\",\"position\":2,\"name\":\"Bellevue Village\",\"item\":\"https:\/\/www.agia-pelagia-bellevue.com\/de\/index.php\/home\/\"},{\"@type\":\"ListItem\",\"position\":3,\"name\":\"Unsere Geschichte\"}]},{\"@type\":\"WebSite\",\"@id\":\"https:\/\/www.agia-pelagia-bellevue.com\/#website\",\"url\":\"https:\/\/www.agia-pelagia-bellevue.com\/\",\"name\":\"Bellevue Village Website\",\"description\":\"Agia Pelagia\",\"publisher\":{\"@id\":\"https:\/\/www.agia-pelagia-bellevue.com\/#organization\"},\"potentialAction\":[{\"@type\":\"SearchAction\",\"target\":{\"@type\":\"EntryPoint\",\"urlTemplate\":\"https:\/\/www.agia-pelagia-bellevue.com\/?s={search_term_string}\"},\"query-input\":{\"@type\":\"PropertyValueSpecification\",\"valueRequired\":true,\"valueName\":\"search_term_string\"}}],\"inLanguage\":\"de\"},{\"@type\":\"Organization\",\"@id\":\"https:\/\/www.agia-pelagia-bellevue.com\/#organization\",\"name\":\"Bellevue Village Website\",\"url\":\"https:\/\/www.agia-pelagia-bellevue.com\/\",\"logo\":{\"@type\":\"ImageObject\",\"inLanguage\":\"de\",\"@id\":\"https:\/\/www.agia-pelagia-bellevue.com\/#\/schema\/logo\/image\/\",\"url\":\"https:\/\/www.agia-pelagia-bellevue.com\/wp-content\/uploads\/2019\/05\/cropped-Logo_BelleVue_Village_hor-2.png\",\"contentUrl\":\"https:\/\/www.agia-pelagia-bellevue.com\/wp-content\/uploads\/2019\/05\/cropped-Logo_BelleVue_Village_hor-2.png\",\"width\":195,\"height\":67,\"caption\":\"Bellevue Village Website\"},\"image\":{\"@id\":\"https:\/\/www.agia-pelagia-bellevue.com\/#\/schema\/logo\/image\/\"}}]}<\/script>\n<!-- \/ Yoast SEO plugin. -->","yoast_head_json":{"title":"Unsere Geschichte - Bellevue Village Website","robots":{"index":"index","follow":"follow","max-snippet":"max-snippet:-1","max-image-preview":"max-image-preview:large","max-video-preview":"max-video-preview:-1"},"canonical":"https:\/\/www.agia-pelagia-bellevue.com\/de\/index.php\/home\/unsere-geschichte\/","og_locale":"de_DE","og_type":"article","og_title":"Unsere Geschichte - Bellevue Village Website","og_description":"Der Besitz von Bellevue hat mir die Gelegenheit gegeben, so viele Menschen aus aller Welt kennenzulernen die Welt und liebe Freunde mit den meisten von ihnen. ich freue mich auf das Treffen und Sie im Bellevue begr\u00fc\u00dfen zu d\u00fcrfen !!!!!! Wir begr\u00fc\u00dfen Sie mit einer Erfrischung und auch Es ist unser plaisour Angebot Sie (wenn [&hellip;]","og_url":"https:\/\/www.agia-pelagia-bellevue.com\/de\/index.php\/home\/unsere-geschichte\/","og_site_name":"Bellevue Village Website","article_modified_time":"2021-02-01T23:30:16+00:00","og_image":[{"width":1920,"height":1280,"url":"https:\/\/www.agia-pelagia-bellevue.com\/wp-content\/uploads\/2019\/05\/agia_pelagia_bellevue_002-7.jpg","type":"image\/jpeg"}],"twitter_card":"summary_large_image","twitter_misc":{"Gesch\u00e4tzte Lesezeit":"2\u00a0Minuten"},"schema":{"@context":"https:\/\/schema.org","@graph":[{"@type":"WebPage","@id":"https:\/\/www.agia-pelagia-bellevue.com\/de\/index.php\/home\/unsere-geschichte\/","url":"https:\/\/www.agia-pelagia-bellevue.com\/de\/index.php\/home\/unsere-geschichte\/","name":"Unsere Geschichte - Bellevue Village Website","isPartOf":{"@id":"https:\/\/www.agia-pelagia-bellevue.com\/#website"},"primaryImageOfPage":{"@id":"https:\/\/www.agia-pelagia-bellevue.com\/de\/index.php\/home\/unsere-geschichte\/#primaryimage"},"image":{"@id":"https:\/\/www.agia-pelagia-bellevue.com\/de\/index.php\/home\/unsere-geschichte\/#primaryimage"},"thumbnailUrl":"https:\/\/www.agia-pelagia-bellevue.com\/wp-content\/uploads\/2019\/05\/agia_pelagia_bellevue_002-7.jpg","datePublished":"2021-02-01T23:30:14+00:00","dateModified":"2021-02-01T23:30:16+00:00","breadcrumb":{"@id":"https:\/\/www.agia-pelagia-bellevue.com\/de\/index.php\/home\/unsere-geschichte\/#breadcrumb"},"inLanguage":"de","potentialAction":[{"@type":"ReadAction","target":["https:\/\/www.agia-pelagia-bellevue.com\/de\/index.php\/home\/unsere-geschichte\/"]}]},{"@type":"ImageObject","inLanguage":"de","@id":"https:\/\/www.agia-pelagia-bellevue.com\/de\/index.php\/home\/unsere-geschichte\/#primaryimage","url":"https:\/\/www.agia-pelagia-bellevue.com\/wp-content\/uploads\/2019\/05\/agia_pelagia_bellevue_002-7.jpg","contentUrl":"https:\/\/www.agia-pelagia-bellevue.com\/wp-content\/uploads\/2019\/05\/agia_pelagia_bellevue_002-7.jpg","width":1920,"height":1280},{"@type":"BreadcrumbList","@id":"https:\/\/www.agia-pelagia-bellevue.com\/de\/index.php\/home\/unsere-geschichte\/#breadcrumb","itemListElement":[{"@type":"ListItem","position":1,"name":"Home","item":"https:\/\/www.agia-pelagia-bellevue.com\/de\/"},{"@type":"ListItem","position":2,"name":"Bellevue Village","item":"https:\/\/www.agia-pelagia-bellevue.com\/de\/index.php\/home\/"},{"@type":"ListItem","position":3,"name":"Unsere Geschichte"}]},{"@type":"WebSite","@id":"https:\/\/www.agia-pelagia-bellevue.com\/#website","url":"https:\/\/www.agia-pelagia-bellevue.com\/","name":"Bellevue Village Website","description":"Agia Pelagia","publisher":{"@id":"https:\/\/www.agia-pelagia-bellevue.com\/#organization"},"potentialAction":[{"@type":"SearchAction","target":{"@type":"EntryPoint","urlTemplate":"https:\/\/www.agia-pelagia-bellevue.com\/?s={search_term_string}"},"query-input":{"@type":"PropertyValueSpecification","valueRequired":true,"valueName":"search_term_string"}}],"inLanguage":"de"},{"@type":"Organization","@id":"https:\/\/www.agia-pelagia-bellevue.com\/#organization","name":"Bellevue Village Website","url":"https:\/\/www.agia-pelagia-bellevue.com\/","logo":{"@type":"ImageObject","inLanguage":"de","@id":"https:\/\/www.agia-pelagia-bellevue.com\/#\/schema\/logo\/image\/","url":"https:\/\/www.agia-pelagia-bellevue.com\/wp-content\/uploads\/2019\/05\/cropped-Logo_BelleVue_Village_hor-2.png","contentUrl":"https:\/\/www.agia-pelagia-bellevue.com\/wp-content\/uploads\/2019\/05\/cropped-Logo_BelleVue_Village_hor-2.png","width":195,"height":67,"caption":"Bellevue Village Website"},"image":{"@id":"https:\/\/www.agia-pelagia-bellevue.com\/#\/schema\/logo\/image\/"}}]}},"jetpack_sharing_enabled":true,"_links":{"self":[{"href":"https:\/\/www.agia-pelagia-bellevue.com\/de\/index.php\/wp-json\/wp\/v2\/pages\/2471","targetHints":{"allow":["GET"]}}],"collection":[{"href":"https:\/\/www.agia-pelagia-bellevue.com\/de\/index.php\/wp-json\/wp\/v2\/pages"}],"about":[{"href":"https:\/\/www.agia-pelagia-bellevue.com\/de\/index.php\/wp-json\/wp\/v2\/types\/page"}],"author":[{"embeddable":true,"href":"https:\/\/www.agia-pelagia-bellevue.com\/de\/index.php\/wp-json\/wp\/v2\/users\/2"}],"replies":[{"embeddable":true,"href":"https:\/\/www.agia-pelagia-bellevue.com\/de\/index.php\/wp-json\/wp\/v2\/comments?post=2471"}],"version-history":[{"count":1,"href":"https:\/\/www.agia-pelagia-bellevue.com\/de\/index.php\/wp-json\/wp\/v2\/pages\/2471\/revisions"}],"predecessor-version":[{"id":2472,"href":"https:\/\/www.agia-pelagia-bellevue.com\/de\/index.php\/wp-json\/wp\/v2\/pages\/2471\/revisions\/2472"}],"up":[{"embeddable":true,"href":"https:\/\/www.agia-pelagia-bellevue.com\/de\/index.php\/wp-json\/wp\/v2\/pages\/2265"}],"wp:featuredmedia":[{"embeddable":true,"href":"https:\/\/www.agia-pelagia-bellevue.com\/de\/index.php\/wp-json\/wp\/v2\/media\/2475"}],"wp:attachment":[{"href":"https:\/\/www.agia-pelagia-bellevue.com\/de\/index.php\/wp-json\/wp\/v2\/media?parent=2471"}],"wp:term":[{"taxonomy":"post_tag","embeddable":true,"href":"https:\/\/www.agia-pelagia-bellevue.com\/de\/index.php\/wp-json\/wp\/v2\/tags?post=2471"}],"curies":[{"name":"wp","href":"https:\/\/api.w.org\/{rel}","templated":true}]}}