{"id":1590,"date":"2020-02-10T13:15:58","date_gmt":"2020-02-10T13:15:58","guid":{"rendered":"https:\/\/www.agia-pelagia-bellevue.com\/?page_id=1590"},"modified":"2020-03-09T14:11:27","modified_gmt":"2020-03-09T14:11:27","slug":"bienvenue-au-refuge-bellevue","status":"publish","type":"page","link":"https:\/\/www.agia-pelagia-bellevue.com\/fr\/index.php\/bienvenue-au-refuge-bellevue\/","title":{"rendered":"BELLEVUE"},"content":{"rendered":"<p class=\"section-visible\">Si vous cherchez des vacances refuge traditionnelles, un endroit pour se d\u00e9tendre avec vue sur la Vue panoramique sur la mer, pour ressentir l&rsquo;hospitalit\u00e9 cr\u00e9toise, loin du tourisme de masse stations baln\u00e9aires, Alors Bellevue est l&rsquo;endroit id\u00e9al pour vous!! Si vous voulez explorer la belle L&rsquo;\u00eele de Cr\u00e8te c&rsquo;est aussi le point parfait car c&rsquo;est au centre de l&rsquo;\u00eele \u00e0 1 min voiture de la route nationale Heraklion-Rethimno-Chania est \u00e0 seulement 14 minutes en voiture de la ville d&rsquo;H\u00e9raklion. <strong>Pourquoi r\u00e9server directement sur notre site:<\/strong>&nbsp;\u00c9vitez simplement les frais suppl\u00e9mentaires d&rsquo;autres sites Web faisant la promotion de notre appartements. Meilleur tarif disponible, il ne pourrait pas \u00eatre moins cher de r\u00e9server en ligne que ici.<\/p>\n<p>Bellevue est un complexe de style traditionnel de suites simples mais de bon go\u00fbt et confortables appartements en hauteur avec vue mer panoramique \u00e9poustouflante sur la colline exactement sur la plage de Lygaria, dans 7000qm.land et est entour\u00e9e d&rsquo;oliviers et herbes creta! De la grande piscine, vous pouvez admirer la baie d&rsquo;Ag.Pelagia, la petite baie pittoresque de Ligaria et l&rsquo;\u00eele de Dias! Lygaria Beach c&rsquo;est juste 5-6 min. \u00e0 pied de notre chemin naturel priv\u00e9 et vous pouvez avoir bon moment l\u00e0-bas, nager, p\u00eacher, marcher ou faire Sport d&rsquo;eau&#8230;<\/p>\n<p>Bellevue c&rsquo;est un endroit romantique id\u00e9al pour lune de miel, anniversaire de mariage &#8230;.. mais aussi quand tu es seul et que tu veux juste te d\u00e9tendre !!!<\/p>\n<p>Notre but c&rsquo;est que vous ayez les meilleurs souvenirs de vos vacances en Cr\u00e8te !!!<\/p>\n<p>Le complexe est nich\u00e9 dans un endroit idyllique dans la r\u00e9gion d&rsquo;Agia Pelagia.<\/p>\n<div class=\"row row-items\">\n\t\n<!--?php\nif ( has_tag( 'foobar' ) ) {\n    \n\t\n\t\n\t\n}\n?-->\n\n<div class=\"col-lg-6 col-sm-6 col-xs-12\">\n\t<div class=\"item\">\n\t\t<a href=\"https:\/\/www.agia-pelagia-bellevue.com\/fr\/index.php\/bienvenue-au-refuge-bellevue\/services\/\">\n\t\t\t<figure class=\"item-thumb\">\n\t\t\t\t\t<img fetchpriority=\"high\" decoding=\"async\" width=\"750\" height=\"850\" src=\"https:\/\/www.agia-pelagia-bellevue.com\/wp-content\/uploads\/2019\/05\/agia-pelagia-bellevue-IMG_5000-750x850.jpg\" class=\"attachment-milos-listing size-milos-listing wp-post-image\" alt=\"\" \/>\t\t\t<\/figure>\n\n\t\t\t<div class=\"item-info\">\n\t\t\t\t<p class=\"item-title\">SERVICES<\/p>\t\t\t\t<span class=\"btn btn-sm item-btn\">Read more<\/span>\n\t\t\t<\/div>\n\t\t<\/a>\n\t<\/div>\n<\/div>\n<!--?php\nif ( has_tag( 'foobar' ) ) {\n    \n\t\n\t\n\t\n}\n?-->\n\n<div class=\"col-lg-6 col-sm-6 col-xs-12\">\n\t<div class=\"item\">\n\t\t<a href=\"https:\/\/www.agia-pelagia-bellevue.com\/fr\/index.php\/bienvenue-au-refuge-bellevue\/activites-choses-a-faire\/\">\n\t\t\t<figure class=\"item-thumb\">\n\t\t\t\t\t<img decoding=\"async\" width=\"750\" height=\"850\" src=\"https:\/\/www.agia-pelagia-bellevue.com\/wp-content\/uploads\/2020\/03\/agia_pelagia_bellevue_006-4-750x850.jpg\" class=\"attachment-milos-listing size-milos-listing wp-post-image\" alt=\"\" \/>\t\t\t<\/figure>\n\n\t\t\t<div class=\"item-info\">\n\t\t\t\t<p class=\"item-title\">ACTIVIT\u00c9S \/ CHOSES \u00c0 FAIRE<\/p>\t\t\t\t<span class=\"btn btn-sm item-btn\">Read more<\/span>\n\t\t\t<\/div>\n\t\t<\/a>\n\t<\/div>\n<\/div>\n<!--?php\nif ( has_tag( 'foobar' ) ) {\n    \n\t\n\t\n\t\n}\n?-->\n\n<div class=\"col-lg-6 col-sm-6 col-xs-12\">\n\t<div class=\"item\">\n\t\t<a href=\"https:\/\/www.agia-pelagia-bellevue.com\/fr\/index.php\/bienvenue-au-refuge-bellevue\/notre-histoire\/\">\n\t\t\t<figure class=\"item-thumb\">\n\t\t\t\t\t<img decoding=\"async\" width=\"750\" height=\"850\" src=\"https:\/\/www.agia-pelagia-bellevue.com\/wp-content\/uploads\/2019\/05\/agia_pelagia_bellevue_002-7-750x850.jpg\" class=\"attachment-milos-listing size-milos-listing wp-post-image\" alt=\"\" \/>\t\t\t<\/figure>\n\n\t\t\t<div class=\"item-info\">\n\t\t\t\t<p class=\"item-title\">NOTRE HISTOIRE<\/p>\t\t\t\t<span class=\"btn btn-sm item-btn\">Read more<\/span>\n\t\t\t<\/div>\n\t\t<\/a>\n\t<\/div>\n<\/div>\n<!--?php\nif ( has_tag( 'foobar' ) ) {\n    \n\t\n\t\n\t\n}\n?-->\n\n<div class=\"col-lg-6 col-sm-6 col-xs-12\">\n\t<div class=\"item\">\n\t\t<a href=\"https:\/\/www.agia-pelagia-bellevue.com\/fr\/index.php\/bienvenue-au-refuge-bellevue\/en-mangeant\/\">\n\t\t\t<figure class=\"item-thumb\">\n\t\t\t\t\t<img loading=\"lazy\" decoding=\"async\" width=\"750\" height=\"850\" src=\"https:\/\/www.agia-pelagia-bellevue.com\/wp-content\/uploads\/2020\/03\/Galleru_Bellevue_5785-750x850.jpg\" class=\"attachment-milos-listing size-milos-listing wp-post-image\" alt=\"\" \/>\t\t\t<\/figure>\n\n\t\t\t<div class=\"item-info\">\n\t\t\t\t<p class=\"item-title\">EN MANGEANT<\/p>\t\t\t\t<span class=\"btn btn-sm item-btn\">Read more<\/span>\n\t\t\t<\/div>\n\t\t<\/a>\n\t<\/div>\n<\/div><\/div>\n","protected":false},"excerpt":{"rendered":"<p>Si vous cherchez des vacances refuge traditionnelles, un endroit pour se d\u00e9tendre avec vue sur la Vue panoramique sur la mer, pour ressentir l&rsquo;hospitalit\u00e9 cr\u00e9toise, loin du tourisme de masse stations baln\u00e9aires, Alors Bellevue est l&rsquo;endroit id\u00e9al pour vous!! Si vous voulez explorer la belle L&rsquo;\u00eele de Cr\u00e8te c&rsquo;est aussi le point parfait car c&rsquo;est [&hellip;]<\/p>\n","protected":false},"author":2,"featured_media":726,"parent":0,"menu_order":0,"comment_status":"closed","ping_status":"closed","template":"templates\/template-child-pages.php","meta":{"footnotes":""},"tags":[5],"class_list":["post-1590","page","type-page","status-publish","has-post-thumbnail","hentry","tag-featured"],"yoast_head":"<!-- This site is optimized with the Yoast SEO plugin v25.8 - https:\/\/yoast.com\/wordpress\/plugins\/seo\/ -->\n<title>BELLEVUE - Bellevue<\/title>\n<meta name=\"robots\" content=\"index, follow, max-snippet:-1, max-image-preview:large, max-video-preview:-1\" \/>\n<link rel=\"canonical\" href=\"https:\/\/www.agia-pelagia-bellevue.com\/fr\/index.php\/bienvenue-au-refuge-bellevue\/\" \/>\n<meta property=\"og:locale\" content=\"fr_FR\" \/>\n<meta property=\"og:type\" content=\"article\" \/>\n<meta property=\"og:title\" content=\"BELLEVUE - Bellevue\" \/>\n<meta property=\"og:description\" content=\"Si vous cherchez des vacances refuge traditionnelles, un endroit pour se d\u00e9tendre avec vue sur la Vue panoramique sur la mer, pour ressentir l&rsquo;hospitalit\u00e9 cr\u00e9toise, loin du tourisme de masse stations baln\u00e9aires, Alors Bellevue est l&rsquo;endroit id\u00e9al pour vous!! Si vous voulez explorer la belle L&rsquo;\u00eele de Cr\u00e8te c&rsquo;est aussi le point parfait car c&rsquo;est [&hellip;]\" \/>\n<meta property=\"og:url\" content=\"https:\/\/www.agia-pelagia-bellevue.com\/fr\/index.php\/bienvenue-au-refuge-bellevue\/\" \/>\n<meta property=\"og:site_name\" content=\"Bellevue\" \/>\n<meta property=\"article:modified_time\" content=\"2020-03-09T14:11:27+00:00\" \/>\n<meta property=\"og:image\" content=\"https:\/\/www.agia-pelagia-bellevue.com\/wp-content\/uploads\/2019\/05\/agia-pelagia-bellevue-IMG_4979.jpg\" \/>\n\t<meta property=\"og:image:width\" content=\"2500\" \/>\n\t<meta property=\"og:image:height\" content=\"1667\" \/>\n\t<meta property=\"og:image:type\" content=\"image\/jpeg\" \/>\n<meta name=\"twitter:card\" content=\"summary_large_image\" \/>\n<meta name=\"twitter:label1\" content=\"Dur\u00e9e de lecture estim\u00e9e\" \/>\n\t<meta name=\"twitter:data1\" content=\"1 minute\" \/>\n<script type=\"application\/ld+json\" class=\"yoast-schema-graph\">{\"@context\":\"https:\/\/schema.org\",\"@graph\":[{\"@type\":\"WebPage\",\"@id\":\"https:\/\/www.agia-pelagia-bellevue.com\/fr\/index.php\/bienvenue-au-refuge-bellevue\/\",\"url\":\"https:\/\/www.agia-pelagia-bellevue.com\/fr\/index.php\/bienvenue-au-refuge-bellevue\/\",\"name\":\"BELLEVUE - Bellevue\",\"isPartOf\":{\"@id\":\"https:\/\/www.agia-pelagia-bellevue.com\/#website\"},\"primaryImageOfPage\":{\"@id\":\"https:\/\/www.agia-pelagia-bellevue.com\/fr\/index.php\/bienvenue-au-refuge-bellevue\/#primaryimage\"},\"image\":{\"@id\":\"https:\/\/www.agia-pelagia-bellevue.com\/fr\/index.php\/bienvenue-au-refuge-bellevue\/#primaryimage\"},\"thumbnailUrl\":\"https:\/\/www.agia-pelagia-bellevue.com\/wp-content\/uploads\/2019\/05\/agia-pelagia-bellevue-IMG_4979.jpg\",\"datePublished\":\"2020-02-10T13:15:58+00:00\",\"dateModified\":\"2020-03-09T14:11:27+00:00\",\"breadcrumb\":{\"@id\":\"https:\/\/www.agia-pelagia-bellevue.com\/fr\/index.php\/bienvenue-au-refuge-bellevue\/#breadcrumb\"},\"inLanguage\":\"fr-FR\",\"potentialAction\":[{\"@type\":\"ReadAction\",\"target\":[\"https:\/\/www.agia-pelagia-bellevue.com\/fr\/index.php\/bienvenue-au-refuge-bellevue\/\"]}]},{\"@type\":\"ImageObject\",\"inLanguage\":\"fr-FR\",\"@id\":\"https:\/\/www.agia-pelagia-bellevue.com\/fr\/index.php\/bienvenue-au-refuge-bellevue\/#primaryimage\",\"url\":\"https:\/\/www.agia-pelagia-bellevue.com\/wp-content\/uploads\/2019\/05\/agia-pelagia-bellevue-IMG_4979.jpg\",\"contentUrl\":\"https:\/\/www.agia-pelagia-bellevue.com\/wp-content\/uploads\/2019\/05\/agia-pelagia-bellevue-IMG_4979.jpg\",\"width\":2500,\"height\":1667},{\"@type\":\"BreadcrumbList\",\"@id\":\"https:\/\/www.agia-pelagia-bellevue.com\/fr\/index.php\/bienvenue-au-refuge-bellevue\/#breadcrumb\",\"itemListElement\":[{\"@type\":\"ListItem\",\"position\":1,\"name\":\"Home\",\"item\":\"https:\/\/www.agia-pelagia-bellevue.com\/fr\/\"},{\"@type\":\"ListItem\",\"position\":2,\"name\":\"BELLEVUE\"}]},{\"@type\":\"WebSite\",\"@id\":\"https:\/\/www.agia-pelagia-bellevue.com\/#website\",\"url\":\"https:\/\/www.agia-pelagia-bellevue.com\/\",\"name\":\"Bellevue\",\"description\":\"Agia Pelagia\",\"publisher\":{\"@id\":\"https:\/\/www.agia-pelagia-bellevue.com\/#organization\"},\"potentialAction\":[{\"@type\":\"SearchAction\",\"target\":{\"@type\":\"EntryPoint\",\"urlTemplate\":\"https:\/\/www.agia-pelagia-bellevue.com\/?s={search_term_string}\"},\"query-input\":{\"@type\":\"PropertyValueSpecification\",\"valueRequired\":true,\"valueName\":\"search_term_string\"}}],\"inLanguage\":\"fr-FR\"},{\"@type\":\"Organization\",\"@id\":\"https:\/\/www.agia-pelagia-bellevue.com\/#organization\",\"name\":\"Bellevue\",\"url\":\"https:\/\/www.agia-pelagia-bellevue.com\/\",\"logo\":{\"@type\":\"ImageObject\",\"inLanguage\":\"fr-FR\",\"@id\":\"https:\/\/www.agia-pelagia-bellevue.com\/#\/schema\/logo\/image\/\",\"url\":\"https:\/\/www.agia-pelagia-bellevue.com\/wp-content\/uploads\/2019\/05\/cropped-Logo_BelleVue_Village_hor-2.png\",\"contentUrl\":\"https:\/\/www.agia-pelagia-bellevue.com\/wp-content\/uploads\/2019\/05\/cropped-Logo_BelleVue_Village_hor-2.png\",\"width\":195,\"height\":67,\"caption\":\"Bellevue\"},\"image\":{\"@id\":\"https:\/\/www.agia-pelagia-bellevue.com\/#\/schema\/logo\/image\/\"}}]}<\/script>\n<!-- \/ Yoast SEO plugin. -->","yoast_head_json":{"title":"BELLEVUE - Bellevue","robots":{"index":"index","follow":"follow","max-snippet":"max-snippet:-1","max-image-preview":"max-image-preview:large","max-video-preview":"max-video-preview:-1"},"canonical":"https:\/\/www.agia-pelagia-bellevue.com\/fr\/index.php\/bienvenue-au-refuge-bellevue\/","og_locale":"fr_FR","og_type":"article","og_title":"BELLEVUE - Bellevue","og_description":"Si vous cherchez des vacances refuge traditionnelles, un endroit pour se d\u00e9tendre avec vue sur la Vue panoramique sur la mer, pour ressentir l&rsquo;hospitalit\u00e9 cr\u00e9toise, loin du tourisme de masse stations baln\u00e9aires, Alors Bellevue est l&rsquo;endroit id\u00e9al pour vous!! Si vous voulez explorer la belle L&rsquo;\u00eele de Cr\u00e8te c&rsquo;est aussi le point parfait car c&rsquo;est [&hellip;]","og_url":"https:\/\/www.agia-pelagia-bellevue.com\/fr\/index.php\/bienvenue-au-refuge-bellevue\/","og_site_name":"Bellevue","article_modified_time":"2020-03-09T14:11:27+00:00","og_image":[{"width":2500,"height":1667,"url":"https:\/\/www.agia-pelagia-bellevue.com\/wp-content\/uploads\/2019\/05\/agia-pelagia-bellevue-IMG_4979.jpg","type":"image\/jpeg"}],"twitter_card":"summary_large_image","twitter_misc":{"Dur\u00e9e de lecture estim\u00e9e":"1 minute"},"schema":{"@context":"https:\/\/schema.org","@graph":[{"@type":"WebPage","@id":"https:\/\/www.agia-pelagia-bellevue.com\/fr\/index.php\/bienvenue-au-refuge-bellevue\/","url":"https:\/\/www.agia-pelagia-bellevue.com\/fr\/index.php\/bienvenue-au-refuge-bellevue\/","name":"BELLEVUE - Bellevue","isPartOf":{"@id":"https:\/\/www.agia-pelagia-bellevue.com\/#website"},"primaryImageOfPage":{"@id":"https:\/\/www.agia-pelagia-bellevue.com\/fr\/index.php\/bienvenue-au-refuge-bellevue\/#primaryimage"},"image":{"@id":"https:\/\/www.agia-pelagia-bellevue.com\/fr\/index.php\/bienvenue-au-refuge-bellevue\/#primaryimage"},"thumbnailUrl":"https:\/\/www.agia-pelagia-bellevue.com\/wp-content\/uploads\/2019\/05\/agia-pelagia-bellevue-IMG_4979.jpg","datePublished":"2020-02-10T13:15:58+00:00","dateModified":"2020-03-09T14:11:27+00:00","breadcrumb":{"@id":"https:\/\/www.agia-pelagia-bellevue.com\/fr\/index.php\/bienvenue-au-refuge-bellevue\/#breadcrumb"},"inLanguage":"fr-FR","potentialAction":[{"@type":"ReadAction","target":["https:\/\/www.agia-pelagia-bellevue.com\/fr\/index.php\/bienvenue-au-refuge-bellevue\/"]}]},{"@type":"ImageObject","inLanguage":"fr-FR","@id":"https:\/\/www.agia-pelagia-bellevue.com\/fr\/index.php\/bienvenue-au-refuge-bellevue\/#primaryimage","url":"https:\/\/www.agia-pelagia-bellevue.com\/wp-content\/uploads\/2019\/05\/agia-pelagia-bellevue-IMG_4979.jpg","contentUrl":"https:\/\/www.agia-pelagia-bellevue.com\/wp-content\/uploads\/2019\/05\/agia-pelagia-bellevue-IMG_4979.jpg","width":2500,"height":1667},{"@type":"BreadcrumbList","@id":"https:\/\/www.agia-pelagia-bellevue.com\/fr\/index.php\/bienvenue-au-refuge-bellevue\/#breadcrumb","itemListElement":[{"@type":"ListItem","position":1,"name":"Home","item":"https:\/\/www.agia-pelagia-bellevue.com\/fr\/"},{"@type":"ListItem","position":2,"name":"BELLEVUE"}]},{"@type":"WebSite","@id":"https:\/\/www.agia-pelagia-bellevue.com\/#website","url":"https:\/\/www.agia-pelagia-bellevue.com\/","name":"Bellevue","description":"Agia Pelagia","publisher":{"@id":"https:\/\/www.agia-pelagia-bellevue.com\/#organization"},"potentialAction":[{"@type":"SearchAction","target":{"@type":"EntryPoint","urlTemplate":"https:\/\/www.agia-pelagia-bellevue.com\/?s={search_term_string}"},"query-input":{"@type":"PropertyValueSpecification","valueRequired":true,"valueName":"search_term_string"}}],"inLanguage":"fr-FR"},{"@type":"Organization","@id":"https:\/\/www.agia-pelagia-bellevue.com\/#organization","name":"Bellevue","url":"https:\/\/www.agia-pelagia-bellevue.com\/","logo":{"@type":"ImageObject","inLanguage":"fr-FR","@id":"https:\/\/www.agia-pelagia-bellevue.com\/#\/schema\/logo\/image\/","url":"https:\/\/www.agia-pelagia-bellevue.com\/wp-content\/uploads\/2019\/05\/cropped-Logo_BelleVue_Village_hor-2.png","contentUrl":"https:\/\/www.agia-pelagia-bellevue.com\/wp-content\/uploads\/2019\/05\/cropped-Logo_BelleVue_Village_hor-2.png","width":195,"height":67,"caption":"Bellevue"},"image":{"@id":"https:\/\/www.agia-pelagia-bellevue.com\/#\/schema\/logo\/image\/"}}]}},"jetpack_sharing_enabled":true,"_links":{"self":[{"href":"https:\/\/www.agia-pelagia-bellevue.com\/fr\/index.php\/wp-json\/wp\/v2\/pages\/1590","targetHints":{"allow":["GET"]}}],"collection":[{"href":"https:\/\/www.agia-pelagia-bellevue.com\/fr\/index.php\/wp-json\/wp\/v2\/pages"}],"about":[{"href":"https:\/\/www.agia-pelagia-bellevue.com\/fr\/index.php\/wp-json\/wp\/v2\/types\/page"}],"author":[{"embeddable":true,"href":"https:\/\/www.agia-pelagia-bellevue.com\/fr\/index.php\/wp-json\/wp\/v2\/users\/2"}],"replies":[{"embeddable":true,"href":"https:\/\/www.agia-pelagia-bellevue.com\/fr\/index.php\/wp-json\/wp\/v2\/comments?post=1590"}],"version-history":[{"count":4,"href":"https:\/\/www.agia-pelagia-bellevue.com\/fr\/index.php\/wp-json\/wp\/v2\/pages\/1590\/revisions"}],"predecessor-version":[{"id":2149,"href":"https:\/\/www.agia-pelagia-bellevue.com\/fr\/index.php\/wp-json\/wp\/v2\/pages\/1590\/revisions\/2149"}],"wp:featuredmedia":[{"embeddable":true,"href":"https:\/\/www.agia-pelagia-bellevue.com\/fr\/index.php\/wp-json\/wp\/v2\/media\/726"}],"wp:attachment":[{"href":"https:\/\/www.agia-pelagia-bellevue.com\/fr\/index.php\/wp-json\/wp\/v2\/media?parent=1590"}],"wp:term":[{"taxonomy":"post_tag","embeddable":true,"href":"https:\/\/www.agia-pelagia-bellevue.com\/fr\/index.php\/wp-json\/wp\/v2\/tags?post=1590"}],"curies":[{"name":"wp","href":"https:\/\/api.w.org\/{rel}","templated":true}]}}