{"id":1678,"date":"2020-02-27T14:40:44","date_gmt":"2020-02-27T14:40:44","guid":{"rendered":"https:\/\/www.agia-pelagia-bellevue.com\/?page_id=1678"},"modified":"2023-02-15T09:26:02","modified_gmt":"2023-02-15T07:26:02","slug":"bungalow","status":"publish","type":"page","link":"https:\/\/www.agia-pelagia-bellevue.com\/fr\/index.php\/pieces\/bungalow\/","title":{"rendered":"BUNGALOW"},"content":{"rendered":"<p>C&rsquo;est un bungalow spacieux et agr\u00e9able d\u00e9cor\u00e9 dans un style traditionnel avec balcon qui vous avez une vue imprenable sur la mer! Nous sommes en voiture \u00e0 17min environ de l&rsquo;a\u00e9roport de Kazantzakis et 18min du port d&rsquo;H\u00e9raklion (Santorin, Pereus arriv\u00e9e-d\u00e9part)<\/p>\n\n\n<div class=\"wp-block-button nav-btn\" \"=\"\">\n    <a class=\"wp-block-button__link\" href=\"https:\/\/bellevuevilla.reserve-online.net\/\" style=\"color: #fff; background-color: #00a9ef; font-size: 14px; font-family: Montserrat, sans-serif; letter-spacing: -.05em; padding: 12px 32px 11px; border-radius: 24px;\" target=\"_blank\" rel=\"noopener noreferrer\">\n        R\u00c9SERVEZ MAINTENANT\n    <\/a>\n<\/div>\n\n\n<h3>Facilit\u00e9s de la chambre<\/h3>\n<ul class=\"entry-amenities\">\n<li>climatisation auto-contr\u00f4l\u00e9e<\/li>\n<li>kitchenette priv\u00e9e avec r\u00e9frig\u00e9rateur<\/li>\n<li>caf\u00e9 \/ th\u00e9 \u00e9quipement de pr\u00e9paration<\/li>\n<li>plaque de cuisson \u00e0 2 feux, bouilloire<\/li>\n<li>micro-ondes et tout le n\u00e9cessaire<\/li>\n<li>ustensiles de cuisine et de service<\/li>\n<li>coffre-fort<\/li>\n<li>placard<\/li>\n<li>Wi-Fi gratuit<\/li>\n<li>TV satellite<\/li>\n<li>salle de bain priv\u00e9e avec Douche<\/li>\n<li>s\u00e8che-cheveux et serviettes de bain<\/li>\n<li>Entr\u00e9e priv\u00e9e<\/li>\n<li>Balcon priv\u00e9 avec vue sur la mer<\/li>\n<li>Fer et planche \u00e0 repasser sur demande-\u00c9lectrique adaptateurs sur demande<\/li>\n<li>T\u00e9l\u00e9vision par c\u00e2ble \/ satellite<\/li>\n<li>\n<div class=\"elementToProof ContentPasted0 ContentPasted1\">Politique de nettoyage:\n<div class=\"ContentPasted1\">D\u00e8s votre arriv\u00e9e, vous prendrez possession d&rsquo;un appartement extr\u00eamement nettoy\u00e9 et st\u00e9rilis\u00e9.<\/div>\n<div class=\"ContentPasted1\">Nous fournissons des produits de nettoyage suppl\u00e9mentaires (draps, serviettes, liquides de nettoyage) pour que vous puissiez les nettoyer pendant votre s\u00e9jour<\/div>\n<div>\u00a0<\/div>\nNous respectons votre vie priv\u00e9e<\/div>\n<div class=\"elementToProof ContentPasted0\">\u00a0<\/div>\n<\/li>\n<\/ul>\n<h3>Photo Gallery<\/h3>\n<div id='gallery-1' class='gallery galleryid-1678 gallery-columns-3 gallery-size-thumbnail'><figure class='gallery-item'>\n\t\t\t<div class='gallery-icon landscape'>\n\t\t\t\t<a href='https:\/\/www.agia-pelagia-bellevue.com\/wp-content\/uploads\/2019\/06\/Bungalow_Bellevue_5664.jpg' data-lightbox=\"gal[1678]\"><img decoding=\"async\" width=\"150\" height=\"150\" src=\"https:\/\/www.agia-pelagia-bellevue.com\/wp-content\/uploads\/2019\/06\/Bungalow_Bellevue_5664-150x150.jpg\" class=\"attachment-thumbnail size-thumbnail\" alt=\"\" srcset=\"https:\/\/www.agia-pelagia-bellevue.com\/wp-content\/uploads\/2019\/06\/Bungalow_Bellevue_5664-150x150.jpg 150w, https:\/\/www.agia-pelagia-bellevue.com\/wp-content\/uploads\/2019\/06\/Bungalow_Bellevue_5664-68x68.jpg 68w\" sizes=\"(max-width: 150px) 100vw, 150px\" \/><\/a>\n\t\t\t<\/div><\/figure><figure class='gallery-item'>\n\t\t\t<div class='gallery-icon landscape'>\n\t\t\t\t<a href='https:\/\/www.agia-pelagia-bellevue.com\/wp-content\/uploads\/2019\/06\/Bungalow_Bellevue_5964.jpg' data-lightbox=\"gal[1678]\"><img decoding=\"async\" width=\"150\" height=\"150\" src=\"https:\/\/www.agia-pelagia-bellevue.com\/wp-content\/uploads\/2019\/06\/Bungalow_Bellevue_5964-150x150.jpg\" class=\"attachment-thumbnail size-thumbnail\" alt=\"\" srcset=\"https:\/\/www.agia-pelagia-bellevue.com\/wp-content\/uploads\/2019\/06\/Bungalow_Bellevue_5964-150x150.jpg 150w, https:\/\/www.agia-pelagia-bellevue.com\/wp-content\/uploads\/2019\/06\/Bungalow_Bellevue_5964-68x68.jpg 68w\" sizes=\"(max-width: 150px) 100vw, 150px\" \/><\/a>\n\t\t\t<\/div><\/figure><figure class='gallery-item'>\n\t\t\t<div class='gallery-icon landscape'>\n\t\t\t\t<a href='https:\/\/www.agia-pelagia-bellevue.com\/wp-content\/uploads\/2019\/05\/agia_pelagia_bellevue_012.jpg' data-lightbox=\"gal[1678]\"><img decoding=\"async\" width=\"150\" height=\"150\" src=\"https:\/\/www.agia-pelagia-bellevue.com\/wp-content\/uploads\/2019\/05\/agia_pelagia_bellevue_012-150x150.jpg\" class=\"attachment-thumbnail size-thumbnail\" alt=\"\" srcset=\"https:\/\/www.agia-pelagia-bellevue.com\/wp-content\/uploads\/2019\/05\/agia_pelagia_bellevue_012-150x150.jpg 150w, https:\/\/www.agia-pelagia-bellevue.com\/wp-content\/uploads\/2019\/05\/agia_pelagia_bellevue_012-68x68.jpg 68w\" sizes=\"(max-width: 150px) 100vw, 150px\" \/><\/a>\n\t\t\t<\/div><\/figure><figure class='gallery-item'>\n\t\t\t<div class='gallery-icon landscape'>\n\t\t\t\t<a href='https:\/\/www.agia-pelagia-bellevue.com\/wp-content\/uploads\/2019\/07\/Poolfront_apartment_Bellevue_6360-1.jpg' data-lightbox=\"gal[1678]\"><img loading=\"lazy\" decoding=\"async\" width=\"150\" height=\"150\" src=\"https:\/\/www.agia-pelagia-bellevue.com\/wp-content\/uploads\/2019\/07\/Poolfront_apartment_Bellevue_6360-1-150x150.jpg\" class=\"attachment-thumbnail size-thumbnail\" alt=\"\" srcset=\"https:\/\/www.agia-pelagia-bellevue.com\/wp-content\/uploads\/2019\/07\/Poolfront_apartment_Bellevue_6360-1-150x150.jpg 150w, https:\/\/www.agia-pelagia-bellevue.com\/wp-content\/uploads\/2019\/07\/Poolfront_apartment_Bellevue_6360-1-68x68.jpg 68w\" sizes=\"(max-width: 150px) 100vw, 150px\" \/><\/a>\n\t\t\t<\/div><\/figure><figure class='gallery-item'>\n\t\t\t<div class='gallery-icon landscape'>\n\t\t\t\t<a href='https:\/\/www.agia-pelagia-bellevue.com\/wp-content\/uploads\/2019\/06\/Bungalow_Bellevue_5924.jpg' data-lightbox=\"gal[1678]\"><img loading=\"lazy\" decoding=\"async\" width=\"150\" height=\"150\" src=\"https:\/\/www.agia-pelagia-bellevue.com\/wp-content\/uploads\/2019\/06\/Bungalow_Bellevue_5924-150x150.jpg\" class=\"attachment-thumbnail size-thumbnail\" alt=\"\" srcset=\"https:\/\/www.agia-pelagia-bellevue.com\/wp-content\/uploads\/2019\/06\/Bungalow_Bellevue_5924-150x150.jpg 150w, https:\/\/www.agia-pelagia-bellevue.com\/wp-content\/uploads\/2019\/06\/Bungalow_Bellevue_5924-68x68.jpg 68w\" sizes=\"(max-width: 150px) 100vw, 150px\" \/><\/a>\n\t\t\t<\/div><\/figure><figure class='gallery-item'>\n\t\t\t<div class='gallery-icon landscape'>\n\t\t\t\t<a href='https:\/\/www.agia-pelagia-bellevue.com\/wp-content\/uploads\/2019\/05\/agia_pelagia_bellevue_011.jpg' data-lightbox=\"gal[1678]\"><img loading=\"lazy\" decoding=\"async\" width=\"150\" height=\"150\" src=\"https:\/\/www.agia-pelagia-bellevue.com\/wp-content\/uploads\/2019\/05\/agia_pelagia_bellevue_011-150x150.jpg\" class=\"attachment-thumbnail size-thumbnail\" alt=\"\" srcset=\"https:\/\/www.agia-pelagia-bellevue.com\/wp-content\/uploads\/2019\/05\/agia_pelagia_bellevue_011-150x150.jpg 150w, https:\/\/www.agia-pelagia-bellevue.com\/wp-content\/uploads\/2019\/05\/agia_pelagia_bellevue_011-68x68.jpg 68w\" sizes=\"(max-width: 150px) 100vw, 150px\" \/><\/a>\n\t\t\t<\/div><\/figure><figure class='gallery-item'>\n\t\t\t<div class='gallery-icon landscape'>\n\t\t\t\t<a href='https:\/\/www.agia-pelagia-bellevue.com\/wp-content\/uploads\/2019\/06\/Bungalow_Bellevue_5970.jpg' data-lightbox=\"gal[1678]\"><img loading=\"lazy\" decoding=\"async\" width=\"150\" height=\"150\" src=\"https:\/\/www.agia-pelagia-bellevue.com\/wp-content\/uploads\/2019\/06\/Bungalow_Bellevue_5970-150x150.jpg\" class=\"attachment-thumbnail size-thumbnail\" alt=\"\" srcset=\"https:\/\/www.agia-pelagia-bellevue.com\/wp-content\/uploads\/2019\/06\/Bungalow_Bellevue_5970-150x150.jpg 150w, https:\/\/www.agia-pelagia-bellevue.com\/wp-content\/uploads\/2019\/06\/Bungalow_Bellevue_5970-68x68.jpg 68w\" sizes=\"(max-width: 150px) 100vw, 150px\" \/><\/a>\n\t\t\t<\/div><\/figure><figure class='gallery-item'>\n\t\t\t<div class='gallery-icon landscape'>\n\t\t\t\t<a href='https:\/\/www.agia-pelagia-bellevue.com\/wp-content\/uploads\/2019\/06\/Pool_front_apartment_Agia_Pelagia_Bellevue_6005.jpg' data-lightbox=\"gal[1678]\"><img loading=\"lazy\" decoding=\"async\" width=\"150\" height=\"150\" src=\"https:\/\/www.agia-pelagia-bellevue.com\/wp-content\/uploads\/2019\/06\/Pool_front_apartment_Agia_Pelagia_Bellevue_6005-150x150.jpg\" class=\"attachment-thumbnail size-thumbnail\" alt=\"\" srcset=\"https:\/\/www.agia-pelagia-bellevue.com\/wp-content\/uploads\/2019\/06\/Pool_front_apartment_Agia_Pelagia_Bellevue_6005-150x150.jpg 150w, https:\/\/www.agia-pelagia-bellevue.com\/wp-content\/uploads\/2019\/06\/Pool_front_apartment_Agia_Pelagia_Bellevue_6005-68x68.jpg 68w\" sizes=\"(max-width: 150px) 100vw, 150px\" \/><\/a>\n\t\t\t<\/div><\/figure><figure class='gallery-item'>\n\t\t\t<div class='gallery-icon landscape'>\n\t\t\t\t<a href='https:\/\/www.agia-pelagia-bellevue.com\/wp-content\/uploads\/2019\/06\/Galleru_Bellevue_5664.jpg' data-lightbox=\"gal[1678]\"><img loading=\"lazy\" decoding=\"async\" width=\"150\" height=\"150\" src=\"https:\/\/www.agia-pelagia-bellevue.com\/wp-content\/uploads\/2019\/06\/Galleru_Bellevue_5664-150x150.jpg\" class=\"attachment-thumbnail size-thumbnail\" alt=\"\" srcset=\"https:\/\/www.agia-pelagia-bellevue.com\/wp-content\/uploads\/2019\/06\/Galleru_Bellevue_5664-150x150.jpg 150w, https:\/\/www.agia-pelagia-bellevue.com\/wp-content\/uploads\/2019\/06\/Galleru_Bellevue_5664-68x68.jpg 68w\" sizes=\"(max-width: 150px) 100vw, 150px\" \/><\/a>\n\t\t\t<\/div><\/figure><figure class='gallery-item'>\n\t\t\t<div class='gallery-icon landscape'>\n\t\t\t\t<a href='https:\/\/www.agia-pelagia-bellevue.com\/wp-content\/uploads\/2019\/06\/Galleru_Bellevue_5921.jpg' data-lightbox=\"gal[1678]\"><img loading=\"lazy\" decoding=\"async\" width=\"150\" height=\"150\" src=\"https:\/\/www.agia-pelagia-bellevue.com\/wp-content\/uploads\/2019\/06\/Galleru_Bellevue_5921-150x150.jpg\" class=\"attachment-thumbnail size-thumbnail\" alt=\"\" srcset=\"https:\/\/www.agia-pelagia-bellevue.com\/wp-content\/uploads\/2019\/06\/Galleru_Bellevue_5921-150x150.jpg 150w, https:\/\/www.agia-pelagia-bellevue.com\/wp-content\/uploads\/2019\/06\/Galleru_Bellevue_5921-68x68.jpg 68w\" sizes=\"(max-width: 150px) 100vw, 150px\" \/><\/a>\n\t\t\t<\/div><\/figure>\n\t\t<\/div>\n","protected":false},"excerpt":{"rendered":"<p>C&rsquo;est un bungalow spacieux et agr\u00e9able d\u00e9cor\u00e9 dans un style traditionnel avec balcon qui vous avez une vue imprenable sur la mer! Nous sommes en voiture \u00e0 17min environ de l&rsquo;a\u00e9roport de Kazantzakis et 18min du port d&rsquo;H\u00e9raklion (Santorin, Pereus arriv\u00e9e-d\u00e9part)<\/p>\n","protected":false},"author":2,"featured_media":1710,"parent":1964,"menu_order":6,"comment_status":"closed","ping_status":"closed","template":"","meta":{"footnotes":""},"tags":[],"class_list":["post-1678","page","type-page","status-publish","has-post-thumbnail","hentry"],"yoast_head":"<!-- This site is optimized with the Yoast SEO plugin v25.8 - https:\/\/yoast.com\/wordpress\/plugins\/seo\/ -->\n<title>BUNGALOW - Bellevue<\/title>\n<meta name=\"robots\" content=\"index, follow, max-snippet:-1, max-image-preview:large, max-video-preview:-1\" \/>\n<link rel=\"canonical\" href=\"https:\/\/www.agia-pelagia-bellevue.com\/fr\/index.php\/pieces\/bungalow\/\" \/>\n<meta property=\"og:locale\" content=\"fr_FR\" \/>\n<meta property=\"og:type\" content=\"article\" \/>\n<meta property=\"og:title\" content=\"BUNGALOW - Bellevue\" \/>\n<meta property=\"og:description\" content=\"C&rsquo;est un bungalow spacieux et agr\u00e9able d\u00e9cor\u00e9 dans un style traditionnel avec balcon qui vous avez une vue imprenable sur la mer! Nous sommes en voiture \u00e0 17min environ de l&rsquo;a\u00e9roport de Kazantzakis et 18min du port d&rsquo;H\u00e9raklion (Santorin, Pereus arriv\u00e9e-d\u00e9part)\" \/>\n<meta property=\"og:url\" content=\"https:\/\/www.agia-pelagia-bellevue.com\/fr\/index.php\/pieces\/bungalow\/\" \/>\n<meta property=\"og:site_name\" content=\"Bellevue\" \/>\n<meta property=\"article:modified_time\" content=\"2023-02-15T07:26:02+00:00\" \/>\n<meta property=\"og:image\" content=\"https:\/\/www.agia-pelagia-bellevue.com\/wp-content\/uploads\/2019\/05\/agia_pelagia_bellevue_018.jpg\" \/>\n\t<meta property=\"og:image:width\" content=\"1920\" \/>\n\t<meta property=\"og:image:height\" content=\"1080\" \/>\n\t<meta property=\"og:image:type\" content=\"image\/jpeg\" \/>\n<meta name=\"twitter:card\" content=\"summary_large_image\" \/>\n<meta name=\"twitter:label1\" content=\"Dur\u00e9e de lecture estim\u00e9e\" \/>\n\t<meta name=\"twitter:data1\" content=\"1 minute\" \/>\n<script type=\"application\/ld+json\" class=\"yoast-schema-graph\">{\"@context\":\"https:\/\/schema.org\",\"@graph\":[{\"@type\":\"WebPage\",\"@id\":\"https:\/\/www.agia-pelagia-bellevue.com\/fr\/index.php\/pieces\/bungalow\/\",\"url\":\"https:\/\/www.agia-pelagia-bellevue.com\/fr\/index.php\/pieces\/bungalow\/\",\"name\":\"BUNGALOW - Bellevue\",\"isPartOf\":{\"@id\":\"https:\/\/www.agia-pelagia-bellevue.com\/#website\"},\"primaryImageOfPage\":{\"@id\":\"https:\/\/www.agia-pelagia-bellevue.com\/fr\/index.php\/pieces\/bungalow\/#primaryimage\"},\"image\":{\"@id\":\"https:\/\/www.agia-pelagia-bellevue.com\/fr\/index.php\/pieces\/bungalow\/#primaryimage\"},\"thumbnailUrl\":\"https:\/\/www.agia-pelagia-bellevue.com\/wp-content\/uploads\/2019\/05\/agia_pelagia_bellevue_018.jpg\",\"datePublished\":\"2020-02-27T14:40:44+00:00\",\"dateModified\":\"2023-02-15T07:26:02+00:00\",\"breadcrumb\":{\"@id\":\"https:\/\/www.agia-pelagia-bellevue.com\/fr\/index.php\/pieces\/bungalow\/#breadcrumb\"},\"inLanguage\":\"fr-FR\",\"potentialAction\":[{\"@type\":\"ReadAction\",\"target\":[\"https:\/\/www.agia-pelagia-bellevue.com\/fr\/index.php\/pieces\/bungalow\/\"]}]},{\"@type\":\"ImageObject\",\"inLanguage\":\"fr-FR\",\"@id\":\"https:\/\/www.agia-pelagia-bellevue.com\/fr\/index.php\/pieces\/bungalow\/#primaryimage\",\"url\":\"https:\/\/www.agia-pelagia-bellevue.com\/wp-content\/uploads\/2019\/05\/agia_pelagia_bellevue_018.jpg\",\"contentUrl\":\"https:\/\/www.agia-pelagia-bellevue.com\/wp-content\/uploads\/2019\/05\/agia_pelagia_bellevue_018.jpg\",\"width\":1920,\"height\":1080},{\"@type\":\"BreadcrumbList\",\"@id\":\"https:\/\/www.agia-pelagia-bellevue.com\/fr\/index.php\/pieces\/bungalow\/#breadcrumb\",\"itemListElement\":[{\"@type\":\"ListItem\",\"position\":1,\"name\":\"Home\",\"item\":\"https:\/\/www.agia-pelagia-bellevue.com\/fr\/\"},{\"@type\":\"ListItem\",\"position\":2,\"name\":\"H\u00c9BERGEMENT\",\"item\":\"https:\/\/www.agia-pelagia-bellevue.com\/fr\/index.php\/pieces\/\"},{\"@type\":\"ListItem\",\"position\":3,\"name\":\"BUNGALOW\"}]},{\"@type\":\"WebSite\",\"@id\":\"https:\/\/www.agia-pelagia-bellevue.com\/#website\",\"url\":\"https:\/\/www.agia-pelagia-bellevue.com\/\",\"name\":\"Bellevue\",\"description\":\"Agia Pelagia\",\"publisher\":{\"@id\":\"https:\/\/www.agia-pelagia-bellevue.com\/#organization\"},\"potentialAction\":[{\"@type\":\"SearchAction\",\"target\":{\"@type\":\"EntryPoint\",\"urlTemplate\":\"https:\/\/www.agia-pelagia-bellevue.com\/?s={search_term_string}\"},\"query-input\":{\"@type\":\"PropertyValueSpecification\",\"valueRequired\":true,\"valueName\":\"search_term_string\"}}],\"inLanguage\":\"fr-FR\"},{\"@type\":\"Organization\",\"@id\":\"https:\/\/www.agia-pelagia-bellevue.com\/#organization\",\"name\":\"Bellevue\",\"url\":\"https:\/\/www.agia-pelagia-bellevue.com\/\",\"logo\":{\"@type\":\"ImageObject\",\"inLanguage\":\"fr-FR\",\"@id\":\"https:\/\/www.agia-pelagia-bellevue.com\/#\/schema\/logo\/image\/\",\"url\":\"https:\/\/www.agia-pelagia-bellevue.com\/wp-content\/uploads\/2019\/05\/cropped-Logo_BelleVue_Village_hor-2.png\",\"contentUrl\":\"https:\/\/www.agia-pelagia-bellevue.com\/wp-content\/uploads\/2019\/05\/cropped-Logo_BelleVue_Village_hor-2.png\",\"width\":195,\"height\":67,\"caption\":\"Bellevue\"},\"image\":{\"@id\":\"https:\/\/www.agia-pelagia-bellevue.com\/#\/schema\/logo\/image\/\"}}]}<\/script>\n<!-- \/ Yoast SEO plugin. -->","yoast_head_json":{"title":"BUNGALOW - Bellevue","robots":{"index":"index","follow":"follow","max-snippet":"max-snippet:-1","max-image-preview":"max-image-preview:large","max-video-preview":"max-video-preview:-1"},"canonical":"https:\/\/www.agia-pelagia-bellevue.com\/fr\/index.php\/pieces\/bungalow\/","og_locale":"fr_FR","og_type":"article","og_title":"BUNGALOW - Bellevue","og_description":"C&rsquo;est un bungalow spacieux et agr\u00e9able d\u00e9cor\u00e9 dans un style traditionnel avec balcon qui vous avez une vue imprenable sur la mer! Nous sommes en voiture \u00e0 17min environ de l&rsquo;a\u00e9roport de Kazantzakis et 18min du port d&rsquo;H\u00e9raklion (Santorin, Pereus arriv\u00e9e-d\u00e9part)","og_url":"https:\/\/www.agia-pelagia-bellevue.com\/fr\/index.php\/pieces\/bungalow\/","og_site_name":"Bellevue","article_modified_time":"2023-02-15T07:26:02+00:00","og_image":[{"width":1920,"height":1080,"url":"https:\/\/www.agia-pelagia-bellevue.com\/wp-content\/uploads\/2019\/05\/agia_pelagia_bellevue_018.jpg","type":"image\/jpeg"}],"twitter_card":"summary_large_image","twitter_misc":{"Dur\u00e9e de lecture estim\u00e9e":"1 minute"},"schema":{"@context":"https:\/\/schema.org","@graph":[{"@type":"WebPage","@id":"https:\/\/www.agia-pelagia-bellevue.com\/fr\/index.php\/pieces\/bungalow\/","url":"https:\/\/www.agia-pelagia-bellevue.com\/fr\/index.php\/pieces\/bungalow\/","name":"BUNGALOW - Bellevue","isPartOf":{"@id":"https:\/\/www.agia-pelagia-bellevue.com\/#website"},"primaryImageOfPage":{"@id":"https:\/\/www.agia-pelagia-bellevue.com\/fr\/index.php\/pieces\/bungalow\/#primaryimage"},"image":{"@id":"https:\/\/www.agia-pelagia-bellevue.com\/fr\/index.php\/pieces\/bungalow\/#primaryimage"},"thumbnailUrl":"https:\/\/www.agia-pelagia-bellevue.com\/wp-content\/uploads\/2019\/05\/agia_pelagia_bellevue_018.jpg","datePublished":"2020-02-27T14:40:44+00:00","dateModified":"2023-02-15T07:26:02+00:00","breadcrumb":{"@id":"https:\/\/www.agia-pelagia-bellevue.com\/fr\/index.php\/pieces\/bungalow\/#breadcrumb"},"inLanguage":"fr-FR","potentialAction":[{"@type":"ReadAction","target":["https:\/\/www.agia-pelagia-bellevue.com\/fr\/index.php\/pieces\/bungalow\/"]}]},{"@type":"ImageObject","inLanguage":"fr-FR","@id":"https:\/\/www.agia-pelagia-bellevue.com\/fr\/index.php\/pieces\/bungalow\/#primaryimage","url":"https:\/\/www.agia-pelagia-bellevue.com\/wp-content\/uploads\/2019\/05\/agia_pelagia_bellevue_018.jpg","contentUrl":"https:\/\/www.agia-pelagia-bellevue.com\/wp-content\/uploads\/2019\/05\/agia_pelagia_bellevue_018.jpg","width":1920,"height":1080},{"@type":"BreadcrumbList","@id":"https:\/\/www.agia-pelagia-bellevue.com\/fr\/index.php\/pieces\/bungalow\/#breadcrumb","itemListElement":[{"@type":"ListItem","position":1,"name":"Home","item":"https:\/\/www.agia-pelagia-bellevue.com\/fr\/"},{"@type":"ListItem","position":2,"name":"H\u00c9BERGEMENT","item":"https:\/\/www.agia-pelagia-bellevue.com\/fr\/index.php\/pieces\/"},{"@type":"ListItem","position":3,"name":"BUNGALOW"}]},{"@type":"WebSite","@id":"https:\/\/www.agia-pelagia-bellevue.com\/#website","url":"https:\/\/www.agia-pelagia-bellevue.com\/","name":"Bellevue","description":"Agia Pelagia","publisher":{"@id":"https:\/\/www.agia-pelagia-bellevue.com\/#organization"},"potentialAction":[{"@type":"SearchAction","target":{"@type":"EntryPoint","urlTemplate":"https:\/\/www.agia-pelagia-bellevue.com\/?s={search_term_string}"},"query-input":{"@type":"PropertyValueSpecification","valueRequired":true,"valueName":"search_term_string"}}],"inLanguage":"fr-FR"},{"@type":"Organization","@id":"https:\/\/www.agia-pelagia-bellevue.com\/#organization","name":"Bellevue","url":"https:\/\/www.agia-pelagia-bellevue.com\/","logo":{"@type":"ImageObject","inLanguage":"fr-FR","@id":"https:\/\/www.agia-pelagia-bellevue.com\/#\/schema\/logo\/image\/","url":"https:\/\/www.agia-pelagia-bellevue.com\/wp-content\/uploads\/2019\/05\/cropped-Logo_BelleVue_Village_hor-2.png","contentUrl":"https:\/\/www.agia-pelagia-bellevue.com\/wp-content\/uploads\/2019\/05\/cropped-Logo_BelleVue_Village_hor-2.png","width":195,"height":67,"caption":"Bellevue"},"image":{"@id":"https:\/\/www.agia-pelagia-bellevue.com\/#\/schema\/logo\/image\/"}}]}},"jetpack_sharing_enabled":true,"_links":{"self":[{"href":"https:\/\/www.agia-pelagia-bellevue.com\/fr\/index.php\/wp-json\/wp\/v2\/pages\/1678","targetHints":{"allow":["GET"]}}],"collection":[{"href":"https:\/\/www.agia-pelagia-bellevue.com\/fr\/index.php\/wp-json\/wp\/v2\/pages"}],"about":[{"href":"https:\/\/www.agia-pelagia-bellevue.com\/fr\/index.php\/wp-json\/wp\/v2\/types\/page"}],"author":[{"embeddable":true,"href":"https:\/\/www.agia-pelagia-bellevue.com\/fr\/index.php\/wp-json\/wp\/v2\/users\/2"}],"replies":[{"embeddable":true,"href":"https:\/\/www.agia-pelagia-bellevue.com\/fr\/index.php\/wp-json\/wp\/v2\/comments?post=1678"}],"version-history":[{"count":4,"href":"https:\/\/www.agia-pelagia-bellevue.com\/fr\/index.php\/wp-json\/wp\/v2\/pages\/1678\/revisions"}],"predecessor-version":[{"id":3394,"href":"https:\/\/www.agia-pelagia-bellevue.com\/fr\/index.php\/wp-json\/wp\/v2\/pages\/1678\/revisions\/3394"}],"up":[{"embeddable":true,"href":"https:\/\/www.agia-pelagia-bellevue.com\/fr\/index.php\/wp-json\/wp\/v2\/pages\/1964"}],"wp:featuredmedia":[{"embeddable":true,"href":"https:\/\/www.agia-pelagia-bellevue.com\/fr\/index.php\/wp-json\/wp\/v2\/media\/1710"}],"wp:attachment":[{"href":"https:\/\/www.agia-pelagia-bellevue.com\/fr\/index.php\/wp-json\/wp\/v2\/media?parent=1678"}],"wp:term":[{"taxonomy":"post_tag","embeddable":true,"href":"https:\/\/www.agia-pelagia-bellevue.com\/fr\/index.php\/wp-json\/wp\/v2\/tags?post=1678"}],"curies":[{"name":"wp","href":"https:\/\/api.w.org\/{rel}","templated":true}]}}