{"id":1805,"date":"2020-02-28T08:53:36","date_gmt":"2020-02-28T08:53:36","guid":{"rendered":"https:\/\/www.agia-pelagia-bellevue.com\/?page_id=1805"},"modified":"2023-02-15T09:13:58","modified_gmt":"2023-02-15T07:13:58","slug":"appartement-vue-mer-pour-deux-personnes","status":"publish","type":"page","link":"https:\/\/www.agia-pelagia-bellevue.com\/fr\/index.php\/pieces\/appartement-vue-mer-pour-deux-personnes\/","title":{"rendered":"APPARTEMENT VUE MER POUR DEUX PERSONNES"},"content":{"rendered":"<p>C&rsquo;est un bel appartement d\u00e9cor\u00e9 dans un style insulaire (bleu et blanc) avec kitchenette, balcon ou patio que vous avez vue sur la mer! Nous sommes \u00e0 16 min en voiture de A\u00e9roport de Kazantzakis et \u00e0 18 min du port d&rsquo;H\u00e9raklion (Santorin, Pereus arriv\u00e9e-d\u00e9part)!<\/p>\n\n\n<div class=\"wp-block-button nav-btn\" \"=\"\">\n    <a class=\"wp-block-button__link\" href=\"https:\/\/bellevuevilla.reserve-online.net\/\" style=\"color: #fff; background-color: #00a9ef; font-size: 14px; font-family: Montserrat, sans-serif; letter-spacing: -.05em; padding: 12px 32px 11px; border-radius: 24px;\" target=\"_blank\" rel=\"noopener noreferrer\">\n        R\u00c9SERVEZ MAINTENANT\n    <\/a>\n<\/div>\n\n\n<h3>Facilit\u00e9s de la chambre<\/h3>\n<ul class=\"entry-amenities\">\n<li>climatisation auto-contr\u00f4l\u00e9e<\/li>\n<li>kitchenette priv\u00e9e avec r\u00e9frig\u00e9rateur<\/li>\n<li>caf\u00e9 \/ th\u00e9 \u00e9quipement de pr\u00e9paration<\/li>\n<li>plaque de cuisson \u00e0 2 feux<\/li>\n<li>bouilloire<\/li>\n<li>micro-ondes et tout le n\u00e9cessaire ustensiles de cuisine et de service<\/li>\n<li>coffre-fort<\/li>\n<li>placard<\/li>\n<li>Wi-Fi gratuit<\/li>\n<li>TV satellite<\/li>\n<li>salle de bain priv\u00e9e avec Douche<\/li>\n<li>s\u00e8che-cheveux et serviettes de bain<\/li>\n<li>Balcon ou terrasse \/ jardin priv\u00e9 avec vue sur la mer<\/li>\n<li>Fer et planche \u00e0 repasser demande<\/li>\n<li>Adaptateurs \u00e9lectriques sur demande<\/li>\n<li>T\u00e9l\u00e9vision par c\u00e2ble \/ satellite<\/li>\n<li>\n<div class=\"elementToProof ContentPasted0 ContentPasted1\">Politique de nettoyage<\/div>\n<\/li>\n<li>\n<div class=\"elementToProof ContentPasted0 ContentPasted1\">D\u00e8s votre arriv\u00e9e, vous prendrez possession d&rsquo;un appartement extr\u00eamement nettoy\u00e9 et st\u00e9rilis\u00e9.\n<div class=\"ContentPasted1\">Nous fournissons des produits de nettoyage suppl\u00e9mentaires (draps, serviettes, liquides de nettoyage) pour que vous puissiez les nettoyer pendant votre s\u00e9jour<\/div>\n<div>\u00a0<\/div>\nNous respectons votre vie priv\u00e9e<\/div>\n<div class=\"elementToProof ContentPasted0\">\u00a0<\/div>\n<\/li>\n<\/ul>\n<h3>Photo Gallery<\/h3>\n<div id='gallery-1' class='gallery galleryid-1805 gallery-columns-3 gallery-size-thumbnail'><figure class='gallery-item'>\n\t\t\t<div class='gallery-icon landscape'>\n\t\t\t\t<a href='https:\/\/www.agia-pelagia-bellevue.com\/wp-content\/uploads\/2019\/06\/Apartment_sea_view_Bellevue_5701.jpg' data-lightbox=\"gal[1805]\"><img decoding=\"async\" width=\"150\" height=\"150\" src=\"https:\/\/www.agia-pelagia-bellevue.com\/wp-content\/uploads\/2019\/06\/Apartment_sea_view_Bellevue_5701-150x150.jpg\" class=\"attachment-thumbnail size-thumbnail\" alt=\"\" srcset=\"https:\/\/www.agia-pelagia-bellevue.com\/wp-content\/uploads\/2019\/06\/Apartment_sea_view_Bellevue_5701-150x150.jpg 150w, https:\/\/www.agia-pelagia-bellevue.com\/wp-content\/uploads\/2019\/06\/Apartment_sea_view_Bellevue_5701-68x68.jpg 68w\" sizes=\"(max-width: 150px) 100vw, 150px\" \/><\/a>\n\t\t\t<\/div><\/figure><figure class='gallery-item'>\n\t\t\t<div class='gallery-icon landscape'>\n\t\t\t\t<a href='https:\/\/www.agia-pelagia-bellevue.com\/wp-content\/uploads\/2019\/06\/Apartment_sea_view_Bellevue_4252.jpg' data-lightbox=\"gal[1805]\"><img decoding=\"async\" width=\"150\" height=\"150\" src=\"https:\/\/www.agia-pelagia-bellevue.com\/wp-content\/uploads\/2019\/06\/Apartment_sea_view_Bellevue_4252-150x150.jpg\" class=\"attachment-thumbnail size-thumbnail\" alt=\"\" srcset=\"https:\/\/www.agia-pelagia-bellevue.com\/wp-content\/uploads\/2019\/06\/Apartment_sea_view_Bellevue_4252-150x150.jpg 150w, https:\/\/www.agia-pelagia-bellevue.com\/wp-content\/uploads\/2019\/06\/Apartment_sea_view_Bellevue_4252-68x68.jpg 68w\" sizes=\"(max-width: 150px) 100vw, 150px\" \/><\/a>\n\t\t\t<\/div><\/figure><figure class='gallery-item'>\n\t\t\t<div class='gallery-icon landscape'>\n\t\t\t\t<a href='https:\/\/www.agia-pelagia-bellevue.com\/wp-content\/uploads\/2019\/06\/Apartment_sea_view_Bellevue_4297.jpg' data-lightbox=\"gal[1805]\"><img decoding=\"async\" width=\"150\" height=\"150\" src=\"https:\/\/www.agia-pelagia-bellevue.com\/wp-content\/uploads\/2019\/06\/Apartment_sea_view_Bellevue_4297-150x150.jpg\" class=\"attachment-thumbnail size-thumbnail\" alt=\"\" srcset=\"https:\/\/www.agia-pelagia-bellevue.com\/wp-content\/uploads\/2019\/06\/Apartment_sea_view_Bellevue_4297-150x150.jpg 150w, https:\/\/www.agia-pelagia-bellevue.com\/wp-content\/uploads\/2019\/06\/Apartment_sea_view_Bellevue_4297-68x68.jpg 68w\" sizes=\"(max-width: 150px) 100vw, 150px\" \/><\/a>\n\t\t\t<\/div><\/figure><figure class='gallery-item'>\n\t\t\t<div class='gallery-icon landscape'>\n\t\t\t\t<a href='https:\/\/www.agia-pelagia-bellevue.com\/wp-content\/uploads\/2019\/07\/Apartment_sea_view_Bellevue_6262-1.jpg' data-lightbox=\"gal[1805]\"><img loading=\"lazy\" decoding=\"async\" width=\"150\" height=\"150\" src=\"https:\/\/www.agia-pelagia-bellevue.com\/wp-content\/uploads\/2019\/07\/Apartment_sea_view_Bellevue_6262-1-150x150.jpg\" class=\"attachment-thumbnail size-thumbnail\" alt=\"\" srcset=\"https:\/\/www.agia-pelagia-bellevue.com\/wp-content\/uploads\/2019\/07\/Apartment_sea_view_Bellevue_6262-1-150x150.jpg 150w, https:\/\/www.agia-pelagia-bellevue.com\/wp-content\/uploads\/2019\/07\/Apartment_sea_view_Bellevue_6262-1-68x68.jpg 68w\" sizes=\"(max-width: 150px) 100vw, 150px\" \/><\/a>\n\t\t\t<\/div><\/figure><figure class='gallery-item'>\n\t\t\t<div class='gallery-icon landscape'>\n\t\t\t\t<a href='https:\/\/www.agia-pelagia-bellevue.com\/wp-content\/uploads\/2019\/07\/Apartment_sea_view_Bellevue6873-3-1.jpg' data-lightbox=\"gal[1805]\"><img loading=\"lazy\" decoding=\"async\" width=\"150\" height=\"150\" src=\"https:\/\/www.agia-pelagia-bellevue.com\/wp-content\/uploads\/2019\/07\/Apartment_sea_view_Bellevue6873-3-1-150x150.jpg\" class=\"attachment-thumbnail size-thumbnail\" alt=\"\" srcset=\"https:\/\/www.agia-pelagia-bellevue.com\/wp-content\/uploads\/2019\/07\/Apartment_sea_view_Bellevue6873-3-1-150x150.jpg 150w, https:\/\/www.agia-pelagia-bellevue.com\/wp-content\/uploads\/2019\/07\/Apartment_sea_view_Bellevue6873-3-1-68x68.jpg 68w\" sizes=\"(max-width: 150px) 100vw, 150px\" \/><\/a>\n\t\t\t<\/div><\/figure><figure class='gallery-item'>\n\t\t\t<div class='gallery-icon landscape'>\n\t\t\t\t<a href='https:\/\/www.agia-pelagia-bellevue.com\/wp-content\/uploads\/2019\/07\/Apartment_sea_view_Bellevue7003-1.jpg' data-lightbox=\"gal[1805]\"><img loading=\"lazy\" decoding=\"async\" width=\"150\" height=\"150\" src=\"https:\/\/www.agia-pelagia-bellevue.com\/wp-content\/uploads\/2019\/07\/Apartment_sea_view_Bellevue7003-1-150x150.jpg\" class=\"attachment-thumbnail size-thumbnail\" alt=\"\" srcset=\"https:\/\/www.agia-pelagia-bellevue.com\/wp-content\/uploads\/2019\/07\/Apartment_sea_view_Bellevue7003-1-150x150.jpg 150w, https:\/\/www.agia-pelagia-bellevue.com\/wp-content\/uploads\/2019\/07\/Apartment_sea_view_Bellevue7003-1-68x68.jpg 68w\" sizes=\"(max-width: 150px) 100vw, 150px\" \/><\/a>\n\t\t\t<\/div><\/figure><figure class='gallery-item'>\n\t\t\t<div class='gallery-icon landscape'>\n\t\t\t\t<a href='https:\/\/www.agia-pelagia-bellevue.com\/wp-content\/uploads\/2019\/07\/Apartment_sea_view_Bellevue7450.jpg' data-lightbox=\"gal[1805]\"><img loading=\"lazy\" decoding=\"async\" width=\"150\" height=\"150\" src=\"https:\/\/www.agia-pelagia-bellevue.com\/wp-content\/uploads\/2019\/07\/Apartment_sea_view_Bellevue7450-150x150.jpg\" class=\"attachment-thumbnail size-thumbnail\" alt=\"\" srcset=\"https:\/\/www.agia-pelagia-bellevue.com\/wp-content\/uploads\/2019\/07\/Apartment_sea_view_Bellevue7450-150x150.jpg 150w, https:\/\/www.agia-pelagia-bellevue.com\/wp-content\/uploads\/2019\/07\/Apartment_sea_view_Bellevue7450-68x68.jpg 68w\" sizes=\"(max-width: 150px) 100vw, 150px\" \/><\/a>\n\t\t\t<\/div><\/figure><figure class='gallery-item'>\n\t\t\t<div class='gallery-icon landscape'>\n\t\t\t\t<a href='https:\/\/www.agia-pelagia-bellevue.com\/wp-content\/uploads\/2019\/07\/Apartment_sea_view_Bellevue7517-1.jpg' data-lightbox=\"gal[1805]\"><img loading=\"lazy\" decoding=\"async\" width=\"150\" height=\"150\" src=\"https:\/\/www.agia-pelagia-bellevue.com\/wp-content\/uploads\/2019\/07\/Apartment_sea_view_Bellevue7517-1-150x150.jpg\" class=\"attachment-thumbnail size-thumbnail\" alt=\"\" srcset=\"https:\/\/www.agia-pelagia-bellevue.com\/wp-content\/uploads\/2019\/07\/Apartment_sea_view_Bellevue7517-1-150x150.jpg 150w, https:\/\/www.agia-pelagia-bellevue.com\/wp-content\/uploads\/2019\/07\/Apartment_sea_view_Bellevue7517-1-68x68.jpg 68w\" sizes=\"(max-width: 150px) 100vw, 150px\" \/><\/a>\n\t\t\t<\/div><\/figure><figure class='gallery-item'>\n\t\t\t<div class='gallery-icon landscape'>\n\t\t\t\t<a href='https:\/\/www.agia-pelagia-bellevue.com\/wp-content\/uploads\/2019\/07\/Apartment_sea_view_Bellevue7558.jpg' data-lightbox=\"gal[1805]\"><img loading=\"lazy\" decoding=\"async\" width=\"150\" height=\"150\" src=\"https:\/\/www.agia-pelagia-bellevue.com\/wp-content\/uploads\/2019\/07\/Apartment_sea_view_Bellevue7558-150x150.jpg\" class=\"attachment-thumbnail size-thumbnail\" alt=\"\" srcset=\"https:\/\/www.agia-pelagia-bellevue.com\/wp-content\/uploads\/2019\/07\/Apartment_sea_view_Bellevue7558-150x150.jpg 150w, https:\/\/www.agia-pelagia-bellevue.com\/wp-content\/uploads\/2019\/07\/Apartment_sea_view_Bellevue7558-68x68.jpg 68w\" sizes=\"(max-width: 150px) 100vw, 150px\" \/><\/a>\n\t\t\t<\/div><\/figure><figure class='gallery-item'>\n\t\t\t<div class='gallery-icon landscape'>\n\t\t\t\t<a href='https:\/\/www.agia-pelagia-bellevue.com\/wp-content\/uploads\/2019\/07\/Apartment_sea_view_Bellevue7337-1.jpg' data-lightbox=\"gal[1805]\"><img loading=\"lazy\" decoding=\"async\" width=\"150\" height=\"150\" src=\"https:\/\/www.agia-pelagia-bellevue.com\/wp-content\/uploads\/2019\/07\/Apartment_sea_view_Bellevue7337-1-150x150.jpg\" class=\"attachment-thumbnail size-thumbnail\" alt=\"\" srcset=\"https:\/\/www.agia-pelagia-bellevue.com\/wp-content\/uploads\/2019\/07\/Apartment_sea_view_Bellevue7337-1-150x150.jpg 150w, https:\/\/www.agia-pelagia-bellevue.com\/wp-content\/uploads\/2019\/07\/Apartment_sea_view_Bellevue7337-1-68x68.jpg 68w\" sizes=\"(max-width: 150px) 100vw, 150px\" \/><\/a>\n\t\t\t<\/div><\/figure><figure class='gallery-item'>\n\t\t\t<div class='gallery-icon landscape'>\n\t\t\t\t<a href='https:\/\/www.agia-pelagia-bellevue.com\/wp-content\/uploads\/2019\/07\/Apartment_sea_view_Bellevue7784-1.jpg' data-lightbox=\"gal[1805]\"><img loading=\"lazy\" decoding=\"async\" width=\"150\" height=\"150\" src=\"https:\/\/www.agia-pelagia-bellevue.com\/wp-content\/uploads\/2019\/07\/Apartment_sea_view_Bellevue7784-1-150x150.jpg\" class=\"attachment-thumbnail size-thumbnail\" alt=\"\" srcset=\"https:\/\/www.agia-pelagia-bellevue.com\/wp-content\/uploads\/2019\/07\/Apartment_sea_view_Bellevue7784-1-150x150.jpg 150w, https:\/\/www.agia-pelagia-bellevue.com\/wp-content\/uploads\/2019\/07\/Apartment_sea_view_Bellevue7784-1-68x68.jpg 68w\" sizes=\"(max-width: 150px) 100vw, 150px\" \/><\/a>\n\t\t\t<\/div><\/figure><figure class='gallery-item'>\n\t\t\t<div class='gallery-icon landscape'>\n\t\t\t\t<a href='https:\/\/www.agia-pelagia-bellevue.com\/wp-content\/uploads\/2019\/07\/Apartment_sea_view_Bellevue7624-1.jpg' data-lightbox=\"gal[1805]\"><img loading=\"lazy\" decoding=\"async\" width=\"150\" height=\"150\" src=\"https:\/\/www.agia-pelagia-bellevue.com\/wp-content\/uploads\/2019\/07\/Apartment_sea_view_Bellevue7624-1-150x150.jpg\" class=\"attachment-thumbnail size-thumbnail\" alt=\"\" srcset=\"https:\/\/www.agia-pelagia-bellevue.com\/wp-content\/uploads\/2019\/07\/Apartment_sea_view_Bellevue7624-1-150x150.jpg 150w, https:\/\/www.agia-pelagia-bellevue.com\/wp-content\/uploads\/2019\/07\/Apartment_sea_view_Bellevue7624-1-68x68.jpg 68w\" sizes=\"(max-width: 150px) 100vw, 150px\" \/><\/a>\n\t\t\t<\/div><\/figure><figure class='gallery-item'>\n\t\t\t<div class='gallery-icon landscape'>\n\t\t\t\t<a href='https:\/\/www.agia-pelagia-bellevue.com\/wp-content\/uploads\/2019\/07\/Apartment_sea_view_Bellevue7947-1.jpg' data-lightbox=\"gal[1805]\"><img loading=\"lazy\" decoding=\"async\" width=\"150\" height=\"150\" src=\"https:\/\/www.agia-pelagia-bellevue.com\/wp-content\/uploads\/2019\/07\/Apartment_sea_view_Bellevue7947-1-150x150.jpg\" class=\"attachment-thumbnail size-thumbnail\" alt=\"\" srcset=\"https:\/\/www.agia-pelagia-bellevue.com\/wp-content\/uploads\/2019\/07\/Apartment_sea_view_Bellevue7947-1-150x150.jpg 150w, https:\/\/www.agia-pelagia-bellevue.com\/wp-content\/uploads\/2019\/07\/Apartment_sea_view_Bellevue7947-1-68x68.jpg 68w\" sizes=\"(max-width: 150px) 100vw, 150px\" \/><\/a>\n\t\t\t<\/div><\/figure>\n\t\t<\/div>\n","protected":false},"excerpt":{"rendered":"<p>C&rsquo;est un bel appartement d\u00e9cor\u00e9 dans un style insulaire (bleu et blanc) avec kitchenette, balcon ou patio que vous avez vue sur la mer! Nous sommes \u00e0 16 min en voiture de A\u00e9roport de Kazantzakis et \u00e0 18 min du port d&rsquo;H\u00e9raklion (Santorin, Pereus arriv\u00e9e-d\u00e9part)!<\/p>\n","protected":false},"author":2,"featured_media":3484,"parent":1964,"menu_order":1,"comment_status":"closed","ping_status":"closed","template":"","meta":{"footnotes":""},"tags":[],"class_list":["post-1805","page","type-page","status-publish","has-post-thumbnail","hentry"],"yoast_head":"<!-- This site is optimized with the Yoast SEO plugin v25.8 - https:\/\/yoast.com\/wordpress\/plugins\/seo\/ -->\n<title>APPARTEMENT VUE MER POUR DEUX PERSONNES - Bellevue<\/title>\n<meta name=\"robots\" content=\"index, follow, max-snippet:-1, max-image-preview:large, max-video-preview:-1\" \/>\n<link rel=\"canonical\" href=\"https:\/\/www.agia-pelagia-bellevue.com\/fr\/index.php\/pieces\/appartement-vue-mer-pour-deux-personnes\/\" \/>\n<meta property=\"og:locale\" content=\"fr_FR\" \/>\n<meta property=\"og:type\" content=\"article\" \/>\n<meta property=\"og:title\" content=\"APPARTEMENT VUE MER POUR DEUX PERSONNES - Bellevue\" \/>\n<meta property=\"og:description\" content=\"C&rsquo;est un bel appartement d\u00e9cor\u00e9 dans un style insulaire (bleu et blanc) avec kitchenette, balcon ou patio que vous avez vue sur la mer! Nous sommes \u00e0 16 min en voiture de A\u00e9roport de Kazantzakis et \u00e0 18 min du port d&rsquo;H\u00e9raklion (Santorin, Pereus arriv\u00e9e-d\u00e9part)!\" \/>\n<meta property=\"og:url\" content=\"https:\/\/www.agia-pelagia-bellevue.com\/fr\/index.php\/pieces\/appartement-vue-mer-pour-deux-personnes\/\" \/>\n<meta property=\"og:site_name\" content=\"Bellevue\" \/>\n<meta property=\"article:modified_time\" content=\"2023-02-15T07:13:58+00:00\" \/>\n<meta property=\"og:image\" content=\"https:\/\/www.agia-pelagia-bellevue.com\/wp-content\/uploads\/2019\/05\/agia_pelagia_bellevue_004.jpg\" \/>\n\t<meta property=\"og:image:width\" content=\"1920\" \/>\n\t<meta property=\"og:image:height\" content=\"1280\" \/>\n\t<meta property=\"og:image:type\" content=\"image\/jpeg\" \/>\n<meta name=\"twitter:card\" content=\"summary_large_image\" \/>\n<meta name=\"twitter:label1\" content=\"Dur\u00e9e de lecture estim\u00e9e\" \/>\n\t<meta name=\"twitter:data1\" content=\"1 minute\" \/>\n<script type=\"application\/ld+json\" class=\"yoast-schema-graph\">{\"@context\":\"https:\/\/schema.org\",\"@graph\":[{\"@type\":\"WebPage\",\"@id\":\"https:\/\/www.agia-pelagia-bellevue.com\/fr\/index.php\/pieces\/appartement-vue-mer-pour-deux-personnes\/\",\"url\":\"https:\/\/www.agia-pelagia-bellevue.com\/fr\/index.php\/pieces\/appartement-vue-mer-pour-deux-personnes\/\",\"name\":\"APPARTEMENT VUE MER POUR DEUX PERSONNES - Bellevue\",\"isPartOf\":{\"@id\":\"https:\/\/www.agia-pelagia-bellevue.com\/#website\"},\"primaryImageOfPage\":{\"@id\":\"https:\/\/www.agia-pelagia-bellevue.com\/fr\/index.php\/pieces\/appartement-vue-mer-pour-deux-personnes\/#primaryimage\"},\"image\":{\"@id\":\"https:\/\/www.agia-pelagia-bellevue.com\/fr\/index.php\/pieces\/appartement-vue-mer-pour-deux-personnes\/#primaryimage\"},\"thumbnailUrl\":\"https:\/\/www.agia-pelagia-bellevue.com\/wp-content\/uploads\/2026\/03\/20250902_133022-scaled.jpg\",\"datePublished\":\"2020-02-28T08:53:36+00:00\",\"dateModified\":\"2023-02-15T07:13:58+00:00\",\"breadcrumb\":{\"@id\":\"https:\/\/www.agia-pelagia-bellevue.com\/fr\/index.php\/pieces\/appartement-vue-mer-pour-deux-personnes\/#breadcrumb\"},\"inLanguage\":\"fr-FR\",\"potentialAction\":[{\"@type\":\"ReadAction\",\"target\":[\"https:\/\/www.agia-pelagia-bellevue.com\/fr\/index.php\/pieces\/appartement-vue-mer-pour-deux-personnes\/\"]}]},{\"@type\":\"ImageObject\",\"inLanguage\":\"fr-FR\",\"@id\":\"https:\/\/www.agia-pelagia-bellevue.com\/fr\/index.php\/pieces\/appartement-vue-mer-pour-deux-personnes\/#primaryimage\",\"url\":\"https:\/\/www.agia-pelagia-bellevue.com\/wp-content\/uploads\/2026\/03\/20250902_133022-scaled.jpg\",\"contentUrl\":\"https:\/\/www.agia-pelagia-bellevue.com\/wp-content\/uploads\/2026\/03\/20250902_133022-scaled.jpg\",\"width\":2560,\"height\":2560},{\"@type\":\"BreadcrumbList\",\"@id\":\"https:\/\/www.agia-pelagia-bellevue.com\/fr\/index.php\/pieces\/appartement-vue-mer-pour-deux-personnes\/#breadcrumb\",\"itemListElement\":[{\"@type\":\"ListItem\",\"position\":1,\"name\":\"Home\",\"item\":\"https:\/\/www.agia-pelagia-bellevue.com\/fr\/\"},{\"@type\":\"ListItem\",\"position\":2,\"name\":\"H\u00c9BERGEMENT\",\"item\":\"https:\/\/www.agia-pelagia-bellevue.com\/fr\/index.php\/pieces\/\"},{\"@type\":\"ListItem\",\"position\":3,\"name\":\"APPARTEMENT VUE MER POUR DEUX PERSONNES\"}]},{\"@type\":\"WebSite\",\"@id\":\"https:\/\/www.agia-pelagia-bellevue.com\/#website\",\"url\":\"https:\/\/www.agia-pelagia-bellevue.com\/\",\"name\":\"Bellevue\",\"description\":\"Agia Pelagia\",\"publisher\":{\"@id\":\"https:\/\/www.agia-pelagia-bellevue.com\/#organization\"},\"potentialAction\":[{\"@type\":\"SearchAction\",\"target\":{\"@type\":\"EntryPoint\",\"urlTemplate\":\"https:\/\/www.agia-pelagia-bellevue.com\/?s={search_term_string}\"},\"query-input\":{\"@type\":\"PropertyValueSpecification\",\"valueRequired\":true,\"valueName\":\"search_term_string\"}}],\"inLanguage\":\"fr-FR\"},{\"@type\":\"Organization\",\"@id\":\"https:\/\/www.agia-pelagia-bellevue.com\/#organization\",\"name\":\"Bellevue\",\"url\":\"https:\/\/www.agia-pelagia-bellevue.com\/\",\"logo\":{\"@type\":\"ImageObject\",\"inLanguage\":\"fr-FR\",\"@id\":\"https:\/\/www.agia-pelagia-bellevue.com\/#\/schema\/logo\/image\/\",\"url\":\"https:\/\/www.agia-pelagia-bellevue.com\/wp-content\/uploads\/2019\/05\/cropped-Logo_BelleVue_Village_hor-2.png\",\"contentUrl\":\"https:\/\/www.agia-pelagia-bellevue.com\/wp-content\/uploads\/2019\/05\/cropped-Logo_BelleVue_Village_hor-2.png\",\"width\":195,\"height\":67,\"caption\":\"Bellevue\"},\"image\":{\"@id\":\"https:\/\/www.agia-pelagia-bellevue.com\/#\/schema\/logo\/image\/\"}}]}<\/script>\n<!-- \/ Yoast SEO plugin. -->","yoast_head_json":{"title":"APPARTEMENT VUE MER POUR DEUX PERSONNES - Bellevue","robots":{"index":"index","follow":"follow","max-snippet":"max-snippet:-1","max-image-preview":"max-image-preview:large","max-video-preview":"max-video-preview:-1"},"canonical":"https:\/\/www.agia-pelagia-bellevue.com\/fr\/index.php\/pieces\/appartement-vue-mer-pour-deux-personnes\/","og_locale":"fr_FR","og_type":"article","og_title":"APPARTEMENT VUE MER POUR DEUX PERSONNES - Bellevue","og_description":"C&rsquo;est un bel appartement d\u00e9cor\u00e9 dans un style insulaire (bleu et blanc) avec kitchenette, balcon ou patio que vous avez vue sur la mer! Nous sommes \u00e0 16 min en voiture de A\u00e9roport de Kazantzakis et \u00e0 18 min du port d&rsquo;H\u00e9raklion (Santorin, Pereus arriv\u00e9e-d\u00e9part)!","og_url":"https:\/\/www.agia-pelagia-bellevue.com\/fr\/index.php\/pieces\/appartement-vue-mer-pour-deux-personnes\/","og_site_name":"Bellevue","article_modified_time":"2023-02-15T07:13:58+00:00","og_image":[{"width":1920,"height":1280,"url":"https:\/\/www.agia-pelagia-bellevue.com\/wp-content\/uploads\/2019\/05\/agia_pelagia_bellevue_004.jpg","type":"image\/jpeg"}],"twitter_card":"summary_large_image","twitter_misc":{"Dur\u00e9e de lecture estim\u00e9e":"1 minute"},"schema":{"@context":"https:\/\/schema.org","@graph":[{"@type":"WebPage","@id":"https:\/\/www.agia-pelagia-bellevue.com\/fr\/index.php\/pieces\/appartement-vue-mer-pour-deux-personnes\/","url":"https:\/\/www.agia-pelagia-bellevue.com\/fr\/index.php\/pieces\/appartement-vue-mer-pour-deux-personnes\/","name":"APPARTEMENT VUE MER POUR DEUX PERSONNES - Bellevue","isPartOf":{"@id":"https:\/\/www.agia-pelagia-bellevue.com\/#website"},"primaryImageOfPage":{"@id":"https:\/\/www.agia-pelagia-bellevue.com\/fr\/index.php\/pieces\/appartement-vue-mer-pour-deux-personnes\/#primaryimage"},"image":{"@id":"https:\/\/www.agia-pelagia-bellevue.com\/fr\/index.php\/pieces\/appartement-vue-mer-pour-deux-personnes\/#primaryimage"},"thumbnailUrl":"https:\/\/www.agia-pelagia-bellevue.com\/wp-content\/uploads\/2026\/03\/20250902_133022-scaled.jpg","datePublished":"2020-02-28T08:53:36+00:00","dateModified":"2023-02-15T07:13:58+00:00","breadcrumb":{"@id":"https:\/\/www.agia-pelagia-bellevue.com\/fr\/index.php\/pieces\/appartement-vue-mer-pour-deux-personnes\/#breadcrumb"},"inLanguage":"fr-FR","potentialAction":[{"@type":"ReadAction","target":["https:\/\/www.agia-pelagia-bellevue.com\/fr\/index.php\/pieces\/appartement-vue-mer-pour-deux-personnes\/"]}]},{"@type":"ImageObject","inLanguage":"fr-FR","@id":"https:\/\/www.agia-pelagia-bellevue.com\/fr\/index.php\/pieces\/appartement-vue-mer-pour-deux-personnes\/#primaryimage","url":"https:\/\/www.agia-pelagia-bellevue.com\/wp-content\/uploads\/2026\/03\/20250902_133022-scaled.jpg","contentUrl":"https:\/\/www.agia-pelagia-bellevue.com\/wp-content\/uploads\/2026\/03\/20250902_133022-scaled.jpg","width":2560,"height":2560},{"@type":"BreadcrumbList","@id":"https:\/\/www.agia-pelagia-bellevue.com\/fr\/index.php\/pieces\/appartement-vue-mer-pour-deux-personnes\/#breadcrumb","itemListElement":[{"@type":"ListItem","position":1,"name":"Home","item":"https:\/\/www.agia-pelagia-bellevue.com\/fr\/"},{"@type":"ListItem","position":2,"name":"H\u00c9BERGEMENT","item":"https:\/\/www.agia-pelagia-bellevue.com\/fr\/index.php\/pieces\/"},{"@type":"ListItem","position":3,"name":"APPARTEMENT VUE MER POUR DEUX PERSONNES"}]},{"@type":"WebSite","@id":"https:\/\/www.agia-pelagia-bellevue.com\/#website","url":"https:\/\/www.agia-pelagia-bellevue.com\/","name":"Bellevue","description":"Agia Pelagia","publisher":{"@id":"https:\/\/www.agia-pelagia-bellevue.com\/#organization"},"potentialAction":[{"@type":"SearchAction","target":{"@type":"EntryPoint","urlTemplate":"https:\/\/www.agia-pelagia-bellevue.com\/?s={search_term_string}"},"query-input":{"@type":"PropertyValueSpecification","valueRequired":true,"valueName":"search_term_string"}}],"inLanguage":"fr-FR"},{"@type":"Organization","@id":"https:\/\/www.agia-pelagia-bellevue.com\/#organization","name":"Bellevue","url":"https:\/\/www.agia-pelagia-bellevue.com\/","logo":{"@type":"ImageObject","inLanguage":"fr-FR","@id":"https:\/\/www.agia-pelagia-bellevue.com\/#\/schema\/logo\/image\/","url":"https:\/\/www.agia-pelagia-bellevue.com\/wp-content\/uploads\/2019\/05\/cropped-Logo_BelleVue_Village_hor-2.png","contentUrl":"https:\/\/www.agia-pelagia-bellevue.com\/wp-content\/uploads\/2019\/05\/cropped-Logo_BelleVue_Village_hor-2.png","width":195,"height":67,"caption":"Bellevue"},"image":{"@id":"https:\/\/www.agia-pelagia-bellevue.com\/#\/schema\/logo\/image\/"}}]}},"jetpack_sharing_enabled":true,"_links":{"self":[{"href":"https:\/\/www.agia-pelagia-bellevue.com\/fr\/index.php\/wp-json\/wp\/v2\/pages\/1805","targetHints":{"allow":["GET"]}}],"collection":[{"href":"https:\/\/www.agia-pelagia-bellevue.com\/fr\/index.php\/wp-json\/wp\/v2\/pages"}],"about":[{"href":"https:\/\/www.agia-pelagia-bellevue.com\/fr\/index.php\/wp-json\/wp\/v2\/types\/page"}],"author":[{"embeddable":true,"href":"https:\/\/www.agia-pelagia-bellevue.com\/fr\/index.php\/wp-json\/wp\/v2\/users\/2"}],"replies":[{"embeddable":true,"href":"https:\/\/www.agia-pelagia-bellevue.com\/fr\/index.php\/wp-json\/wp\/v2\/comments?post=1805"}],"version-history":[{"count":3,"href":"https:\/\/www.agia-pelagia-bellevue.com\/fr\/index.php\/wp-json\/wp\/v2\/pages\/1805\/revisions"}],"predecessor-version":[{"id":3388,"href":"https:\/\/www.agia-pelagia-bellevue.com\/fr\/index.php\/wp-json\/wp\/v2\/pages\/1805\/revisions\/3388"}],"up":[{"embeddable":true,"href":"https:\/\/www.agia-pelagia-bellevue.com\/fr\/index.php\/wp-json\/wp\/v2\/pages\/1964"}],"wp:featuredmedia":[{"embeddable":true,"href":"https:\/\/www.agia-pelagia-bellevue.com\/fr\/index.php\/wp-json\/wp\/v2\/media\/3484"}],"wp:attachment":[{"href":"https:\/\/www.agia-pelagia-bellevue.com\/fr\/index.php\/wp-json\/wp\/v2\/media?parent=1805"}],"wp:term":[{"taxonomy":"post_tag","embeddable":true,"href":"https:\/\/www.agia-pelagia-bellevue.com\/fr\/index.php\/wp-json\/wp\/v2\/tags?post=1805"}],"curies":[{"name":"wp","href":"https:\/\/api.w.org\/{rel}","templated":true}]}}