{"id":1850,"date":"2020-02-09T13:04:45","date_gmt":"2020-02-09T13:04:45","guid":{"rendered":"https:\/\/www.agia-pelagia-bellevue.com\/?page_id=1850"},"modified":"2020-03-09T14:11:34","modified_gmt":"2020-03-09T14:11:34","slug":"services","status":"publish","type":"page","link":"https:\/\/www.agia-pelagia-bellevue.com\/fr\/index.php\/bienvenue-au-refuge-bellevue\/services\/","title":{"rendered":"SERVICES"},"content":{"rendered":"<p class=\"section-visible\">Nous vous accueillerons avec un rafra\u00eechissement et aussi c&rsquo;est notre notre plaisir vous offrir (si vous souhaite) des informations et des conseils pour les endroits et les plages qu&rsquo;il vaut la peine de visiter afin vous pouvez facilement faire votre programme quotidien pour explorer la Cr\u00e8te !!!!!!!!<\/p>\n<p>Bellevue Village = endroit id\u00e9al pour des vacances en Cr\u00e8te<\/p>\n<p>L&rsquo;h\u00f4tel Bellevue Village poss\u00e8de \u00e9galement une grande piscine entour\u00e9e de parasols et chaises longues. Si vous voulez go\u00fbter des recettes traditionnelles de Cr\u00e8te cuisin\u00e9es avec de l&rsquo;extra vierge l&rsquo;huile d&rsquo;olive, nous avons notre propre Taverna pour votre plaisir culinaire qui sert le petit d\u00e9jeuner et d\u00eener. Dans notre h\u00f4tel, vous trouverez \u00e9galement une place de parking gratuite pour votre voiture.<\/p>\n<p>Notre personnel est toujours \u00e0 votre disposition pour que votre s\u00e9jour \u00e0 l&rsquo;h\u00f4tel soit agr\u00e9able, et m\u00eame vous aider \u00e0 planifier votre itin\u00e9raire afin que vous ayez une exp\u00e9rience int\u00e9ressante et amusante vacances remplies \u00e0 Agia Pelagia. vous pouvez profiter d&rsquo;Agia Pelagia en \u00e9t\u00e9, vous souhaitez visiter cette charmante station baln\u00e9aire.<\/p>\n<p>Rejoindre notre h\u00f4tel se trouve \u00e0 seulement 20 minutes en voiture de l&rsquo;a\u00e9roport international d&rsquo;H\u00e9raklion et \u00e0 17 minutes d&rsquo;H\u00e9raklion ville. Vous pouvez utiliser librement le Wi-Fi, l&rsquo;acc\u00e8s Internet, la piscine, les transats, le parasols, le parking priv\u00e9 et les jardins! Si vous ne trouvez pas gratuitement les dates vous souhaitez venir \u00e0 BELEVUE alors vous pouvez nous contacter par mail.<\/p>\n<p>Services et \u00e9quipements g\u00e9n\u00e9raux:<\/p>\n<p>\u2022 Services de transfert de et vers l&rsquo;a\u00e9roport \/ port (en suppl\u00e9ment) &#8211; R\u00e9servations de transfert \/ taxi<br \/>\n\u2022 Plong\u00e9e sous-marine, \u00e9quitation, visites \u00e0 pied *<br \/>\n\u2022 excursions en voilier (en suppl\u00e9ment)<br \/>\n\u2022 Voiture &amp; moto<br \/>\n\u2022 locations * Transats et<br \/>\n\u2022 parasols sur la piscine Ouvert<br \/>\n\u2022 espace gratuit<br \/>\n\u2022 parking Wi-Fi gratuit<br \/>\n\u2022 dans toute la propri\u00e9t\u00e9<br \/>\n\u2022 Piscine ext\u00e9rieure, transats et parasols<br \/>\n\u2022 Restaurant en plein air<br \/>\n\u2022 petit d\u00e9jeuner au buffet<br \/>\n\u2022 d\u00eener<br \/>\n\u2022 Chambres non-fumeurs disponibles<br \/>\n\u2022 Service de t\u00e9l\u00e9copie et de photocopie<br \/>\n\u2022 Taxi<br \/>\n\u2022 Location de voiture<br \/>\n\u2022 S\u00e8che-cheveux &#8211; gratuit<br \/>\n\u2022 Piscine<br \/>\n\u2022 Jardin<br \/>\n\u2022 Wifi gratuit<br \/>\n\u2022 parking gratuit dans le quartier des appartements<br \/>\n\u2022 R\u00e9servation d&rsquo;une journ\u00e9e<br \/>\n\u2022 Location de voitures \/ motos<br \/>\n\u2022 Massage th\u00e9rapeutique<br \/>\nInfo importante<\/p>\n<p>Veuillez noter que: en raison de son emplacement \u00e0 flanc de colline, cet \u00e9tablissement ne convient pas aux clients. avec des handicaps ou des difficult\u00e9s \u00e0 marcher, ne convient pas aux enfants (0-15 ans<br \/>\nancien), il y a des \u00e9tapes dans le complexe. En cas d&rsquo;arriv\u00e9e anticip\u00e9e de votre vol ou du bateau le matin de votre enregistrement, nous<br \/>\npeut \u00eatre \u00e0 Bellevue pour vous accueillir Apr\u00e8s 11h00. Vous pouvez vous asseoir dans la zone de notre piscine et profiter de la vue sur la mer jusqu&rsquo;\u00e0 votre chambre sera pr\u00eat apr\u00e8s 14h00. Nous pouvons vous r\u00e9server un taxi si vous avez besoin de venir vous chercher au port ou \u00e0 l&rsquo;a\u00e9roport en vous indiquant le co\u00fbt, lors de votre r\u00e9servation TAXI. De plus, il est tr\u00e8s facile pour nous si vous avez besoin d&rsquo;une voiture pour vous en r\u00e9server une et l&rsquo;avoir juste \u00e0 votre arriv\u00e9e \u00e0 l&rsquo;a\u00e9roport ou au port<\/p>\n","protected":false},"excerpt":{"rendered":"<p>Nous vous accueillerons avec un rafra\u00eechissement et aussi c&rsquo;est notre notre plaisir vous offrir (si vous souhaite) des informations et des conseils pour les endroits et les plages qu&rsquo;il vaut la peine de visiter afin vous pouvez facilement faire votre programme quotidien pour explorer la Cr\u00e8te !!!!!!!! Bellevue Village = endroit id\u00e9al pour des vacances [&hellip;]<\/p>\n","protected":false},"author":2,"featured_media":1610,"parent":1590,"menu_order":1,"comment_status":"closed","ping_status":"closed","template":"","meta":{"footnotes":""},"tags":[5],"class_list":["post-1850","page","type-page","status-publish","has-post-thumbnail","hentry","tag-featured"],"yoast_head":"<!-- This site is optimized with the Yoast SEO plugin v25.8 - https:\/\/yoast.com\/wordpress\/plugins\/seo\/ -->\n<title>SERVICES - Bellevue<\/title>\n<meta name=\"robots\" content=\"index, follow, max-snippet:-1, max-image-preview:large, max-video-preview:-1\" \/>\n<link rel=\"canonical\" href=\"https:\/\/www.agia-pelagia-bellevue.com\/fr\/index.php\/bienvenue-au-refuge-bellevue\/services\/\" \/>\n<meta property=\"og:locale\" content=\"fr_FR\" \/>\n<meta property=\"og:type\" content=\"article\" \/>\n<meta property=\"og:title\" content=\"SERVICES - Bellevue\" \/>\n<meta property=\"og:description\" content=\"Nous vous accueillerons avec un rafra\u00eechissement et aussi c&rsquo;est notre notre plaisir vous offrir (si vous souhaite) des informations et des conseils pour les endroits et les plages qu&rsquo;il vaut la peine de visiter afin vous pouvez facilement faire votre programme quotidien pour explorer la Cr\u00e8te !!!!!!!! Bellevue Village = endroit id\u00e9al pour des vacances [&hellip;]\" \/>\n<meta property=\"og:url\" content=\"https:\/\/www.agia-pelagia-bellevue.com\/fr\/index.php\/bienvenue-au-refuge-bellevue\/services\/\" \/>\n<meta property=\"og:site_name\" content=\"Bellevue\" \/>\n<meta property=\"article:modified_time\" content=\"2020-03-09T14:11:34+00:00\" \/>\n<meta property=\"og:image\" content=\"https:\/\/www.agia-pelagia-bellevue.com\/wp-content\/uploads\/2019\/05\/agia-pelagia-bellevue-IMG_5000.jpg\" \/>\n\t<meta property=\"og:image:width\" content=\"2500\" \/>\n\t<meta property=\"og:image:height\" content=\"1667\" \/>\n\t<meta property=\"og:image:type\" content=\"image\/jpeg\" \/>\n<meta name=\"twitter:card\" content=\"summary_large_image\" \/>\n<meta name=\"twitter:label1\" content=\"Dur\u00e9e de lecture estim\u00e9e\" \/>\n\t<meta name=\"twitter:data1\" content=\"3 minutes\" \/>\n<script type=\"application\/ld+json\" class=\"yoast-schema-graph\">{\"@context\":\"https:\/\/schema.org\",\"@graph\":[{\"@type\":\"WebPage\",\"@id\":\"https:\/\/www.agia-pelagia-bellevue.com\/fr\/index.php\/bienvenue-au-refuge-bellevue\/services\/\",\"url\":\"https:\/\/www.agia-pelagia-bellevue.com\/fr\/index.php\/bienvenue-au-refuge-bellevue\/services\/\",\"name\":\"SERVICES - Bellevue\",\"isPartOf\":{\"@id\":\"https:\/\/www.agia-pelagia-bellevue.com\/#website\"},\"primaryImageOfPage\":{\"@id\":\"https:\/\/www.agia-pelagia-bellevue.com\/fr\/index.php\/bienvenue-au-refuge-bellevue\/services\/#primaryimage\"},\"image\":{\"@id\":\"https:\/\/www.agia-pelagia-bellevue.com\/fr\/index.php\/bienvenue-au-refuge-bellevue\/services\/#primaryimage\"},\"thumbnailUrl\":\"https:\/\/www.agia-pelagia-bellevue.com\/wp-content\/uploads\/2019\/05\/agia-pelagia-bellevue-IMG_5000.jpg\",\"datePublished\":\"2020-02-09T13:04:45+00:00\",\"dateModified\":\"2020-03-09T14:11:34+00:00\",\"breadcrumb\":{\"@id\":\"https:\/\/www.agia-pelagia-bellevue.com\/fr\/index.php\/bienvenue-au-refuge-bellevue\/services\/#breadcrumb\"},\"inLanguage\":\"fr-FR\",\"potentialAction\":[{\"@type\":\"ReadAction\",\"target\":[\"https:\/\/www.agia-pelagia-bellevue.com\/fr\/index.php\/bienvenue-au-refuge-bellevue\/services\/\"]}]},{\"@type\":\"ImageObject\",\"inLanguage\":\"fr-FR\",\"@id\":\"https:\/\/www.agia-pelagia-bellevue.com\/fr\/index.php\/bienvenue-au-refuge-bellevue\/services\/#primaryimage\",\"url\":\"https:\/\/www.agia-pelagia-bellevue.com\/wp-content\/uploads\/2019\/05\/agia-pelagia-bellevue-IMG_5000.jpg\",\"contentUrl\":\"https:\/\/www.agia-pelagia-bellevue.com\/wp-content\/uploads\/2019\/05\/agia-pelagia-bellevue-IMG_5000.jpg\",\"width\":2500,\"height\":1667},{\"@type\":\"BreadcrumbList\",\"@id\":\"https:\/\/www.agia-pelagia-bellevue.com\/fr\/index.php\/bienvenue-au-refuge-bellevue\/services\/#breadcrumb\",\"itemListElement\":[{\"@type\":\"ListItem\",\"position\":1,\"name\":\"Home\",\"item\":\"https:\/\/www.agia-pelagia-bellevue.com\/fr\/\"},{\"@type\":\"ListItem\",\"position\":2,\"name\":\"BELLEVUE\",\"item\":\"https:\/\/www.agia-pelagia-bellevue.com\/fr\/index.php\/bienvenue-au-refuge-bellevue\/\"},{\"@type\":\"ListItem\",\"position\":3,\"name\":\"SERVICES\"}]},{\"@type\":\"WebSite\",\"@id\":\"https:\/\/www.agia-pelagia-bellevue.com\/#website\",\"url\":\"https:\/\/www.agia-pelagia-bellevue.com\/\",\"name\":\"Bellevue\",\"description\":\"Agia Pelagia\",\"publisher\":{\"@id\":\"https:\/\/www.agia-pelagia-bellevue.com\/#organization\"},\"potentialAction\":[{\"@type\":\"SearchAction\",\"target\":{\"@type\":\"EntryPoint\",\"urlTemplate\":\"https:\/\/www.agia-pelagia-bellevue.com\/?s={search_term_string}\"},\"query-input\":{\"@type\":\"PropertyValueSpecification\",\"valueRequired\":true,\"valueName\":\"search_term_string\"}}],\"inLanguage\":\"fr-FR\"},{\"@type\":\"Organization\",\"@id\":\"https:\/\/www.agia-pelagia-bellevue.com\/#organization\",\"name\":\"Bellevue\",\"url\":\"https:\/\/www.agia-pelagia-bellevue.com\/\",\"logo\":{\"@type\":\"ImageObject\",\"inLanguage\":\"fr-FR\",\"@id\":\"https:\/\/www.agia-pelagia-bellevue.com\/#\/schema\/logo\/image\/\",\"url\":\"https:\/\/www.agia-pelagia-bellevue.com\/wp-content\/uploads\/2019\/05\/cropped-Logo_BelleVue_Village_hor-2.png\",\"contentUrl\":\"https:\/\/www.agia-pelagia-bellevue.com\/wp-content\/uploads\/2019\/05\/cropped-Logo_BelleVue_Village_hor-2.png\",\"width\":195,\"height\":67,\"caption\":\"Bellevue\"},\"image\":{\"@id\":\"https:\/\/www.agia-pelagia-bellevue.com\/#\/schema\/logo\/image\/\"}}]}<\/script>\n<!-- \/ Yoast SEO plugin. -->","yoast_head_json":{"title":"SERVICES - Bellevue","robots":{"index":"index","follow":"follow","max-snippet":"max-snippet:-1","max-image-preview":"max-image-preview:large","max-video-preview":"max-video-preview:-1"},"canonical":"https:\/\/www.agia-pelagia-bellevue.com\/fr\/index.php\/bienvenue-au-refuge-bellevue\/services\/","og_locale":"fr_FR","og_type":"article","og_title":"SERVICES - Bellevue","og_description":"Nous vous accueillerons avec un rafra\u00eechissement et aussi c&rsquo;est notre notre plaisir vous offrir (si vous souhaite) des informations et des conseils pour les endroits et les plages qu&rsquo;il vaut la peine de visiter afin vous pouvez facilement faire votre programme quotidien pour explorer la Cr\u00e8te !!!!!!!! Bellevue Village = endroit id\u00e9al pour des vacances [&hellip;]","og_url":"https:\/\/www.agia-pelagia-bellevue.com\/fr\/index.php\/bienvenue-au-refuge-bellevue\/services\/","og_site_name":"Bellevue","article_modified_time":"2020-03-09T14:11:34+00:00","og_image":[{"width":2500,"height":1667,"url":"https:\/\/www.agia-pelagia-bellevue.com\/wp-content\/uploads\/2019\/05\/agia-pelagia-bellevue-IMG_5000.jpg","type":"image\/jpeg"}],"twitter_card":"summary_large_image","twitter_misc":{"Dur\u00e9e de lecture estim\u00e9e":"3 minutes"},"schema":{"@context":"https:\/\/schema.org","@graph":[{"@type":"WebPage","@id":"https:\/\/www.agia-pelagia-bellevue.com\/fr\/index.php\/bienvenue-au-refuge-bellevue\/services\/","url":"https:\/\/www.agia-pelagia-bellevue.com\/fr\/index.php\/bienvenue-au-refuge-bellevue\/services\/","name":"SERVICES - Bellevue","isPartOf":{"@id":"https:\/\/www.agia-pelagia-bellevue.com\/#website"},"primaryImageOfPage":{"@id":"https:\/\/www.agia-pelagia-bellevue.com\/fr\/index.php\/bienvenue-au-refuge-bellevue\/services\/#primaryimage"},"image":{"@id":"https:\/\/www.agia-pelagia-bellevue.com\/fr\/index.php\/bienvenue-au-refuge-bellevue\/services\/#primaryimage"},"thumbnailUrl":"https:\/\/www.agia-pelagia-bellevue.com\/wp-content\/uploads\/2019\/05\/agia-pelagia-bellevue-IMG_5000.jpg","datePublished":"2020-02-09T13:04:45+00:00","dateModified":"2020-03-09T14:11:34+00:00","breadcrumb":{"@id":"https:\/\/www.agia-pelagia-bellevue.com\/fr\/index.php\/bienvenue-au-refuge-bellevue\/services\/#breadcrumb"},"inLanguage":"fr-FR","potentialAction":[{"@type":"ReadAction","target":["https:\/\/www.agia-pelagia-bellevue.com\/fr\/index.php\/bienvenue-au-refuge-bellevue\/services\/"]}]},{"@type":"ImageObject","inLanguage":"fr-FR","@id":"https:\/\/www.agia-pelagia-bellevue.com\/fr\/index.php\/bienvenue-au-refuge-bellevue\/services\/#primaryimage","url":"https:\/\/www.agia-pelagia-bellevue.com\/wp-content\/uploads\/2019\/05\/agia-pelagia-bellevue-IMG_5000.jpg","contentUrl":"https:\/\/www.agia-pelagia-bellevue.com\/wp-content\/uploads\/2019\/05\/agia-pelagia-bellevue-IMG_5000.jpg","width":2500,"height":1667},{"@type":"BreadcrumbList","@id":"https:\/\/www.agia-pelagia-bellevue.com\/fr\/index.php\/bienvenue-au-refuge-bellevue\/services\/#breadcrumb","itemListElement":[{"@type":"ListItem","position":1,"name":"Home","item":"https:\/\/www.agia-pelagia-bellevue.com\/fr\/"},{"@type":"ListItem","position":2,"name":"BELLEVUE","item":"https:\/\/www.agia-pelagia-bellevue.com\/fr\/index.php\/bienvenue-au-refuge-bellevue\/"},{"@type":"ListItem","position":3,"name":"SERVICES"}]},{"@type":"WebSite","@id":"https:\/\/www.agia-pelagia-bellevue.com\/#website","url":"https:\/\/www.agia-pelagia-bellevue.com\/","name":"Bellevue","description":"Agia Pelagia","publisher":{"@id":"https:\/\/www.agia-pelagia-bellevue.com\/#organization"},"potentialAction":[{"@type":"SearchAction","target":{"@type":"EntryPoint","urlTemplate":"https:\/\/www.agia-pelagia-bellevue.com\/?s={search_term_string}"},"query-input":{"@type":"PropertyValueSpecification","valueRequired":true,"valueName":"search_term_string"}}],"inLanguage":"fr-FR"},{"@type":"Organization","@id":"https:\/\/www.agia-pelagia-bellevue.com\/#organization","name":"Bellevue","url":"https:\/\/www.agia-pelagia-bellevue.com\/","logo":{"@type":"ImageObject","inLanguage":"fr-FR","@id":"https:\/\/www.agia-pelagia-bellevue.com\/#\/schema\/logo\/image\/","url":"https:\/\/www.agia-pelagia-bellevue.com\/wp-content\/uploads\/2019\/05\/cropped-Logo_BelleVue_Village_hor-2.png","contentUrl":"https:\/\/www.agia-pelagia-bellevue.com\/wp-content\/uploads\/2019\/05\/cropped-Logo_BelleVue_Village_hor-2.png","width":195,"height":67,"caption":"Bellevue"},"image":{"@id":"https:\/\/www.agia-pelagia-bellevue.com\/#\/schema\/logo\/image\/"}}]}},"jetpack_sharing_enabled":true,"_links":{"self":[{"href":"https:\/\/www.agia-pelagia-bellevue.com\/fr\/index.php\/wp-json\/wp\/v2\/pages\/1850","targetHints":{"allow":["GET"]}}],"collection":[{"href":"https:\/\/www.agia-pelagia-bellevue.com\/fr\/index.php\/wp-json\/wp\/v2\/pages"}],"about":[{"href":"https:\/\/www.agia-pelagia-bellevue.com\/fr\/index.php\/wp-json\/wp\/v2\/types\/page"}],"author":[{"embeddable":true,"href":"https:\/\/www.agia-pelagia-bellevue.com\/fr\/index.php\/wp-json\/wp\/v2\/users\/2"}],"replies":[{"embeddable":true,"href":"https:\/\/www.agia-pelagia-bellevue.com\/fr\/index.php\/wp-json\/wp\/v2\/comments?post=1850"}],"version-history":[{"count":3,"href":"https:\/\/www.agia-pelagia-bellevue.com\/fr\/index.php\/wp-json\/wp\/v2\/pages\/1850\/revisions"}],"predecessor-version":[{"id":2136,"href":"https:\/\/www.agia-pelagia-bellevue.com\/fr\/index.php\/wp-json\/wp\/v2\/pages\/1850\/revisions\/2136"}],"up":[{"embeddable":true,"href":"https:\/\/www.agia-pelagia-bellevue.com\/fr\/index.php\/wp-json\/wp\/v2\/pages\/1590"}],"wp:featuredmedia":[{"embeddable":true,"href":"https:\/\/www.agia-pelagia-bellevue.com\/fr\/index.php\/wp-json\/wp\/v2\/media\/1610"}],"wp:attachment":[{"href":"https:\/\/www.agia-pelagia-bellevue.com\/fr\/index.php\/wp-json\/wp\/v2\/media?parent=1850"}],"wp:term":[{"taxonomy":"post_tag","embeddable":true,"href":"https:\/\/www.agia-pelagia-bellevue.com\/fr\/index.php\/wp-json\/wp\/v2\/tags?post=1850"}],"curies":[{"name":"wp","href":"https:\/\/api.w.org\/{rel}","templated":true}]}}