{"id":1905,"date":"2020-03-05T12:54:12","date_gmt":"2020-03-05T12:54:12","guid":{"rendered":"https:\/\/www.agia-pelagia-bellevue.com\/?page_id=1905"},"modified":"2020-03-09T12:51:37","modified_gmt":"2020-03-09T12:51:37","slug":"activites-choses-a-faire","status":"publish","type":"page","link":"https:\/\/www.agia-pelagia-bellevue.com\/fr\/index.php\/bienvenue-au-refuge-bellevue\/activites-choses-a-faire\/","title":{"rendered":"ACTIVIT\u00c9S \/ CHOSES \u00c0 FAIRE"},"content":{"rendered":"<p>Vous pouvez \u00e9galement explorer des lieux proches \u00e0 pied de la nature. En 5-6 min \u00e0 pied de notre chemin naturel priv\u00e9, vous pouvez trouver la plage de Lygaria avec la taverne S.Market et l&rsquo;eau sport, c&rsquo;est une belle plage calme-Dans l&rsquo;autre sens, il y a la plage d&rsquo;Agia Pelagia avec plus restaurants et bars et avec une vie nocturne cosmopolite.<\/p>\n<p>J&rsquo;adore me d\u00e9tendre sur mon porche en \u00e9coutant de la musique et en contemplant la mer \u00c9g\u00e9e. Lecture d&rsquo;un bon livre, faire de longues promenades sur la plage et profiter des choses simples de la vie. je j&rsquo;esp\u00e8re vraiment que vous aussi!<\/p>\n<h4>Location de voitures en Cr\u00e8te<\/h4>\n<p>Il est tr\u00e8s facile de louer une voiture en Cr\u00e8te. Il vous suffit de r\u00e9server une voiture aupr\u00e8s d&rsquo;une location site Web de l\u2019entreprise automobile ou t\u00e9l\u00e9phonez. La plupart des soci\u00e9t\u00e9s de location de voitures peuvent livrer leurs voitures \u00e0 l&rsquo;a\u00e9roport d&rsquo;H\u00e9raklion ou aux diff\u00e9rents ports de Cr\u00e8te. Vous auriez besoin d&rsquo;un permis de conduire lorsque vous louez une voiture en Cr\u00e8te. Pour votre protection, vous devriez louer une voiture couverte par une assurance multirisques. Une autre chose que vous besoin de savoir lors de la conduite d&rsquo;une voiture de location en Cr\u00e8te est que de nombreuses stations-service sont ferm\u00e9es avant 19 h et que beaucoup exigent que vous payiez en esp\u00e8ces. Les stations-service sont \u00e9galement g\u00e9n\u00e9ralement ferm\u00e9 le week-end, bien que la loi en impose un par zone pendant cette p\u00e9riode temps.<\/p>\n<h4>Sites \u00e0 ne pas manquer en Cr\u00e8te<\/h4>\n<p>Plages de Cr\u00e8te La Cr\u00e8te est un tr\u00e8s beau pays avec tant de sites \u00e0 voir. Sur un vacances en Cr\u00e8te, vous ne devriez pas laisser passer la chance de:<\/p>\n<ul>\n<li>Visitez les ruines minoennes de Knossos et Phaistos, ainsi que les sites arch\u00e9ologiques Mus\u00e9e d&rsquo;H\u00e9raklion<\/li>\n<li>Explorez la campagne cr\u00e9toise accident\u00e9e, loin des plages et des grandes villes<\/li>\n<li>Faites une randonn\u00e9e dans les gorges de Samaria. La randonn\u00e9e dure souvent quatre heures, \u00e0 partir du plateau d&rsquo;Omalos \u00e0 Agia Roumeli<\/li>\n<li>Trouvez les plages les plus isol\u00e9es et les zones les plus recul\u00e9es, loin des touristes les foules et le mercantilisme<\/li>\n<\/ul>\n<h4>A propos d&rsquo;Agia Pelagia<\/h4>\n<p>Agia Pelagia est l&rsquo;un des joyaux c\u00f4tiers de la Cr\u00e8te. Situ\u00e9 \u00e0 seulement 20 kilom\u00e8tres de la capitale de l&rsquo;\u00eele d&rsquo;H\u00e9raklion, Agia Pelagia est le point de d\u00e9part id\u00e9al pour visiter la Cr\u00e8te si visiter les sites touristiques est votre objectif pour visiter l&rsquo;\u00eele. N\u00e9anmoins, si ce que vous voulez, c&rsquo;est avoir un peu de temps pour la d\u00e9tente et le plaisir personnel, vous pouvez avoir et plus \u00e0 Agia Pelagia. La station baln\u00e9aire d&rsquo;Agia Pelagia est situ\u00e9e sur la rive, avec ses murs blanchis \u00e0 la chaux b\u00e2timents construits le long des pentes des collines s&rsquo;\u00e9levant de la baie. La baie elle-m\u00eame est prot\u00e9g\u00e9, flanqu\u00e9 du c\u00f4t\u00e9 est par la baie de Ligaria et du c\u00f4t\u00e9 ouest par la Baie de Mononaftis. La vue sur la ville \u00e0 l&rsquo;approche de la route nationale venant d&rsquo;H\u00e9raklion est tout simplement pittoresque. Il y a quelques charmantes petites baies de gravier avec une mer cristalline et calme qui sont parfait pour la baignade, il suffit d&rsquo;en choisir un!<\/p>\n","protected":false},"excerpt":{"rendered":"<p>Vous pouvez \u00e9galement explorer des lieux proches \u00e0 pied de la nature. En 5-6 min \u00e0 pied de notre chemin naturel priv\u00e9, vous pouvez trouver la plage de Lygaria avec la taverne S.Market et l&rsquo;eau sport, c&rsquo;est une belle plage calme-Dans l&rsquo;autre sens, il y a la plage d&rsquo;Agia Pelagia avec plus restaurants et bars [&hellip;]<\/p>\n","protected":false},"author":2,"featured_media":2100,"parent":1590,"menu_order":2,"comment_status":"closed","ping_status":"closed","template":"","meta":{"footnotes":""},"tags":[],"class_list":["post-1905","page","type-page","status-publish","has-post-thumbnail","hentry"],"yoast_head":"<!-- This site is optimized with the Yoast SEO plugin v25.8 - https:\/\/yoast.com\/wordpress\/plugins\/seo\/ -->\n<title>ACTIVIT\u00c9S \/ CHOSES \u00c0 FAIRE - Bellevue<\/title>\n<meta name=\"robots\" content=\"index, follow, max-snippet:-1, max-image-preview:large, max-video-preview:-1\" \/>\n<link rel=\"canonical\" href=\"https:\/\/www.agia-pelagia-bellevue.com\/fr\/index.php\/bienvenue-au-refuge-bellevue\/activites-choses-a-faire\/\" \/>\n<meta property=\"og:locale\" content=\"fr_FR\" \/>\n<meta property=\"og:type\" content=\"article\" \/>\n<meta property=\"og:title\" content=\"ACTIVIT\u00c9S \/ CHOSES \u00c0 FAIRE - Bellevue\" \/>\n<meta property=\"og:description\" content=\"Vous pouvez \u00e9galement explorer des lieux proches \u00e0 pied de la nature. En 5-6 min \u00e0 pied de notre chemin naturel priv\u00e9, vous pouvez trouver la plage de Lygaria avec la taverne S.Market et l&rsquo;eau sport, c&rsquo;est une belle plage calme-Dans l&rsquo;autre sens, il y a la plage d&rsquo;Agia Pelagia avec plus restaurants et bars [&hellip;]\" \/>\n<meta property=\"og:url\" content=\"https:\/\/www.agia-pelagia-bellevue.com\/fr\/index.php\/bienvenue-au-refuge-bellevue\/activites-choses-a-faire\/\" \/>\n<meta property=\"og:site_name\" content=\"Bellevue\" \/>\n<meta property=\"article:modified_time\" content=\"2020-03-09T12:51:37+00:00\" \/>\n<meta property=\"og:image\" content=\"https:\/\/www.agia-pelagia-bellevue.com\/wp-content\/uploads\/2020\/03\/agia_pelagia_bellevue_006-4.jpg\" \/>\n\t<meta property=\"og:image:width\" content=\"1920\" \/>\n\t<meta property=\"og:image:height\" content=\"1280\" \/>\n\t<meta property=\"og:image:type\" content=\"image\/jpeg\" \/>\n<meta name=\"twitter:card\" content=\"summary_large_image\" \/>\n<meta name=\"twitter:label1\" content=\"Dur\u00e9e de lecture estim\u00e9e\" \/>\n\t<meta name=\"twitter:data1\" content=\"3 minutes\" \/>\n<script type=\"application\/ld+json\" class=\"yoast-schema-graph\">{\"@context\":\"https:\/\/schema.org\",\"@graph\":[{\"@type\":\"WebPage\",\"@id\":\"https:\/\/www.agia-pelagia-bellevue.com\/fr\/index.php\/bienvenue-au-refuge-bellevue\/activites-choses-a-faire\/\",\"url\":\"https:\/\/www.agia-pelagia-bellevue.com\/fr\/index.php\/bienvenue-au-refuge-bellevue\/activites-choses-a-faire\/\",\"name\":\"ACTIVIT\u00c9S \/ CHOSES \u00c0 FAIRE - Bellevue\",\"isPartOf\":{\"@id\":\"https:\/\/www.agia-pelagia-bellevue.com\/#website\"},\"primaryImageOfPage\":{\"@id\":\"https:\/\/www.agia-pelagia-bellevue.com\/fr\/index.php\/bienvenue-au-refuge-bellevue\/activites-choses-a-faire\/#primaryimage\"},\"image\":{\"@id\":\"https:\/\/www.agia-pelagia-bellevue.com\/fr\/index.php\/bienvenue-au-refuge-bellevue\/activites-choses-a-faire\/#primaryimage\"},\"thumbnailUrl\":\"https:\/\/www.agia-pelagia-bellevue.com\/wp-content\/uploads\/2020\/03\/agia_pelagia_bellevue_006-4.jpg\",\"datePublished\":\"2020-03-05T12:54:12+00:00\",\"dateModified\":\"2020-03-09T12:51:37+00:00\",\"breadcrumb\":{\"@id\":\"https:\/\/www.agia-pelagia-bellevue.com\/fr\/index.php\/bienvenue-au-refuge-bellevue\/activites-choses-a-faire\/#breadcrumb\"},\"inLanguage\":\"fr-FR\",\"potentialAction\":[{\"@type\":\"ReadAction\",\"target\":[\"https:\/\/www.agia-pelagia-bellevue.com\/fr\/index.php\/bienvenue-au-refuge-bellevue\/activites-choses-a-faire\/\"]}]},{\"@type\":\"ImageObject\",\"inLanguage\":\"fr-FR\",\"@id\":\"https:\/\/www.agia-pelagia-bellevue.com\/fr\/index.php\/bienvenue-au-refuge-bellevue\/activites-choses-a-faire\/#primaryimage\",\"url\":\"https:\/\/www.agia-pelagia-bellevue.com\/wp-content\/uploads\/2020\/03\/agia_pelagia_bellevue_006-4.jpg\",\"contentUrl\":\"https:\/\/www.agia-pelagia-bellevue.com\/wp-content\/uploads\/2020\/03\/agia_pelagia_bellevue_006-4.jpg\",\"width\":1920,\"height\":1280},{\"@type\":\"BreadcrumbList\",\"@id\":\"https:\/\/www.agia-pelagia-bellevue.com\/fr\/index.php\/bienvenue-au-refuge-bellevue\/activites-choses-a-faire\/#breadcrumb\",\"itemListElement\":[{\"@type\":\"ListItem\",\"position\":1,\"name\":\"Home\",\"item\":\"https:\/\/www.agia-pelagia-bellevue.com\/fr\/\"},{\"@type\":\"ListItem\",\"position\":2,\"name\":\"BELLEVUE\",\"item\":\"https:\/\/www.agia-pelagia-bellevue.com\/fr\/index.php\/bienvenue-au-refuge-bellevue\/\"},{\"@type\":\"ListItem\",\"position\":3,\"name\":\"ACTIVIT\u00c9S \/ CHOSES \u00c0 FAIRE\"}]},{\"@type\":\"WebSite\",\"@id\":\"https:\/\/www.agia-pelagia-bellevue.com\/#website\",\"url\":\"https:\/\/www.agia-pelagia-bellevue.com\/\",\"name\":\"Bellevue\",\"description\":\"Agia Pelagia\",\"publisher\":{\"@id\":\"https:\/\/www.agia-pelagia-bellevue.com\/#organization\"},\"potentialAction\":[{\"@type\":\"SearchAction\",\"target\":{\"@type\":\"EntryPoint\",\"urlTemplate\":\"https:\/\/www.agia-pelagia-bellevue.com\/?s={search_term_string}\"},\"query-input\":{\"@type\":\"PropertyValueSpecification\",\"valueRequired\":true,\"valueName\":\"search_term_string\"}}],\"inLanguage\":\"fr-FR\"},{\"@type\":\"Organization\",\"@id\":\"https:\/\/www.agia-pelagia-bellevue.com\/#organization\",\"name\":\"Bellevue\",\"url\":\"https:\/\/www.agia-pelagia-bellevue.com\/\",\"logo\":{\"@type\":\"ImageObject\",\"inLanguage\":\"fr-FR\",\"@id\":\"https:\/\/www.agia-pelagia-bellevue.com\/#\/schema\/logo\/image\/\",\"url\":\"https:\/\/www.agia-pelagia-bellevue.com\/wp-content\/uploads\/2019\/05\/cropped-Logo_BelleVue_Village_hor-2.png\",\"contentUrl\":\"https:\/\/www.agia-pelagia-bellevue.com\/wp-content\/uploads\/2019\/05\/cropped-Logo_BelleVue_Village_hor-2.png\",\"width\":195,\"height\":67,\"caption\":\"Bellevue\"},\"image\":{\"@id\":\"https:\/\/www.agia-pelagia-bellevue.com\/#\/schema\/logo\/image\/\"}}]}<\/script>\n<!-- \/ Yoast SEO plugin. -->","yoast_head_json":{"title":"ACTIVIT\u00c9S \/ CHOSES \u00c0 FAIRE - Bellevue","robots":{"index":"index","follow":"follow","max-snippet":"max-snippet:-1","max-image-preview":"max-image-preview:large","max-video-preview":"max-video-preview:-1"},"canonical":"https:\/\/www.agia-pelagia-bellevue.com\/fr\/index.php\/bienvenue-au-refuge-bellevue\/activites-choses-a-faire\/","og_locale":"fr_FR","og_type":"article","og_title":"ACTIVIT\u00c9S \/ CHOSES \u00c0 FAIRE - Bellevue","og_description":"Vous pouvez \u00e9galement explorer des lieux proches \u00e0 pied de la nature. En 5-6 min \u00e0 pied de notre chemin naturel priv\u00e9, vous pouvez trouver la plage de Lygaria avec la taverne S.Market et l&rsquo;eau sport, c&rsquo;est une belle plage calme-Dans l&rsquo;autre sens, il y a la plage d&rsquo;Agia Pelagia avec plus restaurants et bars [&hellip;]","og_url":"https:\/\/www.agia-pelagia-bellevue.com\/fr\/index.php\/bienvenue-au-refuge-bellevue\/activites-choses-a-faire\/","og_site_name":"Bellevue","article_modified_time":"2020-03-09T12:51:37+00:00","og_image":[{"width":1920,"height":1280,"url":"https:\/\/www.agia-pelagia-bellevue.com\/wp-content\/uploads\/2020\/03\/agia_pelagia_bellevue_006-4.jpg","type":"image\/jpeg"}],"twitter_card":"summary_large_image","twitter_misc":{"Dur\u00e9e de lecture estim\u00e9e":"3 minutes"},"schema":{"@context":"https:\/\/schema.org","@graph":[{"@type":"WebPage","@id":"https:\/\/www.agia-pelagia-bellevue.com\/fr\/index.php\/bienvenue-au-refuge-bellevue\/activites-choses-a-faire\/","url":"https:\/\/www.agia-pelagia-bellevue.com\/fr\/index.php\/bienvenue-au-refuge-bellevue\/activites-choses-a-faire\/","name":"ACTIVIT\u00c9S \/ CHOSES \u00c0 FAIRE - Bellevue","isPartOf":{"@id":"https:\/\/www.agia-pelagia-bellevue.com\/#website"},"primaryImageOfPage":{"@id":"https:\/\/www.agia-pelagia-bellevue.com\/fr\/index.php\/bienvenue-au-refuge-bellevue\/activites-choses-a-faire\/#primaryimage"},"image":{"@id":"https:\/\/www.agia-pelagia-bellevue.com\/fr\/index.php\/bienvenue-au-refuge-bellevue\/activites-choses-a-faire\/#primaryimage"},"thumbnailUrl":"https:\/\/www.agia-pelagia-bellevue.com\/wp-content\/uploads\/2020\/03\/agia_pelagia_bellevue_006-4.jpg","datePublished":"2020-03-05T12:54:12+00:00","dateModified":"2020-03-09T12:51:37+00:00","breadcrumb":{"@id":"https:\/\/www.agia-pelagia-bellevue.com\/fr\/index.php\/bienvenue-au-refuge-bellevue\/activites-choses-a-faire\/#breadcrumb"},"inLanguage":"fr-FR","potentialAction":[{"@type":"ReadAction","target":["https:\/\/www.agia-pelagia-bellevue.com\/fr\/index.php\/bienvenue-au-refuge-bellevue\/activites-choses-a-faire\/"]}]},{"@type":"ImageObject","inLanguage":"fr-FR","@id":"https:\/\/www.agia-pelagia-bellevue.com\/fr\/index.php\/bienvenue-au-refuge-bellevue\/activites-choses-a-faire\/#primaryimage","url":"https:\/\/www.agia-pelagia-bellevue.com\/wp-content\/uploads\/2020\/03\/agia_pelagia_bellevue_006-4.jpg","contentUrl":"https:\/\/www.agia-pelagia-bellevue.com\/wp-content\/uploads\/2020\/03\/agia_pelagia_bellevue_006-4.jpg","width":1920,"height":1280},{"@type":"BreadcrumbList","@id":"https:\/\/www.agia-pelagia-bellevue.com\/fr\/index.php\/bienvenue-au-refuge-bellevue\/activites-choses-a-faire\/#breadcrumb","itemListElement":[{"@type":"ListItem","position":1,"name":"Home","item":"https:\/\/www.agia-pelagia-bellevue.com\/fr\/"},{"@type":"ListItem","position":2,"name":"BELLEVUE","item":"https:\/\/www.agia-pelagia-bellevue.com\/fr\/index.php\/bienvenue-au-refuge-bellevue\/"},{"@type":"ListItem","position":3,"name":"ACTIVIT\u00c9S \/ CHOSES \u00c0 FAIRE"}]},{"@type":"WebSite","@id":"https:\/\/www.agia-pelagia-bellevue.com\/#website","url":"https:\/\/www.agia-pelagia-bellevue.com\/","name":"Bellevue","description":"Agia Pelagia","publisher":{"@id":"https:\/\/www.agia-pelagia-bellevue.com\/#organization"},"potentialAction":[{"@type":"SearchAction","target":{"@type":"EntryPoint","urlTemplate":"https:\/\/www.agia-pelagia-bellevue.com\/?s={search_term_string}"},"query-input":{"@type":"PropertyValueSpecification","valueRequired":true,"valueName":"search_term_string"}}],"inLanguage":"fr-FR"},{"@type":"Organization","@id":"https:\/\/www.agia-pelagia-bellevue.com\/#organization","name":"Bellevue","url":"https:\/\/www.agia-pelagia-bellevue.com\/","logo":{"@type":"ImageObject","inLanguage":"fr-FR","@id":"https:\/\/www.agia-pelagia-bellevue.com\/#\/schema\/logo\/image\/","url":"https:\/\/www.agia-pelagia-bellevue.com\/wp-content\/uploads\/2019\/05\/cropped-Logo_BelleVue_Village_hor-2.png","contentUrl":"https:\/\/www.agia-pelagia-bellevue.com\/wp-content\/uploads\/2019\/05\/cropped-Logo_BelleVue_Village_hor-2.png","width":195,"height":67,"caption":"Bellevue"},"image":{"@id":"https:\/\/www.agia-pelagia-bellevue.com\/#\/schema\/logo\/image\/"}}]}},"jetpack_sharing_enabled":true,"_links":{"self":[{"href":"https:\/\/www.agia-pelagia-bellevue.com\/fr\/index.php\/wp-json\/wp\/v2\/pages\/1905","targetHints":{"allow":["GET"]}}],"collection":[{"href":"https:\/\/www.agia-pelagia-bellevue.com\/fr\/index.php\/wp-json\/wp\/v2\/pages"}],"about":[{"href":"https:\/\/www.agia-pelagia-bellevue.com\/fr\/index.php\/wp-json\/wp\/v2\/types\/page"}],"author":[{"embeddable":true,"href":"https:\/\/www.agia-pelagia-bellevue.com\/fr\/index.php\/wp-json\/wp\/v2\/users\/2"}],"replies":[{"embeddable":true,"href":"https:\/\/www.agia-pelagia-bellevue.com\/fr\/index.php\/wp-json\/wp\/v2\/comments?post=1905"}],"version-history":[{"count":1,"href":"https:\/\/www.agia-pelagia-bellevue.com\/fr\/index.php\/wp-json\/wp\/v2\/pages\/1905\/revisions"}],"predecessor-version":[{"id":1906,"href":"https:\/\/www.agia-pelagia-bellevue.com\/fr\/index.php\/wp-json\/wp\/v2\/pages\/1905\/revisions\/1906"}],"up":[{"embeddable":true,"href":"https:\/\/www.agia-pelagia-bellevue.com\/fr\/index.php\/wp-json\/wp\/v2\/pages\/1590"}],"wp:featuredmedia":[{"embeddable":true,"href":"https:\/\/www.agia-pelagia-bellevue.com\/fr\/index.php\/wp-json\/wp\/v2\/media\/2100"}],"wp:attachment":[{"href":"https:\/\/www.agia-pelagia-bellevue.com\/fr\/index.php\/wp-json\/wp\/v2\/media?parent=1905"}],"wp:term":[{"taxonomy":"post_tag","embeddable":true,"href":"https:\/\/www.agia-pelagia-bellevue.com\/fr\/index.php\/wp-json\/wp\/v2\/tags?post=1905"}],"curies":[{"name":"wp","href":"https:\/\/api.w.org\/{rel}","templated":true}]}}