{"id":1908,"date":"2020-02-05T14:26:54","date_gmt":"2020-02-05T14:26:54","guid":{"rendered":"https:\/\/www.agia-pelagia-bellevue.com\/?page_id=1908"},"modified":"2020-03-09T14:12:04","modified_gmt":"2020-03-09T14:12:04","slug":"notre-histoire","status":"publish","type":"page","link":"https:\/\/www.agia-pelagia-bellevue.com\/fr\/index.php\/bienvenue-au-refuge-bellevue\/notre-histoire\/","title":{"rendered":"NOTRE HISTOIRE"},"content":{"rendered":"<p>Poss\u00e9der Bellevue m&rsquo;a donn\u00e9 l&rsquo;occasion de rencontrer tant de gens de partout le monde et devenez chers amis avec la plupart d&rsquo;entre eux. J&rsquo;ai h\u00e2te qu&rsquo;on se rencontre et vous accueillir \u00e0 Bellevue !!!!!! Nous vous accueillerons avec un rafra\u00eechissement et aussi Son notre plaisir vous offre (si vous le souhaitez) des informations et des conseils pour les lieux et les plages qu&rsquo;il vaut la peine de visiter pour que vous puissiez facilement faire votre programme quotidien pour explorer Cr\u00e8te!!!!!!!!<\/p>\n<h2>\u201cUn invit\u00e9 n&rsquo;oublie jamais l&rsquo;h\u00f4te qui l&rsquo;a bien trait\u00e9\u201d<\/h2>\n<p><img fetchpriority=\"high\" decoding=\"async\" class=\"wp-image-502 size-medium alignleft\" src=\"http:\/\/agia-pelagia-bellevue.com\/wp-content\/uploads\/2019\/05\/agia_pelagia_bellevue_001-300x200.jpg\" alt=\"\" width=\"300\" height=\"200\"><\/p>\n<p>Pas \u00e9tonnant qu&rsquo;il y ait autant de clients r\u00e9currents et de critiques positives. Bonjour mon nom est George James Pantouvakis. N\u00e9 en Angleterre (Brighton) Je suis venu en Gr\u00e8ce quand j&rsquo;avais 6 ans. Construire avec ma famille lentement un petit complexe d&rsquo;appartements et de chambres dans le centre de Cr\u00e8te pr\u00e8s du village de p\u00eacheurs d&rsquo;Agia p\u00e9lagie. Aime lire des livres et entendre de la bonne musique et voyager Pendant l&rsquo;hiver je suis agriculteur, j&rsquo;ai des oliviers \u00e0 Bellevue et deux autres endroits en Cr\u00e8te et nous produisons notre fine huile d&rsquo;olive bio-\u00e9cologique, Que nous utilisons pour notre cuisine dans notre petite taverne de bellevue (lire les avis sur nos c\u00e9l\u00e8bre moussaka et Kleftiko, lampe torr\u00e9fi\u00e9e \u00e0 l&rsquo;eau-forte) nous la vendons \u00e9galement sur le march\u00e9 de l&rsquo;huile d&rsquo;olive Nous produisons \u00e9galement du vin blanc (le type Villano) et du vin rouge sec et bien s\u00fbr je dois mentionner la production secr\u00e8te \u00e0 la fin Octomper de notre c\u00e9l\u00e8bre Crete Raki (voir Photos) Nous aimerions partager avec vous un lieu unique dans un petit coin de paradis. Les clients sont toujours les bienvenus \u00e0 Bellevue. Je consid\u00e8re les invit\u00e9s comme mes amis avant tout. Poss\u00e9der Bellevue m&rsquo;a donn\u00e9 l&rsquo;occasion de rencontrer tant de gens de tous dans le monde &#8211; certains qui sont devenus de tr\u00e8s chers amis. J&rsquo;ai aussi du temps \u00e0 passer avec ma famille. J&rsquo;ai h\u00e2te de vous rencontrer et de vous accueillir \u00e0 Bellevue !!!!!!!! Mon slogan: \u00abUn invit\u00e9 n&rsquo;oublie jamais l&rsquo;h\u00f4te qui l&rsquo;a bien trait\u00e9\u00bb Cet endroit est mon r\u00eave et c&rsquo;est la raison pour laquelle il est si sp\u00e9cial. Pour nous \u00e0 Bellevue Village, travailler dans l&rsquo;h\u00f4tellerie en Cr\u00e8te n&rsquo;est pas seulement un travail mais un moyen de la vie, en prenant soin de chacun de nos clients de la m\u00eame mani\u00e8re que nous le ferions pour notre famille et amis, en les accueillant dans notre pr\u00e9cieuse maison &#8230; la magnifique \u00eele de Cr\u00e8te! Dans les chambres et suites chics et d\u00e9cor\u00e9es dans le d\u00e9tail de Bellevue, nous visons non seulement \u00e0 offrir du confort mais aussi et surtout, nous visons \u00e0 cr\u00e9er des souvenirs que chacun l&rsquo;un des invit\u00e9s portera pour toujours dans leur c\u0153ur.<\/p>\n\n\n<p><\/p>\n","protected":false},"excerpt":{"rendered":"<p>Poss\u00e9der Bellevue m&rsquo;a donn\u00e9 l&rsquo;occasion de rencontrer tant de gens de partout le monde et devenez chers amis avec la plupart d&rsquo;entre eux. J&rsquo;ai h\u00e2te qu&rsquo;on se rencontre et vous accueillir \u00e0 Bellevue !!!!!! Nous vous accueillerons avec un rafra\u00eechissement et aussi Son notre plaisir vous offre (si vous le souhaitez) des informations et des [&hellip;]<\/p>\n","protected":false},"author":2,"featured_media":1941,"parent":1590,"menu_order":2,"comment_status":"closed","ping_status":"closed","template":"","meta":{"footnotes":""},"tags":[],"class_list":["post-1908","page","type-page","status-publish","has-post-thumbnail","hentry"],"yoast_head":"<!-- This site is optimized with the Yoast SEO plugin v25.8 - https:\/\/yoast.com\/wordpress\/plugins\/seo\/ -->\n<title>NOTRE HISTOIRE - Bellevue<\/title>\n<meta name=\"robots\" content=\"index, follow, max-snippet:-1, max-image-preview:large, max-video-preview:-1\" \/>\n<link rel=\"canonical\" href=\"https:\/\/www.agia-pelagia-bellevue.com\/fr\/index.php\/bienvenue-au-refuge-bellevue\/notre-histoire\/\" \/>\n<meta property=\"og:locale\" content=\"fr_FR\" \/>\n<meta property=\"og:type\" content=\"article\" \/>\n<meta property=\"og:title\" content=\"NOTRE HISTOIRE - Bellevue\" \/>\n<meta property=\"og:description\" content=\"Poss\u00e9der Bellevue m&rsquo;a donn\u00e9 l&rsquo;occasion de rencontrer tant de gens de partout le monde et devenez chers amis avec la plupart d&rsquo;entre eux. J&rsquo;ai h\u00e2te qu&rsquo;on se rencontre et vous accueillir \u00e0 Bellevue !!!!!! Nous vous accueillerons avec un rafra\u00eechissement et aussi Son notre plaisir vous offre (si vous le souhaitez) des informations et des [&hellip;]\" \/>\n<meta property=\"og:url\" content=\"https:\/\/www.agia-pelagia-bellevue.com\/fr\/index.php\/bienvenue-au-refuge-bellevue\/notre-histoire\/\" \/>\n<meta property=\"og:site_name\" content=\"Bellevue\" \/>\n<meta property=\"article:modified_time\" content=\"2020-03-09T14:12:04+00:00\" \/>\n<meta property=\"og:image\" content=\"https:\/\/www.agia-pelagia-bellevue.com\/wp-content\/uploads\/2019\/05\/agia_pelagia_bellevue_002-7.jpg\" \/>\n\t<meta property=\"og:image:width\" content=\"1920\" \/>\n\t<meta property=\"og:image:height\" content=\"1280\" \/>\n\t<meta property=\"og:image:type\" content=\"image\/jpeg\" \/>\n<meta name=\"twitter:card\" content=\"summary_large_image\" \/>\n<meta name=\"twitter:label1\" content=\"Dur\u00e9e de lecture estim\u00e9e\" \/>\n\t<meta name=\"twitter:data1\" content=\"2 minutes\" \/>\n<script type=\"application\/ld+json\" class=\"yoast-schema-graph\">{\"@context\":\"https:\/\/schema.org\",\"@graph\":[{\"@type\":\"WebPage\",\"@id\":\"https:\/\/www.agia-pelagia-bellevue.com\/fr\/index.php\/bienvenue-au-refuge-bellevue\/notre-histoire\/\",\"url\":\"https:\/\/www.agia-pelagia-bellevue.com\/fr\/index.php\/bienvenue-au-refuge-bellevue\/notre-histoire\/\",\"name\":\"NOTRE HISTOIRE - Bellevue\",\"isPartOf\":{\"@id\":\"https:\/\/www.agia-pelagia-bellevue.com\/#website\"},\"primaryImageOfPage\":{\"@id\":\"https:\/\/www.agia-pelagia-bellevue.com\/fr\/index.php\/bienvenue-au-refuge-bellevue\/notre-histoire\/#primaryimage\"},\"image\":{\"@id\":\"https:\/\/www.agia-pelagia-bellevue.com\/fr\/index.php\/bienvenue-au-refuge-bellevue\/notre-histoire\/#primaryimage\"},\"thumbnailUrl\":\"https:\/\/www.agia-pelagia-bellevue.com\/wp-content\/uploads\/2019\/05\/agia_pelagia_bellevue_002-7.jpg\",\"datePublished\":\"2020-02-05T14:26:54+00:00\",\"dateModified\":\"2020-03-09T14:12:04+00:00\",\"breadcrumb\":{\"@id\":\"https:\/\/www.agia-pelagia-bellevue.com\/fr\/index.php\/bienvenue-au-refuge-bellevue\/notre-histoire\/#breadcrumb\"},\"inLanguage\":\"fr-FR\",\"potentialAction\":[{\"@type\":\"ReadAction\",\"target\":[\"https:\/\/www.agia-pelagia-bellevue.com\/fr\/index.php\/bienvenue-au-refuge-bellevue\/notre-histoire\/\"]}]},{\"@type\":\"ImageObject\",\"inLanguage\":\"fr-FR\",\"@id\":\"https:\/\/www.agia-pelagia-bellevue.com\/fr\/index.php\/bienvenue-au-refuge-bellevue\/notre-histoire\/#primaryimage\",\"url\":\"https:\/\/www.agia-pelagia-bellevue.com\/wp-content\/uploads\/2019\/05\/agia_pelagia_bellevue_002-7.jpg\",\"contentUrl\":\"https:\/\/www.agia-pelagia-bellevue.com\/wp-content\/uploads\/2019\/05\/agia_pelagia_bellevue_002-7.jpg\",\"width\":1920,\"height\":1280},{\"@type\":\"BreadcrumbList\",\"@id\":\"https:\/\/www.agia-pelagia-bellevue.com\/fr\/index.php\/bienvenue-au-refuge-bellevue\/notre-histoire\/#breadcrumb\",\"itemListElement\":[{\"@type\":\"ListItem\",\"position\":1,\"name\":\"Home\",\"item\":\"https:\/\/www.agia-pelagia-bellevue.com\/fr\/\"},{\"@type\":\"ListItem\",\"position\":2,\"name\":\"BELLEVUE\",\"item\":\"https:\/\/www.agia-pelagia-bellevue.com\/fr\/index.php\/bienvenue-au-refuge-bellevue\/\"},{\"@type\":\"ListItem\",\"position\":3,\"name\":\"NOTRE HISTOIRE\"}]},{\"@type\":\"WebSite\",\"@id\":\"https:\/\/www.agia-pelagia-bellevue.com\/#website\",\"url\":\"https:\/\/www.agia-pelagia-bellevue.com\/\",\"name\":\"Bellevue\",\"description\":\"Agia Pelagia\",\"publisher\":{\"@id\":\"https:\/\/www.agia-pelagia-bellevue.com\/#organization\"},\"potentialAction\":[{\"@type\":\"SearchAction\",\"target\":{\"@type\":\"EntryPoint\",\"urlTemplate\":\"https:\/\/www.agia-pelagia-bellevue.com\/?s={search_term_string}\"},\"query-input\":{\"@type\":\"PropertyValueSpecification\",\"valueRequired\":true,\"valueName\":\"search_term_string\"}}],\"inLanguage\":\"fr-FR\"},{\"@type\":\"Organization\",\"@id\":\"https:\/\/www.agia-pelagia-bellevue.com\/#organization\",\"name\":\"Bellevue\",\"url\":\"https:\/\/www.agia-pelagia-bellevue.com\/\",\"logo\":{\"@type\":\"ImageObject\",\"inLanguage\":\"fr-FR\",\"@id\":\"https:\/\/www.agia-pelagia-bellevue.com\/#\/schema\/logo\/image\/\",\"url\":\"https:\/\/www.agia-pelagia-bellevue.com\/wp-content\/uploads\/2019\/05\/cropped-Logo_BelleVue_Village_hor-2.png\",\"contentUrl\":\"https:\/\/www.agia-pelagia-bellevue.com\/wp-content\/uploads\/2019\/05\/cropped-Logo_BelleVue_Village_hor-2.png\",\"width\":195,\"height\":67,\"caption\":\"Bellevue\"},\"image\":{\"@id\":\"https:\/\/www.agia-pelagia-bellevue.com\/#\/schema\/logo\/image\/\"}}]}<\/script>\n<!-- \/ Yoast SEO plugin. -->","yoast_head_json":{"title":"NOTRE HISTOIRE - Bellevue","robots":{"index":"index","follow":"follow","max-snippet":"max-snippet:-1","max-image-preview":"max-image-preview:large","max-video-preview":"max-video-preview:-1"},"canonical":"https:\/\/www.agia-pelagia-bellevue.com\/fr\/index.php\/bienvenue-au-refuge-bellevue\/notre-histoire\/","og_locale":"fr_FR","og_type":"article","og_title":"NOTRE HISTOIRE - Bellevue","og_description":"Poss\u00e9der Bellevue m&rsquo;a donn\u00e9 l&rsquo;occasion de rencontrer tant de gens de partout le monde et devenez chers amis avec la plupart d&rsquo;entre eux. J&rsquo;ai h\u00e2te qu&rsquo;on se rencontre et vous accueillir \u00e0 Bellevue !!!!!! Nous vous accueillerons avec un rafra\u00eechissement et aussi Son notre plaisir vous offre (si vous le souhaitez) des informations et des [&hellip;]","og_url":"https:\/\/www.agia-pelagia-bellevue.com\/fr\/index.php\/bienvenue-au-refuge-bellevue\/notre-histoire\/","og_site_name":"Bellevue","article_modified_time":"2020-03-09T14:12:04+00:00","og_image":[{"width":1920,"height":1280,"url":"https:\/\/www.agia-pelagia-bellevue.com\/wp-content\/uploads\/2019\/05\/agia_pelagia_bellevue_002-7.jpg","type":"image\/jpeg"}],"twitter_card":"summary_large_image","twitter_misc":{"Dur\u00e9e de lecture estim\u00e9e":"2 minutes"},"schema":{"@context":"https:\/\/schema.org","@graph":[{"@type":"WebPage","@id":"https:\/\/www.agia-pelagia-bellevue.com\/fr\/index.php\/bienvenue-au-refuge-bellevue\/notre-histoire\/","url":"https:\/\/www.agia-pelagia-bellevue.com\/fr\/index.php\/bienvenue-au-refuge-bellevue\/notre-histoire\/","name":"NOTRE HISTOIRE - Bellevue","isPartOf":{"@id":"https:\/\/www.agia-pelagia-bellevue.com\/#website"},"primaryImageOfPage":{"@id":"https:\/\/www.agia-pelagia-bellevue.com\/fr\/index.php\/bienvenue-au-refuge-bellevue\/notre-histoire\/#primaryimage"},"image":{"@id":"https:\/\/www.agia-pelagia-bellevue.com\/fr\/index.php\/bienvenue-au-refuge-bellevue\/notre-histoire\/#primaryimage"},"thumbnailUrl":"https:\/\/www.agia-pelagia-bellevue.com\/wp-content\/uploads\/2019\/05\/agia_pelagia_bellevue_002-7.jpg","datePublished":"2020-02-05T14:26:54+00:00","dateModified":"2020-03-09T14:12:04+00:00","breadcrumb":{"@id":"https:\/\/www.agia-pelagia-bellevue.com\/fr\/index.php\/bienvenue-au-refuge-bellevue\/notre-histoire\/#breadcrumb"},"inLanguage":"fr-FR","potentialAction":[{"@type":"ReadAction","target":["https:\/\/www.agia-pelagia-bellevue.com\/fr\/index.php\/bienvenue-au-refuge-bellevue\/notre-histoire\/"]}]},{"@type":"ImageObject","inLanguage":"fr-FR","@id":"https:\/\/www.agia-pelagia-bellevue.com\/fr\/index.php\/bienvenue-au-refuge-bellevue\/notre-histoire\/#primaryimage","url":"https:\/\/www.agia-pelagia-bellevue.com\/wp-content\/uploads\/2019\/05\/agia_pelagia_bellevue_002-7.jpg","contentUrl":"https:\/\/www.agia-pelagia-bellevue.com\/wp-content\/uploads\/2019\/05\/agia_pelagia_bellevue_002-7.jpg","width":1920,"height":1280},{"@type":"BreadcrumbList","@id":"https:\/\/www.agia-pelagia-bellevue.com\/fr\/index.php\/bienvenue-au-refuge-bellevue\/notre-histoire\/#breadcrumb","itemListElement":[{"@type":"ListItem","position":1,"name":"Home","item":"https:\/\/www.agia-pelagia-bellevue.com\/fr\/"},{"@type":"ListItem","position":2,"name":"BELLEVUE","item":"https:\/\/www.agia-pelagia-bellevue.com\/fr\/index.php\/bienvenue-au-refuge-bellevue\/"},{"@type":"ListItem","position":3,"name":"NOTRE HISTOIRE"}]},{"@type":"WebSite","@id":"https:\/\/www.agia-pelagia-bellevue.com\/#website","url":"https:\/\/www.agia-pelagia-bellevue.com\/","name":"Bellevue","description":"Agia Pelagia","publisher":{"@id":"https:\/\/www.agia-pelagia-bellevue.com\/#organization"},"potentialAction":[{"@type":"SearchAction","target":{"@type":"EntryPoint","urlTemplate":"https:\/\/www.agia-pelagia-bellevue.com\/?s={search_term_string}"},"query-input":{"@type":"PropertyValueSpecification","valueRequired":true,"valueName":"search_term_string"}}],"inLanguage":"fr-FR"},{"@type":"Organization","@id":"https:\/\/www.agia-pelagia-bellevue.com\/#organization","name":"Bellevue","url":"https:\/\/www.agia-pelagia-bellevue.com\/","logo":{"@type":"ImageObject","inLanguage":"fr-FR","@id":"https:\/\/www.agia-pelagia-bellevue.com\/#\/schema\/logo\/image\/","url":"https:\/\/www.agia-pelagia-bellevue.com\/wp-content\/uploads\/2019\/05\/cropped-Logo_BelleVue_Village_hor-2.png","contentUrl":"https:\/\/www.agia-pelagia-bellevue.com\/wp-content\/uploads\/2019\/05\/cropped-Logo_BelleVue_Village_hor-2.png","width":195,"height":67,"caption":"Bellevue"},"image":{"@id":"https:\/\/www.agia-pelagia-bellevue.com\/#\/schema\/logo\/image\/"}}]}},"jetpack_sharing_enabled":true,"_links":{"self":[{"href":"https:\/\/www.agia-pelagia-bellevue.com\/fr\/index.php\/wp-json\/wp\/v2\/pages\/1908","targetHints":{"allow":["GET"]}}],"collection":[{"href":"https:\/\/www.agia-pelagia-bellevue.com\/fr\/index.php\/wp-json\/wp\/v2\/pages"}],"about":[{"href":"https:\/\/www.agia-pelagia-bellevue.com\/fr\/index.php\/wp-json\/wp\/v2\/types\/page"}],"author":[{"embeddable":true,"href":"https:\/\/www.agia-pelagia-bellevue.com\/fr\/index.php\/wp-json\/wp\/v2\/users\/2"}],"replies":[{"embeddable":true,"href":"https:\/\/www.agia-pelagia-bellevue.com\/fr\/index.php\/wp-json\/wp\/v2\/comments?post=1908"}],"version-history":[{"count":2,"href":"https:\/\/www.agia-pelagia-bellevue.com\/fr\/index.php\/wp-json\/wp\/v2\/pages\/1908\/revisions"}],"predecessor-version":[{"id":2174,"href":"https:\/\/www.agia-pelagia-bellevue.com\/fr\/index.php\/wp-json\/wp\/v2\/pages\/1908\/revisions\/2174"}],"up":[{"embeddable":true,"href":"https:\/\/www.agia-pelagia-bellevue.com\/fr\/index.php\/wp-json\/wp\/v2\/pages\/1590"}],"wp:featuredmedia":[{"embeddable":true,"href":"https:\/\/www.agia-pelagia-bellevue.com\/fr\/index.php\/wp-json\/wp\/v2\/media\/1941"}],"wp:attachment":[{"href":"https:\/\/www.agia-pelagia-bellevue.com\/fr\/index.php\/wp-json\/wp\/v2\/media?parent=1908"}],"wp:term":[{"taxonomy":"post_tag","embeddable":true,"href":"https:\/\/www.agia-pelagia-bellevue.com\/fr\/index.php\/wp-json\/wp\/v2\/tags?post=1908"}],"curies":[{"name":"wp","href":"https:\/\/api.w.org\/{rel}","templated":true}]}}