{"id":1942,"date":"2020-02-08T14:36:38","date_gmt":"2020-02-08T14:36:38","guid":{"rendered":"https:\/\/www.agia-pelagia-bellevue.com\/?page_id=1942"},"modified":"2020-03-09T14:11:39","modified_gmt":"2020-03-09T14:11:39","slug":"en-mangeant","status":"publish","type":"page","link":"https:\/\/www.agia-pelagia-bellevue.com\/fr\/index.php\/bienvenue-au-refuge-bellevue\/en-mangeant\/","title":{"rendered":"EN MANGEANT"},"content":{"rendered":"<p class=\"section-visible\">Dans notre taverne traditionnelle avec une vue imprenable Chaque matin, vous pouvez avoir petit d\u00e9jeuner \u00e0 buffe, Commencez votre journ\u00e9e comme un roi avec notre d\u00e9licieux petit d\u00e9jeuner! Et tous les soirs Nos nuits d&rsquo;\u00e9t\u00e9 sont sp\u00e9ciales avec les go\u00fbts traditionnels et les recettes uniques que nous faisons avec nos produits et notre fameux VIN !!! .<\/p>\n<p> (D\u00e9lices traditionnels de la cusine grecque. Les ingr\u00e9dients frais des producteurs locaux consistent en la base de toutes les sp\u00e9cialit\u00e9s grecques traditionnelles dont nos clients peuvent profiter d\u00eener. )<\/p>\n<h4>Cuisine cr\u00e9toise<\/h4>\n<p>La cuisine cr\u00e9toise est notamment color\u00e9e, d\u00e9licieuse et saine \u00e0 manger. Le meilleur l&rsquo;exp\u00e9rience pour go\u00fbter les plats indig\u00e8nes de la Cr\u00e8te vient au cours de la traditionnelle f\u00eates qui se produisent dans les villages. Dans ces f\u00eates, vous pouvez litt\u00e9ralement vous r\u00e9galer nourriture, vins exquis et musique folk anim\u00e9e. Lors de vacances en Cr\u00e8te, allez-y et essayez ces plats indig\u00e8nes \u00e0 les tavernes traditionnelles:<\/p>\n<p>\u2022 Dakos &#8211; biscotte aux olives, origan, tomates et fromage feta, arros\u00e9e d&rsquo;huile d&rsquo;olive<br \/>\n\u2022 Feta<br \/>\n\u2022 Courgette frite<br \/>\n\u2022 Aubergine frite<br \/>\n\u2022 Gemista &#8211; courgette et tomates farcies de riz<br \/>\n\u2022 Salade grecque &#8211; un m\u00e9lange de concombre, oignons, olives, tomates et fromage feta<br \/>\n\u2022 Horta vrasta &#8211; l\u00e9gumes verts bouillis, puis assaisonn\u00e9s de jus de citron<br \/>\net l&rsquo;huile d&rsquo;olive<br \/>\nLes fruits de mer sont \u00e9galement abondants et savoureux en Cr\u00e8te. Dans une taverne cr\u00e9toise, vous pouvez vous aider au kalamari, qui est un calmar pan\u00e9 et frit; pieuvre, bouillie, grill\u00e9e ou tremp\u00e9 dans du vinaigre; crevettes cuites avec une sauce rouge et du fromage; et moules. Quant aux boissons, la boisson cr\u00e9toise la plus c\u00e9l\u00e8bre est la Tsikoudia, un pilier des tavernes et bars sur l&rsquo;\u00eele. Les vins de Cr\u00e8te ont un go\u00fbt unique et exquis. le<br \/>\nun caf\u00e9 grec fort et stimulant est un autre incontournable. Tout comme le caf\u00e9 turc ou arabe, le caf\u00e9 grec est tr\u00e8s pauvre en caf\u00e9ine. Vous pouvez commander soit du caf\u00e9 glykos, qui a deux sucres; metrios, qui n&rsquo;a qu&rsquo;un seul sucre; et sketos, la version cr\u00e9toise du caf\u00e9 noir.<\/p>\n<div class=\"home-display\">\n<h3>Photo Gallery<\/h3>\n<div id='gallery-1' class='gallery galleryid-1942 gallery-columns-3 gallery-size-thumbnail'><figure class='gallery-item'>\n\t\t\t<div class='gallery-icon landscape'>\n\t\t\t\t<a href='https:\/\/www.agia-pelagia-bellevue.com\/wp-content\/uploads\/2019\/06\/Tavern_Bellevue_5755.jpg' data-lightbox=\"gal[1942]\"><img decoding=\"async\" width=\"150\" height=\"150\" src=\"https:\/\/www.agia-pelagia-bellevue.com\/wp-content\/uploads\/2019\/06\/Tavern_Bellevue_5755-150x150.jpg\" class=\"attachment-thumbnail size-thumbnail\" alt=\"\" srcset=\"https:\/\/www.agia-pelagia-bellevue.com\/wp-content\/uploads\/2019\/06\/Tavern_Bellevue_5755-150x150.jpg 150w, https:\/\/www.agia-pelagia-bellevue.com\/wp-content\/uploads\/2019\/06\/Tavern_Bellevue_5755-68x68.jpg 68w\" sizes=\"(max-width: 150px) 100vw, 150px\" \/><\/a>\n\t\t\t<\/div><\/figure><figure class='gallery-item'>\n\t\t\t<div class='gallery-icon landscape'>\n\t\t\t\t<a href='https:\/\/www.agia-pelagia-bellevue.com\/wp-content\/uploads\/2019\/06\/Tavern_Bellevue_5734.jpg' data-lightbox=\"gal[1942]\"><img decoding=\"async\" width=\"150\" height=\"150\" src=\"https:\/\/www.agia-pelagia-bellevue.com\/wp-content\/uploads\/2019\/06\/Tavern_Bellevue_5734-150x150.jpg\" class=\"attachment-thumbnail size-thumbnail\" alt=\"\" srcset=\"https:\/\/www.agia-pelagia-bellevue.com\/wp-content\/uploads\/2019\/06\/Tavern_Bellevue_5734-150x150.jpg 150w, https:\/\/www.agia-pelagia-bellevue.com\/wp-content\/uploads\/2019\/06\/Tavern_Bellevue_5734-68x68.jpg 68w\" sizes=\"(max-width: 150px) 100vw, 150px\" \/><\/a>\n\t\t\t<\/div><\/figure><figure class='gallery-item'>\n\t\t\t<div class='gallery-icon landscape'>\n\t\t\t\t<a href='https:\/\/www.agia-pelagia-bellevue.com\/wp-content\/uploads\/2019\/06\/Tavern_Bellevue_5901.jpg' data-lightbox=\"gal[1942]\"><img decoding=\"async\" width=\"150\" height=\"150\" src=\"https:\/\/www.agia-pelagia-bellevue.com\/wp-content\/uploads\/2019\/06\/Tavern_Bellevue_5901-150x150.jpg\" class=\"attachment-thumbnail size-thumbnail\" alt=\"\" srcset=\"https:\/\/www.agia-pelagia-bellevue.com\/wp-content\/uploads\/2019\/06\/Tavern_Bellevue_5901-150x150.jpg 150w, https:\/\/www.agia-pelagia-bellevue.com\/wp-content\/uploads\/2019\/06\/Tavern_Bellevue_5901-68x68.jpg 68w\" sizes=\"(max-width: 150px) 100vw, 150px\" \/><\/a>\n\t\t\t<\/div><\/figure><figure class='gallery-item'>\n\t\t\t<div class='gallery-icon landscape'>\n\t\t\t\t<a href='https:\/\/www.agia-pelagia-bellevue.com\/wp-content\/uploads\/2019\/06\/Tavern_Bellevue_5820.jpg' data-lightbox=\"gal[1942]\"><img loading=\"lazy\" decoding=\"async\" width=\"150\" height=\"150\" src=\"https:\/\/www.agia-pelagia-bellevue.com\/wp-content\/uploads\/2019\/06\/Tavern_Bellevue_5820-150x150.jpg\" class=\"attachment-thumbnail size-thumbnail\" alt=\"\" srcset=\"https:\/\/www.agia-pelagia-bellevue.com\/wp-content\/uploads\/2019\/06\/Tavern_Bellevue_5820-150x150.jpg 150w, https:\/\/www.agia-pelagia-bellevue.com\/wp-content\/uploads\/2019\/06\/Tavern_Bellevue_5820-68x68.jpg 68w\" sizes=\"(max-width: 150px) 100vw, 150px\" \/><\/a>\n\t\t\t<\/div><\/figure><figure class='gallery-item'>\n\t\t\t<div class='gallery-icon landscape'>\n\t\t\t\t<a href='https:\/\/www.agia-pelagia-bellevue.com\/wp-content\/uploads\/2019\/06\/Tavern_Bellevue_5800.jpg' data-lightbox=\"gal[1942]\"><img loading=\"lazy\" decoding=\"async\" width=\"150\" height=\"150\" src=\"https:\/\/www.agia-pelagia-bellevue.com\/wp-content\/uploads\/2019\/06\/Tavern_Bellevue_5800-150x150.jpg\" class=\"attachment-thumbnail size-thumbnail\" alt=\"\" srcset=\"https:\/\/www.agia-pelagia-bellevue.com\/wp-content\/uploads\/2019\/06\/Tavern_Bellevue_5800-150x150.jpg 150w, https:\/\/www.agia-pelagia-bellevue.com\/wp-content\/uploads\/2019\/06\/Tavern_Bellevue_5800-68x68.jpg 68w\" sizes=\"(max-width: 150px) 100vw, 150px\" \/><\/a>\n\t\t\t<\/div><\/figure><figure class='gallery-item'>\n\t\t\t<div class='gallery-icon landscape'>\n\t\t\t\t<a href='https:\/\/www.agia-pelagia-bellevue.com\/wp-content\/uploads\/2019\/06\/Tavern_Bellevue_5797.jpg' data-lightbox=\"gal[1942]\"><img loading=\"lazy\" decoding=\"async\" width=\"150\" height=\"150\" src=\"https:\/\/www.agia-pelagia-bellevue.com\/wp-content\/uploads\/2019\/06\/Tavern_Bellevue_5797-150x150.jpg\" class=\"attachment-thumbnail size-thumbnail\" alt=\"\" srcset=\"https:\/\/www.agia-pelagia-bellevue.com\/wp-content\/uploads\/2019\/06\/Tavern_Bellevue_5797-150x150.jpg 150w, https:\/\/www.agia-pelagia-bellevue.com\/wp-content\/uploads\/2019\/06\/Tavern_Bellevue_5797-68x68.jpg 68w\" sizes=\"(max-width: 150px) 100vw, 150px\" \/><\/a>\n\t\t\t<\/div><\/figure><figure class='gallery-item'>\n\t\t\t<div class='gallery-icon landscape'>\n\t\t\t\t<a href='https:\/\/www.agia-pelagia-bellevue.com\/wp-content\/uploads\/2019\/06\/Tavern_Bellevue_5789.jpg' data-lightbox=\"gal[1942]\"><img loading=\"lazy\" decoding=\"async\" width=\"150\" height=\"150\" src=\"https:\/\/www.agia-pelagia-bellevue.com\/wp-content\/uploads\/2019\/06\/Tavern_Bellevue_5789-150x150.jpg\" class=\"attachment-thumbnail size-thumbnail\" alt=\"\" srcset=\"https:\/\/www.agia-pelagia-bellevue.com\/wp-content\/uploads\/2019\/06\/Tavern_Bellevue_5789-150x150.jpg 150w, https:\/\/www.agia-pelagia-bellevue.com\/wp-content\/uploads\/2019\/06\/Tavern_Bellevue_5789-68x68.jpg 68w\" sizes=\"(max-width: 150px) 100vw, 150px\" \/><\/a>\n\t\t\t<\/div><\/figure><figure class='gallery-item'>\n\t\t\t<div class='gallery-icon landscape'>\n\t\t\t\t<a href='https:\/\/www.agia-pelagia-bellevue.com\/wp-content\/uploads\/2019\/06\/Tavern_Bellevue_5782.jpg' data-lightbox=\"gal[1942]\"><img loading=\"lazy\" decoding=\"async\" width=\"150\" height=\"150\" src=\"https:\/\/www.agia-pelagia-bellevue.com\/wp-content\/uploads\/2019\/06\/Tavern_Bellevue_5782-150x150.jpg\" class=\"attachment-thumbnail size-thumbnail\" alt=\"\" srcset=\"https:\/\/www.agia-pelagia-bellevue.com\/wp-content\/uploads\/2019\/06\/Tavern_Bellevue_5782-150x150.jpg 150w, https:\/\/www.agia-pelagia-bellevue.com\/wp-content\/uploads\/2019\/06\/Tavern_Bellevue_5782-68x68.jpg 68w\" sizes=\"(max-width: 150px) 100vw, 150px\" \/><\/a>\n\t\t\t<\/div><\/figure><figure class='gallery-item'>\n\t\t\t<div class='gallery-icon landscape'>\n\t\t\t\t<a href='https:\/\/www.agia-pelagia-bellevue.com\/wp-content\/uploads\/2019\/06\/Tavern_Bellevue_5777.jpg' data-lightbox=\"gal[1942]\"><img loading=\"lazy\" decoding=\"async\" width=\"150\" height=\"150\" src=\"https:\/\/www.agia-pelagia-bellevue.com\/wp-content\/uploads\/2019\/06\/Tavern_Bellevue_5777-150x150.jpg\" class=\"attachment-thumbnail size-thumbnail\" alt=\"\" srcset=\"https:\/\/www.agia-pelagia-bellevue.com\/wp-content\/uploads\/2019\/06\/Tavern_Bellevue_5777-150x150.jpg 150w, https:\/\/www.agia-pelagia-bellevue.com\/wp-content\/uploads\/2019\/06\/Tavern_Bellevue_5777-68x68.jpg 68w\" sizes=\"(max-width: 150px) 100vw, 150px\" \/><\/a>\n\t\t\t<\/div><\/figure><figure class='gallery-item'>\n\t\t\t<div class='gallery-icon landscape'>\n\t\t\t\t<a href='https:\/\/www.agia-pelagia-bellevue.com\/wp-content\/uploads\/2019\/06\/Tavern_Bellevue_5760.jpg' data-lightbox=\"gal[1942]\"><img loading=\"lazy\" decoding=\"async\" width=\"150\" height=\"150\" src=\"https:\/\/www.agia-pelagia-bellevue.com\/wp-content\/uploads\/2019\/06\/Tavern_Bellevue_5760-150x150.jpg\" class=\"attachment-thumbnail size-thumbnail\" alt=\"\" srcset=\"https:\/\/www.agia-pelagia-bellevue.com\/wp-content\/uploads\/2019\/06\/Tavern_Bellevue_5760-150x150.jpg 150w, https:\/\/www.agia-pelagia-bellevue.com\/wp-content\/uploads\/2019\/06\/Tavern_Bellevue_5760-68x68.jpg 68w\" sizes=\"(max-width: 150px) 100vw, 150px\" \/><\/a>\n\t\t\t<\/div><\/figure>\n\t\t<\/div>\n\n<\/div>\n","protected":false},"excerpt":{"rendered":"<p>Dans notre taverne traditionnelle avec une vue imprenable Chaque matin, vous pouvez avoir petit d\u00e9jeuner \u00e0 buffe, Commencez votre journ\u00e9e comme un roi avec notre d\u00e9licieux petit d\u00e9jeuner! Et tous les soirs Nos nuits d&rsquo;\u00e9t\u00e9 sont sp\u00e9ciales avec les go\u00fbts traditionnels et les recettes uniques que nous faisons avec nos produits et notre fameux VIN [&hellip;]<\/p>\n","protected":false},"author":2,"featured_media":2105,"parent":1590,"menu_order":3,"comment_status":"closed","ping_status":"closed","template":"","meta":{"footnotes":""},"tags":[],"class_list":["post-1942","page","type-page","status-publish","has-post-thumbnail","hentry"],"yoast_head":"<!-- This site is optimized with the Yoast SEO plugin v25.8 - https:\/\/yoast.com\/wordpress\/plugins\/seo\/ -->\n<title>EN MANGEANT - Bellevue<\/title>\n<meta name=\"robots\" content=\"index, follow, max-snippet:-1, max-image-preview:large, max-video-preview:-1\" \/>\n<link rel=\"canonical\" href=\"https:\/\/www.agia-pelagia-bellevue.com\/fr\/index.php\/bienvenue-au-refuge-bellevue\/en-mangeant\/\" \/>\n<meta property=\"og:locale\" content=\"fr_FR\" \/>\n<meta property=\"og:type\" content=\"article\" \/>\n<meta property=\"og:title\" content=\"EN MANGEANT - Bellevue\" \/>\n<meta property=\"og:description\" content=\"Dans notre taverne traditionnelle avec une vue imprenable Chaque matin, vous pouvez avoir petit d\u00e9jeuner \u00e0 buffe, Commencez votre journ\u00e9e comme un roi avec notre d\u00e9licieux petit d\u00e9jeuner! Et tous les soirs Nos nuits d&rsquo;\u00e9t\u00e9 sont sp\u00e9ciales avec les go\u00fbts traditionnels et les recettes uniques que nous faisons avec nos produits et notre fameux VIN [&hellip;]\" \/>\n<meta property=\"og:url\" content=\"https:\/\/www.agia-pelagia-bellevue.com\/fr\/index.php\/bienvenue-au-refuge-bellevue\/en-mangeant\/\" \/>\n<meta property=\"og:site_name\" content=\"Bellevue\" \/>\n<meta property=\"article:modified_time\" content=\"2020-03-09T14:11:39+00:00\" \/>\n<meta property=\"og:image\" content=\"https:\/\/www.agia-pelagia-bellevue.com\/wp-content\/uploads\/2020\/03\/Galleru_Bellevue_5785.jpg\" \/>\n\t<meta property=\"og:image:width\" content=\"2500\" \/>\n\t<meta property=\"og:image:height\" content=\"1667\" \/>\n\t<meta property=\"og:image:type\" content=\"image\/jpeg\" \/>\n<meta name=\"twitter:card\" content=\"summary_large_image\" \/>\n<meta name=\"twitter:label1\" content=\"Dur\u00e9e de lecture estim\u00e9e\" \/>\n\t<meta name=\"twitter:data1\" content=\"2 minutes\" \/>\n<script type=\"application\/ld+json\" class=\"yoast-schema-graph\">{\"@context\":\"https:\/\/schema.org\",\"@graph\":[{\"@type\":\"WebPage\",\"@id\":\"https:\/\/www.agia-pelagia-bellevue.com\/fr\/index.php\/bienvenue-au-refuge-bellevue\/en-mangeant\/\",\"url\":\"https:\/\/www.agia-pelagia-bellevue.com\/fr\/index.php\/bienvenue-au-refuge-bellevue\/en-mangeant\/\",\"name\":\"EN MANGEANT - Bellevue\",\"isPartOf\":{\"@id\":\"https:\/\/www.agia-pelagia-bellevue.com\/#website\"},\"primaryImageOfPage\":{\"@id\":\"https:\/\/www.agia-pelagia-bellevue.com\/fr\/index.php\/bienvenue-au-refuge-bellevue\/en-mangeant\/#primaryimage\"},\"image\":{\"@id\":\"https:\/\/www.agia-pelagia-bellevue.com\/fr\/index.php\/bienvenue-au-refuge-bellevue\/en-mangeant\/#primaryimage\"},\"thumbnailUrl\":\"https:\/\/www.agia-pelagia-bellevue.com\/wp-content\/uploads\/2020\/03\/Galleru_Bellevue_5785.jpg\",\"datePublished\":\"2020-02-08T14:36:38+00:00\",\"dateModified\":\"2020-03-09T14:11:39+00:00\",\"breadcrumb\":{\"@id\":\"https:\/\/www.agia-pelagia-bellevue.com\/fr\/index.php\/bienvenue-au-refuge-bellevue\/en-mangeant\/#breadcrumb\"},\"inLanguage\":\"fr-FR\",\"potentialAction\":[{\"@type\":\"ReadAction\",\"target\":[\"https:\/\/www.agia-pelagia-bellevue.com\/fr\/index.php\/bienvenue-au-refuge-bellevue\/en-mangeant\/\"]}]},{\"@type\":\"ImageObject\",\"inLanguage\":\"fr-FR\",\"@id\":\"https:\/\/www.agia-pelagia-bellevue.com\/fr\/index.php\/bienvenue-au-refuge-bellevue\/en-mangeant\/#primaryimage\",\"url\":\"https:\/\/www.agia-pelagia-bellevue.com\/wp-content\/uploads\/2020\/03\/Galleru_Bellevue_5785.jpg\",\"contentUrl\":\"https:\/\/www.agia-pelagia-bellevue.com\/wp-content\/uploads\/2020\/03\/Galleru_Bellevue_5785.jpg\",\"width\":2500,\"height\":1667},{\"@type\":\"BreadcrumbList\",\"@id\":\"https:\/\/www.agia-pelagia-bellevue.com\/fr\/index.php\/bienvenue-au-refuge-bellevue\/en-mangeant\/#breadcrumb\",\"itemListElement\":[{\"@type\":\"ListItem\",\"position\":1,\"name\":\"Home\",\"item\":\"https:\/\/www.agia-pelagia-bellevue.com\/fr\/\"},{\"@type\":\"ListItem\",\"position\":2,\"name\":\"BELLEVUE\",\"item\":\"https:\/\/www.agia-pelagia-bellevue.com\/fr\/index.php\/bienvenue-au-refuge-bellevue\/\"},{\"@type\":\"ListItem\",\"position\":3,\"name\":\"EN MANGEANT\"}]},{\"@type\":\"WebSite\",\"@id\":\"https:\/\/www.agia-pelagia-bellevue.com\/#website\",\"url\":\"https:\/\/www.agia-pelagia-bellevue.com\/\",\"name\":\"Bellevue\",\"description\":\"Agia Pelagia\",\"publisher\":{\"@id\":\"https:\/\/www.agia-pelagia-bellevue.com\/#organization\"},\"potentialAction\":[{\"@type\":\"SearchAction\",\"target\":{\"@type\":\"EntryPoint\",\"urlTemplate\":\"https:\/\/www.agia-pelagia-bellevue.com\/?s={search_term_string}\"},\"query-input\":{\"@type\":\"PropertyValueSpecification\",\"valueRequired\":true,\"valueName\":\"search_term_string\"}}],\"inLanguage\":\"fr-FR\"},{\"@type\":\"Organization\",\"@id\":\"https:\/\/www.agia-pelagia-bellevue.com\/#organization\",\"name\":\"Bellevue\",\"url\":\"https:\/\/www.agia-pelagia-bellevue.com\/\",\"logo\":{\"@type\":\"ImageObject\",\"inLanguage\":\"fr-FR\",\"@id\":\"https:\/\/www.agia-pelagia-bellevue.com\/#\/schema\/logo\/image\/\",\"url\":\"https:\/\/www.agia-pelagia-bellevue.com\/wp-content\/uploads\/2019\/05\/cropped-Logo_BelleVue_Village_hor-2.png\",\"contentUrl\":\"https:\/\/www.agia-pelagia-bellevue.com\/wp-content\/uploads\/2019\/05\/cropped-Logo_BelleVue_Village_hor-2.png\",\"width\":195,\"height\":67,\"caption\":\"Bellevue\"},\"image\":{\"@id\":\"https:\/\/www.agia-pelagia-bellevue.com\/#\/schema\/logo\/image\/\"}}]}<\/script>\n<!-- \/ Yoast SEO plugin. -->","yoast_head_json":{"title":"EN MANGEANT - Bellevue","robots":{"index":"index","follow":"follow","max-snippet":"max-snippet:-1","max-image-preview":"max-image-preview:large","max-video-preview":"max-video-preview:-1"},"canonical":"https:\/\/www.agia-pelagia-bellevue.com\/fr\/index.php\/bienvenue-au-refuge-bellevue\/en-mangeant\/","og_locale":"fr_FR","og_type":"article","og_title":"EN MANGEANT - Bellevue","og_description":"Dans notre taverne traditionnelle avec une vue imprenable Chaque matin, vous pouvez avoir petit d\u00e9jeuner \u00e0 buffe, Commencez votre journ\u00e9e comme un roi avec notre d\u00e9licieux petit d\u00e9jeuner! Et tous les soirs Nos nuits d&rsquo;\u00e9t\u00e9 sont sp\u00e9ciales avec les go\u00fbts traditionnels et les recettes uniques que nous faisons avec nos produits et notre fameux VIN [&hellip;]","og_url":"https:\/\/www.agia-pelagia-bellevue.com\/fr\/index.php\/bienvenue-au-refuge-bellevue\/en-mangeant\/","og_site_name":"Bellevue","article_modified_time":"2020-03-09T14:11:39+00:00","og_image":[{"width":2500,"height":1667,"url":"https:\/\/www.agia-pelagia-bellevue.com\/wp-content\/uploads\/2020\/03\/Galleru_Bellevue_5785.jpg","type":"image\/jpeg"}],"twitter_card":"summary_large_image","twitter_misc":{"Dur\u00e9e de lecture estim\u00e9e":"2 minutes"},"schema":{"@context":"https:\/\/schema.org","@graph":[{"@type":"WebPage","@id":"https:\/\/www.agia-pelagia-bellevue.com\/fr\/index.php\/bienvenue-au-refuge-bellevue\/en-mangeant\/","url":"https:\/\/www.agia-pelagia-bellevue.com\/fr\/index.php\/bienvenue-au-refuge-bellevue\/en-mangeant\/","name":"EN MANGEANT - Bellevue","isPartOf":{"@id":"https:\/\/www.agia-pelagia-bellevue.com\/#website"},"primaryImageOfPage":{"@id":"https:\/\/www.agia-pelagia-bellevue.com\/fr\/index.php\/bienvenue-au-refuge-bellevue\/en-mangeant\/#primaryimage"},"image":{"@id":"https:\/\/www.agia-pelagia-bellevue.com\/fr\/index.php\/bienvenue-au-refuge-bellevue\/en-mangeant\/#primaryimage"},"thumbnailUrl":"https:\/\/www.agia-pelagia-bellevue.com\/wp-content\/uploads\/2020\/03\/Galleru_Bellevue_5785.jpg","datePublished":"2020-02-08T14:36:38+00:00","dateModified":"2020-03-09T14:11:39+00:00","breadcrumb":{"@id":"https:\/\/www.agia-pelagia-bellevue.com\/fr\/index.php\/bienvenue-au-refuge-bellevue\/en-mangeant\/#breadcrumb"},"inLanguage":"fr-FR","potentialAction":[{"@type":"ReadAction","target":["https:\/\/www.agia-pelagia-bellevue.com\/fr\/index.php\/bienvenue-au-refuge-bellevue\/en-mangeant\/"]}]},{"@type":"ImageObject","inLanguage":"fr-FR","@id":"https:\/\/www.agia-pelagia-bellevue.com\/fr\/index.php\/bienvenue-au-refuge-bellevue\/en-mangeant\/#primaryimage","url":"https:\/\/www.agia-pelagia-bellevue.com\/wp-content\/uploads\/2020\/03\/Galleru_Bellevue_5785.jpg","contentUrl":"https:\/\/www.agia-pelagia-bellevue.com\/wp-content\/uploads\/2020\/03\/Galleru_Bellevue_5785.jpg","width":2500,"height":1667},{"@type":"BreadcrumbList","@id":"https:\/\/www.agia-pelagia-bellevue.com\/fr\/index.php\/bienvenue-au-refuge-bellevue\/en-mangeant\/#breadcrumb","itemListElement":[{"@type":"ListItem","position":1,"name":"Home","item":"https:\/\/www.agia-pelagia-bellevue.com\/fr\/"},{"@type":"ListItem","position":2,"name":"BELLEVUE","item":"https:\/\/www.agia-pelagia-bellevue.com\/fr\/index.php\/bienvenue-au-refuge-bellevue\/"},{"@type":"ListItem","position":3,"name":"EN MANGEANT"}]},{"@type":"WebSite","@id":"https:\/\/www.agia-pelagia-bellevue.com\/#website","url":"https:\/\/www.agia-pelagia-bellevue.com\/","name":"Bellevue","description":"Agia Pelagia","publisher":{"@id":"https:\/\/www.agia-pelagia-bellevue.com\/#organization"},"potentialAction":[{"@type":"SearchAction","target":{"@type":"EntryPoint","urlTemplate":"https:\/\/www.agia-pelagia-bellevue.com\/?s={search_term_string}"},"query-input":{"@type":"PropertyValueSpecification","valueRequired":true,"valueName":"search_term_string"}}],"inLanguage":"fr-FR"},{"@type":"Organization","@id":"https:\/\/www.agia-pelagia-bellevue.com\/#organization","name":"Bellevue","url":"https:\/\/www.agia-pelagia-bellevue.com\/","logo":{"@type":"ImageObject","inLanguage":"fr-FR","@id":"https:\/\/www.agia-pelagia-bellevue.com\/#\/schema\/logo\/image\/","url":"https:\/\/www.agia-pelagia-bellevue.com\/wp-content\/uploads\/2019\/05\/cropped-Logo_BelleVue_Village_hor-2.png","contentUrl":"https:\/\/www.agia-pelagia-bellevue.com\/wp-content\/uploads\/2019\/05\/cropped-Logo_BelleVue_Village_hor-2.png","width":195,"height":67,"caption":"Bellevue"},"image":{"@id":"https:\/\/www.agia-pelagia-bellevue.com\/#\/schema\/logo\/image\/"}}]}},"jetpack_sharing_enabled":true,"_links":{"self":[{"href":"https:\/\/www.agia-pelagia-bellevue.com\/fr\/index.php\/wp-json\/wp\/v2\/pages\/1942","targetHints":{"allow":["GET"]}}],"collection":[{"href":"https:\/\/www.agia-pelagia-bellevue.com\/fr\/index.php\/wp-json\/wp\/v2\/pages"}],"about":[{"href":"https:\/\/www.agia-pelagia-bellevue.com\/fr\/index.php\/wp-json\/wp\/v2\/types\/page"}],"author":[{"embeddable":true,"href":"https:\/\/www.agia-pelagia-bellevue.com\/fr\/index.php\/wp-json\/wp\/v2\/users\/2"}],"replies":[{"embeddable":true,"href":"https:\/\/www.agia-pelagia-bellevue.com\/fr\/index.php\/wp-json\/wp\/v2\/comments?post=1942"}],"version-history":[{"count":4,"href":"https:\/\/www.agia-pelagia-bellevue.com\/fr\/index.php\/wp-json\/wp\/v2\/pages\/1942\/revisions"}],"predecessor-version":[{"id":2129,"href":"https:\/\/www.agia-pelagia-bellevue.com\/fr\/index.php\/wp-json\/wp\/v2\/pages\/1942\/revisions\/2129"}],"up":[{"embeddable":true,"href":"https:\/\/www.agia-pelagia-bellevue.com\/fr\/index.php\/wp-json\/wp\/v2\/pages\/1590"}],"wp:featuredmedia":[{"embeddable":true,"href":"https:\/\/www.agia-pelagia-bellevue.com\/fr\/index.php\/wp-json\/wp\/v2\/media\/2105"}],"wp:attachment":[{"href":"https:\/\/www.agia-pelagia-bellevue.com\/fr\/index.php\/wp-json\/wp\/v2\/media?parent=1942"}],"wp:term":[{"taxonomy":"post_tag","embeddable":true,"href":"https:\/\/www.agia-pelagia-bellevue.com\/fr\/index.php\/wp-json\/wp\/v2\/tags?post=1942"}],"curies":[{"name":"wp","href":"https:\/\/api.w.org\/{rel}","templated":true}]}}