{"id":1964,"date":"2020-02-04T13:10:59","date_gmt":"2020-02-04T13:10:59","guid":{"rendered":"https:\/\/www.agia-pelagia-bellevue.com\/?page_id=1964"},"modified":"2020-03-09T14:14:12","modified_gmt":"2020-03-09T14:14:12","slug":"pieces","status":"publish","type":"page","link":"https:\/\/www.agia-pelagia-bellevue.com\/fr\/index.php\/pieces\/","title":{"rendered":"H\u00c9BERGEMENT"},"content":{"rendered":"<p class=\"section-visible\">Bellevue est une belle<br \/>\ncomplexe d&rsquo;appartements bungalows et suites. Situ\u00e9 \u00e0 17-18 kilom\u00e8tres \u00e0 l&rsquo;ouest d&rsquo;H\u00e9raklion dans un environnement enviable et situation unique surplombant la petite baie pittoresque de Ligaria et Agia p\u00e9lagie<\/p>\n<p>C&rsquo;est un bel appartement d\u00e9cor\u00e9 dans un style insulaire (bleu et blanc) avec kichenette, balconi ou patio que vous avez vue mer! Nos b\u00e2timents de faible hauteur transmettent un sentiment intime de quartier insulaire et le fait que les chambres Bellevue s&rsquo;\u00e9talent sur 7 000 m\u00b2 garantissent votre tranquillit\u00e9 ininterrompue.<\/p>\n<p>Bellevue Hideaway capture la magnifique essence de la vie insulaire, avec son \u00e9l\u00e9gance, d\u00e9coration simple, int\u00e9rieurs a\u00e9r\u00e9s et vaste terrasse ouverte sur spectaculaire vues. C&rsquo;est une magnifique propri\u00e9t\u00e9, dans un endroit idyllique qui offre une superbe qualit\u00e9 et tout le confort et o\u00f9 vous pourrez vous d\u00e9tendre compl\u00e8tement. Somptueux dans son blanc int\u00e9rieurs et arcades arrondies avec une touche de couleur occasionnelle et minimaliste ameublement; il est intime, priv\u00e9 et s\u00e9curis\u00e9, con\u00e7u architecturalement pour l&rsquo;esth\u00e9tique vivant, divertissant et relaxant.<\/p>\n<div class=\"row row-items\">\n\t\n<!--?php\nif ( has_tag( 'foobar' ) ) {\n    \n\t\n\t\n\t\n}\n?-->\n\n<div class=\"col-lg-6 col-sm-6 col-xs-12\">\n\t<div class=\"item\">\n\t\t<a href=\"https:\/\/www.agia-pelagia-bellevue.com\/fr\/index.php\/pieces\/appartement-vue-mer-pour-deux-personnes\/\">\n\t\t\t<figure class=\"item-thumb\">\n\t\t\t\t\t<img fetchpriority=\"high\" decoding=\"async\" width=\"750\" height=\"850\" src=\"https:\/\/www.agia-pelagia-bellevue.com\/wp-content\/uploads\/2026\/03\/20250902_133022-750x850.jpg\" class=\"attachment-milos-listing size-milos-listing wp-post-image\" alt=\"\" \/>\t\t\t<\/figure>\n\n\t\t\t<div class=\"item-info\">\n\t\t\t\t<p class=\"item-title\">APPARTEMENT VUE MER POUR DEUX PERSONNES<\/p>\t\t\t\t<span class=\"btn btn-sm item-btn\">Read more<\/span>\n\t\t\t<\/div>\n\t\t<\/a>\n\t<\/div>\n<\/div>\n<!--?php\nif ( has_tag( 'foobar' ) ) {\n    \n\t\n\t\n\t\n}\n?-->\n\n<div class=\"col-lg-6 col-sm-6 col-xs-12\">\n\t<div class=\"item\">\n\t\t<a href=\"https:\/\/www.agia-pelagia-bellevue.com\/fr\/index.php\/pieces\/appartement-face-a-la-piscine\/\">\n\t\t\t<figure class=\"item-thumb\">\n\t\t\t\t\t<img decoding=\"async\" width=\"750\" height=\"850\" src=\"https:\/\/www.agia-pelagia-bellevue.com\/wp-content\/uploads\/2019\/07\/Poolfront_apartment_Bellevue_6360-750x850.jpg\" class=\"attachment-milos-listing size-milos-listing wp-post-image\" alt=\"\" \/>\t\t\t<\/figure>\n\n\t\t\t<div class=\"item-info\">\n\t\t\t\t<p class=\"item-title\">APPARTEMENT FACE \u00c0 LA PISCINE<\/p>\t\t\t\t<span class=\"btn btn-sm item-btn\">Read more<\/span>\n\t\t\t<\/div>\n\t\t<\/a>\n\t<\/div>\n<\/div>\n<!--?php\nif ( has_tag( 'foobar' ) ) {\n    \n\t\n\t\n\t\n}\n?-->\n\n<div class=\"col-lg-6 col-sm-6 col-xs-12\">\n\t<div class=\"item\">\n\t\t<a href=\"https:\/\/www.agia-pelagia-bellevue.com\/fr\/index.php\/pieces\/suite-junior\/\">\n\t\t\t<figure class=\"item-thumb\">\n\t\t\t\t\t<img decoding=\"async\" width=\"750\" height=\"850\" src=\"https:\/\/www.agia-pelagia-bellevue.com\/wp-content\/uploads\/2026\/03\/20251018_130222-750x850.jpg\" class=\"attachment-milos-listing size-milos-listing wp-post-image\" alt=\"\" \/>\t\t\t<\/figure>\n\n\t\t\t<div class=\"item-info\">\n\t\t\t\t<p class=\"item-title\">SUITE JUNIOR<\/p>\t\t\t\t<span class=\"btn btn-sm item-btn\">Read more<\/span>\n\t\t\t<\/div>\n\t\t<\/a>\n\t<\/div>\n<\/div>\n<!--?php\nif ( has_tag( 'foobar' ) ) {\n    \n\t\n\t\n\t\n}\n?-->\n\n<div class=\"col-lg-6 col-sm-6 col-xs-12\">\n\t<div class=\"item\">\n\t\t<a href=\"https:\/\/www.agia-pelagia-bellevue.com\/fr\/index.php\/pieces\/suite-panoramique\/\">\n\t\t\t<figure class=\"item-thumb\">\n\t\t\t\t\t<img loading=\"lazy\" decoding=\"async\" width=\"750\" height=\"850\" src=\"https:\/\/www.agia-pelagia-bellevue.com\/wp-content\/uploads\/2019\/06\/Panoramic_suite_Bellevue_4827-750x850.jpg\" class=\"attachment-milos-listing size-milos-listing wp-post-image\" alt=\"\" \/>\t\t\t<\/figure>\n\n\t\t\t<div class=\"item-info\">\n\t\t\t\t<p class=\"item-title\">SUITE PANORAMIQUE<\/p>\t\t\t\t<span class=\"btn btn-sm item-btn\">Read more<\/span>\n\t\t\t<\/div>\n\t\t<\/a>\n\t<\/div>\n<\/div>\n<!--?php\nif ( has_tag( 'foobar' ) ) {\n    \n\t\n\t\n\t\n}\n?-->\n\n<div class=\"col-lg-6 col-sm-6 col-xs-12\">\n\t<div class=\"item\">\n\t\t<a href=\"https:\/\/www.agia-pelagia-bellevue.com\/fr\/index.php\/pieces\/suite-superieure\/\">\n\t\t\t<figure class=\"item-thumb\">\n\t\t\t\t\t<img loading=\"lazy\" decoding=\"async\" width=\"750\" height=\"850\" src=\"https:\/\/www.agia-pelagia-bellevue.com\/wp-content\/uploads\/2019\/06\/Superior_suite_Bellevue_4855-750x850.jpg\" class=\"attachment-milos-listing size-milos-listing wp-post-image\" alt=\"\" \/>\t\t\t<\/figure>\n\n\t\t\t<div class=\"item-info\">\n\t\t\t\t<p class=\"item-title\">SUITE SUP\u00c9RIEURE<\/p>\t\t\t\t<span class=\"btn btn-sm item-btn\">Read more<\/span>\n\t\t\t<\/div>\n\t\t<\/a>\n\t<\/div>\n<\/div>\n<!--?php\nif ( has_tag( 'foobar' ) ) {\n    \n\t\n\t\n\t\n}\n?-->\n\n<div class=\"col-lg-6 col-sm-6 col-xs-12\">\n\t<div class=\"item\">\n\t\t<a href=\"https:\/\/www.agia-pelagia-bellevue.com\/fr\/index.php\/pieces\/bungalow\/\">\n\t\t\t<figure class=\"item-thumb\">\n\t\t\t\t\t<img loading=\"lazy\" decoding=\"async\" width=\"750\" height=\"850\" src=\"https:\/\/www.agia-pelagia-bellevue.com\/wp-content\/uploads\/2019\/05\/agia_pelagia_bellevue_018-750x850.jpg\" class=\"attachment-milos-listing size-milos-listing wp-post-image\" alt=\"\" \/>\t\t\t<\/figure>\n\n\t\t\t<div class=\"item-info\">\n\t\t\t\t<p class=\"item-title\">BUNGALOW<\/p>\t\t\t\t<span class=\"btn btn-sm item-btn\">Read more<\/span>\n\t\t\t<\/div>\n\t\t<\/a>\n\t<\/div>\n<\/div><\/div>\n","protected":false},"excerpt":{"rendered":"<p>Bellevue est une belle complexe d&rsquo;appartements bungalows et suites. Situ\u00e9 \u00e0 17-18 kilom\u00e8tres \u00e0 l&rsquo;ouest d&rsquo;H\u00e9raklion dans un environnement enviable et situation unique surplombant la petite baie pittoresque de Ligaria et Agia p\u00e9lagie C&rsquo;est un bel appartement d\u00e9cor\u00e9 dans un style insulaire (bleu et blanc) avec kichenette, balconi ou patio que vous avez vue mer! [&hellip;]<\/p>\n","protected":false},"author":2,"featured_media":1708,"parent":0,"menu_order":0,"comment_status":"closed","ping_status":"closed","template":"templates\/template-child-pages.php","meta":{"footnotes":""},"tags":[5],"class_list":["post-1964","page","type-page","status-publish","has-post-thumbnail","hentry","tag-featured"],"yoast_head":"<!-- This site is optimized with the Yoast SEO plugin v25.8 - https:\/\/yoast.com\/wordpress\/plugins\/seo\/ -->\n<title>H\u00c9BERGEMENT - Bellevue<\/title>\n<meta name=\"robots\" content=\"index, follow, max-snippet:-1, max-image-preview:large, max-video-preview:-1\" \/>\n<link rel=\"canonical\" href=\"https:\/\/www.agia-pelagia-bellevue.com\/fr\/index.php\/pieces\/\" \/>\n<meta property=\"og:locale\" content=\"fr_FR\" \/>\n<meta property=\"og:type\" content=\"article\" \/>\n<meta property=\"og:title\" content=\"H\u00c9BERGEMENT - Bellevue\" \/>\n<meta property=\"og:description\" content=\"Bellevue est une belle complexe d&rsquo;appartements bungalows et suites. Situ\u00e9 \u00e0 17-18 kilom\u00e8tres \u00e0 l&rsquo;ouest d&rsquo;H\u00e9raklion dans un environnement enviable et situation unique surplombant la petite baie pittoresque de Ligaria et Agia p\u00e9lagie C&rsquo;est un bel appartement d\u00e9cor\u00e9 dans un style insulaire (bleu et blanc) avec kichenette, balconi ou patio que vous avez vue mer! [&hellip;]\" \/>\n<meta property=\"og:url\" content=\"https:\/\/www.agia-pelagia-bellevue.com\/fr\/index.php\/pieces\/\" \/>\n<meta property=\"og:site_name\" content=\"Bellevue\" \/>\n<meta property=\"article:modified_time\" content=\"2020-03-09T14:14:12+00:00\" \/>\n<meta property=\"og:image\" content=\"https:\/\/www.agia-pelagia-bellevue.com\/wp-content\/uploads\/2019\/06\/Bungalow_Bellevue_5664.jpg\" \/>\n\t<meta property=\"og:image:width\" content=\"2500\" \/>\n\t<meta property=\"og:image:height\" content=\"1667\" \/>\n\t<meta property=\"og:image:type\" content=\"image\/jpeg\" \/>\n<meta name=\"twitter:card\" content=\"summary_large_image\" \/>\n<meta name=\"twitter:label1\" content=\"Dur\u00e9e de lecture estim\u00e9e\" \/>\n\t<meta name=\"twitter:data1\" content=\"1 minute\" \/>\n<script type=\"application\/ld+json\" class=\"yoast-schema-graph\">{\"@context\":\"https:\/\/schema.org\",\"@graph\":[{\"@type\":\"WebPage\",\"@id\":\"https:\/\/www.agia-pelagia-bellevue.com\/fr\/index.php\/pieces\/\",\"url\":\"https:\/\/www.agia-pelagia-bellevue.com\/fr\/index.php\/pieces\/\",\"name\":\"H\u00c9BERGEMENT - Bellevue\",\"isPartOf\":{\"@id\":\"https:\/\/www.agia-pelagia-bellevue.com\/#website\"},\"primaryImageOfPage\":{\"@id\":\"https:\/\/www.agia-pelagia-bellevue.com\/fr\/index.php\/pieces\/#primaryimage\"},\"image\":{\"@id\":\"https:\/\/www.agia-pelagia-bellevue.com\/fr\/index.php\/pieces\/#primaryimage\"},\"thumbnailUrl\":\"https:\/\/www.agia-pelagia-bellevue.com\/wp-content\/uploads\/2019\/06\/Bungalow_Bellevue_5664.jpg\",\"datePublished\":\"2020-02-04T13:10:59+00:00\",\"dateModified\":\"2020-03-09T14:14:12+00:00\",\"breadcrumb\":{\"@id\":\"https:\/\/www.agia-pelagia-bellevue.com\/fr\/index.php\/pieces\/#breadcrumb\"},\"inLanguage\":\"fr-FR\",\"potentialAction\":[{\"@type\":\"ReadAction\",\"target\":[\"https:\/\/www.agia-pelagia-bellevue.com\/fr\/index.php\/pieces\/\"]}]},{\"@type\":\"ImageObject\",\"inLanguage\":\"fr-FR\",\"@id\":\"https:\/\/www.agia-pelagia-bellevue.com\/fr\/index.php\/pieces\/#primaryimage\",\"url\":\"https:\/\/www.agia-pelagia-bellevue.com\/wp-content\/uploads\/2019\/06\/Bungalow_Bellevue_5664.jpg\",\"contentUrl\":\"https:\/\/www.agia-pelagia-bellevue.com\/wp-content\/uploads\/2019\/06\/Bungalow_Bellevue_5664.jpg\",\"width\":2500,\"height\":1667},{\"@type\":\"BreadcrumbList\",\"@id\":\"https:\/\/www.agia-pelagia-bellevue.com\/fr\/index.php\/pieces\/#breadcrumb\",\"itemListElement\":[{\"@type\":\"ListItem\",\"position\":1,\"name\":\"Home\",\"item\":\"https:\/\/www.agia-pelagia-bellevue.com\/fr\/\"},{\"@type\":\"ListItem\",\"position\":2,\"name\":\"H\u00c9BERGEMENT\"}]},{\"@type\":\"WebSite\",\"@id\":\"https:\/\/www.agia-pelagia-bellevue.com\/#website\",\"url\":\"https:\/\/www.agia-pelagia-bellevue.com\/\",\"name\":\"Bellevue\",\"description\":\"Agia Pelagia\",\"publisher\":{\"@id\":\"https:\/\/www.agia-pelagia-bellevue.com\/#organization\"},\"potentialAction\":[{\"@type\":\"SearchAction\",\"target\":{\"@type\":\"EntryPoint\",\"urlTemplate\":\"https:\/\/www.agia-pelagia-bellevue.com\/?s={search_term_string}\"},\"query-input\":{\"@type\":\"PropertyValueSpecification\",\"valueRequired\":true,\"valueName\":\"search_term_string\"}}],\"inLanguage\":\"fr-FR\"},{\"@type\":\"Organization\",\"@id\":\"https:\/\/www.agia-pelagia-bellevue.com\/#organization\",\"name\":\"Bellevue\",\"url\":\"https:\/\/www.agia-pelagia-bellevue.com\/\",\"logo\":{\"@type\":\"ImageObject\",\"inLanguage\":\"fr-FR\",\"@id\":\"https:\/\/www.agia-pelagia-bellevue.com\/#\/schema\/logo\/image\/\",\"url\":\"https:\/\/www.agia-pelagia-bellevue.com\/wp-content\/uploads\/2019\/05\/cropped-Logo_BelleVue_Village_hor-2.png\",\"contentUrl\":\"https:\/\/www.agia-pelagia-bellevue.com\/wp-content\/uploads\/2019\/05\/cropped-Logo_BelleVue_Village_hor-2.png\",\"width\":195,\"height\":67,\"caption\":\"Bellevue\"},\"image\":{\"@id\":\"https:\/\/www.agia-pelagia-bellevue.com\/#\/schema\/logo\/image\/\"}}]}<\/script>\n<!-- \/ Yoast SEO plugin. -->","yoast_head_json":{"title":"H\u00c9BERGEMENT - Bellevue","robots":{"index":"index","follow":"follow","max-snippet":"max-snippet:-1","max-image-preview":"max-image-preview:large","max-video-preview":"max-video-preview:-1"},"canonical":"https:\/\/www.agia-pelagia-bellevue.com\/fr\/index.php\/pieces\/","og_locale":"fr_FR","og_type":"article","og_title":"H\u00c9BERGEMENT - Bellevue","og_description":"Bellevue est une belle complexe d&rsquo;appartements bungalows et suites. Situ\u00e9 \u00e0 17-18 kilom\u00e8tres \u00e0 l&rsquo;ouest d&rsquo;H\u00e9raklion dans un environnement enviable et situation unique surplombant la petite baie pittoresque de Ligaria et Agia p\u00e9lagie C&rsquo;est un bel appartement d\u00e9cor\u00e9 dans un style insulaire (bleu et blanc) avec kichenette, balconi ou patio que vous avez vue mer! [&hellip;]","og_url":"https:\/\/www.agia-pelagia-bellevue.com\/fr\/index.php\/pieces\/","og_site_name":"Bellevue","article_modified_time":"2020-03-09T14:14:12+00:00","og_image":[{"width":2500,"height":1667,"url":"https:\/\/www.agia-pelagia-bellevue.com\/wp-content\/uploads\/2019\/06\/Bungalow_Bellevue_5664.jpg","type":"image\/jpeg"}],"twitter_card":"summary_large_image","twitter_misc":{"Dur\u00e9e de lecture estim\u00e9e":"1 minute"},"schema":{"@context":"https:\/\/schema.org","@graph":[{"@type":"WebPage","@id":"https:\/\/www.agia-pelagia-bellevue.com\/fr\/index.php\/pieces\/","url":"https:\/\/www.agia-pelagia-bellevue.com\/fr\/index.php\/pieces\/","name":"H\u00c9BERGEMENT - Bellevue","isPartOf":{"@id":"https:\/\/www.agia-pelagia-bellevue.com\/#website"},"primaryImageOfPage":{"@id":"https:\/\/www.agia-pelagia-bellevue.com\/fr\/index.php\/pieces\/#primaryimage"},"image":{"@id":"https:\/\/www.agia-pelagia-bellevue.com\/fr\/index.php\/pieces\/#primaryimage"},"thumbnailUrl":"https:\/\/www.agia-pelagia-bellevue.com\/wp-content\/uploads\/2019\/06\/Bungalow_Bellevue_5664.jpg","datePublished":"2020-02-04T13:10:59+00:00","dateModified":"2020-03-09T14:14:12+00:00","breadcrumb":{"@id":"https:\/\/www.agia-pelagia-bellevue.com\/fr\/index.php\/pieces\/#breadcrumb"},"inLanguage":"fr-FR","potentialAction":[{"@type":"ReadAction","target":["https:\/\/www.agia-pelagia-bellevue.com\/fr\/index.php\/pieces\/"]}]},{"@type":"ImageObject","inLanguage":"fr-FR","@id":"https:\/\/www.agia-pelagia-bellevue.com\/fr\/index.php\/pieces\/#primaryimage","url":"https:\/\/www.agia-pelagia-bellevue.com\/wp-content\/uploads\/2019\/06\/Bungalow_Bellevue_5664.jpg","contentUrl":"https:\/\/www.agia-pelagia-bellevue.com\/wp-content\/uploads\/2019\/06\/Bungalow_Bellevue_5664.jpg","width":2500,"height":1667},{"@type":"BreadcrumbList","@id":"https:\/\/www.agia-pelagia-bellevue.com\/fr\/index.php\/pieces\/#breadcrumb","itemListElement":[{"@type":"ListItem","position":1,"name":"Home","item":"https:\/\/www.agia-pelagia-bellevue.com\/fr\/"},{"@type":"ListItem","position":2,"name":"H\u00c9BERGEMENT"}]},{"@type":"WebSite","@id":"https:\/\/www.agia-pelagia-bellevue.com\/#website","url":"https:\/\/www.agia-pelagia-bellevue.com\/","name":"Bellevue","description":"Agia Pelagia","publisher":{"@id":"https:\/\/www.agia-pelagia-bellevue.com\/#organization"},"potentialAction":[{"@type":"SearchAction","target":{"@type":"EntryPoint","urlTemplate":"https:\/\/www.agia-pelagia-bellevue.com\/?s={search_term_string}"},"query-input":{"@type":"PropertyValueSpecification","valueRequired":true,"valueName":"search_term_string"}}],"inLanguage":"fr-FR"},{"@type":"Organization","@id":"https:\/\/www.agia-pelagia-bellevue.com\/#organization","name":"Bellevue","url":"https:\/\/www.agia-pelagia-bellevue.com\/","logo":{"@type":"ImageObject","inLanguage":"fr-FR","@id":"https:\/\/www.agia-pelagia-bellevue.com\/#\/schema\/logo\/image\/","url":"https:\/\/www.agia-pelagia-bellevue.com\/wp-content\/uploads\/2019\/05\/cropped-Logo_BelleVue_Village_hor-2.png","contentUrl":"https:\/\/www.agia-pelagia-bellevue.com\/wp-content\/uploads\/2019\/05\/cropped-Logo_BelleVue_Village_hor-2.png","width":195,"height":67,"caption":"Bellevue"},"image":{"@id":"https:\/\/www.agia-pelagia-bellevue.com\/#\/schema\/logo\/image\/"}}]}},"jetpack_sharing_enabled":true,"_links":{"self":[{"href":"https:\/\/www.agia-pelagia-bellevue.com\/fr\/index.php\/wp-json\/wp\/v2\/pages\/1964","targetHints":{"allow":["GET"]}}],"collection":[{"href":"https:\/\/www.agia-pelagia-bellevue.com\/fr\/index.php\/wp-json\/wp\/v2\/pages"}],"about":[{"href":"https:\/\/www.agia-pelagia-bellevue.com\/fr\/index.php\/wp-json\/wp\/v2\/types\/page"}],"author":[{"embeddable":true,"href":"https:\/\/www.agia-pelagia-bellevue.com\/fr\/index.php\/wp-json\/wp\/v2\/users\/2"}],"replies":[{"embeddable":true,"href":"https:\/\/www.agia-pelagia-bellevue.com\/fr\/index.php\/wp-json\/wp\/v2\/comments?post=1964"}],"version-history":[{"count":2,"href":"https:\/\/www.agia-pelagia-bellevue.com\/fr\/index.php\/wp-json\/wp\/v2\/pages\/1964\/revisions"}],"predecessor-version":[{"id":2121,"href":"https:\/\/www.agia-pelagia-bellevue.com\/fr\/index.php\/wp-json\/wp\/v2\/pages\/1964\/revisions\/2121"}],"wp:featuredmedia":[{"embeddable":true,"href":"https:\/\/www.agia-pelagia-bellevue.com\/fr\/index.php\/wp-json\/wp\/v2\/media\/1708"}],"wp:attachment":[{"href":"https:\/\/www.agia-pelagia-bellevue.com\/fr\/index.php\/wp-json\/wp\/v2\/media?parent=1964"}],"wp:term":[{"taxonomy":"post_tag","embeddable":true,"href":"https:\/\/www.agia-pelagia-bellevue.com\/fr\/index.php\/wp-json\/wp\/v2\/tags?post=1964"}],"curies":[{"name":"wp","href":"https:\/\/api.w.org\/{rel}","templated":true}]}}