{"id":2069,"date":"2020-02-07T13:26:37","date_gmt":"2020-02-07T13:26:37","guid":{"rendered":"https:\/\/www.agia-pelagia-bellevue.com\/?page_id=2069"},"modified":"2020-03-09T14:11:49","modified_gmt":"2020-03-09T14:11:49","slug":"emplacement","status":"publish","type":"page","link":"https:\/\/www.agia-pelagia-bellevue.com\/fr\/index.php\/emplacement\/","title":{"rendered":"EMPLACEMENT"},"content":{"rendered":"<p class=\"section-visible\">Bellevue est un magnifique complexe d&rsquo;appartements bungalows et suites. Situ\u00e9 17 km \u00e0 l&rsquo;ouest d&rsquo;H\u00e9raklion dans un endroit enviable et unique avec vue sur la petite pittoresque baie de Ligaria et cosmopolite Agia Pelagia. Il y a quelques charmants petites baies de gravier avec Crystal Clear, mer calme qui sont parfaites pour la baignade, vous il suffit d&rsquo;en choisir un !!! Vous pouvez \u00e9galement explorer des endroits proches \u00e0 pied de la la nature &#8230;. En 5-6 min \u00e0 pied de notre chemin naturel priv\u00e9, vous trouverez la plage de Lygaria avec la taverne S.Market et les sports nautiques, c&rsquo;est une belle plage calme. est les plages d&rsquo;Agia Pelagia avec plus de restaurants, bars, boutiques S.markets, apothike banquier, centre m\u00e9dical et vie nocturne cosmopolite &#8230;<\/p>\n<p> En 10 min en voiture il y a le village traditionnel de Fodele qui a les meilleures oranges de toute la Cr\u00e8te! Au c\u00e9l\u00e8bre palais de Knossos, vous pouvez \u00eatre en voiture en 18 min et en 15 min en voiture vous \u00eates au Mus\u00e9e dans le centre de la Capitale !!!! En 5 -6min \u00e0 pied, vous \u00eatre \u00e0 la route nationale, si vous voulez aller \u00e0 Rethymno-Chania ou Heracklio en bus Vous pouvez nous trouver en suivant notre style de village traditionnel cach\u00e9 (avec une vue parfaite !!!) route qui nous relie \u00e0 la route nationale Nous sommes \u00e0 16 min en voiture de l&rsquo;a\u00e9roport international de Kazantzakis et \u00e0 18 min de Port d&rsquo;H\u00e9raklion (Santorini, Pereus arriv\u00e9e-d\u00e9part) Bellevue est au centre de la Cr\u00e8te et est \u00e0 proximit\u00e9 de nombreuses attractions et sites arch\u00e9ologiques tels que Knossos \u00e0 20 km. Phaestos 60 km. et bien s\u00fbr tous les mus\u00e9es c\u00e9l\u00e8bres. Vous avez juste besoin d&rsquo;une voiture pour explorer toute la r\u00e9gion et \u00eatre ind\u00e9pendant !!!!!!!! Suivez nos suggestions pour explorer les environs; la vibrante capitale de la \u00eele, H\u00e9raklion et la magnifique Cr\u00e8te. Retrouvez \u00e9galement plus de d\u00e9tails sur le activit\u00e9s que vous pouvez vous adonner et ressentir la beaut\u00e9 unique de l&rsquo;\u00eele comme vous \u00eates d\u00e9couvrir les plages, les monuments, l&rsquo;histoire et tout ce qui fait La Cr\u00e8te est une destination c\u00e9l\u00e8bre \u00e0 travers le monde et un petit coin de paradis sur terre. Nous vous fournirons les informations pour ne rien manquer!<\/p>\n<div class=\"row row-items\">\n\t\n<!--?php\nif ( has_tag( 'foobar' ) ) {\n    \n\t\n\t\n\t\n}\n?-->\n\n<div class=\"col-lg-6 col-sm-6 col-xs-12\">\n\t<div class=\"item\">\n\t\t<a href=\"https:\/\/www.agia-pelagia-bellevue.com\/fr\/index.php\/emplacement\/a-propos-dagia-pelagia\/\">\n\t\t\t<figure class=\"item-thumb\">\n\t\t\t\t\t<img fetchpriority=\"high\" decoding=\"async\" width=\"750\" height=\"850\" src=\"https:\/\/www.agia-pelagia-bellevue.com\/wp-content\/uploads\/2019\/05\/Agia_Pelagia_Fylakes_Beach_agia-pelagia-bellevue-750x850.jpg\" class=\"attachment-milos-listing size-milos-listing wp-post-image\" alt=\"\" \/>\t\t\t<\/figure>\n\n\t\t\t<div class=\"item-info\">\n\t\t\t\t<p class=\"item-title\">A PROPOS D&rsquo;AGIA PELAGIA<\/p>\t\t\t\t<span class=\"btn btn-sm item-btn\">Read more<\/span>\n\t\t\t<\/div>\n\t\t<\/a>\n\t<\/div>\n<\/div>\n<!--?php\nif ( has_tag( 'foobar' ) ) {\n    \n\t\n\t\n\t\n}\n?-->\n\n<div class=\"col-lg-6 col-sm-6 col-xs-12\">\n\t<div class=\"item\">\n\t\t<a href=\"https:\/\/www.agia-pelagia-bellevue.com\/fr\/index.php\/emplacement\/a-propos-de-la-crete\/\">\n\t\t\t<figure class=\"item-thumb\">\n\t\t\t\t\t<img decoding=\"async\" width=\"750\" height=\"850\" src=\"https:\/\/www.agia-pelagia-bellevue.com\/wp-content\/uploads\/2019\/05\/crete-agia-pelagia-bellevue-750x850.jpg\" class=\"attachment-milos-listing size-milos-listing wp-post-image\" alt=\"\" \/>\t\t\t<\/figure>\n\n\t\t\t<div class=\"item-info\">\n\t\t\t\t<p class=\"item-title\">\u00c0 PROPOS DE LA CR\u00c8TE<\/p>\t\t\t\t<span class=\"btn btn-sm item-btn\">Read more<\/span>\n\t\t\t<\/div>\n\t\t<\/a>\n\t<\/div>\n<\/div>\n<!--?php\nif ( has_tag( 'foobar' ) ) {\n    \n\t\n\t\n\t\n}\n?-->\n\n<div class=\"col-lg-6 col-sm-6 col-xs-12\">\n\t<div class=\"item\">\n\t\t<a href=\"https:\/\/www.agia-pelagia-bellevue.com\/fr\/index.php\/emplacement\/beach-guide\/\">\n\t\t\t<figure class=\"item-thumb\">\n\t\t\t\t\t<img decoding=\"async\" width=\"750\" height=\"850\" src=\"https:\/\/www.agia-pelagia-bellevue.com\/wp-content\/uploads\/2020\/03\/mononaftis-agia-pelagia-bellevue-750x850.jpg\" class=\"attachment-milos-listing size-milos-listing wp-post-image\" alt=\"\" \/>\t\t\t<\/figure>\n\n\t\t\t<div class=\"item-info\">\n\t\t\t\t<p class=\"item-title\">BEACH GUIDE<\/p>\t\t\t\t<span class=\"btn btn-sm item-btn\">Read more<\/span>\n\t\t\t<\/div>\n\t\t<\/a>\n\t<\/div>\n<\/div><\/div>\n","protected":false},"excerpt":{"rendered":"<p>Bellevue est un magnifique complexe d&rsquo;appartements bungalows et suites. Situ\u00e9 17 km \u00e0 l&rsquo;ouest d&rsquo;H\u00e9raklion dans un endroit enviable et unique avec vue sur la petite pittoresque baie de Ligaria et cosmopolite Agia Pelagia. Il y a quelques charmants petites baies de gravier avec Crystal Clear, mer calme qui sont parfaites pour la baignade, vous [&hellip;]<\/p>\n","protected":false},"author":2,"featured_media":2071,"parent":0,"menu_order":0,"comment_status":"closed","ping_status":"closed","template":"templates\/template-child-pages.php","meta":{"footnotes":""},"tags":[],"class_list":["post-2069","page","type-page","status-publish","has-post-thumbnail","hentry"],"yoast_head":"<!-- This site is optimized with the Yoast SEO plugin v25.8 - https:\/\/yoast.com\/wordpress\/plugins\/seo\/ -->\n<title>EMPLACEMENT - Bellevue<\/title>\n<meta name=\"robots\" content=\"index, follow, max-snippet:-1, max-image-preview:large, max-video-preview:-1\" \/>\n<link rel=\"canonical\" href=\"https:\/\/www.agia-pelagia-bellevue.com\/fr\/index.php\/emplacement\/\" \/>\n<meta property=\"og:locale\" content=\"fr_FR\" \/>\n<meta property=\"og:type\" content=\"article\" \/>\n<meta property=\"og:title\" content=\"EMPLACEMENT - Bellevue\" \/>\n<meta property=\"og:description\" content=\"Bellevue est un magnifique complexe d&rsquo;appartements bungalows et suites. Situ\u00e9 17 km \u00e0 l&rsquo;ouest d&rsquo;H\u00e9raklion dans un endroit enviable et unique avec vue sur la petite pittoresque baie de Ligaria et cosmopolite Agia Pelagia. Il y a quelques charmants petites baies de gravier avec Crystal Clear, mer calme qui sont parfaites pour la baignade, vous [&hellip;]\" \/>\n<meta property=\"og:url\" content=\"https:\/\/www.agia-pelagia-bellevue.com\/fr\/index.php\/emplacement\/\" \/>\n<meta property=\"og:site_name\" content=\"Bellevue\" \/>\n<meta property=\"article:modified_time\" content=\"2020-03-09T14:11:49+00:00\" \/>\n<meta property=\"og:image\" content=\"https:\/\/www.agia-pelagia-bellevue.com\/wp-content\/uploads\/2019\/05\/agia-pelagia-bellevue-1.jpg\" \/>\n\t<meta property=\"og:image:width\" content=\"2500\" \/>\n\t<meta property=\"og:image:height\" content=\"1667\" \/>\n\t<meta property=\"og:image:type\" content=\"image\/jpeg\" \/>\n<meta name=\"twitter:card\" content=\"summary_large_image\" \/>\n<meta name=\"twitter:label1\" content=\"Dur\u00e9e de lecture estim\u00e9e\" \/>\n\t<meta name=\"twitter:data1\" content=\"2 minutes\" \/>\n<script type=\"application\/ld+json\" class=\"yoast-schema-graph\">{\"@context\":\"https:\/\/schema.org\",\"@graph\":[{\"@type\":\"WebPage\",\"@id\":\"https:\/\/www.agia-pelagia-bellevue.com\/fr\/index.php\/emplacement\/\",\"url\":\"https:\/\/www.agia-pelagia-bellevue.com\/fr\/index.php\/emplacement\/\",\"name\":\"EMPLACEMENT - Bellevue\",\"isPartOf\":{\"@id\":\"https:\/\/www.agia-pelagia-bellevue.com\/#website\"},\"primaryImageOfPage\":{\"@id\":\"https:\/\/www.agia-pelagia-bellevue.com\/fr\/index.php\/emplacement\/#primaryimage\"},\"image\":{\"@id\":\"https:\/\/www.agia-pelagia-bellevue.com\/fr\/index.php\/emplacement\/#primaryimage\"},\"thumbnailUrl\":\"https:\/\/www.agia-pelagia-bellevue.com\/wp-content\/uploads\/2019\/05\/agia-pelagia-bellevue-1.jpg\",\"datePublished\":\"2020-02-07T13:26:37+00:00\",\"dateModified\":\"2020-03-09T14:11:49+00:00\",\"breadcrumb\":{\"@id\":\"https:\/\/www.agia-pelagia-bellevue.com\/fr\/index.php\/emplacement\/#breadcrumb\"},\"inLanguage\":\"fr-FR\",\"potentialAction\":[{\"@type\":\"ReadAction\",\"target\":[\"https:\/\/www.agia-pelagia-bellevue.com\/fr\/index.php\/emplacement\/\"]}]},{\"@type\":\"ImageObject\",\"inLanguage\":\"fr-FR\",\"@id\":\"https:\/\/www.agia-pelagia-bellevue.com\/fr\/index.php\/emplacement\/#primaryimage\",\"url\":\"https:\/\/www.agia-pelagia-bellevue.com\/wp-content\/uploads\/2019\/05\/agia-pelagia-bellevue-1.jpg\",\"contentUrl\":\"https:\/\/www.agia-pelagia-bellevue.com\/wp-content\/uploads\/2019\/05\/agia-pelagia-bellevue-1.jpg\",\"width\":2500,\"height\":1667},{\"@type\":\"BreadcrumbList\",\"@id\":\"https:\/\/www.agia-pelagia-bellevue.com\/fr\/index.php\/emplacement\/#breadcrumb\",\"itemListElement\":[{\"@type\":\"ListItem\",\"position\":1,\"name\":\"Home\",\"item\":\"https:\/\/www.agia-pelagia-bellevue.com\/fr\/\"},{\"@type\":\"ListItem\",\"position\":2,\"name\":\"EMPLACEMENT\"}]},{\"@type\":\"WebSite\",\"@id\":\"https:\/\/www.agia-pelagia-bellevue.com\/#website\",\"url\":\"https:\/\/www.agia-pelagia-bellevue.com\/\",\"name\":\"Bellevue\",\"description\":\"Agia Pelagia\",\"publisher\":{\"@id\":\"https:\/\/www.agia-pelagia-bellevue.com\/#organization\"},\"potentialAction\":[{\"@type\":\"SearchAction\",\"target\":{\"@type\":\"EntryPoint\",\"urlTemplate\":\"https:\/\/www.agia-pelagia-bellevue.com\/?s={search_term_string}\"},\"query-input\":{\"@type\":\"PropertyValueSpecification\",\"valueRequired\":true,\"valueName\":\"search_term_string\"}}],\"inLanguage\":\"fr-FR\"},{\"@type\":\"Organization\",\"@id\":\"https:\/\/www.agia-pelagia-bellevue.com\/#organization\",\"name\":\"Bellevue\",\"url\":\"https:\/\/www.agia-pelagia-bellevue.com\/\",\"logo\":{\"@type\":\"ImageObject\",\"inLanguage\":\"fr-FR\",\"@id\":\"https:\/\/www.agia-pelagia-bellevue.com\/#\/schema\/logo\/image\/\",\"url\":\"https:\/\/www.agia-pelagia-bellevue.com\/wp-content\/uploads\/2019\/05\/cropped-Logo_BelleVue_Village_hor-2.png\",\"contentUrl\":\"https:\/\/www.agia-pelagia-bellevue.com\/wp-content\/uploads\/2019\/05\/cropped-Logo_BelleVue_Village_hor-2.png\",\"width\":195,\"height\":67,\"caption\":\"Bellevue\"},\"image\":{\"@id\":\"https:\/\/www.agia-pelagia-bellevue.com\/#\/schema\/logo\/image\/\"}}]}<\/script>\n<!-- \/ Yoast SEO plugin. -->","yoast_head_json":{"title":"EMPLACEMENT - Bellevue","robots":{"index":"index","follow":"follow","max-snippet":"max-snippet:-1","max-image-preview":"max-image-preview:large","max-video-preview":"max-video-preview:-1"},"canonical":"https:\/\/www.agia-pelagia-bellevue.com\/fr\/index.php\/emplacement\/","og_locale":"fr_FR","og_type":"article","og_title":"EMPLACEMENT - Bellevue","og_description":"Bellevue est un magnifique complexe d&rsquo;appartements bungalows et suites. Situ\u00e9 17 km \u00e0 l&rsquo;ouest d&rsquo;H\u00e9raklion dans un endroit enviable et unique avec vue sur la petite pittoresque baie de Ligaria et cosmopolite Agia Pelagia. Il y a quelques charmants petites baies de gravier avec Crystal Clear, mer calme qui sont parfaites pour la baignade, vous [&hellip;]","og_url":"https:\/\/www.agia-pelagia-bellevue.com\/fr\/index.php\/emplacement\/","og_site_name":"Bellevue","article_modified_time":"2020-03-09T14:11:49+00:00","og_image":[{"width":2500,"height":1667,"url":"https:\/\/www.agia-pelagia-bellevue.com\/wp-content\/uploads\/2019\/05\/agia-pelagia-bellevue-1.jpg","type":"image\/jpeg"}],"twitter_card":"summary_large_image","twitter_misc":{"Dur\u00e9e de lecture estim\u00e9e":"2 minutes"},"schema":{"@context":"https:\/\/schema.org","@graph":[{"@type":"WebPage","@id":"https:\/\/www.agia-pelagia-bellevue.com\/fr\/index.php\/emplacement\/","url":"https:\/\/www.agia-pelagia-bellevue.com\/fr\/index.php\/emplacement\/","name":"EMPLACEMENT - Bellevue","isPartOf":{"@id":"https:\/\/www.agia-pelagia-bellevue.com\/#website"},"primaryImageOfPage":{"@id":"https:\/\/www.agia-pelagia-bellevue.com\/fr\/index.php\/emplacement\/#primaryimage"},"image":{"@id":"https:\/\/www.agia-pelagia-bellevue.com\/fr\/index.php\/emplacement\/#primaryimage"},"thumbnailUrl":"https:\/\/www.agia-pelagia-bellevue.com\/wp-content\/uploads\/2019\/05\/agia-pelagia-bellevue-1.jpg","datePublished":"2020-02-07T13:26:37+00:00","dateModified":"2020-03-09T14:11:49+00:00","breadcrumb":{"@id":"https:\/\/www.agia-pelagia-bellevue.com\/fr\/index.php\/emplacement\/#breadcrumb"},"inLanguage":"fr-FR","potentialAction":[{"@type":"ReadAction","target":["https:\/\/www.agia-pelagia-bellevue.com\/fr\/index.php\/emplacement\/"]}]},{"@type":"ImageObject","inLanguage":"fr-FR","@id":"https:\/\/www.agia-pelagia-bellevue.com\/fr\/index.php\/emplacement\/#primaryimage","url":"https:\/\/www.agia-pelagia-bellevue.com\/wp-content\/uploads\/2019\/05\/agia-pelagia-bellevue-1.jpg","contentUrl":"https:\/\/www.agia-pelagia-bellevue.com\/wp-content\/uploads\/2019\/05\/agia-pelagia-bellevue-1.jpg","width":2500,"height":1667},{"@type":"BreadcrumbList","@id":"https:\/\/www.agia-pelagia-bellevue.com\/fr\/index.php\/emplacement\/#breadcrumb","itemListElement":[{"@type":"ListItem","position":1,"name":"Home","item":"https:\/\/www.agia-pelagia-bellevue.com\/fr\/"},{"@type":"ListItem","position":2,"name":"EMPLACEMENT"}]},{"@type":"WebSite","@id":"https:\/\/www.agia-pelagia-bellevue.com\/#website","url":"https:\/\/www.agia-pelagia-bellevue.com\/","name":"Bellevue","description":"Agia Pelagia","publisher":{"@id":"https:\/\/www.agia-pelagia-bellevue.com\/#organization"},"potentialAction":[{"@type":"SearchAction","target":{"@type":"EntryPoint","urlTemplate":"https:\/\/www.agia-pelagia-bellevue.com\/?s={search_term_string}"},"query-input":{"@type":"PropertyValueSpecification","valueRequired":true,"valueName":"search_term_string"}}],"inLanguage":"fr-FR"},{"@type":"Organization","@id":"https:\/\/www.agia-pelagia-bellevue.com\/#organization","name":"Bellevue","url":"https:\/\/www.agia-pelagia-bellevue.com\/","logo":{"@type":"ImageObject","inLanguage":"fr-FR","@id":"https:\/\/www.agia-pelagia-bellevue.com\/#\/schema\/logo\/image\/","url":"https:\/\/www.agia-pelagia-bellevue.com\/wp-content\/uploads\/2019\/05\/cropped-Logo_BelleVue_Village_hor-2.png","contentUrl":"https:\/\/www.agia-pelagia-bellevue.com\/wp-content\/uploads\/2019\/05\/cropped-Logo_BelleVue_Village_hor-2.png","width":195,"height":67,"caption":"Bellevue"},"image":{"@id":"https:\/\/www.agia-pelagia-bellevue.com\/#\/schema\/logo\/image\/"}}]}},"jetpack_sharing_enabled":true,"_links":{"self":[{"href":"https:\/\/www.agia-pelagia-bellevue.com\/fr\/index.php\/wp-json\/wp\/v2\/pages\/2069","targetHints":{"allow":["GET"]}}],"collection":[{"href":"https:\/\/www.agia-pelagia-bellevue.com\/fr\/index.php\/wp-json\/wp\/v2\/pages"}],"about":[{"href":"https:\/\/www.agia-pelagia-bellevue.com\/fr\/index.php\/wp-json\/wp\/v2\/types\/page"}],"author":[{"embeddable":true,"href":"https:\/\/www.agia-pelagia-bellevue.com\/fr\/index.php\/wp-json\/wp\/v2\/users\/2"}],"replies":[{"embeddable":true,"href":"https:\/\/www.agia-pelagia-bellevue.com\/fr\/index.php\/wp-json\/wp\/v2\/comments?post=2069"}],"version-history":[{"count":2,"href":"https:\/\/www.agia-pelagia-bellevue.com\/fr\/index.php\/wp-json\/wp\/v2\/pages\/2069\/revisions"}],"predecessor-version":[{"id":2138,"href":"https:\/\/www.agia-pelagia-bellevue.com\/fr\/index.php\/wp-json\/wp\/v2\/pages\/2069\/revisions\/2138"}],"wp:featuredmedia":[{"embeddable":true,"href":"https:\/\/www.agia-pelagia-bellevue.com\/fr\/index.php\/wp-json\/wp\/v2\/media\/2071"}],"wp:attachment":[{"href":"https:\/\/www.agia-pelagia-bellevue.com\/fr\/index.php\/wp-json\/wp\/v2\/media?parent=2069"}],"wp:term":[{"taxonomy":"post_tag","embeddable":true,"href":"https:\/\/www.agia-pelagia-bellevue.com\/fr\/index.php\/wp-json\/wp\/v2\/tags?post=2069"}],"curies":[{"name":"wp","href":"https:\/\/api.w.org\/{rel}","templated":true}]}}