{"id":2072,"date":"2020-03-06T14:07:20","date_gmt":"2020-03-06T14:07:20","guid":{"rendered":"https:\/\/www.agia-pelagia-bellevue.com\/?page_id=2072"},"modified":"2020-03-09T14:26:10","modified_gmt":"2020-03-09T14:26:10","slug":"beach-guide","status":"publish","type":"page","link":"https:\/\/www.agia-pelagia-bellevue.com\/fr\/index.php\/emplacement\/beach-guide\/","title":{"rendered":"BEACH GUIDE"},"content":{"rendered":"<p>Les plages d&rsquo;Agia Pelagia font de cette ville en bord de mer une destination touristique populaire Cr\u00e8te. Les visiteurs en Cr\u00e8te aiment Agia Pelagia \u00e0 cause du sable fin sur ses plages et \u00e0 cause de sa baie prot\u00e9g\u00e9e. Peu importe la p\u00e9riode de l&rsquo;ann\u00e9e, peu importe le vent il est, les mers embrassant Agia Pelagia sont toujours calmes et claires. Il existe de nombreuses plages autour d&rsquo;Agia Pelagia, et chacune de ces plages est unique en soi. Les plages d&rsquo;Agia Pelagia conviendront \u00e0 coup s\u00fbr aux go\u00fbts individuels de chaque adorateur du soleil \u00e0 jamais pour visiter cette partie de la Cr\u00e8te.<\/p>\n<p>Plages populaires dans la r\u00e9gion d&rsquo;Agia Pelagia.<\/p>\n<ul>\n<li>Plage d&rsquo;Agia Pelagia<\/li>\n<li>Plage de Ligaria<\/li>\n<li>Plage de Filakes<\/li>\n<li>Plage de Kladisos<\/li>\n<li>Plage de Mononaftis<\/li>\n<li>Plage de Psaromoula<\/li>\n<li>Plage de Mades<\/li>\n<\/ul>\n<p>1. Plage d&rsquo;Agia Pelagia. La plage principale d&rsquo;Agia Pelagia est un favori parmi les touristes La plage de sable est parsem\u00e9e ici et l\u00e0 de chaises et de parasols pour accueillir les visiteurs qui pr\u00e9f\u00e8rent se d\u00e9tendre plut\u00f4t que nager. Bien que le les eaux deviennent profondes si pr\u00e8s du rivage, il y a une plaque de roche o\u00f9 les enfants peuvent rester en s\u00e9curit\u00e9. Les visiteurs qui veulent apprendre la plong\u00e9e et d&rsquo;autres sports nautiques ne trouveront pas de manque d&rsquo;instructeurs dans la r\u00e9gion. Pour les rafra\u00eechissements, il existe diverses tavernes et caf\u00e9s face \u00e0 la plage.<\/p>\n<p>2. Plage des Filakes. La plage de Filakes est une tr\u00e8s petite plage \u00e0 l&rsquo;ouest de la principale Agia Pelagia. Cette plage est sous l&rsquo;h\u00f4tel Capsis (hors des bungalows de luxe bleus). Cette plage est tr\u00e8s difficile \u00e0 atteindre, mais si vous y arrivez, vous appr\u00e9cierez l&rsquo;intimit\u00e9.<\/p>\n<p>3. Plage de Kladissos. Juste \u00e0 l&rsquo;ouest de la plage principale d&rsquo;Agia Pelagia se trouve la plage de Kladissos. Cette plage est id\u00e9ale pour ceux qui veulent \u00e9viter les foules d&rsquo;\u00e9t\u00e9 trouv\u00e9es dans la plage centrale d&rsquo;Agia Pelagia et dans les autres plages environnantes. Kladissos est plus petit, plus calme et plus isol\u00e9, mais toujours suffisamment proche du centre-ville pour aux visiteurs de profiter d&rsquo;un certain confort.<\/p>\n<p>4. Plage de Ligaria. La plage de Ligaria se trouve \u00e0 l&rsquo;est de la plage principale d&rsquo;Agia Pelagia. Il est beaucoup plus petite que la plage principale et elle est assez loin du centre de la ville. Cependant, il est tout aussi charmant que le principal et b\u00e9n\u00e9ficie \u00e9galement de la m\u00eame protection<br \/>\ndes vents.<\/p>\n<p>5. Plage de Mononaftis. Le mot \u00abmononaftis\u00bb signifie \u00abmarin solitaire\u00bb. Comme son nom sugg\u00e8re, la plage de Mononaftis, situ\u00e9e \u00e0 l&rsquo;ouest de la plage d&rsquo;Agia Pelagia, est paisible et g\u00e9n\u00e9ralement pas aussi bond\u00e9 que les autres plages de la r\u00e9gion d&rsquo;Agia Pelagia. Cependant, contrairement aux autres plages \u00e0 proximit\u00e9, Mononaftis n&rsquo;est pas prot\u00e9g\u00e9e des les vents.<\/p>\n<p>6. Plage de Psaromoura. La plage de Psaromoura est une petite plage \u00e0 l&rsquo;ouest de la principale plage d&rsquo;Agia Pelagia qui est plus favoris\u00e9e par les habitants que par les touristes. Cette plage est connue pour son calme, mais malheureusement elle n&rsquo;est pas prot\u00e9g\u00e9e des vents d&rsquo;\u00e9t\u00e9 du nord (melt\u00e9mie).<\/p>\n<p>7. Plage de Mades. La plage de Mades est une petite plage \u00e0 l&rsquo;est de la principale Agia Plage de Pelagia. Autour de la plage, il y a beaucoup de maisons d&rsquo;\u00e9t\u00e9 locales et quelques magasins, et en haut de la plage se trouve le grand h\u00f4tel de luxe Athina palace. Vous trouverez forc\u00e9ment le genre d\u2019atmosph\u00e8re de plage \u00e0 Agia Pelagia, que ce soit le type actif, amusant ou paisible et relaxant. Les plages d&rsquo;Agia Pelagia valent vraiment la visite!<\/p>\n","protected":false},"excerpt":{"rendered":"<p>Les plages d&rsquo;Agia Pelagia font de cette ville en bord de mer une destination touristique populaire Cr\u00e8te. Les visiteurs en Cr\u00e8te aiment Agia Pelagia \u00e0 cause du sable fin sur ses plages et \u00e0 cause de sa baie prot\u00e9g\u00e9e. Peu importe la p\u00e9riode de l&rsquo;ann\u00e9e, peu importe le vent il est, les mers embrassant Agia [&hellip;]<\/p>\n","protected":false},"author":2,"featured_media":2178,"parent":2069,"menu_order":2,"comment_status":"closed","ping_status":"closed","template":"","meta":{"footnotes":""},"tags":[],"class_list":["post-2072","page","type-page","status-publish","has-post-thumbnail","hentry"],"yoast_head":"<!-- This site is optimized with the Yoast SEO plugin v25.8 - https:\/\/yoast.com\/wordpress\/plugins\/seo\/ -->\n<title>BEACH GUIDE - Bellevue<\/title>\n<meta name=\"robots\" content=\"index, follow, max-snippet:-1, max-image-preview:large, max-video-preview:-1\" \/>\n<link rel=\"canonical\" href=\"https:\/\/www.agia-pelagia-bellevue.com\/fr\/index.php\/emplacement\/beach-guide\/\" \/>\n<meta property=\"og:locale\" content=\"fr_FR\" \/>\n<meta property=\"og:type\" content=\"article\" \/>\n<meta property=\"og:title\" content=\"BEACH GUIDE - Bellevue\" \/>\n<meta property=\"og:description\" content=\"Les plages d&rsquo;Agia Pelagia font de cette ville en bord de mer une destination touristique populaire Cr\u00e8te. Les visiteurs en Cr\u00e8te aiment Agia Pelagia \u00e0 cause du sable fin sur ses plages et \u00e0 cause de sa baie prot\u00e9g\u00e9e. Peu importe la p\u00e9riode de l&rsquo;ann\u00e9e, peu importe le vent il est, les mers embrassant Agia [&hellip;]\" \/>\n<meta property=\"og:url\" content=\"https:\/\/www.agia-pelagia-bellevue.com\/fr\/index.php\/emplacement\/beach-guide\/\" \/>\n<meta property=\"og:site_name\" content=\"Bellevue\" \/>\n<meta property=\"article:modified_time\" content=\"2020-03-09T14:26:10+00:00\" \/>\n<meta property=\"og:image\" content=\"https:\/\/www.agia-pelagia-bellevue.com\/wp-content\/uploads\/2020\/03\/mononaftis-agia-pelagia-bellevue.jpg\" \/>\n\t<meta property=\"og:image:width\" content=\"2500\" \/>\n\t<meta property=\"og:image:height\" content=\"1667\" \/>\n\t<meta property=\"og:image:type\" content=\"image\/jpeg\" \/>\n<meta name=\"twitter:card\" content=\"summary_large_image\" \/>\n<meta name=\"twitter:label1\" content=\"Dur\u00e9e de lecture estim\u00e9e\" \/>\n\t<meta name=\"twitter:data1\" content=\"3 minutes\" \/>\n<script type=\"application\/ld+json\" class=\"yoast-schema-graph\">{\"@context\":\"https:\/\/schema.org\",\"@graph\":[{\"@type\":\"WebPage\",\"@id\":\"https:\/\/www.agia-pelagia-bellevue.com\/fr\/index.php\/emplacement\/beach-guide\/\",\"url\":\"https:\/\/www.agia-pelagia-bellevue.com\/fr\/index.php\/emplacement\/beach-guide\/\",\"name\":\"BEACH GUIDE - Bellevue\",\"isPartOf\":{\"@id\":\"https:\/\/www.agia-pelagia-bellevue.com\/#website\"},\"primaryImageOfPage\":{\"@id\":\"https:\/\/www.agia-pelagia-bellevue.com\/fr\/index.php\/emplacement\/beach-guide\/#primaryimage\"},\"image\":{\"@id\":\"https:\/\/www.agia-pelagia-bellevue.com\/fr\/index.php\/emplacement\/beach-guide\/#primaryimage\"},\"thumbnailUrl\":\"https:\/\/www.agia-pelagia-bellevue.com\/wp-content\/uploads\/2020\/03\/mononaftis-agia-pelagia-bellevue.jpg\",\"datePublished\":\"2020-03-06T14:07:20+00:00\",\"dateModified\":\"2020-03-09T14:26:10+00:00\",\"breadcrumb\":{\"@id\":\"https:\/\/www.agia-pelagia-bellevue.com\/fr\/index.php\/emplacement\/beach-guide\/#breadcrumb\"},\"inLanguage\":\"fr-FR\",\"potentialAction\":[{\"@type\":\"ReadAction\",\"target\":[\"https:\/\/www.agia-pelagia-bellevue.com\/fr\/index.php\/emplacement\/beach-guide\/\"]}]},{\"@type\":\"ImageObject\",\"inLanguage\":\"fr-FR\",\"@id\":\"https:\/\/www.agia-pelagia-bellevue.com\/fr\/index.php\/emplacement\/beach-guide\/#primaryimage\",\"url\":\"https:\/\/www.agia-pelagia-bellevue.com\/wp-content\/uploads\/2020\/03\/mononaftis-agia-pelagia-bellevue.jpg\",\"contentUrl\":\"https:\/\/www.agia-pelagia-bellevue.com\/wp-content\/uploads\/2020\/03\/mononaftis-agia-pelagia-bellevue.jpg\",\"width\":2500,\"height\":1667},{\"@type\":\"BreadcrumbList\",\"@id\":\"https:\/\/www.agia-pelagia-bellevue.com\/fr\/index.php\/emplacement\/beach-guide\/#breadcrumb\",\"itemListElement\":[{\"@type\":\"ListItem\",\"position\":1,\"name\":\"Home\",\"item\":\"https:\/\/www.agia-pelagia-bellevue.com\/fr\/\"},{\"@type\":\"ListItem\",\"position\":2,\"name\":\"EMPLACEMENT\",\"item\":\"https:\/\/www.agia-pelagia-bellevue.com\/fr\/index.php\/emplacement\/\"},{\"@type\":\"ListItem\",\"position\":3,\"name\":\"BEACH GUIDE\"}]},{\"@type\":\"WebSite\",\"@id\":\"https:\/\/www.agia-pelagia-bellevue.com\/#website\",\"url\":\"https:\/\/www.agia-pelagia-bellevue.com\/\",\"name\":\"Bellevue\",\"description\":\"Agia Pelagia\",\"publisher\":{\"@id\":\"https:\/\/www.agia-pelagia-bellevue.com\/#organization\"},\"potentialAction\":[{\"@type\":\"SearchAction\",\"target\":{\"@type\":\"EntryPoint\",\"urlTemplate\":\"https:\/\/www.agia-pelagia-bellevue.com\/?s={search_term_string}\"},\"query-input\":{\"@type\":\"PropertyValueSpecification\",\"valueRequired\":true,\"valueName\":\"search_term_string\"}}],\"inLanguage\":\"fr-FR\"},{\"@type\":\"Organization\",\"@id\":\"https:\/\/www.agia-pelagia-bellevue.com\/#organization\",\"name\":\"Bellevue\",\"url\":\"https:\/\/www.agia-pelagia-bellevue.com\/\",\"logo\":{\"@type\":\"ImageObject\",\"inLanguage\":\"fr-FR\",\"@id\":\"https:\/\/www.agia-pelagia-bellevue.com\/#\/schema\/logo\/image\/\",\"url\":\"https:\/\/www.agia-pelagia-bellevue.com\/wp-content\/uploads\/2019\/05\/cropped-Logo_BelleVue_Village_hor-2.png\",\"contentUrl\":\"https:\/\/www.agia-pelagia-bellevue.com\/wp-content\/uploads\/2019\/05\/cropped-Logo_BelleVue_Village_hor-2.png\",\"width\":195,\"height\":67,\"caption\":\"Bellevue\"},\"image\":{\"@id\":\"https:\/\/www.agia-pelagia-bellevue.com\/#\/schema\/logo\/image\/\"}}]}<\/script>\n<!-- \/ Yoast SEO plugin. -->","yoast_head_json":{"title":"BEACH GUIDE - Bellevue","robots":{"index":"index","follow":"follow","max-snippet":"max-snippet:-1","max-image-preview":"max-image-preview:large","max-video-preview":"max-video-preview:-1"},"canonical":"https:\/\/www.agia-pelagia-bellevue.com\/fr\/index.php\/emplacement\/beach-guide\/","og_locale":"fr_FR","og_type":"article","og_title":"BEACH GUIDE - Bellevue","og_description":"Les plages d&rsquo;Agia Pelagia font de cette ville en bord de mer une destination touristique populaire Cr\u00e8te. Les visiteurs en Cr\u00e8te aiment Agia Pelagia \u00e0 cause du sable fin sur ses plages et \u00e0 cause de sa baie prot\u00e9g\u00e9e. Peu importe la p\u00e9riode de l&rsquo;ann\u00e9e, peu importe le vent il est, les mers embrassant Agia [&hellip;]","og_url":"https:\/\/www.agia-pelagia-bellevue.com\/fr\/index.php\/emplacement\/beach-guide\/","og_site_name":"Bellevue","article_modified_time":"2020-03-09T14:26:10+00:00","og_image":[{"width":2500,"height":1667,"url":"https:\/\/www.agia-pelagia-bellevue.com\/wp-content\/uploads\/2020\/03\/mononaftis-agia-pelagia-bellevue.jpg","type":"image\/jpeg"}],"twitter_card":"summary_large_image","twitter_misc":{"Dur\u00e9e de lecture estim\u00e9e":"3 minutes"},"schema":{"@context":"https:\/\/schema.org","@graph":[{"@type":"WebPage","@id":"https:\/\/www.agia-pelagia-bellevue.com\/fr\/index.php\/emplacement\/beach-guide\/","url":"https:\/\/www.agia-pelagia-bellevue.com\/fr\/index.php\/emplacement\/beach-guide\/","name":"BEACH GUIDE - Bellevue","isPartOf":{"@id":"https:\/\/www.agia-pelagia-bellevue.com\/#website"},"primaryImageOfPage":{"@id":"https:\/\/www.agia-pelagia-bellevue.com\/fr\/index.php\/emplacement\/beach-guide\/#primaryimage"},"image":{"@id":"https:\/\/www.agia-pelagia-bellevue.com\/fr\/index.php\/emplacement\/beach-guide\/#primaryimage"},"thumbnailUrl":"https:\/\/www.agia-pelagia-bellevue.com\/wp-content\/uploads\/2020\/03\/mononaftis-agia-pelagia-bellevue.jpg","datePublished":"2020-03-06T14:07:20+00:00","dateModified":"2020-03-09T14:26:10+00:00","breadcrumb":{"@id":"https:\/\/www.agia-pelagia-bellevue.com\/fr\/index.php\/emplacement\/beach-guide\/#breadcrumb"},"inLanguage":"fr-FR","potentialAction":[{"@type":"ReadAction","target":["https:\/\/www.agia-pelagia-bellevue.com\/fr\/index.php\/emplacement\/beach-guide\/"]}]},{"@type":"ImageObject","inLanguage":"fr-FR","@id":"https:\/\/www.agia-pelagia-bellevue.com\/fr\/index.php\/emplacement\/beach-guide\/#primaryimage","url":"https:\/\/www.agia-pelagia-bellevue.com\/wp-content\/uploads\/2020\/03\/mononaftis-agia-pelagia-bellevue.jpg","contentUrl":"https:\/\/www.agia-pelagia-bellevue.com\/wp-content\/uploads\/2020\/03\/mononaftis-agia-pelagia-bellevue.jpg","width":2500,"height":1667},{"@type":"BreadcrumbList","@id":"https:\/\/www.agia-pelagia-bellevue.com\/fr\/index.php\/emplacement\/beach-guide\/#breadcrumb","itemListElement":[{"@type":"ListItem","position":1,"name":"Home","item":"https:\/\/www.agia-pelagia-bellevue.com\/fr\/"},{"@type":"ListItem","position":2,"name":"EMPLACEMENT","item":"https:\/\/www.agia-pelagia-bellevue.com\/fr\/index.php\/emplacement\/"},{"@type":"ListItem","position":3,"name":"BEACH GUIDE"}]},{"@type":"WebSite","@id":"https:\/\/www.agia-pelagia-bellevue.com\/#website","url":"https:\/\/www.agia-pelagia-bellevue.com\/","name":"Bellevue","description":"Agia Pelagia","publisher":{"@id":"https:\/\/www.agia-pelagia-bellevue.com\/#organization"},"potentialAction":[{"@type":"SearchAction","target":{"@type":"EntryPoint","urlTemplate":"https:\/\/www.agia-pelagia-bellevue.com\/?s={search_term_string}"},"query-input":{"@type":"PropertyValueSpecification","valueRequired":true,"valueName":"search_term_string"}}],"inLanguage":"fr-FR"},{"@type":"Organization","@id":"https:\/\/www.agia-pelagia-bellevue.com\/#organization","name":"Bellevue","url":"https:\/\/www.agia-pelagia-bellevue.com\/","logo":{"@type":"ImageObject","inLanguage":"fr-FR","@id":"https:\/\/www.agia-pelagia-bellevue.com\/#\/schema\/logo\/image\/","url":"https:\/\/www.agia-pelagia-bellevue.com\/wp-content\/uploads\/2019\/05\/cropped-Logo_BelleVue_Village_hor-2.png","contentUrl":"https:\/\/www.agia-pelagia-bellevue.com\/wp-content\/uploads\/2019\/05\/cropped-Logo_BelleVue_Village_hor-2.png","width":195,"height":67,"caption":"Bellevue"},"image":{"@id":"https:\/\/www.agia-pelagia-bellevue.com\/#\/schema\/logo\/image\/"}}]}},"jetpack_sharing_enabled":true,"_links":{"self":[{"href":"https:\/\/www.agia-pelagia-bellevue.com\/fr\/index.php\/wp-json\/wp\/v2\/pages\/2072","targetHints":{"allow":["GET"]}}],"collection":[{"href":"https:\/\/www.agia-pelagia-bellevue.com\/fr\/index.php\/wp-json\/wp\/v2\/pages"}],"about":[{"href":"https:\/\/www.agia-pelagia-bellevue.com\/fr\/index.php\/wp-json\/wp\/v2\/types\/page"}],"author":[{"embeddable":true,"href":"https:\/\/www.agia-pelagia-bellevue.com\/fr\/index.php\/wp-json\/wp\/v2\/users\/2"}],"replies":[{"embeddable":true,"href":"https:\/\/www.agia-pelagia-bellevue.com\/fr\/index.php\/wp-json\/wp\/v2\/comments?post=2072"}],"version-history":[{"count":1,"href":"https:\/\/www.agia-pelagia-bellevue.com\/fr\/index.php\/wp-json\/wp\/v2\/pages\/2072\/revisions"}],"predecessor-version":[{"id":2073,"href":"https:\/\/www.agia-pelagia-bellevue.com\/fr\/index.php\/wp-json\/wp\/v2\/pages\/2072\/revisions\/2073"}],"up":[{"embeddable":true,"href":"https:\/\/www.agia-pelagia-bellevue.com\/fr\/index.php\/wp-json\/wp\/v2\/pages\/2069"}],"wp:featuredmedia":[{"embeddable":true,"href":"https:\/\/www.agia-pelagia-bellevue.com\/fr\/index.php\/wp-json\/wp\/v2\/media\/2178"}],"wp:attachment":[{"href":"https:\/\/www.agia-pelagia-bellevue.com\/fr\/index.php\/wp-json\/wp\/v2\/media?parent=2072"}],"wp:term":[{"taxonomy":"post_tag","embeddable":true,"href":"https:\/\/www.agia-pelagia-bellevue.com\/fr\/index.php\/wp-json\/wp\/v2\/tags?post=2072"}],"curies":[{"name":"wp","href":"https:\/\/api.w.org\/{rel}","templated":true}]}}