{"id":2074,"date":"2020-03-09T10:28:38","date_gmt":"2020-03-09T10:28:38","guid":{"rendered":"https:\/\/www.agia-pelagia-bellevue.com\/?page_id=2074"},"modified":"2020-03-09T10:29:10","modified_gmt":"2020-03-09T10:29:10","slug":"a-propos-de-la-crete","status":"publish","type":"page","link":"https:\/\/www.agia-pelagia-bellevue.com\/fr\/index.php\/emplacement\/a-propos-de-la-crete\/","title":{"rendered":"\u00c0 PROPOS DE LA CR\u00c8TE"},"content":{"rendered":"<h4>Informations Cr\u00e8te<\/h4>\n<p>La Cr\u00e8te est l&rsquo;un des joyaux de la mer M\u00e9diterran\u00e9e et visiter la Cr\u00e8te est le l&rsquo;exp\u00e9rience d&rsquo;une vie. Pour profiter au maximum de vos vacances en Cr\u00e8te, veuillez lire les informations ci-dessous.<\/p>\n<h4>Informations utiles sur la Cr\u00e8te<\/h4>\n<p><img fetchpriority=\"high\" decoding=\"async\" class=\"wp-image-615 size-medium alignleft\" src=\"http:\/\/agia-pelagia-bellevue.com\/wp-content\/uploads\/2019\/05\/heraklion-agia-pelagia-bellevue-233x300.jpg\" alt=\"\" width=\"233\" height=\"300\" srcset=\"https:\/\/www.agia-pelagia-bellevue.com\/wp-content\/uploads\/2019\/05\/heraklion-agia-pelagia-bellevue-233x300.jpg 233w, https:\/\/www.agia-pelagia-bellevue.com\/wp-content\/uploads\/2019\/05\/heraklion-agia-pelagia-bellevue-768x988.jpg 768w, https:\/\/www.agia-pelagia-bellevue.com\/wp-content\/uploads\/2019\/05\/heraklion-agia-pelagia-bellevue-796x1024.jpg 796w, https:\/\/www.agia-pelagia-bellevue.com\/wp-content\/uploads\/2019\/05\/heraklion-agia-pelagia-bellevue-16x20.jpg 16w, https:\/\/www.agia-pelagia-bellevue.com\/wp-content\/uploads\/2019\/05\/heraklion-agia-pelagia-bellevue.jpg 1933w\" sizes=\"(max-width: 233px) 100vw, 233px\" \/>Sur la carte, vous trouverez la Cr\u00e8te au large des c\u00f4tes sud-est de la Gr\u00e8ce continentale. La Cr\u00e8te est l&rsquo;une des 13 p\u00e9riph\u00e9ries qui composent la nation grecque et est en fait la la plus grande de toutes les \u00eeles \u00e9parpill\u00e9es sur les eaux grecques.<\/p>\n<p>Sa superficie totale est de 8 336 carr\u00e9s kilom\u00e8tres, ce qui en fait la cinqui\u00e8me plus grande \u00eele de la mer M\u00e9diterran\u00e9e. La Cr\u00e8te est une longue \u00eele d&rsquo;une longueur de 260 kilom\u00e8tres qui s&rsquo;\u00e9tend de l&rsquo;ouest \u00e0 la rive est. D&rsquo;autre part, la largeur de l&rsquo;\u00eele varie d&rsquo;un point \u00e0 point. Sa mesure la plus large est de 60 kilom\u00e8tres, mais \u00e0 Ierapetra, elle n&rsquo;est que de 12 kilom\u00e8tres large.<\/p>\n<p>Le terrain de la Cr\u00e8te est tr\u00e8s montagneux. Il y a trois cha\u00eenes de montagnes trouv\u00e9es travers\u00e9e de l&rsquo;\u00eele, \u00e0 savoir: le Lefka Ori, \u00e9galement connu sous le nom de White Mountains; le Cha\u00eene de montagnes Idi; et les montagnes de Dikti. Alors que ces cha\u00eenes de montagnes font Cr\u00e8te rugueuse et accident\u00e9e, ils ont \u00e9galement b\u00e9ni l&rsquo;\u00eele avec des beaut\u00e9s telles que la Gorges de Samarie et les grottes de Dikteon et Ideon.<\/p>\n<h4>Le climat de la Cr\u00e8te<\/h4>\n<p>En raison de son emplacement, la Cr\u00e8te a un climat qui peut \u00eatre d\u00e9crit comme temp\u00e9r\u00e9 M\u00e9diterran\u00e9en. L&rsquo;implication est que les \u00e9t\u00e9s en Cr\u00e8te sont tr\u00e8s chauds et secs avec presque pas de pr\u00e9cipitations, tandis qu&rsquo;en hiver, il est g\u00e9n\u00e9ralement humide et froid. La chute de neige est un occasion rare en Cr\u00e8te, sauf le long de la montagne.<\/p>\n<p>L&rsquo;\u00e9t\u00e9 en Cr\u00e8te se d\u00e9roule de juin \u00e0 septembre, avec un pic vers ao\u00fbt. le la temp\u00e9rature en Cr\u00e8te \u00e0 cette \u00e9poque varie entre 29 \u00b0 C et 38 \u00b0 C. \u00c0 la fin de Septembre, la temp\u00e9rature commence \u00e0 chuter entre 23 \u00b0 C et 29 \u00b0 C et les pr\u00e9cipitations devient plus ou moins fr\u00e9quent. La Cr\u00e8te est la plus froide des mois de d\u00e9cembre et Janvier avec une temp\u00e9rature de 17 \u00b0 C \u00e0 26 \u00b0 C, et les pr\u00e9cipitations sont plus importantes en F\u00e9vrier.<\/p>\n<h4>Histoire de la Cr\u00e8te<\/h4>\n<p>Knossos en Cr\u00e8te est une civilisation tr\u00e8s ancienne qui s&rsquo;est enrichie au fil du temps la conqu\u00eate d&rsquo;autres cultures. L&rsquo;\u00eele est le centre de la plus ancienne civilisation a jamais exist\u00e9 en Europe, qui est la civilisation minoenne. Les histoires de la Cr\u00e8te pendant ces temps anciens, cependant, sont entour\u00e9s de mythes et de l\u00e9gendes. La capitale de la civilisation minoenne en Cr\u00e8te est Knossos,dont les ruines sont maintenant une attraction touristique c\u00e9l\u00e8bre. L&rsquo;\u00e9ruption du volcan sur Th\u00e9ra en 1400 avant JC a \u00e9t\u00e9 th\u00e9oris\u00e9 pour avoir d\u00e9clench\u00e9 la chute de Knossos et de toute la civilisation minoenne. Par la suite, la Cr\u00e8te est devenue le foyer des tribus myc\u00e9niennes et doriennes migrant de Gr\u00e8ce.<\/p>\n<p>La p\u00e9riode hell\u00e9nistique de la Cr\u00e8te a vu l&rsquo;\u00eele entrer dans une \u00e9poque o\u00f9 divers \u00c9tats de la ville tels que Gortyn, Chania et Ierapetra se disputent la supr\u00e9matie sur l&rsquo;\u00eele. C&rsquo;\u00e9tait aussi une \u00e9poque o\u00f9 la piraterie est devenue end\u00e9mique. Les conflits en Cr\u00e8te ont attir\u00e9 l&rsquo;attention des Romains, et apr\u00e8s un si\u00e8ge de trois ans, la Cr\u00e8te est tomb\u00e9e \u00e0 la puissance de Quintus Caecillius Metellus et est devenu une province de Rome. Les Romains a \u00e9tabli Gortyn comme capitale de la Cr\u00e8te. Lorsque l&rsquo;Empire romain s&rsquo;est effondr\u00e9, la Cr\u00e8te est tomb\u00e9e sous le r\u00e8gne des Byzantins. le la r\u00e8gle de Constantinople, cependant, a \u00e9t\u00e9 interrompue en 824 AD quand le ib\u00e9rique Les musulmans ont envahi la Cr\u00e8te et \u00e9tabli leur \u00e9mirat sur l&rsquo;\u00eele. L&rsquo;ib\u00e9rien Les musulmans ont incendi\u00e9 Gortyn et construit la ville de Candia pour leur capitale. Candia reste la capitale administrative de la Cr\u00e8te sous le nom d&rsquo;H\u00e9raklion.<\/p>\n<p>En 960 apr\u00e8s JC, Constantinople envoya Nicephorus Phocas pour reprendre la Cr\u00e8te pour les Byzantins Empire. Mais l&rsquo;Empire byzantin s&rsquo;est \u00e9galement effondr\u00e9, ce qui a ouvert la Cr\u00e8te \u00e0 Venise, qui a conquis l&rsquo;\u00eele en 1204. La Cr\u00e8te est devenue un territoire v\u00e9nitien jusqu&rsquo;en 1669, date \u00e0 laquelle l&rsquo;Empire ottoman a chass\u00e9 les V\u00e9nitiens de l&rsquo;\u00eele.<\/p>\n<p>L&rsquo;Empire ottoman a gouvern\u00e9 la Cr\u00e8te pendant les deux cents prochaines ann\u00e9es. Une s\u00e9rie de les soul\u00e8vements par les Cr\u00e9tois chr\u00e9tiens qui ont commenc\u00e9 dans les ann\u00e9es 1820 ont commenc\u00e9 \u00e0 saper La domination ottomane, jusqu&rsquo;\u00e0 ce que les Ottomans eux-m\u00eames soient chass\u00e9s de Cr\u00e8te. En 1898, La Cr\u00e8te est devenue un \u00c9tat ind\u00e9pendant et, en 1913, \u00e0 la suite des Balkans Guerres, unifi\u00e9es avec la Gr\u00e8ce.<\/p>\n<h4>A\u00e9roports et ports en Cr\u00e8te<\/h4>\n<p>La principale porte d&rsquo;entr\u00e9e internationale de la Cr\u00e8te est le Nikos Kazantzakis International A\u00e9roport. C&rsquo;est le deuxi\u00e8me plus grand a\u00e9roport de Gr\u00e8ce et \u00e9galement l&rsquo;un des plus fr\u00e9quent\u00e9s. L\u00e0 sont deux a\u00e9roports remarquables sur l&rsquo;\u00eele, cependant: l&rsquo;a\u00e9roport de Daskalogiannis \u00e0 La Can\u00e9e et l&rsquo;a\u00e9roport national de Sitia.<\/p>\n<p>Les villes d&rsquo;H\u00e9raklion, de La Can\u00e9e, de R\u00e9thymnon, de Sitia et d&rsquo;Agios Nikolaos sont construites avec leurs propres ports passagers. Ces ports relient la Cr\u00e8te \u00e0 la Gr\u00e8ce continentale ainsi que vers les autres \u00eeles grecques via des ferries quotidiens.<\/p>\n<h4>H\u00e9bergement en Cr\u00e8te<\/h4>\n<p>La Cr\u00e8te \u00e9tant une destination touristique majeure en Europe, elle devrait trouver de nombreux h\u00f4tels y op\u00e9rant, des petits \u00e9tablissements familiaux aux h\u00f4tels de luxe g\u00e9r\u00e9s par Cha\u00eenes. Pour ceux qui souhaitent vivre la Cr\u00e8te ind\u00e9pendamment de tout marketing forfait offert dans les plus grands h\u00f4tels, il y a aussi des villas de vacances et des g\u00eetes appartements.<\/p>\n","protected":false},"excerpt":{"rendered":"<p>Informations Cr\u00e8te La Cr\u00e8te est l&rsquo;un des joyaux de la mer M\u00e9diterran\u00e9e et visiter la Cr\u00e8te est le l&rsquo;exp\u00e9rience d&rsquo;une vie. Pour profiter au maximum de vos vacances en Cr\u00e8te, veuillez lire les informations ci-dessous. Informations utiles sur la Cr\u00e8te Sur la carte, vous trouverez la Cr\u00e8te au large des c\u00f4tes sud-est de la Gr\u00e8ce [&hellip;]<\/p>\n","protected":false},"author":2,"featured_media":2077,"parent":2069,"menu_order":1,"comment_status":"closed","ping_status":"closed","template":"","meta":{"footnotes":""},"tags":[],"class_list":["post-2074","page","type-page","status-publish","has-post-thumbnail","hentry"],"yoast_head":"<!-- This site is optimized with the Yoast SEO plugin v25.8 - https:\/\/yoast.com\/wordpress\/plugins\/seo\/ -->\n<title>\u00c0 PROPOS DE LA CR\u00c8TE - Bellevue<\/title>\n<meta name=\"robots\" content=\"index, follow, max-snippet:-1, max-image-preview:large, max-video-preview:-1\" \/>\n<link rel=\"canonical\" href=\"https:\/\/www.agia-pelagia-bellevue.com\/fr\/index.php\/emplacement\/a-propos-de-la-crete\/\" \/>\n<meta property=\"og:locale\" content=\"fr_FR\" \/>\n<meta property=\"og:type\" content=\"article\" \/>\n<meta property=\"og:title\" content=\"\u00c0 PROPOS DE LA CR\u00c8TE - Bellevue\" \/>\n<meta property=\"og:description\" content=\"Informations Cr\u00e8te La Cr\u00e8te est l&rsquo;un des joyaux de la mer M\u00e9diterran\u00e9e et visiter la Cr\u00e8te est le l&rsquo;exp\u00e9rience d&rsquo;une vie. Pour profiter au maximum de vos vacances en Cr\u00e8te, veuillez lire les informations ci-dessous. Informations utiles sur la Cr\u00e8te Sur la carte, vous trouverez la Cr\u00e8te au large des c\u00f4tes sud-est de la Gr\u00e8ce [&hellip;]\" \/>\n<meta property=\"og:url\" content=\"https:\/\/www.agia-pelagia-bellevue.com\/fr\/index.php\/emplacement\/a-propos-de-la-crete\/\" \/>\n<meta property=\"og:site_name\" content=\"Bellevue\" \/>\n<meta property=\"article:modified_time\" content=\"2020-03-09T10:29:10+00:00\" \/>\n<meta property=\"og:image\" content=\"https:\/\/www.agia-pelagia-bellevue.com\/wp-content\/uploads\/2019\/05\/crete-agia-pelagia-bellevue.jpg\" \/>\n\t<meta property=\"og:image:width\" content=\"2500\" \/>\n\t<meta property=\"og:image:height\" content=\"1667\" \/>\n\t<meta property=\"og:image:type\" content=\"image\/jpeg\" \/>\n<meta name=\"twitter:card\" content=\"summary_large_image\" \/>\n<meta name=\"twitter:label1\" content=\"Dur\u00e9e de lecture estim\u00e9e\" \/>\n\t<meta name=\"twitter:data1\" content=\"5 minutes\" \/>\n<script type=\"application\/ld+json\" class=\"yoast-schema-graph\">{\"@context\":\"https:\/\/schema.org\",\"@graph\":[{\"@type\":\"WebPage\",\"@id\":\"https:\/\/www.agia-pelagia-bellevue.com\/fr\/index.php\/emplacement\/a-propos-de-la-crete\/\",\"url\":\"https:\/\/www.agia-pelagia-bellevue.com\/fr\/index.php\/emplacement\/a-propos-de-la-crete\/\",\"name\":\"\u00c0 PROPOS DE LA CR\u00c8TE - Bellevue\",\"isPartOf\":{\"@id\":\"https:\/\/www.agia-pelagia-bellevue.com\/#website\"},\"primaryImageOfPage\":{\"@id\":\"https:\/\/www.agia-pelagia-bellevue.com\/fr\/index.php\/emplacement\/a-propos-de-la-crete\/#primaryimage\"},\"image\":{\"@id\":\"https:\/\/www.agia-pelagia-bellevue.com\/fr\/index.php\/emplacement\/a-propos-de-la-crete\/#primaryimage\"},\"thumbnailUrl\":\"https:\/\/www.agia-pelagia-bellevue.com\/wp-content\/uploads\/2019\/05\/crete-agia-pelagia-bellevue.jpg\",\"datePublished\":\"2020-03-09T10:28:38+00:00\",\"dateModified\":\"2020-03-09T10:29:10+00:00\",\"breadcrumb\":{\"@id\":\"https:\/\/www.agia-pelagia-bellevue.com\/fr\/index.php\/emplacement\/a-propos-de-la-crete\/#breadcrumb\"},\"inLanguage\":\"fr-FR\",\"potentialAction\":[{\"@type\":\"ReadAction\",\"target\":[\"https:\/\/www.agia-pelagia-bellevue.com\/fr\/index.php\/emplacement\/a-propos-de-la-crete\/\"]}]},{\"@type\":\"ImageObject\",\"inLanguage\":\"fr-FR\",\"@id\":\"https:\/\/www.agia-pelagia-bellevue.com\/fr\/index.php\/emplacement\/a-propos-de-la-crete\/#primaryimage\",\"url\":\"https:\/\/www.agia-pelagia-bellevue.com\/wp-content\/uploads\/2019\/05\/crete-agia-pelagia-bellevue.jpg\",\"contentUrl\":\"https:\/\/www.agia-pelagia-bellevue.com\/wp-content\/uploads\/2019\/05\/crete-agia-pelagia-bellevue.jpg\",\"width\":2500,\"height\":1667},{\"@type\":\"BreadcrumbList\",\"@id\":\"https:\/\/www.agia-pelagia-bellevue.com\/fr\/index.php\/emplacement\/a-propos-de-la-crete\/#breadcrumb\",\"itemListElement\":[{\"@type\":\"ListItem\",\"position\":1,\"name\":\"Home\",\"item\":\"https:\/\/www.agia-pelagia-bellevue.com\/fr\/\"},{\"@type\":\"ListItem\",\"position\":2,\"name\":\"EMPLACEMENT\",\"item\":\"https:\/\/www.agia-pelagia-bellevue.com\/fr\/index.php\/emplacement\/\"},{\"@type\":\"ListItem\",\"position\":3,\"name\":\"\u00c0 PROPOS DE LA CR\u00c8TE\"}]},{\"@type\":\"WebSite\",\"@id\":\"https:\/\/www.agia-pelagia-bellevue.com\/#website\",\"url\":\"https:\/\/www.agia-pelagia-bellevue.com\/\",\"name\":\"Bellevue\",\"description\":\"Agia Pelagia\",\"publisher\":{\"@id\":\"https:\/\/www.agia-pelagia-bellevue.com\/#organization\"},\"potentialAction\":[{\"@type\":\"SearchAction\",\"target\":{\"@type\":\"EntryPoint\",\"urlTemplate\":\"https:\/\/www.agia-pelagia-bellevue.com\/?s={search_term_string}\"},\"query-input\":{\"@type\":\"PropertyValueSpecification\",\"valueRequired\":true,\"valueName\":\"search_term_string\"}}],\"inLanguage\":\"fr-FR\"},{\"@type\":\"Organization\",\"@id\":\"https:\/\/www.agia-pelagia-bellevue.com\/#organization\",\"name\":\"Bellevue\",\"url\":\"https:\/\/www.agia-pelagia-bellevue.com\/\",\"logo\":{\"@type\":\"ImageObject\",\"inLanguage\":\"fr-FR\",\"@id\":\"https:\/\/www.agia-pelagia-bellevue.com\/#\/schema\/logo\/image\/\",\"url\":\"https:\/\/www.agia-pelagia-bellevue.com\/wp-content\/uploads\/2019\/05\/cropped-Logo_BelleVue_Village_hor-2.png\",\"contentUrl\":\"https:\/\/www.agia-pelagia-bellevue.com\/wp-content\/uploads\/2019\/05\/cropped-Logo_BelleVue_Village_hor-2.png\",\"width\":195,\"height\":67,\"caption\":\"Bellevue\"},\"image\":{\"@id\":\"https:\/\/www.agia-pelagia-bellevue.com\/#\/schema\/logo\/image\/\"}}]}<\/script>\n<!-- \/ Yoast SEO plugin. -->","yoast_head_json":{"title":"\u00c0 PROPOS DE LA CR\u00c8TE - Bellevue","robots":{"index":"index","follow":"follow","max-snippet":"max-snippet:-1","max-image-preview":"max-image-preview:large","max-video-preview":"max-video-preview:-1"},"canonical":"https:\/\/www.agia-pelagia-bellevue.com\/fr\/index.php\/emplacement\/a-propos-de-la-crete\/","og_locale":"fr_FR","og_type":"article","og_title":"\u00c0 PROPOS DE LA CR\u00c8TE - Bellevue","og_description":"Informations Cr\u00e8te La Cr\u00e8te est l&rsquo;un des joyaux de la mer M\u00e9diterran\u00e9e et visiter la Cr\u00e8te est le l&rsquo;exp\u00e9rience d&rsquo;une vie. Pour profiter au maximum de vos vacances en Cr\u00e8te, veuillez lire les informations ci-dessous. Informations utiles sur la Cr\u00e8te Sur la carte, vous trouverez la Cr\u00e8te au large des c\u00f4tes sud-est de la Gr\u00e8ce [&hellip;]","og_url":"https:\/\/www.agia-pelagia-bellevue.com\/fr\/index.php\/emplacement\/a-propos-de-la-crete\/","og_site_name":"Bellevue","article_modified_time":"2020-03-09T10:29:10+00:00","og_image":[{"width":2500,"height":1667,"url":"https:\/\/www.agia-pelagia-bellevue.com\/wp-content\/uploads\/2019\/05\/crete-agia-pelagia-bellevue.jpg","type":"image\/jpeg"}],"twitter_card":"summary_large_image","twitter_misc":{"Dur\u00e9e de lecture estim\u00e9e":"5 minutes"},"schema":{"@context":"https:\/\/schema.org","@graph":[{"@type":"WebPage","@id":"https:\/\/www.agia-pelagia-bellevue.com\/fr\/index.php\/emplacement\/a-propos-de-la-crete\/","url":"https:\/\/www.agia-pelagia-bellevue.com\/fr\/index.php\/emplacement\/a-propos-de-la-crete\/","name":"\u00c0 PROPOS DE LA CR\u00c8TE - Bellevue","isPartOf":{"@id":"https:\/\/www.agia-pelagia-bellevue.com\/#website"},"primaryImageOfPage":{"@id":"https:\/\/www.agia-pelagia-bellevue.com\/fr\/index.php\/emplacement\/a-propos-de-la-crete\/#primaryimage"},"image":{"@id":"https:\/\/www.agia-pelagia-bellevue.com\/fr\/index.php\/emplacement\/a-propos-de-la-crete\/#primaryimage"},"thumbnailUrl":"https:\/\/www.agia-pelagia-bellevue.com\/wp-content\/uploads\/2019\/05\/crete-agia-pelagia-bellevue.jpg","datePublished":"2020-03-09T10:28:38+00:00","dateModified":"2020-03-09T10:29:10+00:00","breadcrumb":{"@id":"https:\/\/www.agia-pelagia-bellevue.com\/fr\/index.php\/emplacement\/a-propos-de-la-crete\/#breadcrumb"},"inLanguage":"fr-FR","potentialAction":[{"@type":"ReadAction","target":["https:\/\/www.agia-pelagia-bellevue.com\/fr\/index.php\/emplacement\/a-propos-de-la-crete\/"]}]},{"@type":"ImageObject","inLanguage":"fr-FR","@id":"https:\/\/www.agia-pelagia-bellevue.com\/fr\/index.php\/emplacement\/a-propos-de-la-crete\/#primaryimage","url":"https:\/\/www.agia-pelagia-bellevue.com\/wp-content\/uploads\/2019\/05\/crete-agia-pelagia-bellevue.jpg","contentUrl":"https:\/\/www.agia-pelagia-bellevue.com\/wp-content\/uploads\/2019\/05\/crete-agia-pelagia-bellevue.jpg","width":2500,"height":1667},{"@type":"BreadcrumbList","@id":"https:\/\/www.agia-pelagia-bellevue.com\/fr\/index.php\/emplacement\/a-propos-de-la-crete\/#breadcrumb","itemListElement":[{"@type":"ListItem","position":1,"name":"Home","item":"https:\/\/www.agia-pelagia-bellevue.com\/fr\/"},{"@type":"ListItem","position":2,"name":"EMPLACEMENT","item":"https:\/\/www.agia-pelagia-bellevue.com\/fr\/index.php\/emplacement\/"},{"@type":"ListItem","position":3,"name":"\u00c0 PROPOS DE LA CR\u00c8TE"}]},{"@type":"WebSite","@id":"https:\/\/www.agia-pelagia-bellevue.com\/#website","url":"https:\/\/www.agia-pelagia-bellevue.com\/","name":"Bellevue","description":"Agia Pelagia","publisher":{"@id":"https:\/\/www.agia-pelagia-bellevue.com\/#organization"},"potentialAction":[{"@type":"SearchAction","target":{"@type":"EntryPoint","urlTemplate":"https:\/\/www.agia-pelagia-bellevue.com\/?s={search_term_string}"},"query-input":{"@type":"PropertyValueSpecification","valueRequired":true,"valueName":"search_term_string"}}],"inLanguage":"fr-FR"},{"@type":"Organization","@id":"https:\/\/www.agia-pelagia-bellevue.com\/#organization","name":"Bellevue","url":"https:\/\/www.agia-pelagia-bellevue.com\/","logo":{"@type":"ImageObject","inLanguage":"fr-FR","@id":"https:\/\/www.agia-pelagia-bellevue.com\/#\/schema\/logo\/image\/","url":"https:\/\/www.agia-pelagia-bellevue.com\/wp-content\/uploads\/2019\/05\/cropped-Logo_BelleVue_Village_hor-2.png","contentUrl":"https:\/\/www.agia-pelagia-bellevue.com\/wp-content\/uploads\/2019\/05\/cropped-Logo_BelleVue_Village_hor-2.png","width":195,"height":67,"caption":"Bellevue"},"image":{"@id":"https:\/\/www.agia-pelagia-bellevue.com\/#\/schema\/logo\/image\/"}}]}},"jetpack_sharing_enabled":true,"_links":{"self":[{"href":"https:\/\/www.agia-pelagia-bellevue.com\/fr\/index.php\/wp-json\/wp\/v2\/pages\/2074","targetHints":{"allow":["GET"]}}],"collection":[{"href":"https:\/\/www.agia-pelagia-bellevue.com\/fr\/index.php\/wp-json\/wp\/v2\/pages"}],"about":[{"href":"https:\/\/www.agia-pelagia-bellevue.com\/fr\/index.php\/wp-json\/wp\/v2\/types\/page"}],"author":[{"embeddable":true,"href":"https:\/\/www.agia-pelagia-bellevue.com\/fr\/index.php\/wp-json\/wp\/v2\/users\/2"}],"replies":[{"embeddable":true,"href":"https:\/\/www.agia-pelagia-bellevue.com\/fr\/index.php\/wp-json\/wp\/v2\/comments?post=2074"}],"version-history":[{"count":2,"href":"https:\/\/www.agia-pelagia-bellevue.com\/fr\/index.php\/wp-json\/wp\/v2\/pages\/2074\/revisions"}],"predecessor-version":[{"id":2078,"href":"https:\/\/www.agia-pelagia-bellevue.com\/fr\/index.php\/wp-json\/wp\/v2\/pages\/2074\/revisions\/2078"}],"up":[{"embeddable":true,"href":"https:\/\/www.agia-pelagia-bellevue.com\/fr\/index.php\/wp-json\/wp\/v2\/pages\/2069"}],"wp:featuredmedia":[{"embeddable":true,"href":"https:\/\/www.agia-pelagia-bellevue.com\/fr\/index.php\/wp-json\/wp\/v2\/media\/2077"}],"wp:attachment":[{"href":"https:\/\/www.agia-pelagia-bellevue.com\/fr\/index.php\/wp-json\/wp\/v2\/media?parent=2074"}],"wp:term":[{"taxonomy":"post_tag","embeddable":true,"href":"https:\/\/www.agia-pelagia-bellevue.com\/fr\/index.php\/wp-json\/wp\/v2\/tags?post=2074"}],"curies":[{"name":"wp","href":"https:\/\/api.w.org\/{rel}","templated":true}]}}