{"id":2079,"date":"2020-03-09T11:48:36","date_gmt":"2020-03-09T11:48:36","guid":{"rendered":"https:\/\/www.agia-pelagia-bellevue.com\/?page_id=2079"},"modified":"2020-03-09T11:48:38","modified_gmt":"2020-03-09T11:48:38","slug":"a-propos-dagia-pelagia","status":"publish","type":"page","link":"https:\/\/www.agia-pelagia-bellevue.com\/fr\/index.php\/emplacement\/a-propos-dagia-pelagia\/","title":{"rendered":"A PROPOS D&rsquo;AGIA PELAGIA"},"content":{"rendered":"<p>Agia Pelagia est l&rsquo;un des joyaux c\u00f4tiers de la Cr\u00e8te. Situ\u00e9 \u00e0 seulement 20 kilom\u00e8tres de la capitale de l&rsquo;\u00eele d&rsquo;H\u00e9raklion, Agia Pelagia est le point de d\u00e9part id\u00e9al pour visiter la Cr\u00e8te si visiter les sites touristiques est votre objectif pour visiter l&rsquo;\u00eele. N\u00e9anmoins, si ce que vous voulez, c&rsquo;est avoir un peu de temps pour la d\u00e9tente et le plaisir personnel, vous pouvez avoir et plus \u00e0 Agia Pelagia.<\/p>\n<p>La station baln\u00e9aire d&rsquo;Agia Pelagia est situ\u00e9e sur la rive, avec ses murs blanchis \u00e0 la chaux b\u00e2timents construits le long des pentes des collines s&rsquo;\u00e9levant de la baie. La baie elle-m\u00eame est prot\u00e9g\u00e9, flanqu\u00e9 du c\u00f4t\u00e9 est par la baie de Ligaria et du c\u00f4t\u00e9 ouest par la Baie de Mononaftis. La vue sur la ville \u00e0 l&rsquo;approche de la route nationale venant d&rsquo;H\u00e9raklion est tout simplement pittoresque.<\/p>\n<h4>Histoire d&rsquo;Agia Pelagia<\/h4>\n<p>La mer et Agia Pelagia agia pelagia la merLa principale attraction qu&rsquo;Agia Pelagia d\u00e9tient pour les touristes en Cr\u00e8te est la mer. Parce que la ville se trouve sur une baie prot\u00e9g\u00e9e, la mer reste calme et claire m\u00eame les jours vraiment venteux. Embrassant la mer est la plage d&rsquo;Agia Pelagia faite de beaux sable, avec une passerelle pav\u00e9e serpentant \u00e0 travers pour permettre aux visiteurs et aux r\u00e9sidents chemin confortable pour fl\u00e2ner en bord de mer.<\/p>\n<p><img fetchpriority=\"high\" decoding=\"async\" class=\"wp-image-613 size-medium alignleft\" src=\"http:\/\/agia-pelagia-bellevue.com\/wp-content\/uploads\/2019\/05\/agia-pelagia-bellevue-1-300x200.jpg\" alt=\"\" width=\"300\" height=\"200\" srcset=\"https:\/\/www.agia-pelagia-bellevue.com\/wp-content\/uploads\/2019\/05\/agia-pelagia-bellevue-1-300x200.jpg 300w, https:\/\/www.agia-pelagia-bellevue.com\/wp-content\/uploads\/2019\/05\/agia-pelagia-bellevue-1-768x512.jpg 768w, https:\/\/www.agia-pelagia-bellevue.com\/wp-content\/uploads\/2019\/05\/agia-pelagia-bellevue-1-1024x683.jpg 1024w, https:\/\/www.agia-pelagia-bellevue.com\/wp-content\/uploads\/2019\/05\/agia-pelagia-bellevue-1-20x13.jpg 20w\" sizes=\"(max-width: 300px) 100vw, 300px\" \/><\/p>\n<p>Agia Pelagia a toujours entretenu une relation privil\u00e9gi\u00e9e avec la mer. Avant de devenir un station baln\u00e9aire, les habitants d\u00e9pendent principalement de la p\u00eache et du commerce maritime. La ville telle qu&rsquo;elle est aujourd&rsquo;hui &#8211; un paradis pour les touristes en Cr\u00e8te &#8211; a seulement commenc\u00e9 sa transformation en vacances spot en 1965.<\/p>\n<p>Aujourd&rsquo;hui, la mer est toujours la principale attraction de la foule d&rsquo;Agia Pelagia. La plupart des meilleurs des tavernes, des caf\u00e9s et des bars de la ville se trouvent en bord de mer, permettant aux clients de profiter de la vue sur la mer et se pr\u00e9lasser dans ses humeurs tout en prenant un repas ou un verre ou reposant simplement leurs pieds.<\/p>\n<p>Pour les visiteurs d\u00e9sireux de vivre l&rsquo;excitation des sports nautiques en Cr\u00e8te, Agia Pelagia est le meilleur endroit pour s&rsquo;y engager. La mer \u00e0 Agia Pelagia est parfaite, pas seulement pour la natation, mais aussi le jet ski, le cano\u00eb et la planche \u00e0 voile.<\/p>\n<h4>Voyage \u00e0 Agia Pelagia<\/h4>\n<p>Comme mentionn\u00e9 ci-dessus, Agia Pelagia est \u00e0 seulement 20 kilom\u00e8tres d&rsquo;H\u00e9raklion, un court conduire vers et depuis la ville en voiture. La ville est \u00e9galement desservie par un syst\u00e8me de bus public.<\/p>\n<h4>Comment acc\u00e9der de H\u00e9raklion \u00e0 Agia Pelagia<\/h4>\n<p><img decoding=\"async\" class=\"size-medium wp-image-612 alignright\" src=\"http:\/\/agia-pelagia-bellevue.com\/wp-content\/uploads\/2019\/05\/agia-pelagia-bellevue-300x200.jpg\" alt=\"\" width=\"300\" height=\"200\" srcset=\"https:\/\/www.agia-pelagia-bellevue.com\/wp-content\/uploads\/2019\/05\/agia-pelagia-bellevue-300x200.jpg 300w, https:\/\/www.agia-pelagia-bellevue.com\/wp-content\/uploads\/2019\/05\/agia-pelagia-bellevue-768x512.jpg 768w, https:\/\/www.agia-pelagia-bellevue.com\/wp-content\/uploads\/2019\/05\/agia-pelagia-bellevue-1024x683.jpg 1024w, https:\/\/www.agia-pelagia-bellevue.com\/wp-content\/uploads\/2019\/05\/agia-pelagia-bellevue-20x13.jpg 20w\" sizes=\"(max-width: 300px) 100vw, 300px\" \/>En raison de son emplacement id\u00e9al, Agia Pelagia peut \u00eatre une escapade pour les touristes qui voulez vous amuser au envie de s&rsquo;amuser \u00e0 la plage mais sans quitter totalement le cosmopolite atmosph\u00e8re d&rsquo;H\u00e9raklion. La distance de la ville d&rsquo;H\u00e9raklion permet \u00e9galement aux visiteurs de se rendre facilement aux c\u00e9l\u00e8bres sites arch\u00e9ologiques de Cr\u00e8te, en particulier Palais de Knossos.<\/p>\n<p>Si tout ce que vous voulez pour vos vacances est de vous reposer et de vous d\u00e9tendre dans un endroit qui vous offrira semblant de paix et de s\u00e9r\u00e9nit\u00e9 mais sans renoncer au confort et \u00e0 la commodit\u00e9, Agia Pelagia reste \u00e0 \u00eatre l&rsquo;endroit parfait o\u00f9 aller.<\/p>\n","protected":false},"excerpt":{"rendered":"<p>Agia Pelagia est l&rsquo;un des joyaux c\u00f4tiers de la Cr\u00e8te. Situ\u00e9 \u00e0 seulement 20 kilom\u00e8tres de la capitale de l&rsquo;\u00eele d&rsquo;H\u00e9raklion, Agia Pelagia est le point de d\u00e9part id\u00e9al pour visiter la Cr\u00e8te si visiter les sites touristiques est votre objectif pour visiter l&rsquo;\u00eele. N\u00e9anmoins, si ce que vous voulez, c&rsquo;est avoir un peu de [&hellip;]<\/p>\n","protected":false},"author":2,"featured_media":2083,"parent":2069,"menu_order":0,"comment_status":"closed","ping_status":"closed","template":"","meta":{"footnotes":""},"tags":[],"class_list":["post-2079","page","type-page","status-publish","has-post-thumbnail","hentry"],"yoast_head":"<!-- This site is optimized with the Yoast SEO plugin v25.8 - https:\/\/yoast.com\/wordpress\/plugins\/seo\/ -->\n<title>A PROPOS D&#039;AGIA PELAGIA - Bellevue<\/title>\n<meta name=\"robots\" content=\"index, follow, max-snippet:-1, max-image-preview:large, max-video-preview:-1\" \/>\n<link rel=\"canonical\" href=\"https:\/\/www.agia-pelagia-bellevue.com\/fr\/index.php\/emplacement\/a-propos-dagia-pelagia\/\" \/>\n<meta property=\"og:locale\" content=\"fr_FR\" \/>\n<meta property=\"og:type\" content=\"article\" \/>\n<meta property=\"og:title\" content=\"A PROPOS D&#039;AGIA PELAGIA - Bellevue\" \/>\n<meta property=\"og:description\" content=\"Agia Pelagia est l&rsquo;un des joyaux c\u00f4tiers de la Cr\u00e8te. Situ\u00e9 \u00e0 seulement 20 kilom\u00e8tres de la capitale de l&rsquo;\u00eele d&rsquo;H\u00e9raklion, Agia Pelagia est le point de d\u00e9part id\u00e9al pour visiter la Cr\u00e8te si visiter les sites touristiques est votre objectif pour visiter l&rsquo;\u00eele. N\u00e9anmoins, si ce que vous voulez, c&rsquo;est avoir un peu de [&hellip;]\" \/>\n<meta property=\"og:url\" content=\"https:\/\/www.agia-pelagia-bellevue.com\/fr\/index.php\/emplacement\/a-propos-dagia-pelagia\/\" \/>\n<meta property=\"og:site_name\" content=\"Bellevue\" \/>\n<meta property=\"article:modified_time\" content=\"2020-03-09T11:48:38+00:00\" \/>\n<meta property=\"og:image\" content=\"https:\/\/www.agia-pelagia-bellevue.com\/wp-content\/uploads\/2019\/05\/Agia_Pelagia_Fylakes_Beach_agia-pelagia-bellevue.jpg\" \/>\n\t<meta property=\"og:image:width\" content=\"2500\" \/>\n\t<meta property=\"og:image:height\" content=\"1667\" \/>\n\t<meta property=\"og:image:type\" content=\"image\/jpeg\" \/>\n<meta name=\"twitter:card\" content=\"summary_large_image\" \/>\n<meta name=\"twitter:label1\" content=\"Dur\u00e9e de lecture estim\u00e9e\" \/>\n\t<meta name=\"twitter:data1\" content=\"3 minutes\" \/>\n<script type=\"application\/ld+json\" class=\"yoast-schema-graph\">{\"@context\":\"https:\/\/schema.org\",\"@graph\":[{\"@type\":\"WebPage\",\"@id\":\"https:\/\/www.agia-pelagia-bellevue.com\/fr\/index.php\/emplacement\/a-propos-dagia-pelagia\/\",\"url\":\"https:\/\/www.agia-pelagia-bellevue.com\/fr\/index.php\/emplacement\/a-propos-dagia-pelagia\/\",\"name\":\"A PROPOS D'AGIA PELAGIA - Bellevue\",\"isPartOf\":{\"@id\":\"https:\/\/www.agia-pelagia-bellevue.com\/#website\"},\"primaryImageOfPage\":{\"@id\":\"https:\/\/www.agia-pelagia-bellevue.com\/fr\/index.php\/emplacement\/a-propos-dagia-pelagia\/#primaryimage\"},\"image\":{\"@id\":\"https:\/\/www.agia-pelagia-bellevue.com\/fr\/index.php\/emplacement\/a-propos-dagia-pelagia\/#primaryimage\"},\"thumbnailUrl\":\"https:\/\/www.agia-pelagia-bellevue.com\/wp-content\/uploads\/2019\/05\/Agia_Pelagia_Fylakes_Beach_agia-pelagia-bellevue.jpg\",\"datePublished\":\"2020-03-09T11:48:36+00:00\",\"dateModified\":\"2020-03-09T11:48:38+00:00\",\"breadcrumb\":{\"@id\":\"https:\/\/www.agia-pelagia-bellevue.com\/fr\/index.php\/emplacement\/a-propos-dagia-pelagia\/#breadcrumb\"},\"inLanguage\":\"fr-FR\",\"potentialAction\":[{\"@type\":\"ReadAction\",\"target\":[\"https:\/\/www.agia-pelagia-bellevue.com\/fr\/index.php\/emplacement\/a-propos-dagia-pelagia\/\"]}]},{\"@type\":\"ImageObject\",\"inLanguage\":\"fr-FR\",\"@id\":\"https:\/\/www.agia-pelagia-bellevue.com\/fr\/index.php\/emplacement\/a-propos-dagia-pelagia\/#primaryimage\",\"url\":\"https:\/\/www.agia-pelagia-bellevue.com\/wp-content\/uploads\/2019\/05\/Agia_Pelagia_Fylakes_Beach_agia-pelagia-bellevue.jpg\",\"contentUrl\":\"https:\/\/www.agia-pelagia-bellevue.com\/wp-content\/uploads\/2019\/05\/Agia_Pelagia_Fylakes_Beach_agia-pelagia-bellevue.jpg\",\"width\":2500,\"height\":1667},{\"@type\":\"BreadcrumbList\",\"@id\":\"https:\/\/www.agia-pelagia-bellevue.com\/fr\/index.php\/emplacement\/a-propos-dagia-pelagia\/#breadcrumb\",\"itemListElement\":[{\"@type\":\"ListItem\",\"position\":1,\"name\":\"Home\",\"item\":\"https:\/\/www.agia-pelagia-bellevue.com\/fr\/\"},{\"@type\":\"ListItem\",\"position\":2,\"name\":\"EMPLACEMENT\",\"item\":\"https:\/\/www.agia-pelagia-bellevue.com\/fr\/index.php\/emplacement\/\"},{\"@type\":\"ListItem\",\"position\":3,\"name\":\"A PROPOS D&rsquo;AGIA PELAGIA\"}]},{\"@type\":\"WebSite\",\"@id\":\"https:\/\/www.agia-pelagia-bellevue.com\/#website\",\"url\":\"https:\/\/www.agia-pelagia-bellevue.com\/\",\"name\":\"Bellevue\",\"description\":\"Agia Pelagia\",\"publisher\":{\"@id\":\"https:\/\/www.agia-pelagia-bellevue.com\/#organization\"},\"potentialAction\":[{\"@type\":\"SearchAction\",\"target\":{\"@type\":\"EntryPoint\",\"urlTemplate\":\"https:\/\/www.agia-pelagia-bellevue.com\/?s={search_term_string}\"},\"query-input\":{\"@type\":\"PropertyValueSpecification\",\"valueRequired\":true,\"valueName\":\"search_term_string\"}}],\"inLanguage\":\"fr-FR\"},{\"@type\":\"Organization\",\"@id\":\"https:\/\/www.agia-pelagia-bellevue.com\/#organization\",\"name\":\"Bellevue\",\"url\":\"https:\/\/www.agia-pelagia-bellevue.com\/\",\"logo\":{\"@type\":\"ImageObject\",\"inLanguage\":\"fr-FR\",\"@id\":\"https:\/\/www.agia-pelagia-bellevue.com\/#\/schema\/logo\/image\/\",\"url\":\"https:\/\/www.agia-pelagia-bellevue.com\/wp-content\/uploads\/2019\/05\/cropped-Logo_BelleVue_Village_hor-2.png\",\"contentUrl\":\"https:\/\/www.agia-pelagia-bellevue.com\/wp-content\/uploads\/2019\/05\/cropped-Logo_BelleVue_Village_hor-2.png\",\"width\":195,\"height\":67,\"caption\":\"Bellevue\"},\"image\":{\"@id\":\"https:\/\/www.agia-pelagia-bellevue.com\/#\/schema\/logo\/image\/\"}}]}<\/script>\n<!-- \/ Yoast SEO plugin. -->","yoast_head_json":{"title":"A PROPOS D'AGIA PELAGIA - Bellevue","robots":{"index":"index","follow":"follow","max-snippet":"max-snippet:-1","max-image-preview":"max-image-preview:large","max-video-preview":"max-video-preview:-1"},"canonical":"https:\/\/www.agia-pelagia-bellevue.com\/fr\/index.php\/emplacement\/a-propos-dagia-pelagia\/","og_locale":"fr_FR","og_type":"article","og_title":"A PROPOS D'AGIA PELAGIA - Bellevue","og_description":"Agia Pelagia est l&rsquo;un des joyaux c\u00f4tiers de la Cr\u00e8te. Situ\u00e9 \u00e0 seulement 20 kilom\u00e8tres de la capitale de l&rsquo;\u00eele d&rsquo;H\u00e9raklion, Agia Pelagia est le point de d\u00e9part id\u00e9al pour visiter la Cr\u00e8te si visiter les sites touristiques est votre objectif pour visiter l&rsquo;\u00eele. N\u00e9anmoins, si ce que vous voulez, c&rsquo;est avoir un peu de [&hellip;]","og_url":"https:\/\/www.agia-pelagia-bellevue.com\/fr\/index.php\/emplacement\/a-propos-dagia-pelagia\/","og_site_name":"Bellevue","article_modified_time":"2020-03-09T11:48:38+00:00","og_image":[{"width":2500,"height":1667,"url":"https:\/\/www.agia-pelagia-bellevue.com\/wp-content\/uploads\/2019\/05\/Agia_Pelagia_Fylakes_Beach_agia-pelagia-bellevue.jpg","type":"image\/jpeg"}],"twitter_card":"summary_large_image","twitter_misc":{"Dur\u00e9e de lecture estim\u00e9e":"3 minutes"},"schema":{"@context":"https:\/\/schema.org","@graph":[{"@type":"WebPage","@id":"https:\/\/www.agia-pelagia-bellevue.com\/fr\/index.php\/emplacement\/a-propos-dagia-pelagia\/","url":"https:\/\/www.agia-pelagia-bellevue.com\/fr\/index.php\/emplacement\/a-propos-dagia-pelagia\/","name":"A PROPOS D'AGIA PELAGIA - Bellevue","isPartOf":{"@id":"https:\/\/www.agia-pelagia-bellevue.com\/#website"},"primaryImageOfPage":{"@id":"https:\/\/www.agia-pelagia-bellevue.com\/fr\/index.php\/emplacement\/a-propos-dagia-pelagia\/#primaryimage"},"image":{"@id":"https:\/\/www.agia-pelagia-bellevue.com\/fr\/index.php\/emplacement\/a-propos-dagia-pelagia\/#primaryimage"},"thumbnailUrl":"https:\/\/www.agia-pelagia-bellevue.com\/wp-content\/uploads\/2019\/05\/Agia_Pelagia_Fylakes_Beach_agia-pelagia-bellevue.jpg","datePublished":"2020-03-09T11:48:36+00:00","dateModified":"2020-03-09T11:48:38+00:00","breadcrumb":{"@id":"https:\/\/www.agia-pelagia-bellevue.com\/fr\/index.php\/emplacement\/a-propos-dagia-pelagia\/#breadcrumb"},"inLanguage":"fr-FR","potentialAction":[{"@type":"ReadAction","target":["https:\/\/www.agia-pelagia-bellevue.com\/fr\/index.php\/emplacement\/a-propos-dagia-pelagia\/"]}]},{"@type":"ImageObject","inLanguage":"fr-FR","@id":"https:\/\/www.agia-pelagia-bellevue.com\/fr\/index.php\/emplacement\/a-propos-dagia-pelagia\/#primaryimage","url":"https:\/\/www.agia-pelagia-bellevue.com\/wp-content\/uploads\/2019\/05\/Agia_Pelagia_Fylakes_Beach_agia-pelagia-bellevue.jpg","contentUrl":"https:\/\/www.agia-pelagia-bellevue.com\/wp-content\/uploads\/2019\/05\/Agia_Pelagia_Fylakes_Beach_agia-pelagia-bellevue.jpg","width":2500,"height":1667},{"@type":"BreadcrumbList","@id":"https:\/\/www.agia-pelagia-bellevue.com\/fr\/index.php\/emplacement\/a-propos-dagia-pelagia\/#breadcrumb","itemListElement":[{"@type":"ListItem","position":1,"name":"Home","item":"https:\/\/www.agia-pelagia-bellevue.com\/fr\/"},{"@type":"ListItem","position":2,"name":"EMPLACEMENT","item":"https:\/\/www.agia-pelagia-bellevue.com\/fr\/index.php\/emplacement\/"},{"@type":"ListItem","position":3,"name":"A PROPOS D&rsquo;AGIA PELAGIA"}]},{"@type":"WebSite","@id":"https:\/\/www.agia-pelagia-bellevue.com\/#website","url":"https:\/\/www.agia-pelagia-bellevue.com\/","name":"Bellevue","description":"Agia Pelagia","publisher":{"@id":"https:\/\/www.agia-pelagia-bellevue.com\/#organization"},"potentialAction":[{"@type":"SearchAction","target":{"@type":"EntryPoint","urlTemplate":"https:\/\/www.agia-pelagia-bellevue.com\/?s={search_term_string}"},"query-input":{"@type":"PropertyValueSpecification","valueRequired":true,"valueName":"search_term_string"}}],"inLanguage":"fr-FR"},{"@type":"Organization","@id":"https:\/\/www.agia-pelagia-bellevue.com\/#organization","name":"Bellevue","url":"https:\/\/www.agia-pelagia-bellevue.com\/","logo":{"@type":"ImageObject","inLanguage":"fr-FR","@id":"https:\/\/www.agia-pelagia-bellevue.com\/#\/schema\/logo\/image\/","url":"https:\/\/www.agia-pelagia-bellevue.com\/wp-content\/uploads\/2019\/05\/cropped-Logo_BelleVue_Village_hor-2.png","contentUrl":"https:\/\/www.agia-pelagia-bellevue.com\/wp-content\/uploads\/2019\/05\/cropped-Logo_BelleVue_Village_hor-2.png","width":195,"height":67,"caption":"Bellevue"},"image":{"@id":"https:\/\/www.agia-pelagia-bellevue.com\/#\/schema\/logo\/image\/"}}]}},"jetpack_sharing_enabled":true,"_links":{"self":[{"href":"https:\/\/www.agia-pelagia-bellevue.com\/fr\/index.php\/wp-json\/wp\/v2\/pages\/2079","targetHints":{"allow":["GET"]}}],"collection":[{"href":"https:\/\/www.agia-pelagia-bellevue.com\/fr\/index.php\/wp-json\/wp\/v2\/pages"}],"about":[{"href":"https:\/\/www.agia-pelagia-bellevue.com\/fr\/index.php\/wp-json\/wp\/v2\/types\/page"}],"author":[{"embeddable":true,"href":"https:\/\/www.agia-pelagia-bellevue.com\/fr\/index.php\/wp-json\/wp\/v2\/users\/2"}],"replies":[{"embeddable":true,"href":"https:\/\/www.agia-pelagia-bellevue.com\/fr\/index.php\/wp-json\/wp\/v2\/comments?post=2079"}],"version-history":[{"count":1,"href":"https:\/\/www.agia-pelagia-bellevue.com\/fr\/index.php\/wp-json\/wp\/v2\/pages\/2079\/revisions"}],"predecessor-version":[{"id":2081,"href":"https:\/\/www.agia-pelagia-bellevue.com\/fr\/index.php\/wp-json\/wp\/v2\/pages\/2079\/revisions\/2081"}],"up":[{"embeddable":true,"href":"https:\/\/www.agia-pelagia-bellevue.com\/fr\/index.php\/wp-json\/wp\/v2\/pages\/2069"}],"wp:featuredmedia":[{"embeddable":true,"href":"https:\/\/www.agia-pelagia-bellevue.com\/fr\/index.php\/wp-json\/wp\/v2\/media\/2083"}],"wp:attachment":[{"href":"https:\/\/www.agia-pelagia-bellevue.com\/fr\/index.php\/wp-json\/wp\/v2\/media?parent=2079"}],"wp:term":[{"taxonomy":"post_tag","embeddable":true,"href":"https:\/\/www.agia-pelagia-bellevue.com\/fr\/index.php\/wp-json\/wp\/v2\/tags?post=2079"}],"curies":[{"name":"wp","href":"https:\/\/api.w.org\/{rel}","templated":true}]}}